{"id":3207,"date":"2024-05-10T13:25:55","date_gmt":"2024-05-10T10:25:55","guid":{"rendered":"https:\/\/ecoshop.ee\/?post_type=product&#038;p=3207"},"modified":"2025-12-25T19:23:56","modified_gmt":"2025-12-25T16:23:56","slug":"%d0%ba%d1%80%d0%b5%d0%bd%d0%b4%d0%b5%d0%bb%d1%8c-%d1%82%d0%b0-%d0%b2%d0%b5%d0%b3%d0%b0%d0%bd%d1%81%d1%8c%d0%ba%d0%b8%d0%b9-%d1%88%d0%be%d0%ba%d0%be%d0%bb%d0%b0%d0%b4-%d0%b7%d1%96-%d1%81%d0%bc%d0%b0","status":"publish","type":"product","link":"https:\/\/ecoshop.ee\/uk\/sokolaadid\/soolakringli-ja-pahklimaitseline-vegan-sokolaad\/","title":{"rendered":"\u0412\u0435\u0433\u0430\u043d\u0441\u044c\u043a\u0438\u0439 \u0448\u043e\u043a\u043e\u043b\u0430\u0434 Lindt \u0437 \u043a\u0440\u0435\u043d\u0434\u0435\u043b\u0435\u043c \u0442\u0430 \u0433\u043e\u0440\u0456\u0445\u0430\u043c\u0438, 100 \u0433"},"content":{"rendered":"<p>\u0412\u0438\u0433\u043e\u0442\u043e\u0432\u043b\u0435\u043d\u0438\u0439 \u0448\u0432\u0435\u0439\u0446\u0430\u0440\u0441\u044c\u043a\u0438\u043c\u0438 \u043c\u0430\u0439\u0441\u0442\u0440\u0430\u043c\u0438 \u043d\u0430 \u0444\u0430\u0431\u0440\u0438\u0446\u0456 Lindt, \u0432\u0435\u0433\u0430\u043d\u0441\u044c\u043a\u0438\u0439 \u0448\u043e\u043a\u043e\u043b\u0430\u0434 \u0437 \u043a\u0440\u0435\u043d\u0434\u0435\u043b\u044f\u043c\u0438 \u0442\u0430 \u0433\u043e\u0440\u0456\u0445\u0430\u043c\u0438 \u2013 \u0446\u0435 \u0437\u0434\u0456\u0439\u0441\u043d\u0435\u043d\u043d\u044f \u043c\u0440\u0456\u0457 \u0434\u043b\u044f \u043b\u0430\u0441\u0443\u043d\u0456\u0432 \u0431\u0443\u0434\u044c-\u044f\u043a\u043e\u0433\u043e \u0432\u0456\u043a\u0443. \u0412\u0438\u0433\u043e\u0442\u043e\u0432\u043b\u0435\u043d\u0438\u0439 \u0437 \u043d\u0430\u0439\u043a\u0440\u0430\u0449\u0438\u0445 \u0456\u043d\u0433\u0440\u0435\u0434\u0456\u0454\u043d\u0442\u0456\u0432 \u0442\u0430 \u0435\u043a\u043e\u043b\u043e\u0433\u0456\u0447\u043d\u043e \u0447\u0438\u0441\u0442\u043e\u0433\u043e \u043a\u0430\u043a\u0430\u043e. \u041f\u043e\u043d\u0430\u0434 175 \u0440\u043e\u043a\u0456\u0432 \u0448\u0432\u0435\u0439\u0446\u0430\u0440\u0441\u044c\u043a\u043e\u0433\u043e \u0448\u043e\u043a\u043e\u043b\u0430\u0434\u043d\u043e\u0433\u043e \u0434\u043e\u0441\u0432\u0456\u0434\u0443, \u0449\u043e \u043f\u0435\u0440\u0435\u0434\u0430\u0454\u0442\u044c\u0441\u044f \u043d\u0430\u0439\u043a\u0440\u0430\u0449\u0438\u043c\u0438 \u0448\u043e\u043a\u043e\u043b\u0430\u0442\u044c\u0454 \u0437 \u043f\u0440\u0438\u0441\u0442\u0440\u0430\u0441\u0442\u044e \u0442\u0430 \u0432\u0456\u0434\u0434\u0430\u043d\u0456\u0441\u0442\u044e.<\/p>","protected":false},"excerpt":{"rendered":"<p>Lindt tehases \u0160veitsi meistrite poolt valmistatud soolakringli ja p\u00e4hklitega vegan \u0161okolaad on t\u00f5eline unistus igas vanuses maiasmokale. Valmistatud parimatest koostisosadest ja j\u00e4tkusuutlikust&hellip;<\/p>","protected":false},"featured_media":3208,"comment_status":"open","ping_status":"closed","template":"","meta":{"wprm-recipe-roundup-name":"","wprm-recipe-roundup-description":""},"product_brand":[12043],"product_cat":[141],"product_tag":[142],"class_list":{"0":"post-3207","1":"product","2":"type-product","3":"status-publish","4":"has-post-thumbnail","6":"product_brand-lindt","7":"product_cat-sokolaadid","8":"product_tag-sokolaad","9":"j79_wcxd_expiry_type-best-before","11":"first","12":"outofstock","13":"taxable","14":"shipping-taxable","15":"purchasable","16":"product-type-simple"},"supplier_id":9137,"supplier_sku":"","barcode":"4000539245503","atum_controlled":true,"out_stock_date":"2025-09-20 00:10:14","out_stock_threshold":null,"inheritable":false,"inbound_stock":0,"stock_on_hold":0,"sold_today":0,"sales_last_days":0,"reserved_stock":0,"customer_returns":0,"warehouse_damage":0,"lost_in_post":0,"other_logs":0,"out_stock_days":168,"lost_sales":0,"has_location":false,"update_date":"2026-03-07T01:16:02","atum_locations":[],"atum_stock_status":"outofstock","restock_status":false,"low_stock_amount":"","sales_update_date":"2026-03-07T01:16:02","calc_backorders":null,"aioseo_notices":[],"_links":{"self":[{"href":"https:\/\/ecoshop.ee\/uk\/wp-json\/wp\/v2\/product\/3207","targetHints":{"allow":["GET"]}}],"collection":[{"href":"https:\/\/ecoshop.ee\/uk\/wp-json\/wp\/v2\/product"}],"about":[{"href":"https:\/\/ecoshop.ee\/uk\/wp-json\/wp\/v2\/types\/product"}],"replies":[{"embeddable":true,"href":"https:\/\/ecoshop.ee\/uk\/wp-json\/wp\/v2\/comments?post=3207"}],"version-history":[{"count":0,"href":"https:\/\/ecoshop.ee\/uk\/wp-json\/wp\/v2\/product\/3207\/revisions"}],"wp:featuredmedia":[{"embeddable":true,"href":"https:\/\/ecoshop.ee\/uk\/wp-json\/wp\/v2\/media\/3208"}],"wp:attachment":[{"href":"https:\/\/ecoshop.ee\/uk\/wp-json\/wp\/v2\/media?parent=3207"}],"wp:term":[{"taxonomy":"product_brand","embeddable":true,"href":"https:\/\/ecoshop.ee\/uk\/wp-json\/wp\/v2\/product_brand?post=3207"},{"taxonomy":"product_cat","embeddable":true,"href":"https:\/\/ecoshop.ee\/uk\/wp-json\/wp\/v2\/product_cat?post=3207"},{"taxonomy":"product_tag","embeddable":true,"href":"https:\/\/ecoshop.ee\/uk\/wp-json\/wp\/v2\/product_tag?post=3207"}],"curies":[{"name":"wp","href":"https:\/\/api.w.org\/{rel}","templated":true}]}}