{"id":320993,"date":"2026-02-27T10:42:33","date_gmt":"2026-02-27T07:42:33","guid":{"rendered":"https:\/\/ecoshop.ee\/maaratlemata\/aialaud-85-x-57-x-29-cm-akaatsiapuit\/"},"modified":"2026-05-12T09:22:16","modified_gmt":"2026-05-12T06:22:16","slug":"%d1%81%d0%b0%d0%b4%d0%be%d0%b2%d0%b8%d0%b9-%d1%81%d1%82%d1%96%d0%bb-85-x-57-x-29-%d1%81%d0%bc-%d0%b0%d0%ba%d0%b0%d1%86%d1%96%d1%94%d0%b2%d0%b5-%d0%b4%d0%b5%d1%80%d0%b5%d0%b2%d0%be","status":"publish","type":"product","link":"https:\/\/ecoshop.ee\/uk\/ouelauad\/aialaud-85-x-57-x-29-cm-akaatsiapuit\/","title":{"rendered":"\u0421\u0430\u0434\u043e\u0432\u0438\u0439 \u0441\u0442\u0456\u043b, 85 x 57 x 29 \u0441\u043c, \u0434\u0435\u0440\u0435\u0432\u043e \u0430\u043a\u0430\u0446\u0456\u0457"},"content":{"rendered":"<p>\u0428\u0443\u043a\u0430\u0454\u0442\u0435 \u0449\u043e\u0441\u044c \u0431\u0456\u043b\u044c\u0448 \u0432\u0438\u0448\u0443\u043a\u0430\u043d\u0435 \u0442\u0430 \u043f\u0440\u0438\u0432\u0430\u0431\u043b\u0438\u0432\u0435 \u0434\u043b\u044f \u0432\u0430\u0448\u043e\u0433\u043e \u0441\u0430\u0434\u0443? \u0426\u0435\u0439 \u0434\u0435\u0440\u0435\u0432&#039;\u044f\u043d\u0438\u0439 \u043e\u0431\u0456\u0434\u043d\u0456\u0439 \u0441\u0442\u0456\u043b \u0434\u043b\u044f \u0441\u0430\u0434\u0443 - \u0432\u0430\u0448 \u043d\u0430\u0439\u043a\u0440\u0430\u0449\u0438\u0439 \u0432\u0438\u0431\u0456\u0440!<\/p>\n<\/p>\n<p>\u0412\u0438\u0433\u043e\u0442\u043e\u0432\u043b\u0435\u043d\u0438\u0439 \u0437 \u0430\u043a\u0430\u0446\u0456\u0457, \u0446\u0435\u0439 \u0436\u0443\u0440\u043d\u0430\u043b\u044c\u043d\u0438\u0439 \u0441\u0442\u043e\u043b\u0438\u043a \u043c\u0456\u0446\u043d\u0438\u0439 \u0442\u0430 \u0441\u0442\u0456\u0439\u043a\u0438\u0439, \u0456 \u043f\u0456\u0434\u0456\u0439\u0434\u0435 \u0434\u043b\u044f \u0432\u0430\u0448\u043e\u0433\u043e \u043f\u0430\u0442\u0456\u043e, \u0441\u0430\u0434\u0443 \u0447\u0438 \u0431\u0443\u0434\u044c-\u044f\u043a\u043e\u0433\u043e \u0456\u043d\u0448\u043e\u0433\u043e \u043f\u0440\u043e\u0441\u0442\u043e\u0440\u0443 \u043d\u0430 \u0432\u0456\u0434\u043a\u0440\u0438\u0442\u043e\u043c\u0443 \u043f\u043e\u0432\u0456\u0442\u0440\u0456 \u0447\u0438 \u0432 \u043f\u0440\u0438\u043c\u0456\u0449\u0435\u043d\u043d\u0456. \u0417\u0430\u0432\u0434\u044f\u043a\u0438 \u043e\u043b\u0456\u0439\u043d\u043e\u043c\u0443 \u043f\u043e\u043a\u0440\u0438\u0442\u0442\u044e \u0439\u043e\u0433\u043e \u043b\u0435\u0433\u043a\u043e \u0447\u0438\u0441\u0442\u0438\u0442\u0438 \u0432\u043e\u043b\u043e\u0433\u043e\u044e \u0433\u0430\u043d\u0447\u0456\u0440\u043a\u043e\u044e. \u041c\u0456\u0446\u043d\u0430 \u0441\u0442\u0456\u043b\u044c\u043d\u0438\u0446\u044f \u043f\u0456\u0434\u0445\u043e\u0434\u0438\u0442\u044c \u0434\u043b\u044f \u0440\u043e\u0437\u043c\u0456\u0449\u0435\u043d\u043d\u044f \u0437\u0430\u043a\u0443\u0441\u043e\u043a, \u0444\u0440\u0443\u043a\u0442\u043e\u0432\u0438\u0445 \u043a\u043e\u0448\u0438\u043a\u0456\u0432, \u0434\u0435\u043a\u043e\u0440\u0430\u0442\u0438\u0432\u043d\u0438\u0445 \u043f\u0440\u0435\u0434\u043c\u0435\u0442\u0456\u0432 \u0442\u0430 \u0456\u043d\u0448\u0438\u0445 \u043d\u0435\u043e\u0431\u0445\u0456\u0434\u043d\u0438\u0445 \u0440\u0435\u0447\u0435\u0439.<\/p>\n<\/p>\n<p>\u041f\u0440\u0438\u043c\u0456\u0442\u043a\u0430: \u0429\u043e\u0431 \u043f\u0440\u043e\u0434\u043e\u0432\u0436\u0438\u0442\u0438 \u0442\u0435\u0440\u043c\u0456\u043d \u0441\u043b\u0443\u0436\u0431\u0438 \u0432\u0430\u0448\u0438\u0445 \u0441\u0430\u0434\u043e\u0432\u0438\u0445 \u043c\u0435\u0431\u043b\u0456\u0432, \u0440\u0435\u043a\u043e\u043c\u0435\u043d\u0434\u0443\u0454\u043c\u043e \u0437\u0430\u0445\u0438\u0441\u0442\u0438\u0442\u0438 \u0457\u0445 \u0432\u043e\u0434\u043e\u043d\u0435\u043f\u0440\u043e\u043d\u0438\u043a\u043d\u0438\u043c \u0447\u043e\u0445\u043b\u043e\u043c.<\/p>\n<ul>\n<li>\u041c\u0430\u0442\u0435\u0440\u0456\u0430\u043b: \u043c\u0456\u0446\u043d\u0430 \u0434\u0435\u0440\u0435\u0432\u0438\u043d\u0430 \u0430\u043a\u0430\u0446\u0456\u0457 \u0437 \u043e\u043b\u0456\u0439\u043d\u0438\u043c \u043f\u043e\u043a\u0440\u0438\u0442\u0442\u044f\u043c<\/li>\n<li>\u0420\u043e\u0437\u043c\u0456\u0440\u0438: 85 x 57 x 29 \u0441\u043c (\u0414 x \u0428 x \u0412)<\/li>\n<li>\u041f\u0456\u0434\u0445\u043e\u0434\u0438\u0442\u044c \u044f\u043a \u0434\u043b\u044f \u043f\u0440\u0438\u043c\u0456\u0449\u0435\u043d\u044c, \u0442\u0430\u043a \u0456 \u0434\u043b\u044f \u0432\u0443\u043b\u0438\u0446\u0456<\/li>\n<li>\u041f\u043e\u0442\u0440\u0456\u0431\u043d\u0430 \u0437\u0431\u0456\u0440\u043a\u0430: \u0442\u0430\u043a<\/li>\n<\/ul>","protected":false},"excerpt":{"rendered":"<p>Kas otsite oma aeda midagi erudeeritumat ja k\u00f6itvamat? See puidust aia s\u00f6\u00f6gilaud on teie parim valik! Akaatsiapuidust valmistatud kohvilaud on tugev ja&hellip;<\/p>","protected":false},"featured_media":320987,"comment_status":"open","ping_status":"closed","template":"","meta":{"wprm-recipe-roundup-name":"","wprm-recipe-roundup-description":""},"product_brand":[],"product_cat":[932],"product_tag":[547,933,553,554,540],"class_list":{"0":"post-320993","1":"product","2":"type-product","3":"status-publish","4":"has-post-thumbnail","6":"product_cat-ouelauad","7":"product_tag-moobel","8":"product_tag-ouelauad","9":"product_tag-ouemoobel","10":"product_tag-ouemoobli-komplektid","11":"product_tag-parcel","12":"pa_brand-vidaxl","14":"first","15":"instock","16":"taxable","17":"shipping-taxable","18":"purchasable","19":"product-type-simple"},"supplier_id":null,"supplier_sku":"","barcode":null,"atum_controlled":false,"out_stock_date":null,"out_stock_threshold":null,"inheritable":false,"inbound_stock":null,"stock_on_hold":null,"sold_today":null,"sales_last_days":null,"reserved_stock":null,"customer_returns":null,"warehouse_damage":null,"lost_in_post":null,"other_logs":null,"out_stock_days":null,"lost_sales":null,"has_location":null,"update_date":"2026-05-12T06:22:16","atum_locations":[],"atum_stock_status":"instock","restock_status":false,"low_stock_amount":"","sales_update_date":null,"calc_backorders":null,"aioseo_notices":[],"_links":{"self":[{"href":"https:\/\/ecoshop.ee\/uk\/wp-json\/wp\/v2\/product\/320993","targetHints":{"allow":["GET"]}}],"collection":[{"href":"https:\/\/ecoshop.ee\/uk\/wp-json\/wp\/v2\/product"}],"about":[{"href":"https:\/\/ecoshop.ee\/uk\/wp-json\/wp\/v2\/types\/product"}],"replies":[{"embeddable":true,"href":"https:\/\/ecoshop.ee\/uk\/wp-json\/wp\/v2\/comments?post=320993"}],"version-history":[{"count":0,"href":"https:\/\/ecoshop.ee\/uk\/wp-json\/wp\/v2\/product\/320993\/revisions"}],"wp:featuredmedia":[{"embeddable":true,"href":"https:\/\/ecoshop.ee\/uk\/wp-json\/wp\/v2\/media\/320987"}],"wp:attachment":[{"href":"https:\/\/ecoshop.ee\/uk\/wp-json\/wp\/v2\/media?parent=320993"}],"wp:term":[{"taxonomy":"product_brand","embeddable":true,"href":"https:\/\/ecoshop.ee\/uk\/wp-json\/wp\/v2\/product_brand?post=320993"},{"taxonomy":"product_cat","embeddable":true,"href":"https:\/\/ecoshop.ee\/uk\/wp-json\/wp\/v2\/product_cat?post=320993"},{"taxonomy":"product_tag","embeddable":true,"href":"https:\/\/ecoshop.ee\/uk\/wp-json\/wp\/v2\/product_tag?post=320993"}],"curies":[{"name":"wp","href":"https:\/\/api.w.org\/{rel}","templated":true}]}}