{"id":321001,"date":"2026-02-27T10:42:45","date_gmt":"2026-02-27T07:42:45","guid":{"rendered":"https:\/\/ecoshop.ee\/maaratlemata\/kokkupandav-aialaud-160-x-80-x-75-cm-tiikpuu\/"},"modified":"2026-05-13T21:22:57","modified_gmt":"2026-05-13T18:22:57","slug":"%d1%81%d0%ba%d0%bb%d0%b0%d0%b4%d0%b0%d0%bd%d0%b8%d0%b9-%d1%81%d0%b0%d0%b4%d0%be%d0%b2%d0%b8%d0%b9-%d1%81%d1%82%d1%96%d0%bb-160-x-80-x-75-%d1%81%d0%bc-%d0%b7-%d1%82%d0%b8%d0%ba%d0%be%d0%b2%d0%be%d0%b3","status":"publish","type":"product","link":"https:\/\/ecoshop.ee\/uk\/ouelauad\/kokkupandav-aialaud-160-x-80-x-75-cm-tiikpuu\/","title":{"rendered":"\u0421\u043a\u043b\u0430\u0434\u0430\u043d\u0438\u0439 \u0441\u0430\u0434\u043e\u0432\u0438\u0439 \u0441\u0442\u0456\u043b, 160 x 80 x 75 \u0441\u043c, \u0442\u0438\u043a"},"content":{"rendered":"<p>\u041e\u0431\u0456\u0434\u043d\u0456\u0439 \u0441\u0442\u0456\u043b \u0437 \u043c\u0430\u0441\u0438\u0432\u0443 \u0442\u0438\u043a\u043e\u0432\u043e\u0433\u043e \u0434\u0435\u0440\u0435\u0432\u0430 \u043c\u0430\u0454 \u0435\u043b\u0435\u0433\u0430\u043d\u0442\u043d\u0438\u0439 \u0434\u0438\u0437\u0430\u0439\u043d \u0456 \u0456\u0434\u0435\u0430\u043b\u044c\u043d\u043e \u043f\u0456\u0434\u0445\u043e\u0434\u0438\u0442\u044c \u0434\u043b\u044f \u043e\u0431\u0456\u0434\u0456\u0432 \u043d\u0430 \u0441\u0432\u0456\u0436\u043e\u043c\u0443 \u043f\u043e\u0432\u0456\u0442\u0440\u0456. \u0421\u043a\u043b\u0430\u0434\u0430\u043d\u0438\u0439 \u043e\u0431\u0456\u0434\u043d\u0456\u0439 \u0441\u0442\u0456\u043b \u0442\u0430\u043a\u043e\u0436 \u043c\u043e\u0436\u043d\u0430 \u0432\u0438\u043a\u043e\u0440\u0438\u0441\u0442\u043e\u0432\u0443\u0432\u0430\u0442\u0438 \u0432 \u043f\u0440\u0438\u043c\u0456\u0449\u0435\u043d\u043d\u0456.<\/p>\n<\/p>\n<p>\u0412\u0438\u0433\u043e\u0442\u043e\u0432\u043b\u0435\u043d\u0456 \u0437 \u043d\u0430\u0434\u0437\u0432\u0438\u0447\u0430\u0439\u043d\u043e \u043c\u0456\u0446\u043d\u043e\u0433\u043e \u0442\u0438\u043a\u0430, \u043c\u0435\u0431\u043b\u0456 \u0432\u0438\u0441\u0443\u0448\u0435\u043d\u0456 \u0432 \u043f\u0435\u0447\u0456 \u0442\u0430 \u0440\u0435\u0442\u0435\u043b\u044c\u043d\u043e \u0432\u0456\u0434\u0448\u043b\u0456\u0444\u043e\u0432\u0430\u043d\u0456, \u0449\u043e\u0431 \u043d\u0430\u0434\u0430\u0442\u0438 \u0457\u043c \u0434\u0443\u0436\u0435 \u0433\u043b\u0430\u0434\u043a\u043e\u0457 \u043f\u043e\u0432\u0435\u0440\u0445\u043d\u0456. \u0422\u0438\u043a \u0432\u0456\u0434\u043e\u043c\u0438\u0439 \u0441\u0432\u043e\u0454\u044e \u0432\u0438\u043d\u044f\u0442\u043a\u043e\u0432\u043e\u044e \u043c\u0456\u0446\u043d\u0456\u0441\u0442\u044e \u0442\u0430 \u0441\u0442\u0456\u0439\u043a\u0456\u0441\u0442\u044e \u0434\u043e \u0430\u0442\u043c\u043e\u0441\u0444\u0435\u0440\u043d\u0438\u0445 \u0432\u043f\u043b\u0438\u0432\u0456\u0432, \u0449\u043e \u0440\u043e\u0431\u0438\u0442\u044c \u0439\u043e\u0433\u043e \u043d\u0430\u0431\u0430\u0433\u0430\u0442\u043e \u0431\u0456\u043b\u044c\u0448 \u043f\u0440\u0438\u0434\u0430\u0442\u043d\u0438\u043c \u0434\u043b\u044f \u0432\u0438\u043a\u043e\u0440\u0438\u0441\u0442\u0430\u043d\u043d\u044f \u0432 \u0441\u0430\u0434\u0443, \u043d\u0456\u0436 \u0431\u0443\u0434\u044c-\u044f\u043a\u0430 \u0456\u043d\u0448\u0430 \u043f\u043e\u0440\u043e\u0434\u0430 \u0434\u0435\u0440\u0435\u0432\u0438\u043d\u0438. \u0422\u0438\u043a \u2013 \u0456\u0434\u0435\u0430\u043b\u044c\u043d\u0438\u0439 \u0432\u0438\u0431\u0456\u0440, \u044f\u043a\u0449\u043e \u0432\u0438 \u0445\u043e\u0447\u0435\u0442\u0435 \u043f\u0440\u0438\u0434\u0431\u0430\u0442\u0438 \u043c\u0456\u0446\u043d\u0456 \u0441\u0430\u0434\u043e\u0432\u0456 \u043c\u0435\u0431\u043b\u0456. \u0412\u0438 \u043c\u043e\u0436\u0435\u0442\u0435 \u0437\u0430\u043b\u0438\u0448\u0438\u0442\u0438 \u0457\u0445 \u0443 \u043d\u0430\u0442\u0443\u0440\u0430\u043b\u044c\u043d\u043e\u043c\u0443 \u043a\u043e\u043b\u044c\u043e\u0440\u0456 \u0430\u0431\u043e \u0434\u043e\u0434\u0430\u0442\u0438 \u0448\u0430\u0440 \u0444\u0430\u0440\u0431\u0438 \u0447\u0438 \u0456\u043d\u0448\u0435 \u043f\u0440\u0438\u0454\u043c\u043d\u0435 \u043a\u043e\u043b\u044c\u043e\u0440\u043e\u0432\u0435 \u043f\u043e\u043a\u0440\u0438\u0442\u0442\u044f. \u0428\u043b\u0456\u0444\u043e\u0432\u0430\u043d\u0430 \u043f\u043e\u0432\u0435\u0440\u0445\u043d\u044f \u043f\u0440\u043e\u0441\u0442\u0430 \u0443 \u0434\u043e\u0433\u043b\u044f\u0434\u0456 \u0442\u0430 \u043d\u0430\u0434\u0430\u0454 \u0441\u0442\u043e\u043b\u0443 \u0432\u0438\u0448\u0443\u043a\u0430\u043d\u043e\u0433\u043e \u0432\u0438\u0433\u043b\u044f\u0434\u0443. \u041e\u0431\u0456\u0434\u043d\u0456\u0439 \u0441\u0442\u0456\u043b \u043c\u043e\u0436\u043d\u0430 \u0441\u043a\u043b\u0430\u0441\u0442\u0438, \u0449\u043e\u0431 \u0437\u0430\u043e\u0449\u0430\u0434\u0438\u0442\u0438 \u043c\u0456\u0441\u0446\u0435, \u043a\u043e\u043b\u0438 \u0432\u0456\u043d \u043d\u0435 \u0432\u0438\u043a\u043e\u0440\u0438\u0441\u0442\u043e\u0432\u0443\u0454\u0442\u044c\u0441\u044f. \u041e\u0431\u0456\u0434\u043d\u0456\u0439 \u0441\u0442\u0456\u043b \u043f\u043e\u0442\u0440\u0435\u0431\u0443\u0454 \u0441\u043a\u043b\u0430\u0434\u0430\u043d\u043d\u044f.<\/p>\n<\/p>\n<p>\u041c\u0438 \u0440\u0435\u043a\u043e\u043c\u0435\u043d\u0434\u0443\u0454\u043c\u043e \u043e\u0431\u0440\u043e\u0431\u043b\u044f\u0442\u0438 \u0442\u0438\u043a \u0437\u0430\u0441\u043e\u0431\u043e\u043c \u043d\u0430 \u0432\u043e\u0434\u043d\u0456\u0439 \u043e\u0441\u043d\u043e\u0432\u0456 \u0430\u0431\u043e \u0442\u0438\u043a\u043e\u0432\u043e\u044e \u043e\u043b\u0456\u0454\u044e, \u0449\u043e\u0431 \u043f\u0440\u043e\u0434\u043e\u0432\u0436\u0438\u0442\u0438 \u0442\u0435\u0440\u043c\u0456\u043d \u0441\u043b\u0443\u0436\u0431\u0438 \u0432\u0438\u0440\u043e\u0431\u0443.<\/p>\n<ul>\n<li>\u041c\u0430\u0442\u0435\u0440\u0456\u0430\u043b: \u0434\u0440\u0456\u0431\u043d\u043e \u0448\u043b\u0456\u0444\u043e\u0432\u0430\u043d\u0430 \u0442\u0432\u0435\u0440\u0434\u0430 \u0434\u0435\u0440\u0435\u0432\u0438\u043d\u0430 (\u043d\u0435\u043e\u0431\u0440\u043e\u0431\u043b\u0435\u043d\u0430)<\/li>\n<li>\u0420\u043e\u0437\u043c\u0456\u0440\u0438 (\u0443 \u0440\u043e\u0437\u043a\u043b\u0430\u0434\u0435\u043d\u043e\u043c\u0443 \u0432\u0438\u0433\u043b\u044f\u0434\u0456): 160 x 80 x 75 \u0441\u043c (\u0414 x \u0428 x \u0412)<\/li>\n<li>\u0420\u043e\u0437\u043c\u0456\u0440\u0438 (\u0443 \u0441\u043a\u043b\u0430\u0434\u0435\u043d\u043e\u043c\u0443 \u0432\u0438\u0433\u043b\u044f\u0434\u0456): 160 x 18 x 105 \u0441\u043c (\u0414 x \u0428 x \u0412)<\/li>\n<li>\u0421\u043a\u043b\u0430\u0434\u0430\u043d\u0438\u0439<\/li>\n<li>\u041f\u0456\u0434\u0445\u043e\u0434\u0438\u0442\u044c \u044f\u043a \u0434\u043b\u044f \u043f\u0440\u0438\u043c\u0456\u0449\u0435\u043d\u044c, \u0442\u0430\u043a \u0456 \u0434\u043b\u044f \u0432\u0443\u043b\u0438\u0446\u0456 <\/li>\n<li>\u041f\u043e\u0442\u0440\u0456\u0431\u043d\u0435 \u0441\u043a\u043b\u0430\u0434\u0430\u043d\u043d\u044f: \u0442\u0430\u043a<\/li>\n<\/ul>","protected":false},"excerpt":{"rendered":"<p>Tugevast tiikpuust s\u00f6\u00f6gilaud on elegantse disainiga ning sobib suurep\u00e4raselt \u00f5ues einestamiseks. Kokkupandavat s\u00f6\u00f6gilauda saab kasutada ka toas. \u00c4\u00e4rmiselt vastupidavast tiikpuust valmistatud m\u00f6\u00f6bel&hellip;<\/p>","protected":false},"featured_media":320995,"comment_status":"open","ping_status":"closed","template":"","meta":{"wprm-recipe-roundup-name":"","wprm-recipe-roundup-description":""},"product_brand":[],"product_cat":[932],"product_tag":[547,933,553,554,540],"class_list":{"0":"post-321001","1":"product","2":"type-product","3":"status-publish","4":"has-post-thumbnail","6":"product_cat-ouelauad","7":"product_tag-moobel","8":"product_tag-ouelauad","9":"product_tag-ouemoobel","10":"product_tag-ouemoobli-komplektid","11":"product_tag-parcel","12":"pa_brand-vidaxl","14":"first","15":"instock","16":"taxable","17":"shipping-taxable","18":"purchasable","19":"product-type-simple"},"supplier_id":null,"supplier_sku":"","barcode":null,"atum_controlled":false,"out_stock_date":null,"out_stock_threshold":null,"inheritable":false,"inbound_stock":null,"stock_on_hold":null,"sold_today":null,"sales_last_days":null,"reserved_stock":null,"customer_returns":null,"warehouse_damage":null,"lost_in_post":null,"other_logs":null,"out_stock_days":null,"lost_sales":null,"has_location":null,"update_date":"2026-05-13T18:22:58","atum_locations":[],"atum_stock_status":"instock","restock_status":false,"low_stock_amount":"","sales_update_date":null,"calc_backorders":null,"aioseo_notices":[],"_links":{"self":[{"href":"https:\/\/ecoshop.ee\/uk\/wp-json\/wp\/v2\/product\/321001","targetHints":{"allow":["GET"]}}],"collection":[{"href":"https:\/\/ecoshop.ee\/uk\/wp-json\/wp\/v2\/product"}],"about":[{"href":"https:\/\/ecoshop.ee\/uk\/wp-json\/wp\/v2\/types\/product"}],"replies":[{"embeddable":true,"href":"https:\/\/ecoshop.ee\/uk\/wp-json\/wp\/v2\/comments?post=321001"}],"version-history":[{"count":0,"href":"https:\/\/ecoshop.ee\/uk\/wp-json\/wp\/v2\/product\/321001\/revisions"}],"wp:featuredmedia":[{"embeddable":true,"href":"https:\/\/ecoshop.ee\/uk\/wp-json\/wp\/v2\/media\/320995"}],"wp:attachment":[{"href":"https:\/\/ecoshop.ee\/uk\/wp-json\/wp\/v2\/media?parent=321001"}],"wp:term":[{"taxonomy":"product_brand","embeddable":true,"href":"https:\/\/ecoshop.ee\/uk\/wp-json\/wp\/v2\/product_brand?post=321001"},{"taxonomy":"product_cat","embeddable":true,"href":"https:\/\/ecoshop.ee\/uk\/wp-json\/wp\/v2\/product_cat?post=321001"},{"taxonomy":"product_tag","embeddable":true,"href":"https:\/\/ecoshop.ee\/uk\/wp-json\/wp\/v2\/product_tag?post=321001"}],"curies":[{"name":"wp","href":"https:\/\/api.w.org\/{rel}","templated":true}]}}