{"id":321454,"date":"2026-02-27T10:55:07","date_gmt":"2026-02-27T07:55:07","guid":{"rendered":"https:\/\/ecoshop.ee\/maaratlemata\/seinale-kinnitatav-ratikuriiul-35-x-20-x-35-cm-tiikpuu\/"},"modified":"2026-05-11T21:28:30","modified_gmt":"2026-05-11T18:28:30","slug":"%d0%bd%d0%b0%d1%81%d1%82%d1%96%d0%bd%d0%bd%d0%b0-%d0%bf%d0%be%d0%bb%d0%b8%d1%86%d1%8f-35-x-20-x-35-%d1%81%d0%bc-%d1%82%d0%b8%d0%ba","status":"publish","type":"product","link":"https:\/\/ecoshop.ee\/uk\/kateratiku-nagid\/seinale-kinnitatav-ratikuriiul-35-x-20-x-35-cm-tiikpuu\/","title":{"rendered":"\u041d\u0430\u0441\u0442\u0456\u043d\u043d\u0430 \u0432\u0456\u0448\u0430\u043b\u043a\u0430 \u0434\u043b\u044f \u0440\u0443\u0448\u043d\u0438\u043a\u0456\u0432, 35 x 20 x 35 \u0441\u043c, \u0442\u0438\u043a"},"content":{"rendered":"<p>\u0426\u044f \u043d\u0430\u0441\u0442\u0456\u043d\u043d\u0430 \u0432\u0456\u0448\u0430\u043b\u043a\u0430 \u0434\u043b\u044f \u0440\u0443\u0448\u043d\u0438\u043a\u0456\u0432 \u0443 \u043a\u043e\u043b\u043e\u043d\u0456\u0430\u043b\u044c\u043d\u043e\u043c\u0443, \u0430\u043b\u0435 \u0432\u043e\u0434\u043d\u043e\u0447\u0430\u0441 \u0441\u0456\u043b\u044c\u0441\u044c\u043a\u043e\u043c\u0443 \u0441\u0442\u0438\u043b\u0456 \u0441\u0442\u0430\u043d\u0435 \u043f\u043e\u0437\u0430\u0447\u0430\u0441\u043e\u0432\u0438\u043c \u0430\u043a\u0441\u0435\u0441\u0443\u0430\u0440\u043e\u043c \u0434\u043b\u044f \u0434\u0438\u0437\u0430\u0439\u043d\u0443 \u0432\u0430\u0448\u043e\u0457 \u0432\u0430\u043d\u043d\u043e\u0457 \u043a\u0456\u043c\u043d\u0430\u0442\u0438.<\/p>\n<\/p>\n<p>\u0412\u0456\u0448\u0430\u043b\u043a\u0430 \u0434\u043b\u044f \u0440\u0443\u0448\u043d\u0438\u043a\u0456\u0432 \u0432\u0438\u0433\u043e\u0442\u043e\u0432\u043b\u0435\u043d\u0430 \u0437 \u0442\u0438\u043a\u043e\u0432\u043e\u0433\u043e \u0434\u0435\u0440\u0435\u0432\u0430 \u0437 \u043d\u0430\u0442\u0443\u0440\u0430\u043b\u044c\u043d\u0438\u043c \u043f\u043e\u043a\u0440\u0438\u0442\u0442\u044f\u043c, \u0449\u043e \u0440\u043e\u0431\u0438\u0442\u044c \u0457\u0457 \u0434\u043e\u0441\u0438\u0442\u044c \u0441\u0442\u0456\u0439\u043a\u043e\u044e \u0442\u0430 \u043b\u0435\u0433\u043a\u043e\u044e \u0443 \u0434\u043e\u0433\u043b\u044f\u0434\u0456. \u0414\u0435\u0440\u0435\u0432&#039;\u044f\u043d\u0430 \u0432\u0456\u0448\u0430\u043b\u043a\u0430 \u0434\u043b\u044f \u0440\u0443\u0448\u043d\u0438\u043a\u0456\u0432 \u043c\u0430\u0454 \u0432\u0456\u0434\u043a\u0440\u0438\u0442\u0443 \u043f\u043e\u043b\u0438\u0446\u044e \u0437\u0437\u0430\u0434\u0443, \u0442\u043e\u043c\u0443, \u043e\u043a\u0440\u0456\u043c \u043f\u0456\u0434\u0432\u0456\u0448\u0443\u0432\u0430\u043d\u043d\u044f \u0440\u0443\u0448\u043d\u0438\u043a\u0456\u0432, \u0432\u043e\u043d\u0430 \u043f\u0440\u043e\u043f\u043e\u043d\u0443\u0454 \u0434\u043e\u0441\u0442\u0430\u0442\u043d\u044c\u043e \u043c\u0456\u0441\u0446\u044f \u0434\u043b\u044f \u0437\u0431\u0435\u0440\u0456\u0433\u0430\u043d\u043d\u044f \u043a\u043e\u0441\u043c\u0435\u0442\u0438\u043a\u0438, \u0437\u0443\u0431\u043d\u043e\u0457 \u043f\u0430\u0441\u0442\u0438, \u0448\u0430\u043c\u043f\u0443\u043d\u0456\u0432 \u0442\u043e\u0449\u043e.<\/p>\n<ul>\n<li>\u041c\u0430\u0442\u0435\u0440\u0456\u0430\u043b: \u043c\u0456\u0446\u043d\u0438\u0439 \u0442\u0438\u043a \u0437 \u043d\u0430\u0442\u0443\u0440\u0430\u043b\u044c\u043d\u0438\u043c \u043f\u043e\u043a\u0440\u0438\u0442\u0442\u044f\u043c<\/li>\n<li>\u0420\u043e\u0437\u043c\u0456\u0440\u0438: 35 x 20 x 35 \u0441\u043c (\u0428 x \u0413 x \u0412)<\/li>\n<li>\u041d\u0430\u0441\u0442\u0456\u043d\u043d\u0438\u0439<\/li>\n<li>\u0417 \u043f\u043e\u043b\u0438\u0446\u0435\u044e<\/li>\n<\/ul>","protected":false},"excerpt":{"rendered":"<p>Koloniaalse, samas maal\u00e4hedase stiiliga seinale kinnitatav r\u00e4tikuriiul on teie vannitoa kujundusele ajatu aksessuaar. R\u00e4tikuhoidik on valmistatud naturaalse viimistlusega tiikpuust, muutes selle \u00fcpris&hellip;<\/p>","protected":false},"featured_media":321448,"comment_status":"open","ping_status":"closed","template":"","meta":{"wprm-recipe-roundup-name":"","wprm-recipe-roundup-description":""},"product_brand":[],"product_cat":[4617],"product_tag":[1035,536,554,540,1034],"class_list":{"0":"post-321454","1":"product","2":"type-product","3":"status-publish","4":"has-post-thumbnail","6":"product_cat-kateratiku-nagid","7":"product_tag-kateratiku-nagid","8":"product_tag-kodu-ja-aed","9":"product_tag-ouemoobli-komplektid","10":"product_tag-parcel","11":"product_tag-vannitoa-tarvikud","12":"pa_brand-vidaxl","14":"first","15":"instock","16":"taxable","17":"shipping-taxable","18":"purchasable","19":"product-type-simple"},"supplier_id":null,"supplier_sku":"","barcode":null,"atum_controlled":false,"out_stock_date":null,"out_stock_threshold":null,"inheritable":false,"inbound_stock":null,"stock_on_hold":0,"sold_today":0,"sales_last_days":0,"reserved_stock":null,"customer_returns":null,"warehouse_damage":null,"lost_in_post":null,"other_logs":null,"out_stock_days":0,"lost_sales":0,"has_location":null,"update_date":"2026-05-11T18:28:30","atum_locations":[],"atum_stock_status":"instock","restock_status":false,"low_stock_amount":"","sales_update_date":"2026-03-05T01:07:13","calc_backorders":null,"aioseo_notices":[],"_links":{"self":[{"href":"https:\/\/ecoshop.ee\/uk\/wp-json\/wp\/v2\/product\/321454","targetHints":{"allow":["GET"]}}],"collection":[{"href":"https:\/\/ecoshop.ee\/uk\/wp-json\/wp\/v2\/product"}],"about":[{"href":"https:\/\/ecoshop.ee\/uk\/wp-json\/wp\/v2\/types\/product"}],"replies":[{"embeddable":true,"href":"https:\/\/ecoshop.ee\/uk\/wp-json\/wp\/v2\/comments?post=321454"}],"version-history":[{"count":0,"href":"https:\/\/ecoshop.ee\/uk\/wp-json\/wp\/v2\/product\/321454\/revisions"}],"wp:featuredmedia":[{"embeddable":true,"href":"https:\/\/ecoshop.ee\/uk\/wp-json\/wp\/v2\/media\/321448"}],"wp:attachment":[{"href":"https:\/\/ecoshop.ee\/uk\/wp-json\/wp\/v2\/media?parent=321454"}],"wp:term":[{"taxonomy":"product_brand","embeddable":true,"href":"https:\/\/ecoshop.ee\/uk\/wp-json\/wp\/v2\/product_brand?post=321454"},{"taxonomy":"product_cat","embeddable":true,"href":"https:\/\/ecoshop.ee\/uk\/wp-json\/wp\/v2\/product_cat?post=321454"},{"taxonomy":"product_tag","embeddable":true,"href":"https:\/\/ecoshop.ee\/uk\/wp-json\/wp\/v2\/product_tag?post=321454"}],"curies":[{"name":"wp","href":"https:\/\/api.w.org\/{rel}","templated":true}]}}