{"id":323354,"date":"2026-02-27T11:42:59","date_gmt":"2026-02-27T08:42:59","guid":{"rendered":"https:\/\/ecoshop.ee\/maaratlemata\/vannitoa-seinakapp-otta-35x30x55-cm-mannipuit\/"},"modified":"2026-05-07T16:29:20","modified_gmt":"2026-05-07T13:29:20","slug":"%d0%bd%d0%b0%d1%81%d1%82%d1%96%d0%bd%d0%bd%d0%b0-%d1%88%d0%b0%d1%84%d0%b0-%d0%b4%d0%bb%d1%8f-%d0%b2%d0%b0%d0%bd%d0%bd%d0%be%d1%97-%d0%ba%d1%96%d0%bc%d0%bd%d0%b0%d1%82%d0%b8-%d0%be%d1%82%d1%82%d0%b0-36","status":"publish","type":"product","link":"https:\/\/ecoshop.ee\/uk\/vannitoamoobli-komplektid\/vannitoa-seinakapp-otta-35x30x55-cm-mannipuit\/","title":{"rendered":"\u041d\u0430\u0441\u0442\u0456\u043d\u043d\u0430 \u0448\u0430\u0444\u0430 \u0434\u043b\u044f \u0432\u0430\u043d\u043d\u043e\u0457 \u043a\u0456\u043c\u043d\u0430\u0442\u0438 &quot;Otta&quot;, 35 x 30 x 55 \u0441\u043c, \u0441\u043e\u0441\u043d\u043e\u0432\u0435 \u0434\u0435\u0440\u0435\u0432\u043e"},"content":{"rendered":"<p>\u041d\u0430\u0441\u0442\u0456\u043d\u043d\u0430 \u0448\u0430\u0444\u0430 \u0434\u043b\u044f \u0432\u0430\u043d\u043d\u043e\u0457 \u043a\u0456\u043c\u043d\u0430\u0442\u0438 \u2013 \u0447\u0443\u0434\u043e\u0432\u0435 \u0434\u043e\u043f\u043e\u0432\u043d\u0435\u043d\u043d\u044f \u0434\u043e \u0432\u0430\u0448\u043e\u0457 \u0432\u0430\u043d\u043d\u043e\u0457 \u043a\u0456\u043c\u043d\u0430\u0442\u0438, \u044f\u043a\u0435 \u043d\u0430\u0434\u0430\u0454 \u0457\u0439 \u043e\u0445\u0430\u0439\u043d\u043e\u0433\u043e \u0442\u0430 \u0435\u0444\u0435\u043a\u0442\u043d\u043e\u0433\u043e \u0432\u0438\u0433\u043b\u044f\u0434\u0443!<\/p>\n<\/p>\n<ul>\n<li>\u041c\u0456\u0446\u043d\u0438\u0439 \u0442\u0430 \u0441\u0442\u0456\u0439\u043a\u0438\u0439 \u043c\u0430\u0442\u0435\u0440\u0456\u0430\u043b: \u0441\u043e\u0441\u043d\u043e\u0432\u0430 \u0434\u0435\u0440\u0435\u0432\u0438\u043d\u0430 \u0432\u0456\u0434\u043e\u043c\u0430 \u0441\u0432\u043e\u0454\u044e \u043c\u0456\u0446\u043d\u0456\u0441\u0442\u044e \u0442\u0430 \u0434\u043e\u0432\u0433\u043e\u0432\u0456\u0447\u043d\u0456\u0441\u0442\u044e. \u041f\u0440\u044f\u043c\u0456 \u0432\u043e\u043b\u043e\u043a\u043d\u0430 \u0442\u0430 \u0445\u0430\u0440\u0430\u043a\u0442\u0435\u0440\u043d\u0456 \u0441\u0443\u0447\u043a\u0438 \u043d\u0430\u0434\u0430\u044e\u0442\u044c \u0457\u0439 \u0441\u0456\u043b\u044c\u0441\u044c\u043a\u043e\u0433\u043e \u0448\u0430\u0440\u043c\u0443.<\/li>\n<li>\u0411\u0430\u0433\u0430\u0442\u043e \u043c\u0456\u0441\u0446\u044f \u0434\u043b\u044f \u0437\u0431\u0435\u0440\u0456\u0433\u0430\u043d\u043d\u044f: \u041d\u0430\u0441\u0442\u0456\u043d\u043d\u0430 \u0448\u0430\u0444\u0430 \u043f\u0440\u043e\u043f\u043e\u043d\u0443\u0454 \u0431\u0430\u0433\u0430\u0442\u043e \u043c\u0456\u0441\u0446\u044f \u0434\u043b\u044f \u0437\u0431\u0435\u0440\u0456\u0433\u0430\u043d\u043d\u044f \u0432\u0430\u0448\u0438\u0445 \u043f\u043e\u0432\u0441\u044f\u043a\u0434\u0435\u043d\u043d\u0438\u0445 \u0440\u0435\u0447\u0435\u0439.<\/li>\n<li>\u0415\u043a\u043e\u043d\u043e\u043c\u0456\u044f \u043c\u0456\u0441\u0446\u044f: \u0446\u044e \u0448\u0430\u0444\u043a\u0443 \u0434\u043b\u044f \u0432\u0430\u043d\u043d\u043e\u0457 \u043a\u0456\u043c\u043d\u0430\u0442\u0438 \u043c\u043e\u0436\u043d\u0430 \u0432\u0441\u0442\u0430\u043d\u043e\u0432\u0438\u0442\u0438 \u043d\u0430 \u0441\u0442\u0456\u043d\u0443, \u0449\u043e\u0431 \u0434\u043e\u0434\u0430\u0442\u0438 \u0434\u043e\u0434\u0430\u0442\u043a\u043e\u0432\u0435 \u043c\u0456\u0441\u0446\u0435 \u0434\u043b\u044f \u0437\u0431\u0435\u0440\u0456\u0433\u0430\u043d\u043d\u044f. \u0426\u0435 \u0434\u043e\u0437\u0432\u043e\u043b\u044f\u0454 \u043f\u0456\u0434\u0442\u0440\u0438\u043c\u0443\u0432\u0430\u0442\u0438 \u043f\u043e\u0440\u044f\u0434\u043e\u043a \u043d\u0430 \u043f\u0456\u0434\u043b\u043e\u0437\u0456 \u0442\u0430 \u043c\u0430\u043a\u0441\u0438\u043c\u0430\u043b\u044c\u043d\u043e \u0435\u0444\u0435\u043a\u0442\u0438\u0432\u043d\u043e \u0432\u0438\u043a\u043e\u0440\u0438\u0441\u0442\u043e\u0432\u0443\u0432\u0430\u0442\u0438 \u043f\u0440\u043e\u0441\u0442\u0456\u0440.<\/li>\n<li>\u041b\u0435\u0433\u043a\u0438\u0439 \u0443 \u0434\u043e\u0433\u043b\u044f\u0434\u0456: \u0437\u0430\u0432\u0434\u044f\u043a\u0438 \u0433\u043b\u0430\u0434\u043a\u0456\u0439 \u043f\u043e\u0432\u0435\u0440\u0445\u043d\u0456, \u043d\u0430\u0441\u0442\u0456\u043d\u043d\u0438\u0439 \u0442\u0440\u0438\u043c\u0430\u0447 \u0434\u043b\u044f \u0432\u0430\u043d\u043d\u043e\u0457 \u043a\u0456\u043c\u043d\u0430\u0442\u0438 \u043b\u0435\u0433\u043a\u043e \u0447\u0438\u0441\u0442\u0438\u0442\u0438 \u0432\u043e\u043b\u043e\u0433\u043e\u044e \u0433\u0430\u043d\u0447\u0456\u0440\u043a\u043e\u044e \u0442\u0430 \u043f\u043e\u0442\u0440\u0435\u0431\u0443\u0454 \u043c\u0435\u043d\u0448\u0435 \u0434\u043e\u0433\u043b\u044f\u0434\u0443.<\/li>\n<\/ul>\n<p>\u041f\u0440\u0438\u0454\u043c\u043d\u043e \u0446\u0435 \u0447\u0443\u0442\u0438:<\/p>\n<ul>\n<li>\u0428\u0443\u0440\u0443\u043f\u0438 \u0442\u0430 \u0434\u044e\u0431\u0435\u043b\u0456 \u043d\u0435 \u0432\u0445\u043e\u0434\u044f\u0442\u044c \u0434\u043e \u043a\u043e\u043c\u043f\u043b\u0435\u043a\u0442\u0443. \u041c\u0438 \u0440\u0435\u043a\u043e\u043c\u0435\u043d\u0434\u0443\u0454\u043c\u043e \u0432\u0438\u043a\u043e\u0440\u0438\u0441\u0442\u043e\u0432\u0443\u0432\u0430\u0442\u0438 \u0448\u0443\u0440\u0443\u043f\u0438 \u0442\u0430 \u0434\u044e\u0431\u0435\u043b\u0456, \u044f\u043a\u0456 \u043f\u0456\u0434\u0445\u043e\u0434\u044f\u0442\u044c \u0434\u043b\u044f \u0441\u0442\u0456\u043d. \u042f\u043a\u0449\u043e \u0432\u0438 \u043d\u0435 \u0432\u043f\u0435\u0432\u043d\u0435\u043d\u0456, \u043f\u0440\u043e\u043a\u043e\u043d\u0441\u0443\u043b\u044c\u0442\u0443\u0439\u0442\u0435\u0441\u044f \u0437 \u043f\u0440\u043e\u0444\u0435\u0441\u0456\u043e\u043d\u0430\u043b\u043e\u043c. \u0423\u0432\u0430\u0436\u043d\u043e \u0434\u043e\u0442\u0440\u0438\u043c\u0443\u0439\u0442\u0435\u0441\u044c \u043a\u043e\u0436\u043d\u043e\u0433\u043e \u043a\u0440\u043e\u043a\u0443 \u0456\u043d\u0441\u0442\u0440\u0443\u043a\u0446\u0456\u0457.<\/li>\n<\/ul>\n<ul>\n<li>\u041c\u0430\u0442\u0435\u0440\u0456\u0430\u043b: \u0441\u043e\u0441\u043d\u043e\u0432\u0430 \u0434\u0435\u0440\u0435\u0432\u0438\u043d\u0430 \u0437 \u043c\u0435\u0434\u043e\u0432\u043e-\u0432\u043e\u0441\u043a\u043e\u0432\u0438\u043c \u043f\u043e\u043a\u0440\u0438\u0442\u0442\u044f\u043c, \u0448\u0442\u0443\u0447\u043d\u0430 \u0434\u0435\u0440\u0435\u0432\u0438\u043d\u0430<\/li>\n<li>\u0420\u043e\u0437\u043c\u0456\u0440\u0438: 35 x 30 x 55 \u0441\u043c (\u0428 x \u0413 x \u0412)<\/li>\n<li>\u0420\u043e\u0437\u043c\u0456\u0440 \u0434\u0432\u0435\u0440\u0435\u0439: 31 x 51 \u0441\u043c (\u0428 x \u0412)<\/li>\n<li>\u041d\u0430\u0437\u0432\u0430 \u0434\u0456\u0430\u043f\u0430\u0437\u043e\u043d\u0443: OTTA<\/li>\n<li>\u041f\u043e\u0442\u0440\u0456\u0431\u043d\u0430 \u0437\u0431\u0456\u0440\u043a\u0430: \u0442\u0430\u043a<\/li>\n<\/ul>","protected":false},"excerpt":{"rendered":"<p>Vannitoa seinakapp on suurep\u00e4rane lisa teie vannitoale, andes sellele puhta ja silmapaistva v\u00e4limuse! Tugev ja stabiilne materjal: m\u00e4nnipuit on tuntud oma tugevuse&hellip;<\/p>","protected":false},"featured_media":323346,"comment_status":"open","ping_status":"closed","template":"","meta":{"wprm-recipe-roundup-name":"","wprm-recipe-roundup-description":""},"product_brand":[],"product_cat":[1056],"product_tag":[547,1024,554,540,1057],"class_list":{"0":"post-323354","1":"product","2":"type-product","3":"status-publish","4":"has-post-thumbnail","6":"product_cat-vannitoamoobli-komplektid","7":"product_tag-moobel","8":"product_tag-mooblikomplektid","9":"product_tag-ouemoobli-komplektid","10":"product_tag-parcel","11":"product_tag-vannitoamoobli-komplektid","12":"pa_brand-vidaxl","14":"first","15":"instock","16":"taxable","17":"shipping-taxable","18":"purchasable","19":"product-type-simple"},"supplier_id":null,"supplier_sku":"","barcode":null,"atum_controlled":false,"out_stock_date":null,"out_stock_threshold":null,"inheritable":false,"inbound_stock":null,"stock_on_hold":null,"sold_today":null,"sales_last_days":null,"reserved_stock":null,"customer_returns":null,"warehouse_damage":null,"lost_in_post":null,"other_logs":null,"out_stock_days":null,"lost_sales":null,"has_location":null,"update_date":"2026-05-07T13:29:20","atum_locations":[],"atum_stock_status":"instock","restock_status":false,"low_stock_amount":"","sales_update_date":null,"calc_backorders":null,"aioseo_notices":[],"_links":{"self":[{"href":"https:\/\/ecoshop.ee\/uk\/wp-json\/wp\/v2\/product\/323354","targetHints":{"allow":["GET"]}}],"collection":[{"href":"https:\/\/ecoshop.ee\/uk\/wp-json\/wp\/v2\/product"}],"about":[{"href":"https:\/\/ecoshop.ee\/uk\/wp-json\/wp\/v2\/types\/product"}],"replies":[{"embeddable":true,"href":"https:\/\/ecoshop.ee\/uk\/wp-json\/wp\/v2\/comments?post=323354"}],"version-history":[{"count":0,"href":"https:\/\/ecoshop.ee\/uk\/wp-json\/wp\/v2\/product\/323354\/revisions"}],"wp:featuredmedia":[{"embeddable":true,"href":"https:\/\/ecoshop.ee\/uk\/wp-json\/wp\/v2\/media\/323346"}],"wp:attachment":[{"href":"https:\/\/ecoshop.ee\/uk\/wp-json\/wp\/v2\/media?parent=323354"}],"wp:term":[{"taxonomy":"product_brand","embeddable":true,"href":"https:\/\/ecoshop.ee\/uk\/wp-json\/wp\/v2\/product_brand?post=323354"},{"taxonomy":"product_cat","embeddable":true,"href":"https:\/\/ecoshop.ee\/uk\/wp-json\/wp\/v2\/product_cat?post=323354"},{"taxonomy":"product_tag","embeddable":true,"href":"https:\/\/ecoshop.ee\/uk\/wp-json\/wp\/v2\/product_tag?post=323354"}],"curies":[{"name":"wp","href":"https:\/\/api.w.org\/{rel}","templated":true}]}}