{"id":324178,"date":"2026-02-27T12:01:50","date_gmt":"2026-02-27T09:01:50","guid":{"rendered":"https:\/\/ecoshop.ee\/maaratlemata\/soogilaud-110-x-60-x-76-cm-toekas-mangopuit\/"},"modified":"2026-04-24T03:27:37","modified_gmt":"2026-04-24T00:27:37","slug":"%d0%be%d0%b1%d1%96%d0%b4%d0%bd%d1%96%d0%b9-%d1%81%d1%82%d1%96%d0%bb-110-x-60-x-76-%d1%81%d0%bc-%d0%b7-%d0%bc%d1%96%d1%86%d0%bd%d0%be%d0%b3%d0%be-%d0%b4%d0%b5%d1%80%d0%b5%d0%b2%d0%b0-%d0%bc%d0%b0%d0%bd","status":"publish","type":"product","link":"https:\/\/ecoshop.ee\/uk\/koogi-ja-soogitoa-lauad\/soogilaud-110-x-60-x-76-cm-toekas-mangopuit\/","title":{"rendered":"\u041e\u0431\u0456\u0434\u043d\u0456\u0439 \u0441\u0442\u0456\u043b, 110 x 60 x 76 \u0441\u043c, \u043c\u0456\u0446\u043d\u0435 \u043c\u0430\u043d\u0433\u043e\u0432\u0435 \u0434\u0435\u0440\u0435\u0432\u043e"},"content":{"rendered":"<p>\u0426\u0435\u0439 \u0443\u043d\u0456\u043a\u0430\u043b\u044c\u043d\u0438\u0439 \u043e\u0431\u0456\u0434\u043d\u0456\u0439 \u0441\u0442\u0456\u043b \u0432 \u0456\u043d\u0434\u0443\u0441\u0442\u0440\u0456\u0430\u043b\u044c\u043d\u043e\u043c\u0443 \u0441\u0442\u0438\u043b\u0456 \u0441\u0442\u0430\u043d\u0435 \u044f\u0441\u043a\u0440\u0430\u0432\u0438\u043c \u0434\u043e\u043f\u043e\u0432\u043d\u0435\u043d\u043d\u044f\u043c \u0434\u043e \u0432\u0430\u0448\u043e\u0457 \u043a\u0443\u0445\u043d\u0456 \u0430\u0431\u043e \u0457\u0434\u0430\u043b\u044c\u043d\u0456.<\/p>\n<\/p>\n<p>\u0412\u0438\u0433\u043e\u0442\u043e\u0432\u043b\u0435\u043d\u0438\u0439 \u0437 \u043c\u0430\u0441\u0438\u0432\u0443 \u043c\u0430\u043d\u0433\u043e\u0432\u043e\u0433\u043e \u0434\u0435\u0440\u0435\u0432\u0430, \u0446\u0435\u0439 \u043e\u0431\u0456\u0434\u043d\u0456\u0439 \u0441\u0442\u0456\u043b \u0454 \u0441\u0442\u0456\u0439\u043a\u0438\u043c, \u043c\u0456\u0446\u043d\u0438\u043c \u0442\u0430 \u043a\u0440\u0430\u0441\u0438\u0432\u0438\u043c. \u041c\u0430\u0439\u0441\u0442\u0435\u0440\u043d\u0430 \u0440\u043e\u0431\u043e\u0442\u0430 \u0434\u043e\u0434\u0430\u0454 \u0441\u0442\u043e\u043b\u0443 \u0440\u043e\u0437\u043a\u0456\u0448\u043d\u043e\u0433\u043e \u0440\u0435\u0442\u0440\u043e-\u0441\u0442\u0438\u043b\u044e. \u041c\u0456\u0446\u043d\u0456 \u0441\u0442\u0430\u043b\u0435\u0432\u0456 \u043d\u0456\u0436\u043a\u0438 \u0437 \u043f\u043e\u0440\u043e\u0448\u043a\u043e\u0432\u0438\u043c \u043f\u043e\u043a\u0440\u0438\u0442\u0442\u044f\u043c \u0434\u043e\u0434\u0430\u044e\u0442\u044c \u0441\u0442\u043e\u043b\u0443 \u043c\u0456\u0446\u043d\u043e\u0441\u0442\u0456.<\/p>\n<\/p>\n<p>\u0412\u0430\u0436\u043b\u0438\u0432\u0435 \u0437\u0430\u0443\u0432\u0430\u0436\u0435\u043d\u043d\u044f: \u041c\u0430\u043b\u044e\u043d\u043e\u043a \u0434\u0435\u0440\u0435\u0432\u0438\u043d\u0438 \u043a\u043e\u0436\u043d\u043e\u0433\u043e \u043f\u0440\u0435\u0434\u043c\u0435\u0442\u0430 \u043c\u0435\u0431\u043b\u0456\u0432 \u0440\u0456\u0437\u043d\u0438\u0442\u044c\u0441\u044f, \u0449\u043e \u0440\u043e\u0431\u0438\u0442\u044c \u043a\u043e\u0436\u0435\u043d \u0432\u0438\u0440\u0456\u0431 \u0443\u043d\u0456\u043a\u0430\u043b\u044c\u043d\u0438\u043c. \u041a\u043e\u043b\u0456\u0440 \u0432\u0438\u0440\u043e\u0431\u0443 \u0431\u0443\u0434\u0435 \u0432\u0438\u043f\u0430\u0434\u043a\u043e\u0432\u0438\u043c, \u0449\u043e \u0437\u0430\u0431\u0435\u0437\u043f\u0435\u0447\u0443\u0454 \u0435\u043a\u0441\u043a\u043b\u044e\u0437\u0438\u0432\u043d\u0456\u0441\u0442\u044c \u0442\u0430 \u0443\u043d\u0456\u043a\u0430\u043b\u044c\u043d\u0456\u0441\u0442\u044c \u0432\u0438\u0440\u043e\u0431\u0443.<\/p>\n<ul>\n<li>\u041c\u0430\u0442\u0435\u0440\u0456\u0430\u043b: \u043c\u0456\u0446\u043d\u0435 \u0434\u0435\u0440\u0435\u0432\u043e \u043c\u0430\u043d\u0433\u043e, \u0437\u0430\u043b\u0456\u0437\u043e \u0437 \u043f\u043e\u0440\u043e\u0448\u043a\u043e\u0432\u0438\u043c \u043f\u043e\u043a\u0440\u0438\u0442\u0442\u044f\u043c<\/li>\n<li>\u0420\u043e\u0437\u043c\u0456\u0440\u0438: 110 x 60 x 76 \u0441\u043c (\u0414 x \u0428 x \u0412)<\/li>\n<li>\u0412\u0456\u0434\u0448\u043b\u0456\u0444\u043e\u0432\u0430\u043d\u043e, \u043f\u043e\u0444\u0430\u0440\u0431\u043e\u0432\u0430\u043d\u043e \u0442\u0430 \u043f\u043e\u043a\u0440\u0438\u0442\u043e \u043b\u0430\u043a\u043e\u043c<\/li>\n<li>\u041f\u043e\u0442\u0440\u0456\u0431\u043d\u0430 \u0437\u0431\u0456\u0440\u043a\u0430: \u0442\u0430\u043a<\/li>\n<\/ul>","protected":false},"excerpt":{"rendered":"<p>V\u00f5rratu industriaalse stiiliga s\u00f6\u00f6gilaud on teie k\u00f6\u00f6gile v\u00f5i s\u00f6\u00f6gitoale silmapaistev lisa. Toekast mangopuidust valmistatud s\u00f6\u00f6gilaud on stabiilne, vastupidav ja kaunis. Meisterlik valmistusviis&hellip;<\/p>","protected":false},"featured_media":324166,"comment_status":"open","ping_status":"closed","template":"","meta":{"wprm-recipe-roundup-name":"","wprm-recipe-roundup-description":""},"product_brand":[],"product_cat":[811],"product_tag":[812,636,547,554,540],"class_list":{"0":"post-324178","1":"product","2":"type-product","3":"status-publish","4":"has-post-thumbnail","6":"product_cat-koogi-ja-soogitoa-lauad","7":"product_tag-koogi-ja-soogitoa-lauad","8":"product_tag-lauad","9":"product_tag-moobel","10":"product_tag-ouemoobli-komplektid","11":"product_tag-parcel","12":"pa_brand-vidaxl","14":"first","15":"instock","16":"taxable","17":"shipping-taxable","18":"purchasable","19":"product-type-simple"},"supplier_id":null,"supplier_sku":"","barcode":null,"atum_controlled":false,"out_stock_date":null,"out_stock_threshold":null,"inheritable":false,"inbound_stock":null,"stock_on_hold":null,"sold_today":null,"sales_last_days":null,"reserved_stock":null,"customer_returns":null,"warehouse_damage":null,"lost_in_post":null,"other_logs":null,"out_stock_days":null,"lost_sales":null,"has_location":null,"update_date":"2026-04-24T00:27:38","atum_locations":[],"atum_stock_status":"instock","restock_status":false,"low_stock_amount":"","sales_update_date":null,"calc_backorders":null,"aioseo_notices":[],"_links":{"self":[{"href":"https:\/\/ecoshop.ee\/uk\/wp-json\/wp\/v2\/product\/324178","targetHints":{"allow":["GET"]}}],"collection":[{"href":"https:\/\/ecoshop.ee\/uk\/wp-json\/wp\/v2\/product"}],"about":[{"href":"https:\/\/ecoshop.ee\/uk\/wp-json\/wp\/v2\/types\/product"}],"replies":[{"embeddable":true,"href":"https:\/\/ecoshop.ee\/uk\/wp-json\/wp\/v2\/comments?post=324178"}],"version-history":[{"count":0,"href":"https:\/\/ecoshop.ee\/uk\/wp-json\/wp\/v2\/product\/324178\/revisions"}],"wp:featuredmedia":[{"embeddable":true,"href":"https:\/\/ecoshop.ee\/uk\/wp-json\/wp\/v2\/media\/324166"}],"wp:attachment":[{"href":"https:\/\/ecoshop.ee\/uk\/wp-json\/wp\/v2\/media?parent=324178"}],"wp:term":[{"taxonomy":"product_brand","embeddable":true,"href":"https:\/\/ecoshop.ee\/uk\/wp-json\/wp\/v2\/product_brand?post=324178"},{"taxonomy":"product_cat","embeddable":true,"href":"https:\/\/ecoshop.ee\/uk\/wp-json\/wp\/v2\/product_cat?post=324178"},{"taxonomy":"product_tag","embeddable":true,"href":"https:\/\/ecoshop.ee\/uk\/wp-json\/wp\/v2\/product_tag?post=324178"}],"curies":[{"name":"wp","href":"https:\/\/api.w.org\/{rel}","templated":true}]}}