{"id":325094,"date":"2026-02-27T13:02:04","date_gmt":"2026-02-27T10:02:04","guid":{"rendered":"https:\/\/ecoshop.ee\/maaratlemata\/seinariiul-49-x-15-x-49-cm-pahkel\/"},"modified":"2026-04-28T03:24:52","modified_gmt":"2026-04-28T00:24:52","slug":"%d0%bd%d0%b0%d1%81%d1%82%d1%96%d0%bd%d0%bd%d0%b0-%d0%bf%d0%be%d0%bb%d0%b8%d1%86%d1%8f-49-x-15-x-49-%d1%81%d0%bc","status":"publish","type":"product","link":"https:\/\/ecoshop.ee\/uk\/seinariiulid\/seinariiul-49-x-15-x-49-cm-pahkel\/","title":{"rendered":"\u041d\u0430\u0441\u0442\u0456\u043d\u043d\u0430 \u043f\u043e\u043b\u0438\u0446\u044f, 49 x 15 x 49 \u0441\u043c, \u0433\u043e\u0440\u0456\u0445"},"content":{"rendered":"<p>\u0426\u044f \u0434\u0435\u0440\u0435\u0432&#039;\u044f\u043d\u0430 \u043d\u0430\u0441\u0442\u0456\u043d\u043d\u0430 \u043f\u043e\u043b\u0438\u0446\u044f \u0435\u043b\u0435\u0433\u0430\u043d\u0442\u043d\u0430 \u0442\u0430 \u0441\u0442\u0438\u043b\u044c\u043d\u0430, \u0449\u043e \u0440\u043e\u0431\u0438\u0442\u044c \u0457\u0457 \u0447\u0443\u0434\u043e\u0432\u0438\u043c \u0441\u043f\u043e\u0441\u043e\u0431\u043e\u043c \u0437\u0431\u0435\u0440\u0456\u0433\u0430\u043d\u043d\u044f \u0440\u0435\u0447\u0435\u0439 \u0442\u0430 \u0434\u0435\u043a\u043e\u0440\u0443\u0432\u0430\u043d\u043d\u044f \u0432\u0430\u0448\u043e\u0457 \u043a\u0456\u043c\u043d\u0430\u0442\u0438.<\/p>\n<\/p>\n<ul>\n<li>\u0413\u043e\u0440\u0456\u0445: \u0413\u043e\u0440\u0456\u0445 \u2014 \u0446\u0435 \u0449\u0456\u043b\u044c\u043d\u0430 \u0442\u0430 \u043c\u0456\u0446\u043d\u0430 \u0434\u0435\u0440\u0435\u0432\u0438\u043d\u0430, \u044f\u043a\u0430 \u043c\u0430\u0454 \u0432\u0438\u0441\u043e\u043a\u0443 \u0437\u043d\u043e\u0441\u043e\u0441\u0442\u0456\u0439\u043a\u0456\u0441\u0442\u044c \u0442\u0430 \u0432\u0456\u0434\u043e\u043c\u0430 \u0441\u0432\u043e\u0457\u043c \u0445\u0430\u0440\u0430\u043a\u0442\u0435\u0440\u043d\u0438\u043c \u043a\u043e\u043b\u044c\u043e\u0440\u043e\u043c \u0456 \u043a\u0440\u0430\u0441\u0438\u0432\u0438\u043c\u0438 \u0432\u0456\u0437\u0435\u0440\u0443\u043d\u043a\u0430\u043c\u0438.<\/li>\n<li>\u0411\u0430\u0433\u0430\u0442\u043e \u043c\u0456\u0441\u0446\u044f \u0434\u043b\u044f \u0437\u0431\u0435\u0440\u0456\u0433\u0430\u043d\u043d\u044f: 5-\u0441\u0435\u043a\u0446\u0456\u0439\u043d\u0430 \u043f\u043e\u043b\u0438\u0446\u044f \u0437\u0430\u0431\u0435\u0437\u043f\u0435\u0447\u0443\u0454 \u0434\u043e\u0441\u0442\u0430\u0442\u043d\u044c\u043e \u043c\u0456\u0441\u0446\u044f \u0434\u043b\u044f \u0437\u0431\u0435\u0440\u0456\u0433\u0430\u043d\u043d\u044f. \u0422\u0440\u0438\u043c\u0430\u0439\u0442\u0435 \u0436\u0443\u0440\u043d\u0430\u043b\u0438, \u043a\u043d\u0438\u0433\u0438, DVD-\u0434\u0438\u0441\u043a\u0438 \u0442\u0430 \u0456\u043d\u0448\u0456 \u043f\u0440\u0435\u0434\u043c\u0435\u0442\u0438 \u043f\u0456\u0434 \u0440\u0443\u043a\u043e\u044e.<\/li>\n<li>\u041d\u0430\u0441\u0442\u0456\u043d\u043d\u0438\u0439 \u0434\u0438\u0437\u0430\u0439\u043d: \u043f\u043e\u043b\u0438\u0446\u044e \u043c\u043e\u0436\u043d\u0430 \u043f\u0440\u0438\u043a\u0440\u0456\u043f\u0438\u0442\u0438 \u0434\u043e \u0441\u0442\u0456\u043d\u0438, \u0449\u043e\u0431 \u0434\u043e\u0434\u0430\u0442\u0438 \u0434\u043e\u0434\u0430\u0442\u043a\u043e\u0432\u0438\u0439 \u043f\u0440\u043e\u0441\u0442\u0456\u0440 \u0434\u043b\u044f \u0437\u0431\u0435\u0440\u0456\u0433\u0430\u043d\u043d\u044f. \u0426\u0435 \u0434\u043e\u043f\u043e\u043c\u043e\u0436\u0435 \u043f\u0456\u0434\u0442\u0440\u0438\u043c\u0443\u0432\u0430\u0442\u0438 \u043f\u043e\u0440\u044f\u0434\u043e\u043a \u043d\u0430 \u043f\u0456\u0434\u043b\u043e\u0437\u0456 \u0442\u0430 \u043c\u0430\u043a\u0441\u0438\u043c\u0430\u043b\u044c\u043d\u043e \u0432\u0438\u043a\u043e\u0440\u0438\u0441\u0442\u0430\u0442\u0438 \u043f\u0440\u043e\u0441\u0442\u0456\u0440.<\/li>\n<li>\u0414\u0435\u043a\u043e\u0440\u0430\u0442\u0438\u0432\u043d\u0430 \u0444\u0443\u043d\u043a\u0446\u0456\u044f: \u0417\u0430\u0432\u0434\u044f\u043a\u0438 \u0434\u0435\u043a\u043e\u0440\u0430\u0442\u0438\u0432\u043d\u043e\u043c\u0443 \u0434\u0438\u0437\u0430\u0439\u043d\u0443 \u0446\u044f \u043f\u043e\u043b\u0438\u0446\u044f \u0441\u0442\u0430\u043d\u0435 \u044f\u0441\u043a\u0440\u0430\u0432\u0438\u043c \u0442\u0430 \u043f\u0440\u0438\u0432\u0430\u0431\u043b\u0438\u0432\u0438\u043c \u0434\u043e\u043f\u043e\u0432\u043d\u0435\u043d\u043d\u044f\u043c \u0432\u0430\u0448\u043e\u0457 \u0432\u0456\u0442\u0430\u043b\u044c\u043d\u0456, \u0441\u043f\u0430\u043b\u044c\u043d\u0456, \u043a\u0430\u0431\u0456\u043d\u0435\u0442\u0443 \u0442\u0430 \u043d\u0430\u0432\u0456\u0442\u044c \u0432\u0430\u043d\u043d\u043e\u0457 \u043a\u0456\u043c\u043d\u0430\u0442\u0438.<\/li>\n<\/ul>\n<p>\u041f\u0440\u0438\u043c\u0456\u0442\u043a\u0430.<\/p>\n<ul>\n<li>\u0421\u0442\u0456\u043d\u043d\u0456 \u0448\u0443\u0440\u0443\u043f\u0438 \u0442\u0430 \u0434\u044e\u0431\u0435\u043b\u0456 \u043d\u0435 \u0432\u0445\u043e\u0434\u044f\u0442\u044c \u0434\u043e \u043a\u043e\u043c\u043f\u043b\u0435\u043a\u0442\u0443. \u0412\u0438\u043a\u043e\u0440\u0438\u0441\u0442\u043e\u0432\u0443\u0439\u0442\u0435 \u0448\u0443\u0440\u0443\u043f\u0438 \u0442\u0430 \u0434\u044e\u0431\u0435\u043b\u0456, \u0449\u043e \u043f\u0456\u0434\u0445\u043e\u0434\u044f\u0442\u044c \u0434\u043b\u044f \u0432\u0430\u0448\u0438\u0445 \u0441\u0442\u0456\u043d. \u042f\u043a\u0449\u043e \u0432\u0438 \u043d\u0435 \u0432\u043f\u0435\u0432\u043d\u0435\u043d\u0456, \u043f\u0440\u043e\u043a\u043e\u043d\u0441\u0443\u043b\u044c\u0442\u0443\u0439\u0442\u0435\u0441\u044f \u0437 \u0444\u0430\u0445\u0456\u0432\u0446\u0435\u043c. \u0423\u0432\u0430\u0436\u043d\u043e \u0432\u0438\u043a\u043e\u043d\u0443\u0439\u0442\u0435 \u043a\u043e\u0436\u0435\u043d \u043a\u0440\u043e\u043a \u0456\u043d\u0441\u0442\u0440\u0443\u043a\u0446\u0456\u0457.<\/li>\n<li>\u041a\u043e\u0436\u0435\u043d \u0432\u0438\u0440\u0456\u0431 \u043f\u043e\u0441\u0442\u0430\u0447\u0430\u0454\u0442\u044c\u0441\u044f \u0437 \u0456\u043d\u0441\u0442\u0440\u0443\u043a\u0446\u0456\u0454\u044e \u0437\u0456 \u0441\u043a\u043b\u0430\u0434\u0430\u043d\u043d\u044f \u0434\u043b\u044f \u043b\u0435\u0433\u043a\u043e\u0433\u043e \u043c\u043e\u043d\u0442\u0430\u0436\u0443.<\/li>\n<\/ul>\n<ul>\n<li>\u041c\u0430\u0442\u0435\u0440\u0456\u0430\u043b: \u0433\u043e\u0440\u0456\u0445\u043e\u0432\u0435 \u0434\u0435\u0440\u0435\u0432\u043e \u0437 \u043e\u043b\u0456\u0439\u043d\u0438\u043c \u043f\u043e\u043a\u0440\u0438\u0442\u0442\u044f\u043c<\/li>\n<li>\u0420\u043e\u0437\u043c\u0456\u0440\u0438: 49 x 15 x 49 \u0441\u043c (\u0428 x \u0413 x \u0412)<\/li>\n<li>\u041c\u0430\u043a\u0441\u0438\u043c\u0430\u043b\u044c\u043d\u0435 \u0437\u0430\u0432\u0430\u043d\u0442\u0430\u0436\u0435\u043d\u043d\u044f (\u0437\u0430\u0433\u0430\u043b\u044c\u043d\u0435): 5 \u043a\u0433<\/li>\n<li>\u041c\u0430\u043a\u0441\u0438\u043c\u0430\u043b\u044c\u043d\u0435 \u043d\u0430\u0432\u0430\u043d\u0442\u0430\u0436\u0435\u043d\u043d\u044f \u043d\u0430 \u043f\u043e\u043b\u0438\u0446\u044e: 2 \u043a\u0433<\/li>\n<\/ul>","protected":false},"excerpt":{"rendered":"<p>See puidust seinariiul on peen ja stiilne, mist\u00f5ttu on see suurep\u00e4rane v\u00f5imalus asjade hoiustamiseks ja toa kaunistamiseks. P\u00e4hklipuit: p\u00e4hklipuit on tihke ja&hellip;<\/p>","protected":false},"featured_media":325088,"comment_status":"open","ping_status":"closed","template":"","meta":{"wprm-recipe-roundup-name":"","wprm-recipe-roundup-description":""},"product_brand":[],"product_cat":[778],"product_tag":[547,554,540,779,780],"class_list":{"0":"post-325094","1":"product","2":"type-product","3":"status-publish","4":"has-post-thumbnail","6":"product_cat-seinariiulid","7":"product_tag-moobel","8":"product_tag-ouemoobli-komplektid","9":"product_tag-parcel","10":"product_tag-riiulid","11":"product_tag-seinariiulid","12":"pa_brand-vidaxl","14":"first","15":"instock","16":"taxable","17":"shipping-taxable","18":"purchasable","19":"product-type-simple"},"supplier_id":null,"supplier_sku":"","barcode":null,"atum_controlled":false,"out_stock_date":null,"out_stock_threshold":null,"inheritable":false,"inbound_stock":null,"stock_on_hold":0,"sold_today":0,"sales_last_days":0,"reserved_stock":null,"customer_returns":null,"warehouse_damage":null,"lost_in_post":null,"other_logs":null,"out_stock_days":0,"lost_sales":0,"has_location":null,"update_date":"2026-04-28T00:24:52","atum_locations":[],"atum_stock_status":"instock","restock_status":false,"low_stock_amount":"","sales_update_date":"2026-03-07T01:13:49","calc_backorders":null,"aioseo_notices":[],"_links":{"self":[{"href":"https:\/\/ecoshop.ee\/uk\/wp-json\/wp\/v2\/product\/325094","targetHints":{"allow":["GET"]}}],"collection":[{"href":"https:\/\/ecoshop.ee\/uk\/wp-json\/wp\/v2\/product"}],"about":[{"href":"https:\/\/ecoshop.ee\/uk\/wp-json\/wp\/v2\/types\/product"}],"replies":[{"embeddable":true,"href":"https:\/\/ecoshop.ee\/uk\/wp-json\/wp\/v2\/comments?post=325094"}],"version-history":[{"count":0,"href":"https:\/\/ecoshop.ee\/uk\/wp-json\/wp\/v2\/product\/325094\/revisions"}],"wp:featuredmedia":[{"embeddable":true,"href":"https:\/\/ecoshop.ee\/uk\/wp-json\/wp\/v2\/media\/325088"}],"wp:attachment":[{"href":"https:\/\/ecoshop.ee\/uk\/wp-json\/wp\/v2\/media?parent=325094"}],"wp:term":[{"taxonomy":"product_brand","embeddable":true,"href":"https:\/\/ecoshop.ee\/uk\/wp-json\/wp\/v2\/product_brand?post=325094"},{"taxonomy":"product_cat","embeddable":true,"href":"https:\/\/ecoshop.ee\/uk\/wp-json\/wp\/v2\/product_cat?post=325094"},{"taxonomy":"product_tag","embeddable":true,"href":"https:\/\/ecoshop.ee\/uk\/wp-json\/wp\/v2\/product_tag?post=325094"}],"curies":[{"name":"wp","href":"https:\/\/api.w.org\/{rel}","templated":true}]}}