{"id":326689,"date":"2026-02-27T14:08:17","date_gmt":"2026-02-27T11:08:17","guid":{"rendered":"https:\/\/ecoshop.ee\/maaratlemata\/kirjutuslaud-vanaaegne-lennukistiilis-120-x-60-x-76-cm\/"},"modified":"2026-05-01T03:31:28","modified_gmt":"2026-05-01T00:31:28","slug":"%d0%bf%d0%b8%d1%81%d1%8c%d0%bc%d0%be%d0%b2%d0%b8%d0%b9-%d1%81%d1%82%d1%96%d0%bb-%d1%83-%d0%b2%d1%96%d0%bd%d1%82%d0%b0%d0%b6%d0%bd%d0%be%d0%bc%d1%83-%d1%81%d1%82%d0%b8%d0%bb%d1%96-%d0%bb%d1%96%d1%82","status":"publish","type":"product","link":"https:\/\/ecoshop.ee\/uk\/kirjutuslauad\/kirjutuslaud-vanaaegne-lennukistiilis-120-x-60-x-76-cm\/","title":{"rendered":"\u041f\u0438\u0441\u044c\u043c\u043e\u0432\u0438\u0439 \u0441\u0442\u0456\u043b, \u0432\u0456\u043d\u0442\u0430\u0436\u043d\u0438\u0439, \u0443 \u0441\u0442\u0438\u043b\u0456 \u043b\u0456\u0442\u0430\u043a\u0430, 120 x 60 x 76 \u0441\u043c"},"content":{"rendered":"<p>\u0426\u0435\u0439 \u043f\u0438\u0441\u044c\u043c\u043e\u0432\u0438\u0439 \u0441\u0442\u0456\u043b \u0443 \u0441\u0442\u0438\u043b\u0456 \u0432\u0456\u043d\u0442\u0430\u0436\u043d\u043e\u0433\u043e \u043b\u0456\u0442\u0430\u043a\u0430 \u043c\u0430\u0454 \u043f\u043e\u0437\u0430\u0447\u0430\u0441\u043e\u0432\u0438\u0439 \u0434\u0438\u0437\u0430\u0439\u043d \u0456 \u0434\u043e\u0434\u0430\u0441\u0442\u044c \u0456\u043d\u0434\u0443\u0441\u0442\u0440\u0456\u0430\u043b\u044c\u043d\u043e\u0433\u043e \u0448\u0430\u0440\u043c\u0443 \u0432\u0430\u0448\u043e\u043c\u0443 \u043a\u0430\u0431\u0456\u043d\u0435\u0442\u0443 \u0447\u0438 \u043e\u0444\u0456\u0441\u0443.<\/p>\n<\/p>\n<p>\u0421\u0442\u0456\u043b \u0443 \u0441\u0442\u0438\u043b\u0456 \u043b\u0456\u0442\u0430\u043a\u0430 \u0432\u0438\u0433\u043e\u0442\u043e\u0432\u043b\u0435\u043d\u0438\u0439 \u0437 \u043c\u0456\u0446\u043d\u043e\u0433\u043e \u0434\u0435\u0440\u0435\u0432\u0430 \u043c\u0430\u043d\u0433\u043e, \u0430 \u0439\u043e\u0433\u043e \u043f\u043e\u0432\u0435\u0440\u0445\u043d\u044f \u043f\u043e\u043a\u0440\u0438\u0442\u0430 \u043f\u043e\u043b\u0456\u0440\u043e\u0432\u0430\u043d\u0438\u043c\u0438 \u0430\u043b\u044e\u043c\u0456\u043d\u0456\u0454\u0432\u0438\u043c\u0438 \u043f\u0430\u043d\u0435\u043b\u044f\u043c\u0438. \u0421\u0442\u0456\u043b \u043e\u0437\u0434\u043e\u0431\u043b\u0435\u043d\u0438\u0439 \u0432\u0456\u0434\u043a\u0440\u0438\u0442\u0438\u043c\u0438 \u0441\u0442\u0430\u043b\u0435\u0432\u0438\u043c\u0438 \u0433\u0432\u0438\u043d\u0442\u0430\u043c\u0438, \u0449\u043e \u0440\u043e\u0431\u0438\u0442\u044c \u0439\u043e\u0433\u043e \u043d\u0430\u0434\u0437\u0432\u0438\u0447\u0430\u0439\u043d\u043e \u043c\u0456\u0446\u043d\u0438\u043c. \u0421\u0442\u0430\u043b\u0435\u0432\u0456 \u043d\u0456\u0436\u043a\u0438 \u0437 \u043b\u0430\u0442\u0443\u043d\u043d\u0438\u043c \u043f\u043e\u043a\u0440\u0438\u0442\u0442\u044f\u043c \u0442\u0430 \u0432\u0456\u0437\u0435\u0440\u0443\u043d\u043a\u043e\u043c \u0437\u0430\u043a\u043b\u0435\u043f\u043e\u043a \u043d\u0430\u0434\u0430\u044e\u0442\u044c \u0441\u0442\u043e\u043b\u0443 \u0432 \u0441\u0442\u0438\u043b\u0456 \u043b\u0456\u0442\u0430\u043a\u0430 \u0456\u043d\u0434\u0443\u0441\u0442\u0440\u0456\u0430\u043b\u044c\u043d\u043e\u0433\u043e \u0432\u0438\u0433\u043b\u044f\u0434\u0443. \u0421\u0442\u0456\u043b \u043c\u0430\u0454 \u0432\u0435\u043b\u0438\u043a\u0443 \u0441\u0442\u0456\u043b\u044c\u043d\u0438\u0446\u044e \u0437 \u0432\u0435\u043b\u0438\u043a\u043e\u044e \u043a\u0456\u043b\u044c\u043a\u0456\u0441\u0442\u044e \u043c\u0456\u0441\u0446\u044f \u0434\u043b\u044f \u0437\u0431\u0435\u0440\u0456\u0433\u0430\u043d\u043d\u044f \u0434\u043e\u043a\u0443\u043c\u0435\u043d\u0442\u0456\u0432, \u043f\u0430\u043f\u0435\u0440\u0456\u0432, \u043a\u043d\u0438\u0433 \u0442\u0430 \u0456\u043d\u0448\u0438\u0445 \u043f\u0440\u0435\u0434\u043c\u0435\u0442\u0456\u0432.<\/p>\n<\/p>\n<p>\u0421\u0442\u0456\u043b \u043b\u0435\u0433\u043a\u043e \u0437\u0456\u0431\u0440\u0430\u0442\u0438. \u0417\u0432\u0435\u0440\u043d\u0456\u0442\u044c \u0443\u0432\u0430\u0433\u0443, \u0449\u043e \u0440\u0456\u0437\u043d\u0456 \u0441\u0442\u043e\u043b\u0438 \u043c\u0430\u044e\u0442\u044c \u0440\u0456\u0437\u043d\u0456 \u0432\u0456\u0437\u0435\u0440\u0443\u043d\u043a\u0438 \u0437\u0430\u043a\u043b\u0435\u043f\u043e\u043a, \u0449\u043e \u0440\u043e\u0431\u0438\u0442\u044c \u043a\u043e\u0436\u0435\u043d \u0441\u0442\u0456\u043b \u0443\u043d\u0456\u043a\u0430\u043b\u044c\u043d\u0438\u043c. \u0428\u0430\u0431\u043b\u043e\u043d \u0441\u0442\u043e\u043b\u0443 \u0434\u043e\u0441\u0442\u0430\u0432\u043b\u044f\u0454\u0442\u044c\u0441\u044f \u0432\u0438\u043f\u0430\u0434\u043a\u043e\u0432\u0438\u043c \u0447\u0438\u043d\u043e\u043c.<\/p>\n<ul>\n<li>\u041c\u0430\u0442\u0435\u0440\u0456\u0430\u043b: \u0414\u0435\u0440\u0435\u0432\u0438\u043d\u0430 \u043c\u0430\u043d\u0433\u043e \u0437 \u0430\u043b\u044e\u043c\u0456\u043d\u0456\u0454\u0432\u0438\u043c\u0438 \u043f\u0430\u043d\u0435\u043b\u044f\u043c\u0438 \u0442\u0430 \u0441\u0442\u0430\u043b\u0435\u0432\u0438\u043c\u0438 \u043d\u0456\u0436\u043a\u0430\u043c\u0438 (\u043f\u043e\u043b\u0456\u0440\u043e\u0432\u0430\u043d\u0438\u043c\u0438)<\/li>\n<li>\u0420\u043e\u0437\u043c\u0456\u0440\u0438: 120 x 60 x 76 \u0441\u043c (\u0414 x \u0428 x \u0412)<\/li>\n<li>\u0421\u0442\u0430\u043b\u0435\u0432\u0456 \u0448\u0443\u0440\u0443\u043f\u0438 \u0434\u043b\u044f \u0434\u0435\u043a\u043e\u0440\u0443<\/li>\n<\/ul>","protected":false},"excerpt":{"rendered":"<p>Vanaaegses lennukistiilis kirjutuslaud on ajatu disainiga ja lisab teie \u00f5pperuumile v\u00f5i kontorile t\u00f6\u00f6stuslikku h\u00f5ngu. Lennukistiilis kirjutuslaud on valmistatud toekast mangopuidust ja selle&hellip;<\/p>","protected":false},"featured_media":326679,"comment_status":"open","ping_status":"closed","template":"","meta":{"wprm-recipe-roundup-name":"","wprm-recipe-roundup-description":""},"product_brand":[],"product_cat":[2163],"product_tag":[1885,2165,2164,547,540],"class_list":{"0":"post-326689","1":"product","2":"type-product","3":"status-publish","4":"has-post-thumbnail","6":"product_cat-kirjutuslauad","7":"product_tag-hobedane","8":"product_tag-kirjutuslauad","9":"product_tag-kontorimoobel","10":"product_tag-moobel","11":"product_tag-parcel","12":"pa_brand-vidaxl","14":"first","15":"instock","16":"taxable","17":"shipping-taxable","18":"purchasable","19":"product-type-simple"},"supplier_id":null,"supplier_sku":"","barcode":null,"atum_controlled":false,"out_stock_date":null,"out_stock_threshold":null,"inheritable":false,"inbound_stock":null,"stock_on_hold":null,"sold_today":null,"sales_last_days":null,"reserved_stock":null,"customer_returns":null,"warehouse_damage":null,"lost_in_post":null,"other_logs":null,"out_stock_days":null,"lost_sales":null,"has_location":null,"update_date":"2026-05-01T00:31:29","atum_locations":[],"atum_stock_status":"instock","restock_status":false,"low_stock_amount":"","sales_update_date":null,"calc_backorders":null,"aioseo_notices":[],"_links":{"self":[{"href":"https:\/\/ecoshop.ee\/uk\/wp-json\/wp\/v2\/product\/326689","targetHints":{"allow":["GET"]}}],"collection":[{"href":"https:\/\/ecoshop.ee\/uk\/wp-json\/wp\/v2\/product"}],"about":[{"href":"https:\/\/ecoshop.ee\/uk\/wp-json\/wp\/v2\/types\/product"}],"replies":[{"embeddable":true,"href":"https:\/\/ecoshop.ee\/uk\/wp-json\/wp\/v2\/comments?post=326689"}],"version-history":[{"count":0,"href":"https:\/\/ecoshop.ee\/uk\/wp-json\/wp\/v2\/product\/326689\/revisions"}],"wp:featuredmedia":[{"embeddable":true,"href":"https:\/\/ecoshop.ee\/uk\/wp-json\/wp\/v2\/media\/326679"}],"wp:attachment":[{"href":"https:\/\/ecoshop.ee\/uk\/wp-json\/wp\/v2\/media?parent=326689"}],"wp:term":[{"taxonomy":"product_brand","embeddable":true,"href":"https:\/\/ecoshop.ee\/uk\/wp-json\/wp\/v2\/product_brand?post=326689"},{"taxonomy":"product_cat","embeddable":true,"href":"https:\/\/ecoshop.ee\/uk\/wp-json\/wp\/v2\/product_cat?post=326689"},{"taxonomy":"product_tag","embeddable":true,"href":"https:\/\/ecoshop.ee\/uk\/wp-json\/wp\/v2\/product_tag?post=326689"}],"curies":[{"name":"wp","href":"https:\/\/api.w.org\/{rel}","templated":true}]}}