{"id":327522,"date":"2026-02-27T14:30:07","date_gmt":"2026-02-27T11:30:07","guid":{"rendered":"https:\/\/ecoshop.ee\/maaratlemata\/kolmeosaline-laste-kriiditahvliga-laud-ja-toolid-must-ja-valge\/"},"modified":"2026-05-15T09:23:57","modified_gmt":"2026-05-15T06:23:57","slug":"%d0%b4%d0%b8%d1%82%d1%8f%d1%87%d0%b8%d0%b9-%d1%82%d1%80%d0%b8%d1%81%d0%b5%d0%ba%d1%86%d1%96%d0%b9%d0%bd%d0%b8%d0%b9-%d1%81%d1%82%d1%96%d0%bb-%d1%82%d0%b0-%d1%81%d1%82%d1%96%d0%bb%d1%8c%d1%86%d1%96","status":"publish","type":"product","link":"https:\/\/ecoshop.ee\/uk\/beebide-ja-mudilaste-moobel\/kolmeosaline-laste-kriiditahvliga-laud-ja-toolid-must-ja-valge\/","title":{"rendered":"\u0414\u0438\u0442\u044f\u0447\u0438\u0439 \u0441\u0442\u0456\u043b \u0442\u0430 \u0441\u0442\u0456\u043b\u044c\u0446\u0456 \u0437 \u0442\u0440\u044c\u043e\u0445 \u0447\u0430\u0441\u0442\u0438\u043d, \u0447\u043e\u0440\u043d\u043e-\u0431\u0456\u043b\u0438\u0439"},"content":{"rendered":"<p>\u0421\u043f\u0435\u0446\u0456\u0430\u043b\u044c\u043d\u0438\u0439 \u0434\u0438\u0442\u044f\u0447\u0438\u0439 \u043a\u043e\u043c\u043f\u043b\u0435\u043a\u0442 \u0437\u0456 \u0441\u0442\u043e\u043b\u0443 \u0442\u0430 \u0434\u0432\u043e\u0445 \u0441\u0442\u0456\u043b\u044c\u0446\u0456\u0432 \u0437\u0430\u0431\u0435\u0437\u043f\u0435\u0447\u0443\u0454 \u0434\u0456\u0442\u044f\u043c \u0432\u043b\u0430\u0441\u043d\u0438\u0439 \u0456\u0433\u0440\u043e\u0432\u0438\u0439 \u043c\u0430\u0439\u0434\u0430\u043d\u0447\u0438\u043a \u0442\u0430 \u0440\u043e\u0431\u043e\u0447\u0438\u0439 \u043f\u0440\u043e\u0441\u0442\u0456\u0440!<\/p>\n<\/p>\n<p>\u0417\u0430\u0432\u0434\u044f\u043a\u0438 \u043c\u0456\u0446\u043d\u0456\u0439 \u043a\u043e\u043d\u0441\u0442\u0440\u0443\u043a\u0446\u0456\u0457 \u0437 \u041c\u0414\u0424 \u0442\u0430 \u0441\u043e\u0441\u043d\u0438, \u0430 \u0442\u0430\u043a\u043e\u0436 \u0444\u0430\u0440\u0431\u043e\u0432\u0430\u043d\u043e\u043c\u0443 \u043f\u043e\u043a\u0440\u0438\u0442\u0442\u044e, \u0441\u0442\u0456\u043b \u0456 2 \u0441\u0442\u0456\u043b\u044c\u0446\u0456 \u0441\u0442\u0430\u043d\u0443\u0442\u044c \u0447\u0443\u0434\u043e\u0432\u0438\u043c \u043c\u0456\u0441\u0446\u0435\u043c \u0434\u043b\u044f \u0433\u0440\u0438, \u043f\u0435\u0440\u0435\u043a\u0443\u0441\u0456\u0432 \u0430\u0431\u043e \u0447\u0438\u0442\u0430\u043d\u043d\u044f \u0434\u0432\u043e\u043c \u0434\u0456\u0442\u044f\u043c! \u0421\u0442\u0456\u043b\u044c\u043d\u0438\u0446\u044f \u0437 \u0434\u043e\u0448\u043a\u0438 \u0434\u043e\u0437\u0432\u043e\u043b\u044f\u0454 \u0434\u0456\u0442\u044f\u043c \u043c\u0430\u043b\u044e\u0432\u0430\u0442\u0438. \u041f\u0456\u0434 \u0441\u0442\u0456\u043b\u044c\u043d\u0438\u0446\u0435\u044e \u0442\u0430\u043a\u043e\u0436 \u0454 \u0434\u043e\u0434\u0430\u0442\u043a\u043e\u0432\u0435 \u043c\u0456\u0441\u0446\u0435 \u0434\u043b\u044f \u0437\u0431\u0435\u0440\u0456\u0433\u0430\u043d\u043d\u044f \u0440\u0435\u0447\u0435\u0439. \u041f\u0440\u043e\u0441\u0442\u0438\u0439 \u0432\u0438\u0433\u043b\u044f\u0434 \u0456 \u0437\u0440\u0443\u0447\u043d\u0438\u0439 \u0434\u043b\u044f \u0434\u0456\u0442\u0435\u0439 \u0440\u043e\u0437\u043c\u0456\u0440 \u0441\u0442\u0430\u043d\u0443\u0442\u044c \u043a\u043e\u0440\u0438\u0441\u043d\u0438\u043c \u0434\u043e\u043f\u043e\u0432\u043d\u0435\u043d\u043d\u044f\u043c \u0434\u043e \u0431\u0443\u0434\u044c-\u044f\u043a\u043e\u0457 \u0456\u0433\u0440\u043e\u0432\u043e\u0457 \u043a\u0456\u043c\u043d\u0430\u0442\u0438, \u0441\u043f\u0430\u043b\u044c\u043d\u0456 \u0447\u0438 \u0432\u0456\u0442\u0430\u043b\u044c\u043d\u0456!<\/p>\n<\/p>\n<p>\u041a\u043e\u043c\u043f\u043b\u0435\u043a\u0442 \u0441\u0442\u043e\u043b\u0443 \u0442\u0430 \u0441\u0442\u0456\u043b\u044c\u0446\u0456\u0432 \u043b\u0435\u0433\u043a\u043e \u0437\u0456\u0431\u0440\u0430\u0442\u0438.<\/p>\n<ul>\n<li>\u041a\u043e\u043b\u0456\u0440: \u0447\u043e\u0440\u043d\u0438\u0439 \u0442\u0430 \u0431\u0456\u043b\u0438\u0439<\/li>\n<li>\u041c\u0430\u0442\u0435\u0440\u0456\u0430\u043b: \u041c\u0414\u0424 + \u0441\u043e\u0441\u043d\u043e\u0432\u0430 \u0434\u0435\u0440\u0435\u0432\u0438\u043d\u0430<\/li>\n<li>\u0420\u043e\u0437\u043c\u0456\u0440\u0438: 90 x 60 x 51 \u0441\u043c (\u0414 x \u0428 x \u0412)<\/li>\n<li>\u0420\u043e\u0437\u043c\u0456\u0440\u0438 \u0441\u0442\u0456\u043b\u044c\u0446\u044f: 28 x 25,5 x 55 \u0441\u043c (\u0428 x \u0413 x \u0412)<\/li>\n<li>\u0413\u043b\u0430\u0434\u043a\u0430 \u043f\u043e\u0432\u0435\u0440\u0445\u043d\u044f \u0434\u043b\u044f \u043b\u0435\u0433\u043a\u043e\u0433\u043e \u043e\u0447\u0438\u0449\u0435\u043d\u043d\u044f<\/li>\n<li>\u0421\u0442\u0456\u043b\u044c\u043d\u0438\u0446\u044f \u0437 \u0434\u043e\u0448\u043a\u0438<\/li>\n<li>\u0421\u0442\u0456\u043b \u0456\u0437 \u043c\u0456\u0441\u0446\u0435\u043c \u0434\u043b\u044f \u0437\u0431\u0435\u0440\u0456\u0433\u0430\u043d\u043d\u044f \u0440\u0435\u0447\u0435\u0439<\/li>\n<li>\u041c\u0430\u043a\u0441\u0438\u043c\u0430\u043b\u044c\u043d\u0435 \u043d\u0430\u0432\u0430\u043d\u0442\u0430\u0436\u0435\u043d\u043d\u044f: 50 \u043a\u0433<\/li>\n<li>\u0420\u0435\u043a\u043e\u043c\u0435\u043d\u0434\u043e\u0432\u0430\u043d\u0438\u0439 \u0432\u0456\u043a: 6-12 \u0440\u043e\u043a\u0456\u0432<\/li>\n<li>\u041a\u043e\u043c\u043f\u043b\u0435\u043a\u0442 \u0432\u043a\u043b\u044e\u0447\u0430\u0454 1 \u0441\u0442\u0456\u043b \u0442\u0430 2 \u0441\u0442\u0456\u043b\u044c\u0446\u0456. <\/li>\n<\/ul>","protected":false},"excerpt":{"rendered":"<p>Spetsiaalne lastelaua ja 2 tooli komplekt annab lastele nende enda m\u00e4ngukoha ja t\u00f6\u00f6ruumi! Tugeva MDFi ja m\u00e4nnipuidust konstruktsiooniga ning v\u00e4rvikihiga laud ja&hellip;<\/p>","protected":false},"featured_media":327510,"comment_status":"open","ping_status":"closed","template":"","meta":{"wprm-recipe-roundup-name":"","wprm-recipe-roundup-description":""},"product_brand":[],"product_cat":[2370],"product_tag":[2371,2340,547,540,539],"class_list":{"0":"post-327522","1":"product","2":"type-product","3":"status-publish","4":"has-post-thumbnail","6":"product_cat-beebide-ja-mudilaste-moobel","7":"product_tag-beebide-ja-mudilaste-moobel","8":"product_tag-laste-ja-vaikelaste-moobel","9":"product_tag-moobel","10":"product_tag-parcel","11":"product_tag-voodilinad","12":"pa_brand-vidaxl","14":"first","15":"instock","16":"taxable","17":"shipping-taxable","18":"purchasable","19":"product-type-simple"},"supplier_id":null,"supplier_sku":"","barcode":null,"atum_controlled":false,"out_stock_date":null,"out_stock_threshold":null,"inheritable":false,"inbound_stock":null,"stock_on_hold":null,"sold_today":null,"sales_last_days":null,"reserved_stock":null,"customer_returns":null,"warehouse_damage":null,"lost_in_post":null,"other_logs":null,"out_stock_days":null,"lost_sales":null,"has_location":null,"update_date":"2026-05-15T06:23:58","atum_locations":[],"atum_stock_status":"instock","restock_status":false,"low_stock_amount":"","sales_update_date":null,"calc_backorders":null,"aioseo_notices":[],"_links":{"self":[{"href":"https:\/\/ecoshop.ee\/uk\/wp-json\/wp\/v2\/product\/327522","targetHints":{"allow":["GET"]}}],"collection":[{"href":"https:\/\/ecoshop.ee\/uk\/wp-json\/wp\/v2\/product"}],"about":[{"href":"https:\/\/ecoshop.ee\/uk\/wp-json\/wp\/v2\/types\/product"}],"replies":[{"embeddable":true,"href":"https:\/\/ecoshop.ee\/uk\/wp-json\/wp\/v2\/comments?post=327522"}],"version-history":[{"count":0,"href":"https:\/\/ecoshop.ee\/uk\/wp-json\/wp\/v2\/product\/327522\/revisions"}],"wp:featuredmedia":[{"embeddable":true,"href":"https:\/\/ecoshop.ee\/uk\/wp-json\/wp\/v2\/media\/327510"}],"wp:attachment":[{"href":"https:\/\/ecoshop.ee\/uk\/wp-json\/wp\/v2\/media?parent=327522"}],"wp:term":[{"taxonomy":"product_brand","embeddable":true,"href":"https:\/\/ecoshop.ee\/uk\/wp-json\/wp\/v2\/product_brand?post=327522"},{"taxonomy":"product_cat","embeddable":true,"href":"https:\/\/ecoshop.ee\/uk\/wp-json\/wp\/v2\/product_cat?post=327522"},{"taxonomy":"product_tag","embeddable":true,"href":"https:\/\/ecoshop.ee\/uk\/wp-json\/wp\/v2\/product_tag?post=327522"}],"curies":[{"name":"wp","href":"https:\/\/api.w.org\/{rel}","templated":true}]}}