{"id":328194,"date":"2026-02-27T14:49:39","date_gmt":"2026-02-27T11:49:39","guid":{"rendered":"https:\/\/ecoshop.ee\/maaratlemata\/riidenagi-jalatsiriiuliga-68x30x182-cm-tootlemata-mangopuit\/"},"modified":"2026-05-06T03:27:11","modified_gmt":"2026-05-06T00:27:11","slug":"%d0%b2%d1%96%d1%88%d0%b0%d0%bb%d0%ba%d0%b0-%d0%b4%d0%bb%d1%8f-%d0%be%d0%b4%d1%8f%d0%b3%d1%83-%d0%b7-%d0%bf%d0%be%d0%bb%d0%b8%d1%86%d0%b5%d1%8e-%d0%b4%d0%bb%d1%8f-%d0%b2%d0%b7%d1%83%d1%82%d1%82%d1%8f-6","status":"publish","type":"product","link":"https:\/\/ecoshop.ee\/uk\/esikumoobel\/riidenagi-jalatsiriiuliga-68x30x182-cm-tootlemata-mangopuit\/","title":{"rendered":"\u0412\u0456\u0448\u0430\u043b\u043a\u0430 \u0434\u043b\u044f \u043e\u0434\u044f\u0433\u0443 \u0437 \u043f\u043e\u043b\u0438\u0446\u0435\u044e \u0434\u043b\u044f \u0432\u0437\u0443\u0442\u0442\u044f 68 x 30 x 182 \u0441\u043c, \u043d\u0435\u043e\u0431\u0440\u043e\u0431\u043b\u0435\u043d\u0435 \u043c\u0430\u043d\u0433\u043e\u0432\u0435 \u0434\u0435\u0440\u0435\u0432\u043e"},"content":{"rendered":"<p>\u041f\u0440\u0430\u043a\u0442\u0438\u0447\u043d\u0430 \u0432\u0456\u0448\u0430\u043b\u043a\u0430 \u0434\u043b\u044f \u043e\u0434\u044f\u0433\u0443 \u0437 \u043f\u043e\u043b\u0438\u0446\u0435\u044e \u0434\u043b\u044f \u0432\u0437\u0443\u0442\u0442\u044f \u0434\u043e\u043f\u043e\u043c\u043e\u0436\u0435 \u0432\u0430\u043c \u043e\u0440\u0433\u0430\u043d\u0456\u0437\u0443\u0432\u0430\u0442\u0438 \u0440\u0435\u0447\u0456 \u0442\u0430 \u0437\u0430\u0431\u0435\u0437\u043f\u0435\u0447\u0438\u0442\u0438 \u043b\u0435\u0433\u043a\u0438\u0439 \u0434\u043e\u0441\u0442\u0443\u043f \u0434\u043e \u043d\u0438\u0445!<\/p>\n<\/p>\n<ul>\n<li> \u0412\u0456\u0448\u0430\u043b\u043a\u0430 \u0434\u043b\u044f \u043e\u0434\u044f\u0433\u0443 2-\u0432-1: \u0412\u0456\u0448\u0430\u043b\u043a\u0430 \u0434\u043b\u044f \u043e\u0434\u044f\u0433\u0443 \u043c\u0430\u0454 8 \u0433\u0430\u0447\u043a\u0456\u0432, \u044f\u043a\u0456 \u0437\u0430\u0431\u0435\u0437\u043f\u0435\u0447\u0443\u044e\u0442\u044c \u0434\u043e\u0441\u0442\u0430\u0442\u043d\u044c\u043e \u043c\u0456\u0441\u0446\u044f \u0434\u043b\u044f \u043f\u0456\u0434\u0432\u0456\u0448\u0443\u0432\u0430\u043d\u043d\u044f \u043f\u0430\u043b\u044c\u0442\u043e, \u0441\u0443\u043c\u043e\u043a, \u043a\u0430\u043f\u0435\u043b\u044e\u0445\u0456\u0432, \u0448\u0430\u0440\u0444\u0456\u0432 \u0442\u0430 \u0456\u043d\u0448\u0438\u0445 \u043f\u0440\u0435\u0434\u043c\u0435\u0442\u0456\u0432. \u0412\u043e\u043d\u0430 \u0442\u0430\u043a\u043e\u0436 \u043c\u0430\u0454 \u0442\u0440\u0438 \u043f\u043e\u043b\u0438\u0446\u0456 \u0434\u043b\u044f \u0437\u0431\u0435\u0440\u0456\u0433\u0430\u043d\u043d\u044f \u0432\u0437\u0443\u0442\u0442\u044f, \u043a\u043e\u0440\u043e\u0431\u043e\u043a \u0434\u043b\u044f \u0437\u0431\u0435\u0440\u0456\u0433\u0430\u043d\u043d\u044f, \u0441\u0443\u043c\u043e\u043a \u0442\u0430 \u0456\u043d\u0448\u0438\u0445 \u0440\u0435\u0447\u0435\u0439. <\/li>\n<li> \u041c\u0456\u0446\u043d\u0435 \u043c\u0430\u043d\u0433\u043e\u0432\u0435 \u0434\u0435\u0440\u0435\u0432\u043e: \u041f\u043e\u043b\u0438\u0446\u044f \u0434\u043b\u044f \u043e\u0434\u044f\u0433\u0443 \u0442\u0430 \u0432\u0437\u0443\u0442\u0442\u044f \u0437 \u043c\u0430\u043d\u0433\u043e\u0432\u043e\u0433\u043e \u0434\u0435\u0440\u0435\u0432\u0430 \u043c\u0456\u0446\u043d\u0430 \u0442\u0430 \u0441\u0442\u0456\u0439\u043a\u0430. \u041c\u0430\u043d\u0433\u043e\u0432\u0435 \u0434\u0435\u0440\u0435\u0432\u043e \u2014 \u0446\u0435 \u043c\u0456\u0446\u043d\u0430 \u0442\u0440\u043e\u043f\u0456\u0447\u043d\u0430 \u0434\u0435\u0440\u0435\u0432\u0438\u043d\u0430 \u0442\u0432\u0435\u0440\u0434\u0438\u0445 \u043f\u043e\u0440\u0456\u0434, \u0437 \u044f\u043a\u043e\u0457 \u0432\u0438\u0433\u043e\u0442\u043e\u0432\u043b\u044f\u044e\u0442\u044c\u0441\u044f \u043c\u0456\u0446\u043d\u0456 \u043c\u0435\u0431\u043b\u0456. \u0413\u0430\u0440\u043d\u0430 \u0442\u0435\u043a\u0441\u0442\u0443\u0440\u0430 \u0434\u0435\u0440\u0435\u0432\u0438\u043d\u0438 \u0440\u043e\u0431\u0438\u0442\u044c \u043a\u043e\u0436\u0435\u043d \u043f\u0440\u0435\u0434\u043c\u0435\u0442 \u043c\u0435\u0431\u043b\u0456\u0432 \u0443\u043d\u0456\u043a\u0430\u043b\u044c\u043d\u0438\u043c \u0442\u0430 \u0434\u0435\u0449\u043e \u0432\u0456\u0434\u043c\u0456\u043d\u043d\u0438\u043c \u0432\u0456\u0434 \u0456\u043d\u0448\u0438\u0445. <\/li>\n<li> \u0417\u0430\u043b\u0456\u0437\u043d\u0438\u0439 \u043a\u0430\u0440\u043a\u0430\u0441: \u0417\u0430\u043b\u0456\u0437\u043d\u0438\u0439 \u043a\u0430\u0440\u043a\u0430\u0441 \u0434\u043e\u0434\u0430\u0454 \u0434\u043e\u0434\u0430\u0442\u043a\u043e\u0432\u043e\u0457 \u043c\u0456\u0446\u043d\u043e\u0441\u0442\u0456 \u0442\u0430 \u0441\u0442\u0456\u0439\u043a\u043e\u0441\u0442\u0456. <\/li>\n<li> \u0428\u0438\u0440\u043e\u043a\u0438\u0439 \u0441\u043f\u0435\u043a\u0442\u0440 \u0432\u0438\u043a\u043e\u0440\u0438\u0441\u0442\u0430\u043d\u043d\u044f: \u041f\u0440\u0430\u043a\u0442\u0438\u0447\u043d\u0430 \u043e\u043a\u0440\u0435\u043c\u043e\u0441\u0442\u043e\u044f\u0447\u0430 \u0432\u0456\u0448\u0430\u043b\u043a\u0430 \u0434\u043b\u044f \u043e\u0434\u044f\u0433\u0443 \u0456\u0434\u0435\u0430\u043b\u044c\u043d\u043e \u043f\u0456\u0434\u0445\u043e\u0434\u0438\u0442\u044c \u0434\u043b\u044f \u043a\u043e\u0440\u0438\u0434\u043e\u0440\u0443, \u0432\u0456\u0442\u0430\u043b\u044c\u043d\u0456, \u0441\u043f\u0430\u043b\u044c\u043d\u0456 \u0430\u0431\u043e \u0431\u0443\u0434\u044c-\u044f\u043a\u043e\u0433\u043e \u0456\u043d\u0448\u043e\u0433\u043e \u043c\u0456\u0441\u0446\u044f, \u0434\u0435 \u0432\u0438 \u0445\u043e\u0447\u0435\u0442\u0435 \u043f\u0456\u0434\u0442\u0440\u0438\u043c\u0443\u0432\u0430\u0442\u0438 \u043f\u043e\u0440\u044f\u0434\u043e\u043a \u0442\u0430 \u0447\u0438\u0441\u0442\u043e\u0442\u0443 \u0432\u0434\u043e\u043c\u0430!<\/li>\n<\/ul>\n<p>\u041f\u0440\u0438\u0454\u043c\u043d\u043e \u0446\u0435 \u0447\u0443\u0442\u0438:<\/p>\n<ul>\n<li>\u041a\u043e\u043b\u0456\u0440used \u0442\u0430 \u0442\u0435\u043a\u0441\u0442\u0443\u0440\u0430 \u0434\u0435\u0440\u0435\u0432\u0438\u043d\u0438 \u043a\u043e\u0436\u043d\u043e\u0433\u043e \u0432\u0438\u0440\u043e\u0431\u0443 \u0440\u0456\u0437\u043d\u044f\u0442\u044c\u0441\u044f, \u0449\u043e \u0440\u043e\u0431\u0438\u0442\u044c \u043a\u043e\u0436\u0435\u043d \u0432\u0438\u0440\u0456\u0431 \u0443\u043d\u0456\u043a\u0430\u043b\u044c\u043d\u0438\u043c. \u041a\u043e\u043b\u0456\u0440 \u0434\u043e\u0441\u0442\u0430\u0432\u043b\u0435\u043d\u043e\u0433\u043e \u0432\u0438\u0440\u043e\u0431\u0443 \u0454 \u0432\u0438\u043f\u0430\u0434\u043a\u043e\u0432\u0438\u043c, \u0449\u043e \u0433\u0430\u0440\u0430\u043d\u0442\u0443\u0454 \u0435\u043a\u0441\u043a\u043b\u044e\u0437\u0438\u0432\u043d\u0456\u0441\u0442\u044c \u0442\u0430 \u0443\u043d\u0456\u043a\u0430\u043b\u044c\u043d\u0456\u0441\u0442\u044c \u043f\u0440\u043e\u0434\u0443\u043a\u0442\u0443.<\/li>\n<\/ul>\n<ul>\n<li>\u041c\u0430\u0442\u0435\u0440\u0456\u0430\u043b: \u043c\u0456\u0446\u043d\u0435 \u043d\u0435\u043e\u0431\u0440\u043e\u0431\u043b\u0435\u043d\u0435 \u0434\u0435\u0440\u0435\u0432\u043e \u043c\u0430\u043d\u0433\u043e + \u0437\u0430\u043b\u0456\u0437\u043e \u0437 \u0447\u043e\u0440\u043d\u0438\u043c \u043f\u043e\u0440\u043e\u0448\u043a\u043e\u0432\u0438\u043c \u043f\u043e\u043a\u0440\u0438\u0442\u0442\u044f\u043c<\/li>\n<li>\u0420\u043e\u0437\u043c\u0456\u0440\u0438: 68 x 30 x 182 \u0441\u043c (\u0414 x \u0428 x \u0412) <\/li>\n<li>\u041f\u043e\u0442\u0440\u0456\u0431\u043d\u0430 \u0437\u0431\u0456\u0440\u043a\u0430: \u0442\u0430\u043a<\/li>\n<\/ul>","protected":false},"excerpt":{"rendered":"<p>Praktiline riidenagi koos jalatsiriiuliga hoiab teie asjad korrastatult ning kergesti ligip\u00e4\u00e4setavana! Kaks-\u00fches riidenagi: riidenagil on 8 konksu, mis pakuvad rohkelt riputamisruumi mantlitele,&hellip;<\/p>","protected":false},"featured_media":328185,"comment_status":"open","ping_status":"closed","template":"","meta":{"wprm-recipe-roundup-name":"","wprm-recipe-roundup-description":""},"product_brand":[],"product_cat":[1799],"product_tag":[536,554,540,1072,1071],"class_list":{"0":"post-328194","1":"product","2":"type-product","3":"status-publish","4":"has-post-thumbnail","6":"product_cat-esikumoobel","7":"product_tag-kodu-ja-aed","8":"product_tag-ouemoobli-komplektid","9":"product_tag-parcel","10":"product_tag-riide-ja-mutsinagid","11":"product_tag-sisekujundus","12":"pa_brand-vidaxl","14":"first","15":"instock","16":"taxable","17":"shipping-taxable","18":"purchasable","19":"product-type-simple"},"supplier_id":null,"supplier_sku":"","barcode":null,"atum_controlled":false,"out_stock_date":null,"out_stock_threshold":null,"inheritable":false,"inbound_stock":null,"stock_on_hold":null,"sold_today":null,"sales_last_days":null,"reserved_stock":null,"customer_returns":null,"warehouse_damage":null,"lost_in_post":null,"other_logs":null,"out_stock_days":null,"lost_sales":null,"has_location":null,"update_date":"2026-05-06T00:27:12","atum_locations":[],"atum_stock_status":"instock","restock_status":false,"low_stock_amount":"","sales_update_date":null,"calc_backorders":null,"aioseo_notices":[],"_links":{"self":[{"href":"https:\/\/ecoshop.ee\/uk\/wp-json\/wp\/v2\/product\/328194","targetHints":{"allow":["GET"]}}],"collection":[{"href":"https:\/\/ecoshop.ee\/uk\/wp-json\/wp\/v2\/product"}],"about":[{"href":"https:\/\/ecoshop.ee\/uk\/wp-json\/wp\/v2\/types\/product"}],"replies":[{"embeddable":true,"href":"https:\/\/ecoshop.ee\/uk\/wp-json\/wp\/v2\/comments?post=328194"}],"version-history":[{"count":0,"href":"https:\/\/ecoshop.ee\/uk\/wp-json\/wp\/v2\/product\/328194\/revisions"}],"wp:featuredmedia":[{"embeddable":true,"href":"https:\/\/ecoshop.ee\/uk\/wp-json\/wp\/v2\/media\/328185"}],"wp:attachment":[{"href":"https:\/\/ecoshop.ee\/uk\/wp-json\/wp\/v2\/media?parent=328194"}],"wp:term":[{"taxonomy":"product_brand","embeddable":true,"href":"https:\/\/ecoshop.ee\/uk\/wp-json\/wp\/v2\/product_brand?post=328194"},{"taxonomy":"product_cat","embeddable":true,"href":"https:\/\/ecoshop.ee\/uk\/wp-json\/wp\/v2\/product_cat?post=328194"},{"taxonomy":"product_tag","embeddable":true,"href":"https:\/\/ecoshop.ee\/uk\/wp-json\/wp\/v2\/product_tag?post=328194"}],"curies":[{"name":"wp","href":"https:\/\/api.w.org\/{rel}","templated":true}]}}