{"id":330751,"date":"2026-02-27T15:57:25","date_gmt":"2026-02-27T12:57:25","guid":{"rendered":"https:\/\/ecoshop.ee\/maaratlemata\/luhter-kristallhelmestega-kuldne-ummargune-6-x-e14-pirnidega\/"},"modified":"2026-04-08T00:54:51","modified_gmt":"2026-04-07T21:54:51","slug":"%d0%bb%d1%8e%d1%81%d1%82%d1%80%d0%b0-%d0%b7-%d0%ba%d1%80%d0%b8%d1%88%d1%82%d0%b0%d0%bb%d0%b5%d0%b2%d0%b8%d0%bc%d0%b8-%d0%bd%d0%b0%d0%bc%d0%b8%d1%81%d1%82%d0%b8%d0%bd%d0%b0%d0%bc%d0%b8-%d0%b7%d0%be","status":"publish","type":"product","link":"https:\/\/ecoshop.ee\/uk\/lambid\/luhter-kristallhelmestega-kuldne-ummargune-6-x-e14-pirnidega\/","title":{"rendered":"\u041b\u044e\u0441\u0442\u0440\u0430 \u0437 \u043a\u0440\u0438\u0448\u0442\u0430\u043b\u0435\u0432\u0438\u043c\u0438 \u043d\u0430\u043c\u0438\u0441\u0442\u0438\u043d\u0430\u043c\u0438, \u0437\u043e\u043b\u043e\u0442\u0430, \u043a\u0440\u0443\u0433\u043b\u0430, 6 \u043b\u0430\u043c\u043f\u043e\u0447\u043e\u043a E14"},"content":{"rendered":"<p>\u0415\u043a\u0441\u0442\u0440\u0430\u0432\u0430\u0433\u0430\u043d\u0442\u043d\u0438\u0439 \u0442\u0430 \u0432\u0438\u0448\u0443\u043a\u0430\u043d\u043e \u043e\u0444\u043e\u0440\u043c\u043b\u0435\u043d\u0438\u0439 \u0441\u0442\u0435\u043b\u044c\u043e\u0432\u0438\u0439 \u0441\u0432\u0456\u0442\u0438\u043b\u044c\u043d\u0438\u043a \u0437 \u0431\u043b\u0438\u0441\u043a\u0443\u0447\u0438\u043c\u0438 \u043d\u0430\u043c\u0438\u0441\u0442\u0438\u043d\u0430\u043c\u0438 \u0441\u0442\u0432\u043e\u0440\u044e\u0454 \u043f\u0440\u0438\u0433\u043e\u043b\u043e\u043c\u0448\u043b\u0438\u0432\u0438\u0439 \u0432\u0438\u0433\u043b\u044f\u0434 \u0442\u0430 \u043f\u0440\u0438\u0432\u0435\u0440\u0442\u0430\u0454 \u0443\u0432\u0430\u0433\u0443 \u0443 \u0432\u0430\u0448\u043e\u043c\u0443 \u0434\u043e\u043c\u0456.<\/p>\n<\/p>\n<p>\u041a\u0440\u0438\u0448\u0442\u0430\u043b\u0435\u0432\u0456 \u043a\u0440\u0430\u043f\u043b\u0456 \u0442\u0430 \u0448\u0435\u0441\u0442\u0438\u0433\u0456\u043b\u043a\u0430 \u043a\u0430\u0440\u043a\u0430\u0441\u0430 \u0432\u0438\u0433\u043b\u044f\u0434\u0430\u044e\u0442\u044c \u0435\u043b\u0435\u0433\u0430\u043d\u0442\u043d\u043e \u0442\u0430 \u0437\u0430\u0431\u0435\u0437\u043f\u0435\u0447\u0443\u044e\u0442\u044c \u043e\u043f\u0442\u0438\u043c\u0430\u043b\u044c\u043d\u0435 \u043e\u0441\u0432\u0456\u0442\u043b\u0435\u043d\u043d\u044f. \u0412\u0438 \u043c\u043e\u0436\u0435\u0442\u0435 \u0432\u0438\u0431\u0440\u0430\u0442\u0438 \u0442\u0430 \u0432\u0441\u0442\u0430\u043d\u043e\u0432\u0438\u0442\u0438 \u043b\u0430\u043c\u043f\u043e\u0447\u043a\u0438 E14 \u0440\u0456\u0437\u043d\u0438\u0445 \u043a\u043e\u043b\u044c\u043e\u0440\u0456\u0432, \u0449\u043e\u0431 \u0441\u0442\u0432\u043e\u0440\u0438\u0442\u0438 \u0440\u043e\u0437\u0441\u043b\u0430\u0431\u043b\u044e\u044e\u0447\u0443 \u0430\u0442\u043c\u043e\u0441\u0444\u0435\u0440\u0443.<\/p>\n<\/p>\n<p>\u0417\u0432\u0435\u0440\u043d\u0456\u0442\u044c \u0443\u0432\u0430\u0433\u0443, \u0449\u043e \u043b\u0430\u043c\u043f\u043e\u0447\u043a\u0438 \u043d\u0435 \u0432\u0445\u043e\u0434\u044f\u0442\u044c \u0434\u043e \u043a\u043e\u043c\u043f\u043b\u0435\u043a\u0442\u0443. \u0417\u0430 \u0434\u043e\u043f\u043e\u043c\u043e\u0433\u043e\u044e \u043c\u043e\u043d\u0442\u0430\u0436\u043d\u0438\u0445 \u043c\u0430\u0442\u0435\u0440\u0456\u0430\u043b\u0456\u0432, \u0449\u043e \u0432\u0445\u043e\u0434\u044f\u0442\u044c \u0434\u043e \u043a\u043e\u043c\u043f\u043b\u0435\u043a\u0442\u0443, \u0432\u0438 \u043c\u043e\u0436\u0435\u0442\u0435 \u043b\u0435\u0433\u043a\u043e \u0442\u0430 \u0431\u0435\u0437\u043f\u0435\u0447\u043d\u043e \u0437\u0456\u0431\u0440\u0430\u0442\u0438 \u0442\u0430 \u0432\u0441\u0442\u0430\u043d\u043e\u0432\u0438\u0442\u0438 \u043f\u0440\u0438\u0441\u0442\u0440\u0456\u0439.<\/p>\n<ul>\n<li>\u041a\u043e\u043b\u0456\u0440: \u0437\u043e\u043b\u043e\u0442\u0438\u0441\u0442\u0438\u0439 (\u0446\u043e\u043a\u043e\u043b\u044c \u043b\u0430\u043c\u043f\u0438) + \u043f\u0440\u043e\u0437\u043e\u0440\u0438\u0439 (\u043d\u0430\u043c\u0438\u0441\u0442\u0438\u043d\u0438)<\/li>\n<li>\u041c\u0430\u0442\u0435\u0440\u0456\u0430\u043b: \u043c\u0435\u0442\u0430\u043b (\u043e\u0441\u043d\u043e\u0432\u0430 \u043b\u0430\u043c\u043f\u0438) + \u0430\u043a\u0440\u0438\u043b (\u043d\u0430\u043c\u0438\u0441\u0442\u0438\u043d\u0438)<\/li>\n<li>\u0420\u043e\u0437\u043c\u0456\u0440\u0438: 60 x 44 \u0441\u043c (\u0434\u0456\u0430\u043c\u0435\u0442\u0440 x \u0432\u0438\u0441\u043e\u0442\u0430)<\/li>\n<li>\u0414\u0436\u0435\u0440\u0435\u043b\u043e \u0436\u0438\u0432\u043b\u0435\u043d\u043d\u044f: 230 \u0412<\/li>\n<li>\u0422\u0438\u043f \u043f\u0430\u0442\u0440\u043e\u043d\u0430: E14<\/li>\n<li>\u0417 6 \u043f\u0430\u0442\u0440\u043e\u043d\u0430\u043c\u0438 \u0434\u043b\u044f \u043b\u0430\u043c\u043f\u043e\u0447\u043e\u043a<\/li>\n<li>\u041b\u0430\u043c\u043f\u043e\u0447\u043a\u0438 \u043d\u0435 \u0432\u0445\u043e\u0434\u044f\u0442\u044c \u0434\u043e \u043a\u043e\u043c\u043f\u043b\u0435\u043a\u0442\u0443<\/li>\n<\/ul>","protected":false},"excerpt":{"rendered":"<p>Ekstravagantse ja peene kujundusega s\u00e4delevate helmestega laelamp loob vapustava ilme ja p\u00fc\u00fcab kodus pilke. Kristalltilgad ja kuue haruga raam n\u00e4evad elegantsed v\u00e4lja&hellip;<\/p>","protected":false},"featured_media":330744,"comment_status":"open","ping_status":"closed","template":"","meta":{"wprm-recipe-roundup-name":"","wprm-recipe-roundup-description":""},"product_brand":[],"product_cat":[3188],"product_tag":[536,2822,3191,3190,540],"class_list":{"0":"post-330751","1":"product","2":"type-product","3":"status-publish","4":"has-post-thumbnail","6":"product_cat-lambid","7":"product_tag-kodu-ja-aed","8":"product_tag-kuldne","9":"product_tag-lambid","10":"product_tag-ouevalgustus","11":"product_tag-parcel","12":"pa_brand-vidaxl","14":"first","15":"instock","16":"taxable","17":"shipping-taxable","18":"purchasable","19":"product-type-simple"},"supplier_id":null,"supplier_sku":"","barcode":null,"atum_controlled":false,"out_stock_date":null,"out_stock_threshold":null,"inheritable":false,"inbound_stock":null,"stock_on_hold":null,"sold_today":null,"sales_last_days":null,"reserved_stock":null,"customer_returns":null,"warehouse_damage":null,"lost_in_post":null,"other_logs":null,"out_stock_days":null,"lost_sales":null,"has_location":null,"update_date":"2026-04-07T21:54:52","atum_locations":[],"atum_stock_status":"instock","restock_status":false,"low_stock_amount":"","sales_update_date":null,"calc_backorders":null,"aioseo_notices":[],"_links":{"self":[{"href":"https:\/\/ecoshop.ee\/uk\/wp-json\/wp\/v2\/product\/330751","targetHints":{"allow":["GET"]}}],"collection":[{"href":"https:\/\/ecoshop.ee\/uk\/wp-json\/wp\/v2\/product"}],"about":[{"href":"https:\/\/ecoshop.ee\/uk\/wp-json\/wp\/v2\/types\/product"}],"replies":[{"embeddable":true,"href":"https:\/\/ecoshop.ee\/uk\/wp-json\/wp\/v2\/comments?post=330751"}],"version-history":[{"count":0,"href":"https:\/\/ecoshop.ee\/uk\/wp-json\/wp\/v2\/product\/330751\/revisions"}],"wp:featuredmedia":[{"embeddable":true,"href":"https:\/\/ecoshop.ee\/uk\/wp-json\/wp\/v2\/media\/330744"}],"wp:attachment":[{"href":"https:\/\/ecoshop.ee\/uk\/wp-json\/wp\/v2\/media?parent=330751"}],"wp:term":[{"taxonomy":"product_brand","embeddable":true,"href":"https:\/\/ecoshop.ee\/uk\/wp-json\/wp\/v2\/product_brand?post=330751"},{"taxonomy":"product_cat","embeddable":true,"href":"https:\/\/ecoshop.ee\/uk\/wp-json\/wp\/v2\/product_cat?post=330751"},{"taxonomy":"product_tag","embeddable":true,"href":"https:\/\/ecoshop.ee\/uk\/wp-json\/wp\/v2\/product_tag?post=330751"}],"curies":[{"name":"wp","href":"https:\/\/api.w.org\/{rel}","templated":true}]}}