{"id":330759,"date":"2026-02-27T15:57:34","date_gmt":"2026-02-27T12:57:34","guid":{"rendered":"https:\/\/ecoshop.ee\/maaratlemata\/pistikupesaga-oue-lambipost-60-cm-roostevaba-teras-pistikuga\/"},"modified":"2026-05-12T22:38:38","modified_gmt":"2026-05-12T19:38:38","slug":"pistikupesaga-oue-lambipost-60-cm-roostevaba-teras-pistikuga","status":"publish","type":"product","link":"https:\/\/ecoshop.ee\/uk\/valivalgustid\/pistikupesaga-oue-lambipost-60-cm-roostevaba-teras-pistikuga\/","title":{"rendered":"\u0412\u0443\u043b\u0438\u0447\u043d\u0438\u0439 \u043b\u0456\u0445\u0442\u0430\u0440\u043d\u0438\u0439 \u0441\u0442\u043e\u0432\u043f \u0437 \u043f\u0430\u0442\u0440\u043e\u043d\u043e\u043c, 60 \u0441\u043c, \u043d\u0435\u0440\u0436\u0430\u0432\u0456\u044e\u0447\u0430 \u0441\u0442\u0430\u043b\u044c \u0437 \u0432\u0438\u043b\u043a\u043e\u044e"},"content":{"rendered":"<p>\u041e\u0441\u0432\u0456\u0436\u0456\u0442\u044c \u0441\u0432\u043e\u044e \u0442\u0435\u0440\u0438\u0442\u043e\u0440\u0456\u044e \u043d\u0430 \u0432\u0456\u0434\u043a\u0440\u0438\u0442\u043e\u043c\u0443 \u043f\u043e\u0432\u0456\u0442\u0440\u0456 \u0446\u0438\u043c \u0432\u0443\u043b\u0438\u0447\u043d\u0438\u043c \u043b\u0456\u0445\u0442\u0430\u0440\u0435\u043c!<\/p>\n<\/p>\n<ul>\n<li> \u041a\u043b\u0430\u0441 \u0437\u0430\u0445\u0438\u0441\u0442\u0443 IP44: \u0417\u0430\u0432\u0434\u044f\u043a\u0438 \u043a\u043e\u0440\u043f\u0443\u0441\u0443 \u0437 \u043d\u0435\u0440\u0436\u0430\u0432\u0456\u044e\u0447\u043e\u0457 \u0441\u0442\u0430\u043b\u0456 \u0437\u0456 \u043a\u043b\u0430\u0441\u043e\u043c \u0437\u0430\u0445\u0438\u0441\u0442\u0443 IP44, \u0446\u0435\u0439 \u0432\u0443\u043b\u0438\u0447\u043d\u0438\u0439 \u043b\u0456\u0445\u0442\u0430\u0440\u043d\u0438\u0439 \u0441\u0442\u043e\u0432\u043f \u0454 \u0441\u0442\u0456\u0439\u043a\u0438\u043c \u0434\u043e \u0430\u0442\u043c\u043e\u0441\u0444\u0435\u0440\u043d\u0438\u0445 \u0432\u043f\u043b\u0438\u0432\u0456\u0432, \u043c\u0456\u0446\u043d\u0438\u043c \u0442\u0430 \u0434\u043e\u0432\u0433\u043e\u0432\u0456\u0447\u043d\u0438\u043c, \u0430 \u0442\u043e\u043c\u0443 \u043d\u0430\u0434\u0437\u0432\u0438\u0447\u0430\u0439\u043d\u043e \u043f\u0456\u0434\u0445\u043e\u0434\u0438\u0442\u044c \u0434\u043b\u044f \u0432\u0438\u043a\u043e\u0440\u0438\u0441\u0442\u0430\u043d\u043d\u044f \u043d\u0430 \u0432\u0443\u043b\u0438\u0446\u0456.<\/li>\n<li> Sisseehitatud pistikupesa: aia lambipostil on sisseehitatud pistikupesa, mis v\u00f5imaldab teil h\u00f5lpsaks juurdep\u00e4\u00e4suks \u00fchendada teisi v\u00e4litarvikuid v\u00f5i seadmeid. <\/li>\n<li> \u0417 \u0440\u043e\u0437\u0441\u0456\u044e\u0432\u0430\u0447\u0435\u043c: \u0421\u0442\u043e\u0432\u043f \u0437\u043e\u0432\u043d\u0456\u0448\u043d\u044c\u043e\u0433\u043e \u043b\u0456\u0445\u0442\u0430\u0440\u044f \u043e\u0441\u043d\u0430\u0449\u0435\u043d\u0438\u0439 \u0440\u043e\u0437\u0441\u0456\u044e\u0432\u0430\u0447\u0435\u043c \u0437 \u043f\u043e\u043b\u0456\u043a\u0430\u0440\u0431\u043e\u043d\u0430\u0442\u0443, \u044f\u043a\u0438\u0439 \u0434\u043e\u043f\u043e\u043c\u0430\u0433\u0430\u0454 \u0437\u0430\u0445\u0438\u0441\u0442\u0438\u0442\u0438 \u0434\u0436\u0435\u0440\u0435\u043b\u043e \u0441\u0432\u0456\u0442\u043b\u0430 \u0432\u0456\u0434 \u0442\u0430\u043a\u0438\u0445 \u0435\u043b\u0435\u043c\u0435\u043d\u0442\u0456\u0432, \u044f\u043a \u043f\u0438\u043b, \u0432\u043e\u0434\u0430 \u0442\u0430 \u0441\u043c\u0456\u0442\u0442\u044f, \u0437\u0430\u0431\u0435\u0437\u043f\u0435\u0447\u0443\u044e\u0447\u0438 \u0440\u0456\u0432\u043d\u043e\u043c\u0456\u0440\u043d\u0438\u0439 \u0442\u0430 \u0440\u043e\u0437\u0441\u0456\u044f\u043d\u0438\u0439 \u0441\u0432\u0456\u0442\u043b\u043e\u0432\u0438\u0439 \u043f\u043e\u0442\u0456\u043a.<\/li>\n<li> \u0423\u043d\u0456\u0432\u0435\u0440\u0441\u0430\u043b\u044c\u043d\u0456\u0441\u0442\u044c: \u0421\u0442\u0438\u043b\u044c\u043d\u0438\u0439 \u043b\u0456\u0445\u0442\u0430\u0440\u043d\u0438\u0439 \u0441\u0442\u043e\u0432\u043f \u0434\u043b\u044f \u043f\u0430\u0442\u0456\u043e \u0443\u043d\u0456\u0432\u0435\u0440\u0441\u0430\u043b\u044c\u043d\u0438\u0439 \u0456 \u043c\u043e\u0436\u0435 \u0432\u0438\u043a\u043e\u0440\u0438\u0441\u0442\u043e\u0432\u0443\u0432\u0430\u0442\u0438\u0441\u044f \u0434\u043b\u044f \u0440\u0456\u0437\u043d\u0438\u0445 \u0437\u0430\u0441\u0442\u043e\u0441\u0443\u0432\u0430\u043d\u044c \u0437\u043e\u0432\u043d\u0456\u0448\u043d\u044c\u043e\u0433\u043e \u043e\u0441\u0432\u0456\u0442\u043b\u0435\u043d\u043d\u044f, \u0442\u0430\u043a\u0438\u0445 \u044f\u043a \u043e\u0441\u0432\u0456\u0442\u043b\u0435\u043d\u043d\u044f \u0441\u0430\u0434\u0443, \u043f\u0456\u0434&#039;\u0457\u0437\u043d\u043e\u0457 \u0434\u043e\u0440\u043e\u0433\u0438 \u0430\u0431\u043e \u0433\u0430\u043d\u043a\u0443, \u0430 \u0442\u0430\u043a\u043e\u0436 \u0434\u043b\u044f \u043f\u043e\u043a\u0440\u0430\u0449\u0435\u043d\u043d\u044f \u0437\u043e\u0432\u043d\u0456\u0448\u043d\u044c\u043e\u0433\u043e \u0434\u0435\u043a\u043e\u0440\u0443.<\/li>\n<\/ul>\n<p>\u041f\u0440\u0438\u0454\u043c\u043d\u043e \u0446\u0435 \u0447\u0443\u0442\u0438:<\/p>\n<ul>\n<li>\u041b\u0430\u043c\u043f\u043e\u0447\u043a\u0438 \u043d\u0435 \u0432\u0445\u043e\u0434\u044f\u0442\u044c \u0434\u043e \u043a\u043e\u043c\u043f\u043b\u0435\u043a\u0442\u0443.<\/li>\n<\/ul>\n<ul>\n<li>\u041a\u043e\u043b\u0456\u0440: \u0441\u0440\u0456\u0431\u043d\u0438\u0439<\/li>\n<li>Materjal: roostevaba teras, PC (pol\u00fckarbonaat)<\/li>\n<li>\u0420\u043e\u0437\u043c\u0456\u0440\u0438: 14 x 14 x 60 \u0441\u043c (\u0414 x \u0428 x \u0412)<\/li>\n<li>\u041f\u0456\u0434\u0445\u043e\u0434\u044f\u0449\u0430 \u043b\u0430\u043c\u043f\u043e\u0447\u043a\u0430 (\u043d\u0435 \u0432\u0445\u043e\u0434\u0438\u0442\u044c \u0434\u043e \u043a\u043e\u043c\u043f\u043b\u0435\u043a\u0442\u0443): \u043c\u0430\u043a\u0441\u0438\u043c\u0443\u043c 40 \u0412\u0442, E27<\/li>\n<li>Pinge: 220\u2013240 V~, 50 Hz<\/li>\n<li>IP kood: IP44<\/li>\n<li>LP252D pistikupesaga<\/li>\n<li>\u041f\u0456\u0434\u0445\u043e\u0434\u0438\u0442\u044c \u0434\u043b\u044f \u043f\u043e\u0434\u0432\u0456\u0440&#039;\u044f<\/li>\n<\/ul>","protected":false},"excerpt":{"rendered":"<p>V\u00e4rskendage oma \u00f5ueala selle \u00f5ue lambipostiga! IP44 hinnang: t\u00e4nu oma roostevabast terasest korpusele, millel on IP44 hinnang, on v\u00e4li lambipost ilmastikukindel, tugev&hellip;<\/p>","protected":false},"featured_media":330752,"comment_status":"open","ping_status":"closed","template":"","meta":{"wprm-recipe-roundup-name":"","wprm-recipe-roundup-description":""},"product_brand":[],"product_cat":[3189],"product_tag":[3309,1885,536,3190,540],"class_list":{"0":"post-330759","1":"product","2":"type-product","3":"status-publish","4":"has-post-thumbnail","6":"product_cat-valivalgustid","7":"product_tag-aiatuled","8":"product_tag-hobedane","9":"product_tag-kodu-ja-aed","10":"product_tag-ouevalgustus","11":"product_tag-parcel","12":"pa_brand-vidaxl","14":"first","15":"instock","16":"taxable","17":"shipping-taxable","18":"purchasable","19":"product-type-simple"},"supplier_id":null,"supplier_sku":"","barcode":null,"atum_controlled":false,"out_stock_date":null,"out_stock_threshold":null,"inheritable":false,"inbound_stock":null,"stock_on_hold":0,"sold_today":0,"sales_last_days":0,"reserved_stock":null,"customer_returns":null,"warehouse_damage":null,"lost_in_post":null,"other_logs":null,"out_stock_days":0,"lost_sales":0,"has_location":null,"update_date":"2026-05-12T19:38:38","atum_locations":[],"atum_stock_status":"instock","restock_status":false,"low_stock_amount":"","sales_update_date":"2026-03-05T01:07:21","calc_backorders":null,"aioseo_notices":[],"_links":{"self":[{"href":"https:\/\/ecoshop.ee\/uk\/wp-json\/wp\/v2\/product\/330759","targetHints":{"allow":["GET"]}}],"collection":[{"href":"https:\/\/ecoshop.ee\/uk\/wp-json\/wp\/v2\/product"}],"about":[{"href":"https:\/\/ecoshop.ee\/uk\/wp-json\/wp\/v2\/types\/product"}],"replies":[{"embeddable":true,"href":"https:\/\/ecoshop.ee\/uk\/wp-json\/wp\/v2\/comments?post=330759"}],"version-history":[{"count":0,"href":"https:\/\/ecoshop.ee\/uk\/wp-json\/wp\/v2\/product\/330759\/revisions"}],"wp:featuredmedia":[{"embeddable":true,"href":"https:\/\/ecoshop.ee\/uk\/wp-json\/wp\/v2\/media\/330752"}],"wp:attachment":[{"href":"https:\/\/ecoshop.ee\/uk\/wp-json\/wp\/v2\/media?parent=330759"}],"wp:term":[{"taxonomy":"product_brand","embeddable":true,"href":"https:\/\/ecoshop.ee\/uk\/wp-json\/wp\/v2\/product_brand?post=330759"},{"taxonomy":"product_cat","embeddable":true,"href":"https:\/\/ecoshop.ee\/uk\/wp-json\/wp\/v2\/product_cat?post=330759"},{"taxonomy":"product_tag","embeddable":true,"href":"https:\/\/ecoshop.ee\/uk\/wp-json\/wp\/v2\/product_tag?post=330759"}],"curies":[{"name":"wp","href":"https:\/\/api.w.org\/{rel}","templated":true}]}}