{"id":331278,"date":"2026-02-27T16:13:42","date_gmt":"2026-02-27T13:13:42","guid":{"rendered":"https:\/\/ecoshop.ee\/maaratlemata\/tugitool-patjadega-naturaalne-rotang\/"},"modified":"2026-05-15T04:11:00","modified_gmt":"2026-05-15T01:11:00","slug":"%d0%ba%d1%80%d1%96%d1%81%d0%bb%d0%be-%d0%b7-%d0%bf%d0%be%d0%b4%d1%83%d1%88%d0%ba%d0%b0%d0%bc%d0%b8-%d0%b7-%d0%bd%d0%b0%d1%82%d1%83%d1%80%d0%b0%d0%bb%d1%8c%d0%bd%d0%be%d0%b3%d0%be-%d1%80%d0%be%d1%82","status":"publish","type":"product","link":"https:\/\/ecoshop.ee\/uk\/tugitoolid\/tugitool-patjadega-naturaalne-rotang\/","title":{"rendered":"\u041a\u0440\u0456\u0441\u043b\u043e \u0437 \u043f\u043e\u0434\u0443\u0448\u043a\u0430\u043c\u0438, \u043d\u0430\u0442\u0443\u0440\u0430\u043b\u044c\u043d\u0438\u0439 \u0440\u043e\u0442\u0430\u043d\u0433"},"content":{"rendered":"<p>\u0426\u0435 \u043a\u0440\u0456\u0441\u043b\u043e \u0437 \u043d\u0430\u0442\u0443\u0440\u0430\u043b\u044c\u043d\u043e\u0433\u043e \u0440\u043e\u0442\u0430\u043d\u0433\u0430 \u043f\u043e\u0454\u0434\u043d\u0443\u0454 \u0441\u0442\u0438\u043b\u044c \u0442\u0430 \u0444\u0443\u043d\u043a\u0446\u0456\u043e\u043d\u0430\u043b\u044c\u043d\u0456\u0441\u0442\u044c \u0456 \u0441\u0442\u0430\u043d\u0435 \u0447\u0443\u0434\u043e\u0432\u0438\u043c \u0434\u043e\u043f\u043e\u0432\u043d\u0435\u043d\u043d\u044f\u043c \u0434\u043e \u0432\u0430\u0448\u043e\u0433\u043e \u0434\u043e\u043c\u0443.<\/p>\n<\/p>\n<p>\u0417\u0430\u0432\u0434\u044f\u043a\u0438 \u0441\u043f\u0440\u0430\u0432\u0436\u043d\u044c\u043e\u043c\u0443 \u0440\u043e\u0442\u0430\u043d\u0433\u0443, \u043a\u0440\u0456\u0441\u043b\u043e \u043b\u0435\u0433\u043a\u043e \u0447\u0438\u0441\u0442\u0438\u0442\u0438, \u0432\u043e\u043d\u043e \u0434\u043e\u0432\u0433\u043e\u0432\u0456\u0447\u043d\u0435 \u0442\u0430 \u043f\u0456\u0434\u0445\u043e\u0434\u0438\u0442\u044c \u0434\u043b\u044f \u0449\u043e\u0434\u0435\u043d\u043d\u043e\u0433\u043e \u0432\u0438\u043a\u043e\u0440\u0438\u0441\u0442\u0430\u043d\u043d\u044f. \u0412\u043e\u043d\u043e \u043c\u0430\u0454 \u043c\u0456\u0446\u043d\u0438\u0439 \u0434\u0435\u0440\u0435\u0432&#039;\u044f\u043d\u0438\u0439 \u043a\u0430\u0440\u043a\u0430\u0441, \u044f\u043a\u0438\u0439 \u0454 \u0434\u0443\u0436\u0435 \u0434\u043e\u0432\u0433\u043e\u0432\u0456\u0447\u043d\u0438\u043c \u0442\u0430 \u0441\u0442\u0456\u0439\u043a\u0438\u043c. \u0422\u043e\u0432\u0441\u0442\u0456 \u043f\u043e\u0434\u0443\u0448\u043a\u0438 \u0441\u0438\u0434\u0456\u043d\u043d\u044f \u0442\u0430 \u0441\u043f\u0438\u043d\u043a\u0438 \u0437\u0440\u0443\u0447\u043d\u0456 \u0442\u0430 \u0457\u0445 \u043c\u043e\u0436\u043d\u0430 \u043f\u0440\u0430\u0442\u0438 \u0437\u0430\u0432\u0434\u044f\u043a\u0438 \u0437\u043d\u0456\u043c\u043d\u043e\u043c\u0443 \u0447\u043e\u0445\u043b\u0443.<\/p>\n<\/p>\n<p>\u041a\u043e\u043c\u043f\u043b\u0435\u043a\u0442 \u0432\u043a\u043b\u044e\u0447\u0430\u0454 1 \u043a\u0440\u0456\u0441\u043b\u043e, 1 \u043f\u043e\u0434\u0443\u0448\u043a\u0443 \u0434\u043b\u044f \u0441\u0438\u0434\u0456\u043d\u043d\u044f \u0442\u0430 1 \u043f\u043e\u0434\u0443\u0448\u043a\u0443 \u0434\u043b\u044f \u0441\u043f\u0438\u043d\u043a\u0438.<\/p>\n<ul>\n<li>\u041a\u043e\u043b\u0456\u0440 \u043a\u0440\u0456\u0441\u043b\u0430: \u041d\u0430\u0442\u0443\u0440\u0430\u043b\u044c\u043d\u0438\u0439<\/li>\n<li>\u041a\u043e\u043b\u0456\u0440 \u043f\u043e\u0434\u0443\u0448\u043a\u0438: \u043a\u0440\u0435\u043c\u043e\u0432\u043e-\u0431\u0456\u043b\u0438\u0439<\/li>\n<li>\u041c\u0430\u0442\u0435\u0440\u0456\u0430\u043b \u0441\u0442\u0456\u043b\u044c\u0446\u044f: \u041d\u0430\u0442\u0443\u0440\u0430\u043b\u044c\u043d\u0438\u0439 \u0440\u043e\u0442\u0430\u043d\u0433 + \u043c\u0430\u0441\u0438\u0432 \u043c\u0430\u043d\u0433\u043e\u0432\u043e\u0433\u043e \u0434\u0435\u0440\u0435\u0432\u0430<\/li>\n<li>\u041c\u0430\u0442\u0435\u0440\u0456\u0430\u043b \u043f\u043e\u0434\u0443\u0448\u043a\u0438: \u0422\u043a\u0430\u043d\u0438\u043d\u0430<\/li>\n<li>\u0420\u043e\u0437\u043c\u0456\u0440\u0438: 72 x 78 x 71 \u0441\u043c (\u0428 x \u0413 x \u0412)<\/li>\n<li>\u0428\u0438\u0440\u0438\u043d\u0430 \u0441\u0438\u0434\u0456\u043d\u043d\u044f: 60 \u0441\u043c<\/li>\n<li>\u0413\u043b\u0438\u0431\u0438\u043d\u0430 \u0441\u0438\u0434\u0456\u043d\u043d\u044f: 74 \u0441\u043c<\/li>\n<li>\u0412\u0438\u0441\u043e\u0442\u0430 \u0441\u0438\u0434\u0456\u043d\u043d\u044f \u0432\u0456\u0434 \u0437\u0435\u043c\u043b\u0456 (\u0431\u0435\u0437 \u043f\u043e\u0434\u0443\u0448\u043a\u0438): 35 \u0441\u043c<\/li>\n<li>\u0412\u0438\u0441\u043e\u0442\u0430 \u043f\u0456\u0434\u043b\u043e\u043a\u0456\u0442\u043d\u0438\u043a\u0456\u0432 \u0432\u0456\u0434 \u0437\u0435\u043c\u043b\u0456: 61 \u0441\u043c<\/li>\n<li>\u0422\u043e\u0432\u0449\u0438\u043d\u0430 \u043f\u043e\u0434\u0443\u0448\u043a\u0438 \u0441\u0438\u0434\u0456\u043d\u043d\u044f: 8 \u0441\u043c<\/li>\n<li>\u0422\u043e\u0432\u0449\u0438\u043d\u0430 \u043f\u043e\u0434\u0443\u0448\u043a\u0438 \u0441\u043f\u0438\u043d\u043a\u0438: 10 \u0441\u043c<\/li>\n<li>\u0427\u043e\u0445\u043b\u0438 \u0434\u043b\u044f \u043f\u043e\u0434\u0443\u0448\u043e\u043a \u0437\u043d\u0456\u043c\u043d\u0456<\/li>\n<li>\u041f\u0456\u0434\u0445\u043e\u0434\u0438\u0442\u044c \u043b\u0438\u0448\u0435 \u0434\u043b\u044f \u0432\u0438\u043a\u043e\u0440\u0438\u0441\u0442\u0430\u043d\u043d\u044f \u0432 \u043f\u0440\u0438\u043c\u0456\u0449\u0435\u043d\u043d\u0456<\/li>\n<li><strong>\u0414\u043e\u0441\u0442\u0430\u0432\u043a\u0430 \u0432\u043a\u043b\u044e\u0447\u0430\u0454:<\/strong><\/li>\n<li>1 \u043a\u0440\u0456\u0441\u043b\u043e<\/li>\n<li>1 \u0445 \u043f\u043e\u0434\u0443\u0448\u043a\u0430 \u0441\u0438\u0434\u0456\u043d\u043d\u044f<\/li>\n<li>1 \u0445 \u043f\u043e\u0434\u0443\u0448\u043a\u0430 \u0434\u043b\u044f \u0441\u043f\u0438\u043d\u043a\u0438<\/li>\n<li>\u0422\u043a\u0430\u043d\u0438\u043d\u0430: \u0411\u0430\u0432\u043e\u0432\u043d\u0430: 20%, \u041f\u043e\u043b\u0456\u0435\u0441\u0442\u0435\u0440: 80%<\/li>\n<\/ul>","protected":false},"excerpt":{"rendered":"<p>Naturaalsest rotangist tugitool \u00fchendab endas stiili ja funktsionaalsuse ning see on teie kodule suurep\u00e4rane t\u00e4iendus. T\u00e4nu ehtsale rotangile on tugitooli lihtne puhastada,&hellip;<\/p>","protected":false},"featured_media":331269,"comment_status":"open","ping_status":"closed","template":"","meta":{"wprm-recipe-roundup-name":"","wprm-recipe-roundup-description":""},"product_brand":[],"product_cat":[3386],"product_tag":[3392,547,554,540,728,3391],"class_list":{"0":"post-331278","1":"product","2":"type-product","3":"status-publish","4":"has-post-thumbnail","6":"product_cat-tugitoolid","7":"product_tag-lamamistoolid-ja-lahtikaivad-tugitoolid","8":"product_tag-moobel","9":"product_tag-ouemoobli-komplektid","10":"product_tag-parcel","11":"product_tag-toolid","12":"product_tag-tugitoolid","13":"pa_brand-vidaxl","15":"first","16":"instock","17":"taxable","18":"shipping-taxable","19":"purchasable","20":"product-type-simple"},"supplier_id":null,"supplier_sku":"","barcode":null,"atum_controlled":false,"out_stock_date":null,"out_stock_threshold":null,"inheritable":false,"inbound_stock":null,"stock_on_hold":null,"sold_today":null,"sales_last_days":null,"reserved_stock":null,"customer_returns":null,"warehouse_damage":null,"lost_in_post":null,"other_logs":null,"out_stock_days":null,"lost_sales":null,"has_location":null,"update_date":"2026-05-15T01:11:01","atum_locations":[],"atum_stock_status":"instock","restock_status":false,"low_stock_amount":"","sales_update_date":null,"calc_backorders":null,"aioseo_notices":[],"_links":{"self":[{"href":"https:\/\/ecoshop.ee\/uk\/wp-json\/wp\/v2\/product\/331278","targetHints":{"allow":["GET"]}}],"collection":[{"href":"https:\/\/ecoshop.ee\/uk\/wp-json\/wp\/v2\/product"}],"about":[{"href":"https:\/\/ecoshop.ee\/uk\/wp-json\/wp\/v2\/types\/product"}],"replies":[{"embeddable":true,"href":"https:\/\/ecoshop.ee\/uk\/wp-json\/wp\/v2\/comments?post=331278"}],"version-history":[{"count":0,"href":"https:\/\/ecoshop.ee\/uk\/wp-json\/wp\/v2\/product\/331278\/revisions"}],"wp:featuredmedia":[{"embeddable":true,"href":"https:\/\/ecoshop.ee\/uk\/wp-json\/wp\/v2\/media\/331269"}],"wp:attachment":[{"href":"https:\/\/ecoshop.ee\/uk\/wp-json\/wp\/v2\/media?parent=331278"}],"wp:term":[{"taxonomy":"product_brand","embeddable":true,"href":"https:\/\/ecoshop.ee\/uk\/wp-json\/wp\/v2\/product_brand?post=331278"},{"taxonomy":"product_cat","embeddable":true,"href":"https:\/\/ecoshop.ee\/uk\/wp-json\/wp\/v2\/product_cat?post=331278"},{"taxonomy":"product_tag","embeddable":true,"href":"https:\/\/ecoshop.ee\/uk\/wp-json\/wp\/v2\/product_tag?post=331278"}],"curies":[{"name":"wp","href":"https:\/\/api.w.org\/{rel}","templated":true}]}}