{"id":332018,"date":"2026-02-27T16:34:59","date_gmt":"2026-02-27T13:34:59","guid":{"rendered":"https:\/\/ecoshop.ee\/maaratlemata\/i-siilimaja-45-x-33-x-22-cm-puidust\/"},"modified":"2026-05-15T21:09:00","modified_gmt":"2026-05-15T18:09:00","slug":"%d0%b1%d1%83%d0%b4%d0%b8%d0%bd%d0%be%d1%87%d0%be%d0%ba-%d0%b4%d0%bb%d1%8f-%d1%97%d0%b6%d0%b0%d0%ba%d0%b0-45-x-33-x-22-%d1%81%d0%bc-%d0%b4%d0%b5%d1%80%d0%b5%d0%b2%d1%8f%d0%bd%d0%b8%d0%b9","status":"publish","type":"product","link":"https:\/\/ecoshop.ee\/uk\/lemmiklooma-moobel-ja-tarvikud\/i-siilimaja-45-x-33-x-22-cm-puidust\/","title":{"rendered":"Siilimaja 45 x 33 x 22 Cm, Puidust"},"content":{"rendered":"<p>\u0421\u043f\u0435\u0446\u0456\u0430\u043b\u044c\u043d\u043e \u0440\u043e\u0437\u0440\u043e\u0431\u043b\u0435\u043d\u0438\u0439 \u0431\u0443\u0434\u0438\u043d\u043e\u0447\u043e\u043a \u0434\u043b\u044f \u0457\u0436\u0430\u043a\u0456\u0432 \u2013 \u0456\u0434\u0435\u0430\u043b\u044c\u043d\u0435 \u0443\u043a\u0440\u0438\u0442\u0442\u044f \u0434\u043b\u044f \u0437\u0438\u043c\u043e\u0432\u043e\u0457 \u0441\u043f\u043b\u044f\u0447\u043a\u0438 \u0457\u0436\u0430\u043a\u0456\u0432 \u0442\u0430 \u0456\u043d\u0448\u0438\u0445 \u0434\u0440\u0456\u0431\u043d\u0438\u0445 \u0442\u0432\u0430\u0440\u0438\u043d, \u0430 \u0442\u0430\u043a\u043e\u0436 \u0439\u043e\u0433\u043e \u043c\u043e\u0436\u043d\u0430 \u0432\u0438\u043a\u043e\u0440\u0438\u0441\u0442\u043e\u0432\u0443\u0432\u0430\u0442\u0438 \u044f\u043a \u0433\u043e\u0434\u0456\u0432\u043d\u0438\u0446\u044e.<\/p>\n<\/p>\n<p>\u0426\u0435\u0439 \u0431\u0443\u0434\u0438\u043d\u043e\u0447\u043e\u043a \u0434\u043b\u044f \u0457\u0436\u0430\u043a\u0430, \u0432\u0438\u0433\u043e\u0442\u043e\u0432\u043b\u0435\u043d\u0438\u0439 \u0437 \u043a\u0438\u0442\u0430\u0439\u0441\u044c\u043a\u043e\u0457 \u044f\u043b\u0438\u0446\u0456 \u0442\u0430 \u043f\u043e\u043a\u0440\u0438\u0442\u0438\u0439 \u0432\u043e\u0434\u043e\u043d\u0435\u043f\u0440\u043e\u043d\u0438\u043a\u043d\u0438\u043c \u0434\u0430\u0445\u043e\u043c \u0437 \u043f\u043e\u043b\u0456\u0435\u0441\u0442\u0435\u0440\u043e\u0432\u043e\u0457 \u0442\u043a\u0430\u043d\u0438\u043d\u0438, \u043c\u0456\u0446\u043d\u0438\u0439 \u0442\u0430 \u0441\u0442\u0456\u0439\u043a\u0438\u0439 \u0434\u043e \u043d\u0435\u0433\u043e\u0434\u0438. \u0411\u0443\u0434\u0438\u043d\u043e\u0447\u043e\u043a \u043c\u0430\u0454 \u043b\u0430\u0431\u0456\u0440\u0438\u043d\u0442\u043d\u0438\u0439 \u0432\u0445\u0456\u0434, \u0449\u043e\u0431 \u0437\u0430\u043f\u043e\u0431\u0456\u0433\u0442\u0438 \u043f\u0440\u043e\u043d\u0438\u043a\u043d\u0435\u043d\u043d\u044e \u043a\u043e\u0442\u0456\u0432, \u0449\u043e \u0440\u043e\u0431\u0438\u0442\u044c \u0439\u043e\u0433\u043e \u0434\u0443\u0436\u0435 \u0431\u0435\u0437\u043f\u0435\u0447\u043d\u0438\u043c. \u0414\u0430\u0445 \u043c\u043e\u0436\u043d\u0430 \u043f\u0456\u0434\u043d\u044f\u0442\u0438 \u0434\u043b\u044f \u043e\u0447\u0438\u0449\u0435\u043d\u043d\u044f \u0431\u0443\u0434\u0438\u043d\u043e\u0447\u043a\u0430.<\/p>\n<\/p>\n<p>\u0412\u0430\u0448\u0456 \u043c\u0430\u043b\u0435\u043d\u044c\u043a\u0456 \u0434\u0440\u0443\u0437\u0456 \u043c\u043e\u0436\u0443\u0442\u044c \u043a\u043e\u043c\u0444\u043e\u0440\u0442\u043d\u043e \u0436\u0438\u0442\u0438 \u0432 \u0446\u044c\u043e\u043c\u0443 \u0442\u0435\u043f\u043b\u043e\u043c\u0443 \u0442\u0430 \u0431\u0435\u0437\u043f\u0435\u0447\u043d\u043e\u043c\u0443 \u0431\u0443\u0434\u0438\u043d\u043e\u0447\u043a\u0443. \u0414\u0443\u0436\u0435 \u043b\u0435\u0433\u043a\u043e \u0437\u0456\u0431\u0440\u0430\u0442\u0438.<\/p>\n<ul>\n<li>\u041c\u0430\u0442\u0435\u0440\u0456\u0430\u043b: \u043c\u0456\u0446\u043d\u0430 \u0434\u0435\u0440\u0435\u0432\u0438\u043d\u0430 \u043a\u0438\u0442\u0430\u0439\u0441\u044c\u043a\u043e\u0457 \u044f\u043b\u0438\u0446\u0456<\/li>\n<li>\u0420\u043e\u0437\u043c\u0456\u0440\u0438: 45 x 33 x 22 \u0441\u043c (\u0414 x \u0428 x \u0412)<\/li>\n<li>\u0414\u0430\u0445, \u043f\u043e\u043a\u0440\u0438\u0442\u0438\u0439 \u043f\u043e\u043b\u0456\u0435\u0444\u0456\u0440\u043d\u043e\u044e \u0442\u043a\u0430\u043d\u0438\u043d\u043e\u044e<\/li>\n<li>\u0417 \u043b\u0430\u0431\u0456\u0440\u0438\u043d\u0442\u043e\u043c-\u0432\u0445\u043e\u0434\u043e\u043c<\/li>\n<\/ul>","protected":false},"excerpt":{"rendered":"<p>Spetsiaalse disainiga siilimaja on siilidele ja muudele v\u00e4ikeloomadele talveune jaoks t\u00e4iuslik varjupaik ning seda saab kasutada ka s\u00f6\u00f6damajana. Hiina kuusepuidust veekindla pol\u00fcesterkangaga&hellip;<\/p>","protected":false},"featured_media":332008,"comment_status":"open","ping_status":"closed","template":"","meta":{"wprm-recipe-roundup-name":"","wprm-recipe-roundup-description":""},"product_brand":[],"product_cat":[3387],"product_tag":[596,3590,3523,3524,540,3589],"class_list":{"0":"post-332018","1":"product","2":"type-product","3":"status-publish","4":"has-post-thumbnail","6":"product_cat-lemmiklooma-moobel-ja-tarvikud","7":"product_tag-beez","8":"product_tag-elupaiga-tarvikud-ja-puurid-vaikestele-loomadele","9":"product_tag-koduloomade-tarbed","10":"product_tag-lemmikloomatarbed","11":"product_tag-parcel","12":"product_tag-tarvikud-vaikestele-loomadele","13":"pa_brand-vidaxl","15":"first","16":"instock","17":"taxable","18":"shipping-taxable","19":"purchasable","20":"product-type-simple"},"supplier_id":null,"supplier_sku":"","barcode":null,"atum_controlled":false,"out_stock_date":null,"out_stock_threshold":null,"inheritable":false,"inbound_stock":null,"stock_on_hold":0,"sold_today":0,"sales_last_days":0,"reserved_stock":null,"customer_returns":null,"warehouse_damage":null,"lost_in_post":null,"other_logs":null,"out_stock_days":0,"lost_sales":0,"has_location":null,"update_date":"2026-05-15T18:09:00","atum_locations":[],"atum_stock_status":"instock","restock_status":false,"low_stock_amount":"","sales_update_date":"2026-03-05T01:07:28","calc_backorders":null,"aioseo_notices":[],"_links":{"self":[{"href":"https:\/\/ecoshop.ee\/uk\/wp-json\/wp\/v2\/product\/332018","targetHints":{"allow":["GET"]}}],"collection":[{"href":"https:\/\/ecoshop.ee\/uk\/wp-json\/wp\/v2\/product"}],"about":[{"href":"https:\/\/ecoshop.ee\/uk\/wp-json\/wp\/v2\/types\/product"}],"replies":[{"embeddable":true,"href":"https:\/\/ecoshop.ee\/uk\/wp-json\/wp\/v2\/comments?post=332018"}],"version-history":[{"count":0,"href":"https:\/\/ecoshop.ee\/uk\/wp-json\/wp\/v2\/product\/332018\/revisions"}],"wp:featuredmedia":[{"embeddable":true,"href":"https:\/\/ecoshop.ee\/uk\/wp-json\/wp\/v2\/media\/332008"}],"wp:attachment":[{"href":"https:\/\/ecoshop.ee\/uk\/wp-json\/wp\/v2\/media?parent=332018"}],"wp:term":[{"taxonomy":"product_brand","embeddable":true,"href":"https:\/\/ecoshop.ee\/uk\/wp-json\/wp\/v2\/product_brand?post=332018"},{"taxonomy":"product_cat","embeddable":true,"href":"https:\/\/ecoshop.ee\/uk\/wp-json\/wp\/v2\/product_cat?post=332018"},{"taxonomy":"product_tag","embeddable":true,"href":"https:\/\/ecoshop.ee\/uk\/wp-json\/wp\/v2\/product_tag?post=332018"}],"curies":[{"name":"wp","href":"https:\/\/api.w.org\/{rel}","templated":true}]}}