{"id":332950,"date":"2026-02-27T17:00:20","date_gmt":"2026-02-27T14:00:20","guid":{"rendered":"https:\/\/ecoshop.ee\/maaratlemata\/basseini-vaakumpuhasti-12-m\/"},"modified":"2026-05-02T16:36:03","modified_gmt":"2026-05-02T13:36:03","slug":"%d0%bf%d0%b8%d0%bb%d0%be%d1%81%d0%be%d1%81-%d0%b4%d0%bb%d1%8f-%d0%b1%d0%b0%d1%81%d0%b5%d0%b9%d0%bd%d1%83-12-%d0%bc","status":"publish","type":"product","link":"https:\/\/ecoshop.ee\/uk\/basseini-puhastustarvikud\/basseini-vaakumpuhasti-12-m\/","title":{"rendered":"\u041f\u0438\u043b\u043e\u0441\u043e\u0441 \u0434\u043b\u044f \u0431\u0430\u0441\u0435\u0439\u043d\u0443 1,2 \u043c"},"content":{"rendered":"<p>\u041f\u0438\u043b\u043e\u0441\u043e\u0441 \u0432\u0438\u0434\u0430\u043b\u044f\u0454 \u0431\u0440\u0443\u0434 \u0437 \u043f\u0456\u0434\u043b\u043e\u0433\u0438, \u043e\u0447\u0438\u0449\u0430\u044e\u0447\u0438 \u0441\u0442\u0430\u0432\u043a\u0438 \u0442\u0430 \u0431\u0430\u0441\u0435\u0439\u043d\u0438 \u0432\u0456\u0434 \u0441\u043b\u0438\u0437\u0443 \u0442\u0430 \u0441\u043c\u0456\u0442\u0442\u044f. \u041f\u0440\u0438 \u043f\u0456\u0434\u043a\u043b\u044e\u0447\u0435\u043d\u043d\u0456 \u0434\u043e \u0441\u0430\u0434\u043e\u0432\u043e\u0433\u043e \u0448\u043b\u0430\u043d\u0433\u0430 \u0432\u0456\u043d \u0441\u0442\u0432\u043e\u0440\u044e\u0454 \u0432\u0430\u043a\u0443\u0443\u043c, \u044f\u043a\u0438\u0439 \u0432\u0441\u043c\u043e\u043a\u0442\u0443\u0454 \u0432\u043e\u0434\u0443, \u0431\u0440\u0443\u0434 \u0442\u0430 \u0431\u0440\u0443\u0434.<\/p>\n<\/p>\n<p>\u041f\u0456\u0441\u043b\u044f \u043e\u0447\u0438\u0449\u0435\u043d\u043d\u044f \u0432\u043e\u0434\u0438 \u0443 \u0437\u0431\u0456\u0440\u043d\u043e\u043c\u0443 \u043c\u0456\u0448\u043a\u0443 \u0432\u043e\u043d\u0430 \u043f\u043e\u0432\u0435\u0440\u0442\u0430\u0454\u0442\u044c\u0441\u044f \u043d\u0430\u0437\u0430\u0434 \u0443 \u0431\u0430\u0441\u0435\u0439\u043d. \u0411\u0440\u0443\u0434 \u0442\u0430 \u0431\u0440\u0443\u0434 \u0437\u0430\u043b\u0438\u0448\u0430\u044e\u0442\u044c\u0441\u044f \u0443 \u0437\u0431\u0456\u0440\u043d\u043e\u043c\u0443 \u043c\u0456\u0448\u043a\u0443. \u0411\u0440\u0443\u0434 \u043c\u043e\u0436\u043d\u0430 \u043b\u0435\u0433\u043a\u043e \u0432\u0438\u0434\u0430\u043b\u0438\u0442\u0438, \u043a\u043e\u043b\u0438 \u043c\u0456\u0448\u043e\u043a \u043d\u0430\u043f\u043e\u0432\u043d\u0438\u0442\u044c\u0441\u044f. \u0422\u0440\u0443\u0431\u043a\u0443 \u043c\u043e\u0436\u043d\u0430 \u0440\u0435\u0433\u0443\u043b\u044e\u0432\u0430\u0442\u0438 \u043d\u0430 \u0440\u0456\u0437\u043d\u0443 \u0432\u0438\u0441\u043e\u0442\u0443 \u0434\u043b\u044f \u043e\u0447\u0438\u0449\u0435\u043d\u043d\u044f \u0440\u0456\u0437\u043d\u0438\u0445 \u0434\u0456\u043b\u044f\u043d\u043e\u043a.<\/p>\n<ul>\n<li>\u0414\u043e\u0432\u0436\u0438\u043d\u0430: 1,2 \u043c <\/li>\n<li>\u0414\u043e\u0432\u0436\u0438\u043d\u0430 \u043e\u0441\u043d\u043e\u0432\u0438: \u043f\u0440\u0438\u0431\u043b\u0438\u0437\u043d\u043e 20 \u0441\u043c<\/li>\n<li>\u0428\u0438\u0440\u0438\u043d\u0430 \u043e\u0441\u043d\u043e\u0432\u0438: 18,50 \u0441\u043c<\/li>\n<li>\u041a\u043e\u043c\u043f\u043b\u0435\u043a\u0442 \u0432\u043a\u043b\u044e\u0447\u0430\u0454 \u0433\u0432\u0438\u043d\u0442, \u0430\u043d\u043e\u0434\u043e\u0432\u0430\u043d\u0438\u0439 \u0430\u043b\u044e\u043c\u0456\u043d\u0456\u0454\u0432\u0438\u0439 \u0441\u0442\u0440\u0438\u0436\u0435\u043d\u044c \u0442\u0430 \u0437&#039;\u0454\u0434\u043d\u0443\u0432\u0430\u0447 \u0434\u043b\u044f \u0448\u043b\u0430\u043d\u0433\u0430 \u0434\u0456\u0430\u043c\u0435\u0442\u0440\u043e\u043c 1\/2 \u0434\u044e\u0439\u043c\u0430.<\/li>\n<li>\u0422\u043a\u0430\u043d\u0438\u043d\u0430: \u041f\u043e\u043b\u0456\u0435\u0441\u0442\u0435\u0440: 100%<\/li>\n<\/ul>","protected":false},"excerpt":{"rendered":"<p>Puhastaja eemaldab p\u00f5randalt mustuse, hoides tiigi ja ujumisbasseini puhtana limast ja j\u00e4\u00e4kidest. Aiavoolikuga \u00fchendades luuakse vaakum, millega imetakse vesi, muda ja mustus&hellip;<\/p>","protected":false},"featured_media":332944,"comment_status":"open","ping_status":"closed","template":"","meta":{"wprm-recipe-roundup-name":"","wprm-recipe-roundup-description":""},"product_brand":[],"product_cat":[3662],"product_tag":[3731,3790,3705,536,540],"class_list":{"0":"post-332950","1":"product","2":"type-product","3":"status-publish","4":"has-post-thumbnail","6":"product_cat-basseini-puhastustarvikud","7":"product_tag-basseini-ja-spaa-tarvikud","8":"product_tag-basseini-puhastusmopid-ja-vaakumpuhastajad","9":"product_tag-basseinid-ja-spaad","10":"product_tag-kodu-ja-aed","11":"product_tag-parcel","12":"pa_brand-vidaxl","14":"first","15":"instock","16":"taxable","17":"shipping-taxable","18":"purchasable","19":"product-type-simple"},"supplier_id":null,"supplier_sku":"","barcode":null,"atum_controlled":false,"out_stock_date":null,"out_stock_threshold":null,"inheritable":false,"inbound_stock":null,"stock_on_hold":0,"sold_today":0,"sales_last_days":0,"reserved_stock":null,"customer_returns":null,"warehouse_damage":null,"lost_in_post":null,"other_logs":null,"out_stock_days":0,"lost_sales":0,"has_location":null,"update_date":"2026-05-02T13:36:04","atum_locations":[],"atum_stock_status":"instock","restock_status":false,"low_stock_amount":"","sales_update_date":"2026-03-07T01:16:42","calc_backorders":null,"aioseo_notices":[],"_links":{"self":[{"href":"https:\/\/ecoshop.ee\/uk\/wp-json\/wp\/v2\/product\/332950","targetHints":{"allow":["GET"]}}],"collection":[{"href":"https:\/\/ecoshop.ee\/uk\/wp-json\/wp\/v2\/product"}],"about":[{"href":"https:\/\/ecoshop.ee\/uk\/wp-json\/wp\/v2\/types\/product"}],"replies":[{"embeddable":true,"href":"https:\/\/ecoshop.ee\/uk\/wp-json\/wp\/v2\/comments?post=332950"}],"version-history":[{"count":0,"href":"https:\/\/ecoshop.ee\/uk\/wp-json\/wp\/v2\/product\/332950\/revisions"}],"wp:featuredmedia":[{"embeddable":true,"href":"https:\/\/ecoshop.ee\/uk\/wp-json\/wp\/v2\/media\/332944"}],"wp:attachment":[{"href":"https:\/\/ecoshop.ee\/uk\/wp-json\/wp\/v2\/media?parent=332950"}],"wp:term":[{"taxonomy":"product_brand","embeddable":true,"href":"https:\/\/ecoshop.ee\/uk\/wp-json\/wp\/v2\/product_brand?post=332950"},{"taxonomy":"product_cat","embeddable":true,"href":"https:\/\/ecoshop.ee\/uk\/wp-json\/wp\/v2\/product_cat?post=332950"},{"taxonomy":"product_tag","embeddable":true,"href":"https:\/\/ecoshop.ee\/uk\/wp-json\/wp\/v2\/product_tag?post=332950"}],"curies":[{"name":"wp","href":"https:\/\/api.w.org\/{rel}","templated":true}]}}