{"id":333096,"date":"2026-02-27T17:03:43","date_gmt":"2026-02-27T14:03:43","guid":{"rendered":"https:\/\/ecoshop.ee\/maaratlemata\/basseini-liivafilter-kuljekinnitusega-6-asendis-ventiil-hall\/"},"modified":"2026-05-13T15:21:37","modified_gmt":"2026-05-13T12:21:37","slug":"%d0%bf%d1%96%d1%89%d0%b0%d0%bd%d0%b8%d0%b9-%d1%84%d1%96%d0%bb%d1%8c%d1%82%d1%80-%d0%b4%d0%bb%d1%8f-%d0%b1%d0%b0%d1%81%d0%b5%d0%b9%d0%bd%d1%83-%d0%b7-6-%d0%bf%d0%be%d0%b7%d0%b8%d1%86%d1%96%d0%b9%d0%bd","status":"publish","type":"product","link":"https:\/\/ecoshop.ee\/uk\/basseini-filtrid-ja-pumbad\/basseini-liivafilter-kuljekinnitusega-6-asendis-ventiil-hall\/","title":{"rendered":"\u041f\u0456\u0449\u0430\u043d\u0438\u0439 \u0444\u0456\u043b\u044c\u0442\u0440 \u0434\u043b\u044f \u0431\u0430\u0441\u0435\u0439\u043d\u0443 \u0437 \u0431\u043e\u043a\u043e\u0432\u0438\u043c \u043a\u0440\u0456\u043f\u043b\u0435\u043d\u043d\u044f\u043c, 6-\u043f\u043e\u0437\u0438\u0446\u0456\u0439\u043d\u0438\u0439 \u043a\u043b\u0430\u043f\u0430\u043d, \u0441\u0456\u0440\u0438\u0439"},"content":{"rendered":"<p>\u0417\u0430\u0432\u0434\u044f\u043a\u0438 \u043f\u0456\u0441\u043a\u0443, \u044f\u043a\u0438\u0439 \u0432\u0438\u043a\u043e\u0440\u0438\u0441\u0442\u043e\u0432\u0443\u0454\u0442\u044c\u0441\u044f \u044f\u043a \u0444\u0456\u043b\u044c\u0442\u0440\u0443\u0432\u0430\u043b\u044c\u043d\u0438\u0439 \u043c\u0430\u0442\u0435\u0440\u0456\u0430\u043b, \u043f\u0456\u0449\u0430\u043d\u0438\u0439 \u0444\u0456\u043b\u044c\u0442\u0440 \u0434\u043b\u044f \u0431\u0430\u0441\u0435\u0439\u043d\u0443 \u0435\u0444\u0435\u043a\u0442\u0438\u0432\u043d\u043e \u0444\u0456\u043b\u044c\u0442\u0440\u0443\u0454 \u0442\u0430 \u043e\u0447\u0438\u0449\u0443\u0454 \u0432\u043e\u0434\u0443 \u0432 \u0431\u0430\u0441\u0435\u0439\u043d\u0456. \u0426\u0435 \u0434\u0443\u0436\u0435 \u0435\u043a\u043e\u043d\u043e\u043c\u0456\u0447\u043d\u0438\u0439 \u0442\u0430 \u043d\u0435\u0432\u0438\u0431\u0430\u0433\u043b\u0438\u0432\u0438\u0439 \u0432\u0430\u0440\u0456\u0430\u043d\u0442 \u0434\u043b\u044f \u043f\u0456\u0434\u0442\u0440\u0438\u043c\u043a\u0438 \u0447\u0438\u0441\u0442\u043e\u0442\u0438 \u0432\u043e\u0434\u0438 \u0432 \u0431\u0430\u0441\u0435\u0439\u043d\u0456.<\/p>\n<\/p>\n<p>\u0412\u0438\u0433\u043e\u0442\u043e\u0432\u043b\u0435\u043d\u0438\u0439 \u0437 \u0432\u0438\u0441\u043e\u043a\u043e\u044f\u043a\u0456\u0441\u043d\u043e\u0433\u043e \u043f\u043e\u043b\u0456\u0435\u0442\u0438\u043b\u0435\u043d\u0443, \u043f\u0456\u0449\u0430\u043d\u0438\u0439 \u0444\u0456\u043b\u044c\u0442\u0440 \u0454 \u043c\u0456\u0446\u043d\u0438\u043c. \u0424\u0456\u043b\u044c\u0442\u0440 \u0440\u043e\u0437\u0440\u0430\u0445\u043e\u0432\u0430\u043d\u0438\u0439 \u043d\u0430 \u0434\u043e\u0441\u044f\u0433\u043d\u0435\u043d\u043d\u044f \u0432\u0438\u0442\u0440\u0430\u0442\u0438 9 \u043c\u00b3\/\u0433\u043e\u0434. \u041c\u0430\u043a\u0441\u0438\u043c\u0430\u043b\u044c\u043d\u0438\u0439 \u0440\u043e\u0431\u043e\u0447\u0438\u0439 \u0442\u0438\u0441\u043a \u0441\u0442\u0430\u043d\u043e\u0432\u0438\u0442\u044c 3,5 \u0431\u0430\u0440. \u0414\u043b\u044f \u043f\u043e\u0447\u0430\u0442\u043a\u0443 \u0440\u043e\u0431\u043e\u0442\u0438 \u043f\u043e\u0442\u0440\u0456\u0431\u043d\u043e 79 \u043a\u0433 \u0444\u0456\u043b\u044c\u0442\u0440\u0443\u0432\u0430\u043b\u044c\u043d\u043e\u0433\u043e \u043f\u0456\u0441\u043a\u0443 (\u043d\u0435 \u0432\u0445\u043e\u0434\u0438\u0442\u044c \u0434\u043e \u043a\u043e\u043c\u043f\u043b\u0435\u043a\u0442\u0443). \u0424\u0456\u043b\u044c\u0442\u0440 \u043c\u0430\u0454 \u0431\u0430\u0433\u0430\u0442\u043e\u043f\u043e\u0440\u0442\u043e\u0432\u0438\u0439 \u043a\u043b\u0430\u043f\u0430\u043d \u0456\u0437 6 \u043f\u043e\u043b\u043e\u0436\u0435\u043d\u043d\u044f\u043c\u0438: \u0444\u0456\u043b\u044c\u0442\u0440\u0430\u0446\u0456\u044f, \u0437\u0432\u043e\u0440\u043e\u0442\u043d\u0435 \u043f\u0440\u043e\u043c\u0438\u0432\u0430\u043d\u043d\u044f, \u043f\u0440\u043e\u043c\u0438\u0432\u0430\u043d\u043d\u044f, \u0437\u0438\u043c\u043e\u0432\u0435 \u043f\u043e\u043b\u043e\u0436\u0435\u043d\u043d\u044f, \u0440\u0435\u0446\u0438\u0440\u043a\u0443\u043b\u044f\u0446\u0456\u044f \u0442\u0430 \u0437\u0430\u043a\u0440\u0438\u0442\u043e. \u041f\u0456\u0449\u0430\u043d\u0438\u0439 \u0444\u0456\u043b\u044c\u0442\u0440 \u043f\u0456\u0434\u0445\u043e\u0434\u0438\u0442\u044c \u0434\u043b\u044f \u043d\u0430\u0441\u043e\u0441\u0456\u0432 \u0434\u043b\u044f \u0431\u0430\u0441\u0435\u0439\u043d\u0456\u0432 \u043f\u043e\u0442\u0443\u0436\u043d\u0456\u0441\u0442\u044e 0,75 \u043a.\u0441.<\/p>\n<\/p>\n<p>\u041f\u0440\u0438\u043c\u0456\u0442\u043a\u0430: \u041c\u043e\u0436\u043d\u0430 \u043f\u0456\u0434\u043a\u043b\u044e\u0447\u0430\u0442\u0438 \u0434\u043e \u0448\u043b\u0430\u043d\u0433\u0456\u0432 \u0434\u0456\u0430\u043c\u0435\u0442\u0440\u043e\u043c 32 \u043c\u043c \u0442\u0430 38 \u043c\u043c<\/p>\n<ul>\n<li>\u041a\u043e\u043b\u0456\u0440: \u0441\u0456\u0440\u0438\u0439<\/li>\n<li>\u041c\u0430\u0442\u0435\u0440\u0456\u0430\u043b: \u043f\u043b\u0430\u0441\u0442\u0438\u043a<\/li>\n<li>\u0420\u043e\u0437\u043c\u0456\u0440\u0438: 485 x 700 \u043c\u043c (\u0434\u0456\u0430\u043c\u0435\u0442\u0440 x \u0432\u0438\u0441\u043e\u0442\u0430)<\/li>\n<li>\u0420\u043e\u0437\u043c\u0456\u0440 \u0437&#039;\u0454\u0434\u043d\u0430\u043d\u043d\u044f: 38 \u043c\u043c<\/li>\n<li>\u041f\u043b\u043e\u0449\u0430 \u0444\u0456\u043b\u044c\u0442\u0440\u0430\u0446\u0456\u0457: 0,223 \u043c\u00b2<\/li>\n<li>\u041f\u0456\u0434\u0445\u043e\u0434\u0438\u0442\u044c \u0434\u043b\u044f \u043d\u0430\u0441\u043e\u0441\u0456\u0432 \u0437 \u043c\u0430\u043a\u0441\u0438\u043c\u0430\u043b\u044c\u043d\u043e\u044e \u0432\u0438\u0442\u0440\u0430\u0442\u043e\u044e 9 \u043c\u00b3\/\u0433\u043e\u0434<\/li>\n<li>\u041c\u0430\u043a\u0441\u0438\u043c\u0430\u043b\u044c\u043d\u0438\u0439 \u0440\u043e\u0431\u043e\u0447\u0438\u0439 \u0442\u0438\u0441\u043a: 3,5 \u0431\u0430\u0440<\/li>\n<li>\u041d\u0435\u043e\u0431\u0445\u0456\u0434\u043d\u0438\u0439 \u0444\u0456\u043b\u044c\u0442\u0440\u0443\u0432\u0430\u043b\u044c\u043d\u0438\u0439 \u043f\u0456\u0441\u043e\u043a: 79 \u043a\u0433 (\u043d\u0435 \u0432\u0445\u043e\u0434\u0438\u0442\u044c \u0434\u043e \u043a\u043e\u043c\u043f\u043b\u0435\u043a\u0442\u0443)<\/li>\n<li>\u041f\u043e\u043b\u043e\u0436\u0435\u043d\u043d\u044f \u043a\u043b\u0430\u043f\u0430\u043d\u0430: \u0431\u0456\u0447\u043d\u0435 \u043a\u0440\u0456\u043f\u043b\u0435\u043d\u043d\u044f<\/li>\n<li>\u0411\u0430\u0433\u0430\u0442\u043e\u0444\u0443\u043d\u043a\u0446\u0456\u043e\u043d\u0430\u043b\u044c\u043d\u0438\u0439 \u043a\u043b\u0430\u043f\u0430\u043d \u0437 6 \u043f\u043e\u043b\u043e\u0436\u0435\u043d\u043d\u044f\u043c\u0438: \u0444\u0456\u043b\u044c\u0442\u0440, \u0437\u0432\u043e\u0440\u043e\u0442\u043d\u0435 \u043f\u0440\u043e\u043c\u0438\u0432\u0430\u043d\u043d\u044f, \u043f\u0440\u043e\u043c\u0438\u0432\u0430\u043d\u043d\u044f, \u043d\u0430\u0433\u0440\u0456\u0432\u0430\u043d\u043d\u044f, \u0440\u0435\u0446\u0438\u0440\u043a\u0443\u043b\u044f\u0446\u0456\u044f \u0442\u0430 \u0437\u0430\u043a\u0440\u0438\u0442\u0435 \u043f\u043e\u043b\u043e\u0436\u0435\u043d\u043d\u044f<\/li>\n<li>\u041f\u0456\u0434\u0445\u043e\u0434\u0438\u0442\u044c \u0434\u043b\u044f \u043f\u0456\u0434\u043a\u043b\u044e\u0447\u0435\u043d\u043d\u044f \u0434\u043e \u043d\u0430\u0441\u043e\u0441\u0430 \u043f\u043e\u0442\u0443\u0436\u043d\u0456\u0441\u0442\u044e 0,75 \u043a.\u0441.<\/li>\n<li>\u041f\u0456\u0434\u0445\u043e\u0434\u0438\u0442\u044c \u0434\u043b\u044f \u0448\u043b\u0430\u043d\u0433\u0456\u0432 \u0434\u0456\u0430\u043c\u0435\u0442\u0440\u043e\u043c 32 \u043c\u043c \u0430\u0431\u043e 38 \u043c\u043c<\/li>\n<li>\u041f\u0440\u0438\u043c\u0456\u0442\u043a\u0430: \u041d\u0430\u0441\u043e\u0441 \u043d\u0435 \u0432\u0445\u043e\u0434\u0438\u0442\u044c \u0434\u043e \u043a\u043e\u043c\u043f\u043b\u0435\u043a\u0442\u0443<\/li>\n<\/ul>","protected":false},"excerpt":{"rendered":"<p>T\u00e4nu filtreerimisvahendina kasutatavale liivale on basseini liivafilter t\u00f5hus basseinivee filtreerimisel ja puhastamisel. See on v\u00e4ga \u00f6konoomne ja v\u00e4hest hooldust n\u00f5udev valik basseinivee&hellip;<\/p>","protected":false},"featured_media":333090,"comment_status":"open","ping_status":"closed","template":"","meta":{"wprm-recipe-roundup-name":"","wprm-recipe-roundup-description":""},"product_brand":[],"product_cat":[3661],"product_tag":[3807,3731,3705,550,536,540],"class_list":{"0":"post-333096","1":"product","2":"type-product","3":"status-publish","4":"has-post-thumbnail","6":"product_cat-basseini-filtrid-ja-pumbad","7":"product_tag-basseini-ja-spaa-filtrid","8":"product_tag-basseini-ja-spaa-tarvikud","9":"product_tag-basseinid-ja-spaad","10":"product_tag-hall","11":"product_tag-kodu-ja-aed","12":"product_tag-parcel","13":"pa_brand-vidaxl","15":"first","16":"instock","17":"taxable","18":"shipping-taxable","19":"purchasable","20":"product-type-simple"},"supplier_id":null,"supplier_sku":"","barcode":null,"atum_controlled":false,"out_stock_date":null,"out_stock_threshold":null,"inheritable":false,"inbound_stock":null,"stock_on_hold":null,"sold_today":null,"sales_last_days":null,"reserved_stock":null,"customer_returns":null,"warehouse_damage":null,"lost_in_post":null,"other_logs":null,"out_stock_days":null,"lost_sales":null,"has_location":null,"update_date":"2026-05-13T12:21:38","atum_locations":[],"atum_stock_status":"instock","restock_status":false,"low_stock_amount":"","sales_update_date":null,"calc_backorders":null,"aioseo_notices":[],"_links":{"self":[{"href":"https:\/\/ecoshop.ee\/uk\/wp-json\/wp\/v2\/product\/333096","targetHints":{"allow":["GET"]}}],"collection":[{"href":"https:\/\/ecoshop.ee\/uk\/wp-json\/wp\/v2\/product"}],"about":[{"href":"https:\/\/ecoshop.ee\/uk\/wp-json\/wp\/v2\/types\/product"}],"replies":[{"embeddable":true,"href":"https:\/\/ecoshop.ee\/uk\/wp-json\/wp\/v2\/comments?post=333096"}],"version-history":[{"count":0,"href":"https:\/\/ecoshop.ee\/uk\/wp-json\/wp\/v2\/product\/333096\/revisions"}],"wp:featuredmedia":[{"embeddable":true,"href":"https:\/\/ecoshop.ee\/uk\/wp-json\/wp\/v2\/media\/333090"}],"wp:attachment":[{"href":"https:\/\/ecoshop.ee\/uk\/wp-json\/wp\/v2\/media?parent=333096"}],"wp:term":[{"taxonomy":"product_brand","embeddable":true,"href":"https:\/\/ecoshop.ee\/uk\/wp-json\/wp\/v2\/product_brand?post=333096"},{"taxonomy":"product_cat","embeddable":true,"href":"https:\/\/ecoshop.ee\/uk\/wp-json\/wp\/v2\/product_cat?post=333096"},{"taxonomy":"product_tag","embeddable":true,"href":"https:\/\/ecoshop.ee\/uk\/wp-json\/wp\/v2\/product_tag?post=333096"}],"curies":[{"name":"wp","href":"https:\/\/api.w.org\/{rel}","templated":true}]}}