{"id":333123,"date":"2026-02-27T17:04:13","date_gmt":"2026-02-27T14:04:13","guid":{"rendered":"https:\/\/ecoshop.ee\/maaratlemata\/9-osaline-basseinihoolduskomplekt\/"},"modified":"2026-05-02T16:36:08","modified_gmt":"2026-05-02T13:36:08","slug":"9-%d0%bf%d1%80%d0%b5%d0%b4%d0%bc%d0%b5%d1%82%d0%bd%d0%b8%d0%b9-%d0%bd%d0%b0%d0%b1%d1%96%d1%80-%d0%b4%d0%bb%d1%8f-%d0%be%d0%b1%d1%81%d0%bb%d1%83%d0%b3%d0%be%d0%b2%d1%83%d0%b2%d0%b0%d0%bd%d0%bd%d1%8f","status":"publish","type":"product","link":"https:\/\/ecoshop.ee\/uk\/basseini-puhastustarvikud\/9-osaline-basseinihoolduskomplekt\/","title":{"rendered":"\u041a\u043e\u043c\u043f\u043b\u0435\u043a\u0442 \u0434\u043b\u044f \u043e\u0431\u0441\u043b\u0443\u0433\u043e\u0432\u0443\u0432\u0430\u043d\u043d\u044f \u0431\u0430\u0441\u0435\u0439\u043d\u0443 \u0437 9 \u043f\u0440\u0435\u0434\u043c\u0435\u0442\u0456\u0432"},"content":{"rendered":"<p>\u041d\u0430\u0431\u0456\u0440 \u0434\u043b\u044f \u043e\u0431\u0441\u043b\u0443\u0433\u043e\u0432\u0443\u0432\u0430\u043d\u043d\u044f \u0431\u0430\u0441\u0435\u0439\u043d\u0443 \u0454 \u0432\u0430\u0436\u043b\u0438\u0432\u0438\u043c \u0434\u043b\u044f \u043f\u0456\u0434\u0442\u0440\u0438\u043c\u043a\u0438 \u0447\u0438\u0441\u0442\u043e\u0442\u0438 \u0431\u0430\u0441\u0435\u0439\u043d\u0456\u0432.<\/p>\n<\/p>\n<p>\u041d\u0430\u0431\u0456\u0440 \u0434\u043b\u044f \u0447\u0438\u0449\u0435\u043d\u043d\u044f \u0431\u0430\u0441\u0435\u0439\u043d\u0443 \u0432\u0438\u0433\u043e\u0442\u043e\u0432\u043b\u0435\u043d\u0438\u0439 \u0437 \u043c\u0456\u0446\u043d\u0438\u0445 \u0442\u0430 \u0441\u0442\u0456\u0439\u043a\u0438\u0445 \u0434\u043e \u043a\u043e\u0440\u043e\u0437\u0456\u0457 \u043c\u0430\u0442\u0435\u0440\u0456\u0430\u043b\u0456\u0432. \u0412\u0435\u043b\u0438\u043a\u0438\u0439 \u0431\u0456\u043b\u0438\u0439 \u043f\u0438\u043b\u043e\u0441\u043e\u0441 \u0437 ABS-\u043f\u043b\u0430\u0441\u0442\u0438\u043a\u0443 \u0437 \u0437\u0430\u0445\u0438\u0441\u043d\u0438\u043c \u0432\u0456\u043d\u0456\u043b\u043e\u0432\u0438\u043c \u043f\u043e\u043a\u0440\u0438\u0442\u0442\u044f\u043c \u0442\u0430 \u0431\u0456\u0447\u043d\u0438\u043c\u0438 \u0449\u0456\u0442\u043a\u0430\u043c\u0438 \u043b\u0435\u0433\u043a\u043e \u0447\u0438\u0441\u0442\u0438\u0442\u0438. \u0417\u0430\u0432\u0434\u044f\u043a\u0438 \u0437\u043d\u0456\u043c\u043d\u043e\u043c\u0443 \u0431\u0430\u0433\u0430\u0442\u043e\u0440\u0430\u0437\u043e\u0432\u043e\u043c\u0443 \u043c\u0456\u0448\u043a\u0443 \u0434\u043b\u044f \u0437\u0431\u043e\u0440\u0443 \u0431\u0440\u0443\u0434\u0443 \u0442\u0430 \u043b\u0438\u0441\u0442\u044f, \u043f\u0438\u043b\u043e\u0441\u043e\u0441 \u043c\u043e\u0436\u0435 \u0437\u0431\u0438\u0440\u0430\u0442\u0438 \u043d\u0430\u0432\u0456\u0442\u044c \u0434\u0440\u0456\u0431\u043d\u0438\u0439 \u0431\u0440\u0443\u0434. \u0422\u0435\u0440\u043c\u043e\u043c\u0435\u0442\u0440 \u043f\u0440\u0438\u0437\u043d\u0430\u0447\u0435\u043d\u0438\u0439 \u0434\u043b\u044f \u0432\u043b\u0430\u0441\u043d\u0438\u043a\u0456\u0432 \u0431\u0430\u0441\u0435\u0439\u043d\u0456\u0432, \u044f\u043a\u0456 \u043d\u0435 \u0445\u043e\u0447\u0443\u0442\u044c, \u0449\u043e\u0431 \u0457\u0445\u043d\u0456\u0439 \u0442\u0435\u0440\u043c\u043e\u043c\u0435\u0442\u0440 \u043f\u043e\u0441\u0442\u0456\u0439\u043d\u043e \u043f\u043b\u0430\u0432\u0430\u0432 \u0430\u0431\u043e \u0432\u0438\u0441\u0456\u0432 \u0443 \u0431\u0430\u0441\u0435\u0439\u043d\u0456. \u041a\u043e\u043d\u0441\u0442\u0440\u0443\u043a\u0446\u0456\u044f \u0447\u0435\u0440\u043f\u0430\u043a\u0430 \u0434\u043e\u0437\u0432\u043e\u043b\u044f\u0454 \u0432\u0437\u044f\u0442\u0438 \u043f\u0440\u043e\u0431\u0443 \u0432\u043e\u0434\u0438 \u0434\u043b\u044f \u0432\u0438\u043c\u0456\u0440\u044e\u0432\u0430\u043d\u043d\u044f \u0442\u0435\u043c\u043f\u0435\u0440\u0430\u0442\u0443\u0440\u0438. \u0422\u0435\u0440\u043c\u043e\u043c\u0435\u0442\u0440 \u043c\u0430\u0454 \u043f\u0435\u0442\u043b\u044e \u0434\u043b\u044f \u043a\u0440\u0456\u043f\u043b\u0435\u043d\u043d\u044f \u0448\u043d\u0443\u0440\u043a\u0430, \u0430 \u0442\u0435\u043c\u043f\u0435\u0440\u0430\u0442\u0443\u0440\u043d\u0430 \u0448\u043a\u0430\u043b\u0430 \u043f\u043e\u043a\u0430\u0437\u0443\u0454 \u044f\u043a \u0433\u0440\u0430\u0434\u0443\u0441\u0438 \u0426\u0435\u043b\u044c\u0441\u0456\u044f, \u0442\u0430\u043a \u0456 \u0424\u0430\u0440\u0435\u043d\u0433\u0435\u0439\u0442\u0430. \u0429\u0456\u0442\u043a\u0430 \u0434\u043b\u044f \u0441\u0442\u0456\u043d \u0442\u0430 \u043f\u0456\u0434\u043b\u043e\u0433\u0438 \u0434\u043e\u0437\u0432\u043e\u043b\u044f\u0454 \u0448\u0432\u0438\u0434\u0448\u0435 \u0432\u0438\u0434\u0430\u043b\u044f\u0442\u0438 \u043f\u043b\u044f\u043c\u0438 \u0442\u0430 \u0432\u043e\u0434\u043e\u0440\u043e\u0441\u0442\u0456 \u0437\u0456 \u0441\u0442\u0456\u043d \u0442\u0430 \u0434\u043d\u0430 \u0431\u0430\u0441\u0435\u0439\u043d\u0443. \u0417\u0430\u0432\u0434\u044f\u043a\u0438 \u0440\u0435\u0433\u0443\u043b\u044c\u043e\u0432\u0430\u043d\u0456\u0439 \u0430\u043b\u044e\u043c\u0456\u043d\u0456\u0454\u0432\u0456\u0439 \u0448\u0442\u0430\u043d\u0437\u0456 \u0432\u0438 \u043c\u043e\u0436\u0435\u0442\u0435 \u0437\u043c\u0456\u043d\u044e\u0432\u0430\u0442\u0438 \u0432\u0438\u0441\u043e\u0442\u0443 \u0448\u0442\u0430\u043d\u0433\u0438 \u0437\u0430 \u043f\u043e\u0442\u0440\u0435\u0431\u0438.<\/p>\n<\/p>\n<p>\u041a\u043e\u043c\u043f\u043b\u0435\u043a\u0442 \u0432\u043a\u043b\u044e\u0447\u0430\u0454 1 \u043f\u0438\u043b\u043e\u0441\u043e\u0441, 1 \u0437\u0430\u0441\u0456\u0431 \u0434\u043b\u044f \u0447\u0438\u0449\u0435\u043d\u043d\u044f \u043f\u043e\u0432\u0435\u0440\u0445\u043e\u043d\u044c, 1 \u0449\u0456\u0442\u043a\u0443 \u0434\u043b\u044f \u0441\u0442\u0456\u043d, 1 \u0449\u0456\u0442\u043a\u0443 \u0434\u043b\u044f \u0447\u0438\u0449\u0435\u043d\u043d\u044f, 1 \u0430\u043b\u044e\u043c\u0456\u043d\u0456\u0454\u0432\u0443 \u0440\u0443\u0447\u043a\u0443, 1 \u0437\u043c\u0456\u043d\u043d\u0443 \u043f\u043e\u043b\u0456\u043c\u0435\u0440\u043d\u0443 \u0440\u0443\u0447\u043a\u0443, 1 \u0442\u0435\u0440\u043c\u043e\u043c\u0435\u0442\u0440, 1 \u0442\u0435\u0441\u0442\u043e\u0432\u0443 \u0441\u043c\u0443\u0436\u043a\u0443 \u0442\u0430 1 \u0431\u0456\u043b\u0438\u0439 \u0448\u043b\u0430\u043d\u0433.<\/p>\n<ul>\n<li>\u041c\u0430\u0442\u0435\u0440\u0456\u0430\u043b: \u0410\u0411\u0421<\/li>\n<li>\u0417 \u0431\u0456\u043b\u0438\u043c \u0448\u043b\u0430\u043d\u0433\u043e\u043c<\/li>\n<li>\u0414\u0456\u0430\u043c\u0435\u0442\u0440 \u0448\u043b\u0430\u043d\u0433\u0430: 38 \u043c\u043c<\/li>\n<li>\u0414\u043e\u0432\u0436\u0438\u043d\u0430 \u0448\u043b\u0430\u043d\u0433\u0430: 7,5 \u043c<\/li>\n<li>\u0410\u043b\u044e\u043c\u0456\u043d\u0456\u0454\u0432\u0430 \u0448\u0442\u0430\u043d\u0433\u0430 \u0437 \u0440\u0435\u0433\u0443\u043b\u044e\u0432\u0430\u043d\u043d\u044f\u043c \u0432\u0438\u0441\u043e\u0442\u0438 \u0432\u0456\u0434 1,2 \u043c \u0434\u043e 3,6 \u043c<\/li>\n<li>\u0412\u0435\u043b\u0438\u043a\u0438\u0439 \u0442\u0430 \u043f\u043e\u0442\u0443\u0436\u043d\u0438\u0439 \u043f\u0438\u043b\u043e\u0441\u043e\u0441 \u0456\u0437 \u0437\u0430\u0445\u0438\u0441\u043d\u0438\u043c \u0432\u0456\u043d\u0456\u043b\u043e\u0432\u0438\u043c \u0431\u0430\u043c\u043f\u0435\u0440\u043e\u043c \u0442\u0430 \u0431\u0456\u0447\u043d\u0438\u043c\u0438 \u0449\u0456\u0442\u043a\u0430\u043c\u0438<\/li>\n<li>\u0417\u043d\u0456\u043c\u043d\u0438\u0439 \u0442\u0430 \u0431\u0430\u0433\u0430\u0442\u043e\u0440\u0430\u0437\u043e\u0432\u0438\u0439 \u043c\u0456\u0448\u043e\u043a \u0434\u043b\u044f \u0437\u0431\u043e\u0440\u0443 \u0441\u043c\u0456\u0442\u0442\u044f \u0442\u0430 \u043b\u0438\u0441\u0442\u044f<\/li>\n<li>\u0414\u043b\u044f \u0432\u0441\u0456\u0445 \u043d\u0430\u0437\u0435\u043c\u043d\u0438\u0445 \u0431\u0430\u0441\u0435\u0439\u043d\u0456\u0432, \u043a\u0440\u0456\u043c \u0431\u0430\u0441\u0435\u0439\u043d\u0456\u0432 \u0437\u0456 \u0441\u0442\u0430\u043b\u0435\u0432\u0438\u043c\u0438 \u0441\u0442\u0456\u043d\u043a\u0430\u043c\u0438<\/li>\n<li><strong>\u041f\u0430\u043a\u0435\u0442 \u0432\u043a\u043b\u044e\u0447\u0430\u0454:<\/strong><\/li>\n<li>1 \u0445 \u043f\u0438\u043b\u043e\u0441\u043e\u0441<\/li>\n<li>1 \u0445 \u0437\u0430\u0441\u0456\u0431 \u0434\u043b\u044f \u0447\u0438\u0449\u0435\u043d\u043d\u044f \u043f\u043e\u0432\u0435\u0440\u0445\u043e\u043d\u044c<\/li>\n<li>1 \u0445 \u0449\u0456\u0442\u043a\u0430 \u0434\u043b\u044f \u0441\u0442\u0456\u043d<\/li>\n<li>1 \u0445 \u0449\u0456\u0442\u043a\u0430 \u0434\u043b\u044f \u0447\u0438\u0449\u0435\u043d\u043d\u044f<\/li>\n<li>1 \u0445 \u0430\u043b\u044e\u043c\u0456\u043d\u0456\u0454\u0432\u0430 \u0440\u0443\u0447\u043a\u0430<\/li>\n<li>1 \u0445 \u0437\u043c\u0456\u043d\u043d\u0430 \u043f\u043e\u043b\u0456\u043c\u0435\u0440\u043d\u0430 \u0440\u0443\u0447\u043a\u0430<\/li>\n<li>1 \u0445 \u0442\u0435\u0440\u043c\u043e\u043c\u0435\u0442\u0440<\/li>\n<li>1 \u0442\u0435\u0441\u0442\u043e\u0432\u0430 \u0441\u043c\u0443\u0436\u043a\u0430<\/li>\n<li>1 \u0445 \u0431\u0456\u043b\u0438\u0439 \u0448\u043b\u0430\u043d\u0433<\/li>\n<\/ul>","protected":false},"excerpt":{"rendered":"<p>Basseinihoolduskomplekt on basseinide puhtana hoidmisel h\u00e4davajalik. Basseinipuhastuskomplekt on valmistatud vastupidavatest ja korrosioonikindlatest materjalidest. Kaitsva vin\u00fc\u00fclist kaitseserva ja k\u00fclgharjadega suurt valget ABSist raskusega&hellip;<\/p>","protected":false},"featured_media":333115,"comment_status":"open","ping_status":"closed","template":"","meta":{"wprm-recipe-roundup-name":"","wprm-recipe-roundup-description":""},"product_brand":[],"product_cat":[3662],"product_tag":[3853,3731,3705,536,540],"class_list":{"0":"post-333123","1":"product","2":"type-product","3":"status-publish","4":"has-post-thumbnail","6":"product_cat-basseini-puhastustarvikud","7":"product_tag-basseini-ja-spaa-hoolduskomplektid","8":"product_tag-basseini-ja-spaa-tarvikud","9":"product_tag-basseinid-ja-spaad","10":"product_tag-kodu-ja-aed","11":"product_tag-parcel","12":"pa_brand-vidaxl","14":"first","15":"instock","16":"taxable","17":"shipping-taxable","18":"purchasable","19":"product-type-simple"},"supplier_id":null,"supplier_sku":"","barcode":null,"atum_controlled":false,"out_stock_date":null,"out_stock_threshold":null,"inheritable":false,"inbound_stock":null,"stock_on_hold":null,"sold_today":null,"sales_last_days":null,"reserved_stock":null,"customer_returns":null,"warehouse_damage":null,"lost_in_post":null,"other_logs":null,"out_stock_days":null,"lost_sales":null,"has_location":null,"update_date":"2026-05-02T13:36:09","atum_locations":[],"atum_stock_status":"instock","restock_status":false,"low_stock_amount":"","sales_update_date":null,"calc_backorders":null,"aioseo_notices":[],"_links":{"self":[{"href":"https:\/\/ecoshop.ee\/uk\/wp-json\/wp\/v2\/product\/333123","targetHints":{"allow":["GET"]}}],"collection":[{"href":"https:\/\/ecoshop.ee\/uk\/wp-json\/wp\/v2\/product"}],"about":[{"href":"https:\/\/ecoshop.ee\/uk\/wp-json\/wp\/v2\/types\/product"}],"replies":[{"embeddable":true,"href":"https:\/\/ecoshop.ee\/uk\/wp-json\/wp\/v2\/comments?post=333123"}],"version-history":[{"count":0,"href":"https:\/\/ecoshop.ee\/uk\/wp-json\/wp\/v2\/product\/333123\/revisions"}],"wp:featuredmedia":[{"embeddable":true,"href":"https:\/\/ecoshop.ee\/uk\/wp-json\/wp\/v2\/media\/333115"}],"wp:attachment":[{"href":"https:\/\/ecoshop.ee\/uk\/wp-json\/wp\/v2\/media?parent=333123"}],"wp:term":[{"taxonomy":"product_brand","embeddable":true,"href":"https:\/\/ecoshop.ee\/uk\/wp-json\/wp\/v2\/product_brand?post=333123"},{"taxonomy":"product_cat","embeddable":true,"href":"https:\/\/ecoshop.ee\/uk\/wp-json\/wp\/v2\/product_cat?post=333123"},{"taxonomy":"product_tag","embeddable":true,"href":"https:\/\/ecoshop.ee\/uk\/wp-json\/wp\/v2\/product_tag?post=333123"}],"curies":[{"name":"wp","href":"https:\/\/api.w.org\/{rel}","templated":true}]}}