{"id":333165,"date":"2026-02-27T17:05:02","date_gmt":"2026-02-27T14:05:02","guid":{"rendered":"https:\/\/ecoshop.ee\/maaratlemata\/maapinna-soelakomplekt-30-mm\/"},"modified":"2026-05-15T05:08:59","modified_gmt":"2026-05-15T02:08:59","slug":"%d0%ba%d0%be%d0%bc%d0%bf%d0%bb%d0%b5%d0%ba%d1%82-%d0%bc%d0%b5%d0%bb%d0%b5%d0%bd%d0%be%d1%97-%d1%81%d0%be%d0%bb%d1%96-30-%d0%bc%d0%bc","status":"publish","type":"product","link":"https:\/\/ecoshop.ee\/uk\/basseini-puhastustarvikud\/maapinna-soelakomplekt-30-mm\/","title":{"rendered":"\u041a\u043e\u043c\u043f\u043b\u0435\u043a\u0442 \u0437\u0430\u0437\u0435\u043c\u043b\u044e\u044e\u0447\u043e\u0433\u043e \u0435\u043a\u0440\u0430\u043d\u0443 30 \u043c\u043c"},"content":{"rendered":"<p>\u041a\u043e\u043c\u043f\u043b\u0435\u043a\u0442 \u0435\u043a\u0440\u0430\u043d\u0443 \u0434\u043b\u044f \u043d\u0430\u0437\u0435\u043c\u043d\u043e\u0433\u043e \u0431\u0430\u0441\u0435\u0439\u043d\u0443 \u0432\u043a\u043b\u044e\u0447\u0430\u0454 \u0432\u0441\u0435 \u043d\u0435\u043e\u0431\u0445\u0456\u0434\u043d\u0435 \u0434\u043b\u044f \u043f\u0435\u0440\u0435\u043c\u0456\u0449\u0435\u043d\u043d\u044f \u0432\u043e\u0434\u0438 \u0432 \u0431\u0430\u0441\u0435\u0439\u043d \u0456 \u0437 \u043d\u044c\u043e\u0433\u043e.<\/p>\n<\/p>\n<p>\u041a\u043e\u043c\u043f\u043b\u0435\u043a\u0442 \u0432\u043a\u043b\u044e\u0447\u0430\u0454 \u0432\u0445\u0456\u0434\u043d\u0438\u0439 \u0442\u0430 \u0437\u0432\u043e\u0440\u043e\u0442\u043d\u0438\u0439 \u0444\u0456\u043b\u044c\u0442\u0440\u0438, \u0430 \u0442\u0430\u043a\u043e\u0436 \u0437&#039;\u0454\u0434\u043d\u0430\u043d\u043d\u044f \u0444\u0456\u043b\u044c\u0442\u0440\u0430, \u0449\u043e \u0440\u043e\u0431\u0438\u0442\u044c \u0439\u043e\u0433\u043e \u043f\u043e\u0432\u043d\u043e\u0446\u0456\u043d\u043d\u0438\u043c \u043a\u043e\u043c\u043f\u043b\u0435\u043a\u0442\u043e\u043c \u0434\u043b\u044f \u0437\u0430\u043c\u0456\u043d\u0438 \u043a\u0440\u043e\u043d\u0448\u0442\u0435\u0439\u043d\u0456\u0432 \u0434\u043b\u044f \u0441\u0442\u0456\u043d\u0438 \u0431\u0430\u0441\u0435\u0439\u043d\u0443. \u041f\u0440\u043e\u0441\u0442\u043e \u0432\u0441\u0442\u0430\u043d\u043e\u0432\u0456\u0442\u044c \u0457\u0445 \u0442\u0430 \u043f\u0456\u0434\u043a\u043b\u044e\u0447\u0456\u0442\u044c \u043d\u0430\u0441\u043e\u0441.<\/p>\n<ul>\n<li>\u041a\u043e\u043b\u0456\u0440: \u0441\u0438\u043d\u0456\u0439 \u0442\u0430 \u0447\u043e\u0440\u043d\u0438\u0439<\/li>\n<li>\u041c\u0430\u0442\u0435\u0440\u0456\u0430\u043b: \u041f\u041f (\u043f\u043e\u043b\u0456\u043f\u0440\u043e\u043f\u0456\u043b\u0435\u043d), \u0433\u0443\u043c\u0430<\/li>\n<li>\u0420\u043e\u0431\u043e\u0442\u0430 \u0437 \u0444\u0456\u043b\u044c\u0442\u0440\u0443\u0432\u0430\u043b\u044c\u043d\u0438\u043c \u043d\u0430\u0441\u043e\u0441\u043e\u043c<\/li>\n<li><strong>\u041a\u043e\u043c\u043f\u043b\u0435\u043a\u0442 \u0432\u043a\u043b\u044e\u0447\u0430\u0454:<\/strong><\/li>\n<li>1 x 30 \u043c\u043c \u0432\u0445\u0456\u0434\u043d\u0438\u0439 \u0444\u0456\u043b\u044c\u0442\u0440 \u0456\u0437 \u0437\u0430\u0433\u043b\u0443\u0448\u043a\u043e\u044e<\/li>\n<li>1 x 30 \u043c\u043c \u0444\u0456\u043b\u044c\u0442\u0440 \u0437\u0432\u043e\u0440\u043e\u0442\u043d\u043e\u0433\u043e \u043f\u043e\u0442\u043e\u043a\u0443 \u0431\u0430\u0441\u0435\u0439\u043d\u0443 \u0437 \u0437\u0430\u0433\u043b\u0443\u0448\u043a\u043e\u044e<\/li>\n<li>2 \u0440\u043e\u0437\u0435\u0442\u043a\u0438<\/li>\n<\/ul>","protected":false},"excerpt":{"rendered":"<p>Maapealse basseini s\u00f5elakomplektis on k\u00f5ik vajalik vee liikumiseks basseini ja sealt v\u00e4lja. Komplektis on nii sisselaske- kui tagasivoolus\u00f5el, samuti s\u00f5ela\u00fchendused, mis teeb&hellip;<\/p>","protected":false},"featured_media":333157,"comment_status":"open","ping_status":"closed","template":"","meta":{"wprm-recipe-roundup-name":"","wprm-recipe-roundup-description":""},"product_brand":[],"product_cat":[3662],"product_tag":[3853,3731,3705,536,540],"class_list":{"0":"post-333165","1":"product","2":"type-product","3":"status-publish","4":"has-post-thumbnail","6":"product_cat-basseini-puhastustarvikud","7":"product_tag-basseini-ja-spaa-hoolduskomplektid","8":"product_tag-basseini-ja-spaa-tarvikud","9":"product_tag-basseinid-ja-spaad","10":"product_tag-kodu-ja-aed","11":"product_tag-parcel","12":"pa_brand-vidaxl","14":"first","15":"instock","16":"taxable","17":"shipping-taxable","18":"purchasable","19":"product-type-simple"},"supplier_id":null,"supplier_sku":"","barcode":null,"atum_controlled":false,"out_stock_date":null,"out_stock_threshold":null,"inheritable":false,"inbound_stock":null,"stock_on_hold":0,"sold_today":0,"sales_last_days":0,"reserved_stock":null,"customer_returns":null,"warehouse_damage":null,"lost_in_post":null,"other_logs":null,"out_stock_days":0,"lost_sales":0,"has_location":null,"update_date":"2026-05-15T02:09:00","atum_locations":[],"atum_stock_status":"instock","restock_status":false,"low_stock_amount":"","sales_update_date":"2026-03-07T01:16:42","calc_backorders":null,"aioseo_notices":[],"_links":{"self":[{"href":"https:\/\/ecoshop.ee\/uk\/wp-json\/wp\/v2\/product\/333165","targetHints":{"allow":["GET"]}}],"collection":[{"href":"https:\/\/ecoshop.ee\/uk\/wp-json\/wp\/v2\/product"}],"about":[{"href":"https:\/\/ecoshop.ee\/uk\/wp-json\/wp\/v2\/types\/product"}],"replies":[{"embeddable":true,"href":"https:\/\/ecoshop.ee\/uk\/wp-json\/wp\/v2\/comments?post=333165"}],"version-history":[{"count":0,"href":"https:\/\/ecoshop.ee\/uk\/wp-json\/wp\/v2\/product\/333165\/revisions"}],"wp:featuredmedia":[{"embeddable":true,"href":"https:\/\/ecoshop.ee\/uk\/wp-json\/wp\/v2\/media\/333157"}],"wp:attachment":[{"href":"https:\/\/ecoshop.ee\/uk\/wp-json\/wp\/v2\/media?parent=333165"}],"wp:term":[{"taxonomy":"product_brand","embeddable":true,"href":"https:\/\/ecoshop.ee\/uk\/wp-json\/wp\/v2\/product_brand?post=333165"},{"taxonomy":"product_cat","embeddable":true,"href":"https:\/\/ecoshop.ee\/uk\/wp-json\/wp\/v2\/product_cat?post=333165"},{"taxonomy":"product_tag","embeddable":true,"href":"https:\/\/ecoshop.ee\/uk\/wp-json\/wp\/v2\/product_tag?post=333165"}],"curies":[{"name":"wp","href":"https:\/\/api.w.org\/{rel}","templated":true}]}}