{"id":333528,"date":"2026-02-27T17:15:46","date_gmt":"2026-02-27T14:15:46","guid":{"rendered":"https:\/\/ecoshop.ee\/maaratlemata\/8-osaline-basseinipuhastaja-komplekt-21-x-25-x-305-cm\/"},"modified":"2026-05-12T22:40:39","modified_gmt":"2026-05-12T19:40:39","slug":"%d0%bd%d0%b0%d0%b1%d1%96%d1%80-%d0%b4%d0%bb%d1%8f-%d1%87%d0%b8%d1%89%d0%b5%d0%bd%d0%bd%d1%8f-%d0%b1%d0%b0%d1%81%d0%b5%d0%b9%d0%bd%d1%83-%d0%b7-8-%d0%bf%d1%80%d0%b5%d0%b4%d0%bc%d0%b5%d1%82%d1%96%d0%b2","status":"publish","type":"product","link":"https:\/\/ecoshop.ee\/uk\/basseini-puhastustarvikud\/8-osaline-basseinipuhastaja-komplekt-21-x-25-x-305-cm\/","title":{"rendered":"\u041d\u0430\u0431\u0456\u0440 \u0456\u0437 8 \u0437\u0430\u0441\u043e\u0431\u0456\u0432 \u0434\u043b\u044f \u0447\u0438\u0449\u0435\u043d\u043d\u044f \u0431\u0430\u0441\u0435\u0439\u043d\u0443, 21 x 25 x 30,5 \u0441\u043c"},"content":{"rendered":"<p>\u041c\u0456\u0446\u043d\u0438\u0439 \u043e\u0447\u0438\u0449\u0443\u0432\u0430\u0447 \u0431\u0430\u0441\u0435\u0439\u043d\u0443 \u0432\u0438\u0433\u043e\u0442\u043e\u0432\u043b\u0435\u043d\u0438\u0439 \u0437 \u043c\u0456\u0446\u043d\u043e\u0433\u043e ABS-\u043f\u043b\u0430\u0441\u0442\u0438\u043a\u0443. \u041a\u043e\u043d\u0442\u0443\u0440\u043d\u0438\u0439 \u043a\u043e\u0440\u043f\u0443\u0441 \u0437 \u043f\u0435\u0440\u0435\u043b\u0438\u0432\u043e\u043c \u0442\u0430 \u043a\u043e\u0448\u0438\u043a\u043e\u043c \u0440\u043e\u0437\u043c\u0456\u0440\u043e\u043c 15,8 x 7,6 \u0441\u043c \u0437\u0430\u0431\u0435\u0437\u043f\u0435\u0447\u0443\u0454 \u0447\u0443\u0434\u043e\u0432\u0435 \u043e\u0447\u0438\u0449\u0435\u043d\u043d\u044f, \u0435\u0444\u0435\u043a\u0442\u0438\u0432\u043d\u043e \u0442\u0430 \u043f\u043e\u0432\u043d\u0456\u0441\u0442\u044e \u0432\u0438\u0434\u0430\u043b\u044f\u044e\u0447\u0438 \u0431\u0440\u0443\u0434. \u0414\u043e \u043a\u043e\u043c\u043f\u043b\u0435\u043a\u0442\u0443 \u0432\u0445\u043e\u0434\u044f\u0442\u044c \u043e\u0447\u0438\u0449\u0443\u0432\u0430\u0447 \u043f\u043e\u0432\u0435\u0440\u0445\u043d\u0456, \u0432\u0445\u0456\u0434\u043d\u0430 \u043d\u0430\u0441\u0430\u0434\u043a\u0430, \u043f\u0435\u0440\u0435\u043b\u0438\u0432\u043d\u0438\u0439 \u043e\u0442\u0432\u0456\u0440 \u043e\u0447\u0438\u0449\u0443\u0432\u0430\u0447\u0430 \u043f\u043e\u0432\u0435\u0440\u0445\u043d\u0456, \u043a\u0440\u0438\u0448\u043a\u0430 \u043e\u0447\u0438\u0449\u0443\u0432\u0430\u0447\u0430 \u043f\u043e\u0432\u0435\u0440\u0445\u043d\u0456, \u043e\u0441\u043d\u043e\u0432\u0430 \u043e\u0447\u0438\u0449\u0443\u0432\u0430\u0447\u0430 \u043f\u043e\u0432\u0435\u0440\u0445\u043d\u0456, \u043a\u043e\u0448\u0438\u043a, \u0437&#039;\u0454\u0434\u043d\u0443\u0432\u0430\u0447 \u0448\u043b\u0430\u043d\u0433\u0430, \u043f\u0440\u043e\u043a\u043b\u0430\u0434\u043a\u0430 \u0442\u0430 \u0456\u043d\u0448\u0456 \u0430\u043a\u0441\u0435\u0441\u0443\u0430\u0440\u0438 \u0434\u043b\u044f \u0432\u0441\u0442\u0430\u043d\u043e\u0432\u043b\u0435\u043d\u043d\u044f.<\/p>\n<ul>\n<li>\u0420\u043e\u0437\u043c\u0456\u0440\u0438: 21 x 25 x 30,5 \u0441\u043c (\u0428 x \u0413 x \u0412)<\/li>\n<li>\u041c\u0430\u0442\u0435\u0440\u0456\u0430\u043b: \u0410\u0411\u0421<\/li>\n<li>\u0420\u043e\u0437\u043c\u0456\u0440\u0438 \u043a\u043e\u0448\u0438\u043a\u0430 \u0434\u043b\u044f \u043f\u0438\u043b\u043e\u0441\u043e\u0441\u0430: 15,8 x 7,6 \u0441\u043c (\u0413 x \u0412)<\/li>\n<li><strong>\u041f\u0430\u043a\u0435\u0442 \u0432\u043a\u043b\u044e\u0447\u0430\u0454:<\/strong><\/li>\n<li>1 \u0445 \u0437\u0430\u0441\u0456\u0431 \u0434\u043b\u044f \u0447\u0438\u0449\u0435\u043d\u043d\u044f \u043f\u043e\u0432\u0435\u0440\u0445\u043e\u043d\u044c<\/li>\n<li>1 x \u043f\u0435\u0440\u0435\u043b\u0438\u0432\u043d\u0438\u0439 \u0444\u0456\u043b\u044c\u0442\u0440 \u0434\u043b\u044f \u043e\u0447\u0438\u0449\u0435\u043d\u043d\u044f \u043f\u043e\u0432\u0435\u0440\u0445\u043e\u043d\u044c<\/li>\n<li>1 x \u041a\u0440\u0438\u0448\u043a\u0430 \u0434\u043b\u044f \u043e\u0447\u0438\u0449\u0435\u043d\u043d\u044f \u043f\u043e\u0432\u0435\u0440\u0445\u043e\u043d\u044c<\/li>\n<li>1 x \u043e\u043f\u043e\u0440\u043d\u0430 \u043f\u043b\u0430\u0441\u0442\u0438\u043d\u0430 \u0434\u043b\u044f \u043e\u0447\u0438\u0449\u0435\u043d\u043d\u044f \u043f\u043e\u0432\u0435\u0440\u0445\u043e\u043d\u044c<\/li>\n<li>1 \u0445 \u043f\u0440\u043e\u043a\u043b\u0430\u0434\u043a\u0430<\/li>\n<li>1 x \u0432\u0445\u0456\u0434\u043d\u0438\u0439 \u043f\u0430\u0442\u0440\u0443\u0431\u043e\u043a<\/li>\n<li>1 \u0445 \u043a\u043e\u0448\u0438\u043a<\/li>\n<li>1 x \u0437&#039;\u0454\u0434\u043d\u0443\u0432\u0430\u0447 \u0434\u043b\u044f \u0448\u043b\u0430\u043d\u0433\u0430<\/li>\n<li>\u0406\u043d\u0448\u0456 \u0430\u043a\u0441\u0435\u0441\u0443\u0430\u0440\u0438 \u0434\u043b\u044f \u0432\u0441\u0442\u0430\u043d\u043e\u0432\u043b\u0435\u043d\u043d\u044f<\/li>\n<\/ul>","protected":false},"excerpt":{"rendered":"<p>Vastupidav basseinipuhasti on valmistatud tugevast ABSist. \u00dclevoolu ja 15,8 x 7,6 cm suuruse korviga kontuurne korpus tagab suurep\u00e4rase puhastuse, mis eemaldab t\u00f5husalt&hellip;<\/p>","protected":false},"featured_media":333521,"comment_status":"open","ping_status":"closed","template":"","meta":{"wprm-recipe-roundup-name":"","wprm-recipe-roundup-description":""},"product_brand":[],"product_cat":[3662],"product_tag":[3731,4003,3705,536,540],"class_list":{"0":"post-333528","1":"product","2":"type-product","3":"status-publish","4":"has-post-thumbnail","6":"product_cat-basseini-puhastustarvikud","7":"product_tag-basseini-ja-spaa-tarvikud","8":"product_tag-basseini-pinnapuhastajad","9":"product_tag-basseinid-ja-spaad","10":"product_tag-kodu-ja-aed","11":"product_tag-parcel","12":"pa_brand-vidaxl","14":"first","15":"instock","16":"taxable","17":"shipping-taxable","18":"purchasable","19":"product-type-simple"},"supplier_id":null,"supplier_sku":"","barcode":null,"atum_controlled":false,"out_stock_date":null,"out_stock_threshold":null,"inheritable":false,"inbound_stock":null,"stock_on_hold":null,"sold_today":null,"sales_last_days":null,"reserved_stock":null,"customer_returns":null,"warehouse_damage":null,"lost_in_post":null,"other_logs":null,"out_stock_days":null,"lost_sales":null,"has_location":null,"update_date":"2026-05-12T19:40:39","atum_locations":[],"atum_stock_status":"instock","restock_status":false,"low_stock_amount":"","sales_update_date":null,"calc_backorders":null,"aioseo_notices":[],"_links":{"self":[{"href":"https:\/\/ecoshop.ee\/uk\/wp-json\/wp\/v2\/product\/333528","targetHints":{"allow":["GET"]}}],"collection":[{"href":"https:\/\/ecoshop.ee\/uk\/wp-json\/wp\/v2\/product"}],"about":[{"href":"https:\/\/ecoshop.ee\/uk\/wp-json\/wp\/v2\/types\/product"}],"replies":[{"embeddable":true,"href":"https:\/\/ecoshop.ee\/uk\/wp-json\/wp\/v2\/comments?post=333528"}],"version-history":[{"count":0,"href":"https:\/\/ecoshop.ee\/uk\/wp-json\/wp\/v2\/product\/333528\/revisions"}],"wp:featuredmedia":[{"embeddable":true,"href":"https:\/\/ecoshop.ee\/uk\/wp-json\/wp\/v2\/media\/333521"}],"wp:attachment":[{"href":"https:\/\/ecoshop.ee\/uk\/wp-json\/wp\/v2\/media?parent=333528"}],"wp:term":[{"taxonomy":"product_brand","embeddable":true,"href":"https:\/\/ecoshop.ee\/uk\/wp-json\/wp\/v2\/product_brand?post=333528"},{"taxonomy":"product_cat","embeddable":true,"href":"https:\/\/ecoshop.ee\/uk\/wp-json\/wp\/v2\/product_cat?post=333528"},{"taxonomy":"product_tag","embeddable":true,"href":"https:\/\/ecoshop.ee\/uk\/wp-json\/wp\/v2\/product_tag?post=333528"}],"curies":[{"name":"wp","href":"https:\/\/api.w.org\/{rel}","templated":true}]}}