{"id":333687,"date":"2026-02-27T17:18:51","date_gmt":"2026-02-27T14:18:51","guid":{"rendered":"https:\/\/ecoshop.ee\/maaratlemata\/sauna-peatugi-mannipuit\/"},"modified":"2026-05-14T09:20:53","modified_gmt":"2026-05-14T06:20:53","slug":"%d0%bf%d1%96%d0%b4%d0%b3%d0%be%d0%bb%d1%96%d0%b2%d0%bd%d0%b8%d0%ba-%d0%b4%d0%bb%d1%8f-%d1%81%d0%b0%d1%83%d0%bd%d0%b8-%d0%b7-%d0%b4%d0%b5%d1%80%d0%b5%d0%b2%d0%b0","status":"publish","type":"product","link":"https:\/\/ecoshop.ee\/uk\/saunatarvikud\/sauna-peatugi-mannipuit\/","title":{"rendered":"\u041f\u0456\u0434\u0433\u043e\u043b\u0456\u0432\u043d\u0438\u043a \u0434\u043b\u044f \u0441\u0430\u0443\u043d\u0438, \u0441\u043e\u0441\u043d\u043e\u0432\u0438\u0439"},"content":{"rendered":"<p>\u0414\u0435\u0440\u0435\u0432&#039;\u044f\u043d\u0438\u0439 \u043f\u0456\u0434\u0433\u043e\u043b\u0456\u0432\u043d\u0438\u043a \u0434\u043b\u044f \u0441\u0430\u0443\u043d\u0438 \u0441\u043f\u0435\u0446\u0456\u0430\u043b\u044c\u043d\u043e \u0440\u043e\u0437\u0440\u043e\u0431\u043b\u0435\u043d\u0438\u0439, \u0449\u043e\u0431 \u0437\u0440\u043e\u0431\u0438\u0442\u0438 \u0432\u0430\u0448\u0435 \u0437\u0432\u0438\u0447\u0430\u0439\u043d\u0435 \u043f\u0435\u0440\u0435\u0431\u0443\u0432\u0430\u043d\u043d\u044f \u0432 \u0441\u0430\u0443\u043d\u0456 \u0449\u0435 \u0431\u0456\u043b\u044c\u0448 \u0440\u043e\u0437\u0441\u043b\u0430\u0431\u043b\u044e\u044e\u0447\u0438\u043c \u0442\u0430 \u043f\u0440\u0438\u0454\u043c\u043d\u0438\u043c.<\/p>\n<\/p>\n<ul>\n<li>\u041f\u0440\u043e\u0434\u0443\u043c\u0430\u043d\u0438\u0439 \u0434\u0438\u0437\u0430\u0439\u043d: \u043f\u043b\u0430\u0432\u043d\u0438\u0439 \u0432\u0438\u0433\u0438\u043d \u0434\u0435\u0440\u0435\u0432&#039;\u044f\u043d\u043e\u0433\u043e \u043f\u0456\u0434\u0433\u043e\u043b\u0456\u0432\u043d\u0438\u043a\u0430 \u043f\u0440\u0438\u0440\u043e\u0434\u043d\u043e \u043f\u0456\u0434\u0442\u0440\u0438\u043c\u0443\u0454 \u0432\u0430\u0448\u0443 \u0433\u043e\u043b\u043e\u0432\u0443 \u0442\u0430 \u0448\u0438\u044e, \u0434\u043e\u0437\u0432\u043e\u043b\u044f\u044e\u0447\u0438 \u0432\u0430\u043c \u043b\u0435\u0436\u0430\u0442\u0438 \u043d\u0430 \u0441\u043f\u0438\u043d\u0456 \u0442\u0430 \u043a\u043e\u043c\u0444\u043e\u0440\u0442\u043d\u0456\u0448\u0435 \u0440\u043e\u0437\u0441\u043b\u0430\u0431\u043b\u044f\u0442\u0438\u0441\u044f.<\/li>\n<li>\u0428\u0438\u0440\u043e\u043a\u0456 \u043b\u0430\u043c\u0435\u043b\u0456: \u0428\u0438\u0440\u043e\u043a\u0456 \u043b\u0430\u043c\u0435\u043b\u0456 \u043f\u043e\u0434\u0443\u0448\u043a\u0438 \u0434\u043b\u044f \u0448\u0438\u0457 \u0432 \u0441\u0430\u0443\u043d\u0456 \u043d\u0435 \u0442\u0456\u043b\u044c\u043a\u0438 \u0434\u043e\u0431\u0440\u0435 \u0437\u0430\u0431\u0435\u0437\u043f\u0435\u0447\u0443\u044e\u0442\u044c \u0446\u0438\u0440\u043a\u0443\u043b\u044f\u0446\u0456\u044e \u043f\u043e\u0432\u0456\u0442\u0440\u044f, \u0430\u043b\u0435 \u0439 \u0434\u043e\u0434\u0430\u044e\u0442\u044c \u0435\u043b\u0435\u0433\u0430\u043d\u0442\u043d\u043e\u0441\u0442\u0456.<\/li>\n<li>\u041c\u0456\u0446\u043d\u0438\u0439 \u043c\u0430\u0442\u0435\u0440\u0456\u0430\u043b: \u0421\u043e\u0441\u043d\u0430 \u2013 \u0446\u0435 \u0433\u0430\u0440\u043d\u0438\u0439 \u043d\u0430\u0442\u0443\u0440\u0430\u043b\u044c\u043d\u0438\u0439 \u043c\u0430\u0442\u0435\u0440\u0456\u0430\u043b. \u0421\u043e\u0441\u043d\u0430 \u043c\u0430\u0454 \u043f\u0440\u044f\u043c\u0456 \u0432\u043e\u043b\u043e\u043a\u043d\u0430 \u0442\u0430 \u0441\u0443\u0447\u043a\u0438, \u0449\u043e \u043d\u0430\u0434\u0430\u044e\u0442\u044c \u043c\u0430\u0442\u0435\u0440\u0456\u0430\u043b\u0443 \u0441\u0456\u043b\u044c\u0441\u044c\u043a\u043e\u0433\u043e \u0432\u0438\u0433\u043b\u044f\u0434\u0443. \u0421\u043e\u0441\u043d\u043e\u0432\u0430 \u043f\u043e\u0434\u0443\u0448\u043a\u0430 \u0434\u043b\u044f \u0441\u0430\u0443\u043d\u0438 \u0434\u0443\u0436\u0435 \u043c\u0456\u0446\u043d\u0430.<\/li>\n<\/ul>\n<ul>\n<li>\u041c\u0430\u0442\u0435\u0440\u0456\u0430\u043b: \u0441\u043e\u0441\u043d\u043e\u0432\u0430 \u0434\u0435\u0440\u0435\u0432\u0438\u043d\u0430 (\u043d\u0435\u043e\u0431\u0440\u043e\u0431\u043b\u0435\u043d\u0430)<\/li>\n<li>\u0420\u043e\u0437\u043c\u0456\u0440\u0438: 37 x 33 x 10 \u0441\u043c (\u0414 x \u0428 x \u0412)<\/li>\n<\/ul>","protected":false},"excerpt":{"rendered":"<p>Puidust sauna peatugi on spetsiaalselt loodud selleks, et muuta teie tavaline saunakogemus veelgi l\u00f5\u00f5gastavamaks ja nauditavamaks. T\u00e4helepanelik disain: puidust peatoe \u00f5rn kaarduvus&hellip;<\/p>","protected":false},"featured_media":333681,"comment_status":"open","ping_status":"closed","template":"","meta":{"wprm-recipe-roundup-name":"","wprm-recipe-roundup-description":""},"product_brand":[],"product_cat":[3667],"product_tag":[3705,1885,536,540,4028],"class_list":{"0":"post-333687","1":"product","2":"type-product","3":"status-publish","4":"has-post-thumbnail","6":"product_cat-saunatarvikud","7":"product_tag-basseinid-ja-spaad","8":"product_tag-hobedane","9":"product_tag-kodu-ja-aed","10":"product_tag-parcel","11":"product_tag-saunatarvikud","12":"pa_brand-vidaxl","14":"first","15":"instock","16":"taxable","17":"shipping-taxable","18":"purchasable","19":"product-type-simple"},"supplier_id":null,"supplier_sku":"","barcode":null,"atum_controlled":false,"out_stock_date":null,"out_stock_threshold":null,"inheritable":false,"inbound_stock":null,"stock_on_hold":null,"sold_today":null,"sales_last_days":null,"reserved_stock":null,"customer_returns":null,"warehouse_damage":null,"lost_in_post":null,"other_logs":null,"out_stock_days":null,"lost_sales":null,"has_location":null,"update_date":"2026-05-14T06:20:54","atum_locations":[],"atum_stock_status":"instock","restock_status":false,"low_stock_amount":"","sales_update_date":null,"calc_backorders":null,"aioseo_notices":[],"_links":{"self":[{"href":"https:\/\/ecoshop.ee\/uk\/wp-json\/wp\/v2\/product\/333687","targetHints":{"allow":["GET"]}}],"collection":[{"href":"https:\/\/ecoshop.ee\/uk\/wp-json\/wp\/v2\/product"}],"about":[{"href":"https:\/\/ecoshop.ee\/uk\/wp-json\/wp\/v2\/types\/product"}],"replies":[{"embeddable":true,"href":"https:\/\/ecoshop.ee\/uk\/wp-json\/wp\/v2\/comments?post=333687"}],"version-history":[{"count":0,"href":"https:\/\/ecoshop.ee\/uk\/wp-json\/wp\/v2\/product\/333687\/revisions"}],"wp:featuredmedia":[{"embeddable":true,"href":"https:\/\/ecoshop.ee\/uk\/wp-json\/wp\/v2\/media\/333681"}],"wp:attachment":[{"href":"https:\/\/ecoshop.ee\/uk\/wp-json\/wp\/v2\/media?parent=333687"}],"wp:term":[{"taxonomy":"product_brand","embeddable":true,"href":"https:\/\/ecoshop.ee\/uk\/wp-json\/wp\/v2\/product_brand?post=333687"},{"taxonomy":"product_cat","embeddable":true,"href":"https:\/\/ecoshop.ee\/uk\/wp-json\/wp\/v2\/product_cat?post=333687"},{"taxonomy":"product_tag","embeddable":true,"href":"https:\/\/ecoshop.ee\/uk\/wp-json\/wp\/v2\/product_tag?post=333687"}],"curies":[{"name":"wp","href":"https:\/\/api.w.org\/{rel}","templated":true}]}}