{"id":333700,"date":"2026-02-27T17:19:02","date_gmt":"2026-02-27T14:19:02","guid":{"rendered":"https:\/\/ecoshop.ee\/maaratlemata\/kaks-uhes-sauna-termo-hugromeeter-ja-liivakell-mannipuit-2\/"},"modified":"2026-05-15T21:30:01","modified_gmt":"2026-05-15T18:30:01","slug":"%d0%b4%d0%b2%d0%b0-%d0%b2-%d0%be%d0%b4%d0%bd%d0%be%d0%bc%d1%83-%d1%82%d0%b5%d1%80%d0%bc%d0%be%d0%b3%d1%96%d0%b3%d1%80%d0%be%d0%bc%d0%b5%d1%82%d1%80-%d0%b4%d0%bb%d1%8f-%d1%81%d0%b0%d1%83%d0%bd%d0%b8","status":"publish","type":"product","link":"https:\/\/ecoshop.ee\/uk\/saunatarvikud\/kaks-uhes-sauna-termo-hugromeeter-ja-liivakell-mannipuit-2\/","title":{"rendered":"\u0422\u0435\u0440\u043c\u043e\u0433\u0456\u0433\u0440\u043e\u043c\u0435\u0442\u0440 \u0434\u043b\u044f \u0441\u0430\u0443\u043d\u0438 \u0442\u0430 \u043f\u0456\u0441\u043e\u0447\u043d\u0438\u0439 \u0433\u043e\u0434\u0438\u043d\u043d\u0438\u043a &quot;\u0434\u0432\u0430 \u0432 \u043e\u0434\u043d\u043e\u043c\u0443&quot;, \u0441\u043e\u0441\u043d\u043e\u0432\u0435 \u0434\u0435\u0440\u0435\u0432\u043e"},"content":{"rendered":"<p>\u0414\u0435\u0440\u0435\u0432&#039;\u044f\u043d\u0438\u0439 \u043d\u0430\u0431\u0456\u0440 2-\u0432-1 \u0434\u043b\u044f \u0441\u0430\u0443\u043d\u0438: \u0442\u0435\u0440\u043c\u043e\u0433\u0456\u0433\u0440\u043e\u043c\u0435\u0442\u0440 \u0442\u0430 \u043f\u0456\u0441\u043e\u0447\u043d\u0438\u0439 \u0433\u043e\u0434\u0438\u043d\u043d\u0438\u043a \u2013 \u0446\u0435 \u043d\u0435\u0437\u0430\u043c\u0456\u043d\u043d\u0438\u0439 \u0430\u043a\u0441\u0435\u0441\u0443\u0430\u0440 \u0434\u043b\u044f \u043a\u043e\u0436\u043d\u043e\u0457 \u0441\u0430\u0443\u043d\u0438. \u0412\u0456\u043d \u0434\u043e\u043f\u043e\u043c\u043e\u0436\u0435 \u0432\u0430\u043c \u043d\u0430\u0441\u043e\u043b\u043e\u0434\u0436\u0443\u0432\u0430\u0442\u0438\u0441\u044f \u0441\u0430\u0443\u043d\u043e\u044e \u0437 \u0431\u0456\u043b\u044c\u0448\u0438\u043c \u043a\u043e\u043c\u0444\u043e\u0440\u0442\u043e\u043c.<\/p>\n<\/p>\n<ul>\n<li>\u041d\u0435\u0437\u0430\u043c\u0456\u043d\u043d\u0438\u0439 \u0442\u0435\u0440\u043c\u043e\u043c\u0435\u0442\u0440 \u0456 \u0433\u0456\u0433\u0440\u043e\u043c\u0435\u0442\u0440 \u0434\u043b\u044f \u0441\u0430\u0443\u043d\u0438: \u041a\u043e\u043d\u0442\u0440\u043e\u043b\u044c \u0442\u0435\u043c\u043f\u0435\u0440\u0430\u0442\u0443\u0440\u0438 \u0442\u0430 \u0432\u043e\u043b\u043e\u0433\u043e\u0441\u0442\u0456 \u0443 \u0432\u0430\u0448\u0456\u0439 \u0441\u0430\u0443\u043d\u0456 \u0434\u0443\u0436\u0435 \u0432\u0430\u0436\u043b\u0438\u0432\u0438\u0439. \u0417\u0430 \u0434\u043e\u043f\u043e\u043c\u043e\u0433\u043e\u044e \u0446\u044c\u043e\u0433\u043e \u0442\u0435\u0440\u043c\u043e\u043c\u0435\u0442\u0440\u0430 \u0442\u0430 \u0433\u0456\u0433\u0440\u043e\u043c\u0435\u0442\u0440\u0430 \u0434\u043b\u044f \u0441\u0430\u0443\u043d\u0438 2-\u0432-1 \u0432\u0438 \u043c\u043e\u0436\u0435\u0442\u0435 \u043b\u0435\u0433\u043a\u043e \u0442\u0430 \u0442\u043e\u0447\u043d\u043e \u0432\u0438\u043c\u0456\u0440\u044e\u0432\u0430\u0442\u0438 \u0432\u043e\u043b\u043e\u0433\u0456\u0441\u0442\u044c \u0456 \u0442\u0435\u043c\u043f\u0435\u0440\u0430\u0442\u0443\u0440\u0443.<\/li>\n<li>\u0422\u0435\u0440\u043c\u043e\u0441\u0442\u0456\u0439\u043a\u0435 \u0441\u043a\u043b\u043e: \u0422\u0435\u0440\u043c\u043e\u0433\u0456\u0433\u0440\u043e\u043c\u0435\u0442\u0440 \u0442\u0430 \u043f\u0456\u0441\u043e\u0447\u043d\u0438\u0439 \u0433\u043e\u0434\u0438\u043d\u043d\u0438\u043a \u0434\u043b\u044f \u0441\u0430\u0443\u043d\u0438 \u0437 \u0442\u0435\u0440\u043c\u043e\u0441\u0442\u0456\u0439\u043a\u0438\u043c \u0441\u043a\u043b\u043e\u043c \u0440\u043e\u0437\u0440\u043e\u0431\u043b\u0435\u043d\u0456 \u0434\u043b\u044f \u0442\u043e\u0433\u043e, \u0449\u043e\u0431 \u0432\u0438\u0442\u0440\u0438\u043c\u0443\u0432\u0430\u0442\u0438 \u0433\u0430\u0440\u044f\u0447\u0435 \u0442\u0430 \u043f\u0430\u0440\u043d\u0435 \u0441\u0435\u0440\u0435\u0434\u043e\u0432\u0438\u0449\u0435 \u0441\u0430\u0443\u043d\u0438.<\/li>\n<li>15-\u0445\u0432\u0438\u043b\u0438\u043d\u043d\u0438\u0439 \u043f\u0456\u0441\u043e\u0447\u043d\u0438\u0439 \u0433\u043e\u0434\u0438\u043d\u043d\u0438\u043a: 15 \u0445\u0432\u0438\u043b\u0438\u043d \u2013 \u0446\u0435 \u043d\u0430\u0439\u043f\u043e\u0448\u0438\u0440\u0435\u043d\u0456\u0448\u0438\u0439 \u0447\u0430\u0441 \u0434\u043b\u044f \u043d\u0430\u0441\u043e\u043b\u043e\u0434\u0438 \u0441\u0430\u0443\u043d\u043e\u044e. \u0422\u0430\u0439\u043c\u0435\u0440, \u0449\u043e \u043e\u0431\u0435\u0440\u0442\u0430\u0454\u0442\u044c\u0441\u044f, \u0442\u0430\u043a\u043e\u0436 \u043c\u0430\u0454 \u043f\u0440\u0438\u0431\u043b\u0438\u0437\u043d\u0456 5- \u0442\u0430 10-\u0445\u0432\u0438\u043b\u0438\u043d\u043d\u0456 \u043c\u0456\u0442\u043a\u0438 \u0434\u043b\u044f \u0432\u0456\u0434\u0441\u0442\u0435\u0436\u0435\u043d\u043d\u044f \u043a\u043e\u0440\u043e\u0442\u0448\u043e\u0433\u043e \u0447\u0430\u0441\u0443 \u0441\u0430\u0443\u043d\u0438.<\/li>\n<li>\u041c\u0456\u0446\u043d\u0438\u0439 \u043c\u0430\u0442\u0435\u0440\u0456\u0430\u043b: \u0421\u043e\u0441\u043d\u0430 \u2013 \u0446\u0435 \u0433\u0430\u0440\u043d\u0438\u0439 \u043d\u0430\u0442\u0443\u0440\u0430\u043b\u044c\u043d\u0438\u0439 \u043c\u0430\u0442\u0435\u0440\u0456\u0430\u043b. \u0421\u043e\u0441\u043d\u0430 \u043c\u0430\u0454 \u043f\u0440\u044f\u043c\u0456 \u0432\u043e\u043b\u043e\u043a\u043e\u043d\u043d\u0456 \u0441\u0442\u0440\u0443\u043a\u0442\u0443\u0440\u0438 \u0442\u0430 \u0441\u0443\u0447\u043a\u0438, \u0449\u043e \u043d\u0430\u0434\u0430\u044e\u0442\u044c \u043c\u0430\u0442\u0435\u0440\u0456\u0430\u043b\u0443 \u0441\u0456\u043b\u044c\u0441\u044c\u043a\u043e\u0433\u043e \u0432\u0438\u0433\u043b\u044f\u0434\u0443. \u0422\u0435\u0440\u043c\u043e\u0433\u0456\u0433\u0440\u043e\u043c\u0435\u0442\u0440 \u0442\u0430 \u043f\u0456\u0441\u043e\u0447\u043d\u0438\u0439 \u0433\u043e\u0434\u0438\u043d\u043d\u0438\u043a \u0437 \u0441\u043e\u0441\u043d\u0438 \u0434\u0443\u0436\u0435 \u043c\u0456\u0446\u043d\u0456.<\/li>\n<\/ul>\n<ul>\n<li>\u041c\u0430\u0442\u0435\u0440\u0456\u0430\u043b: \u0441\u043e\u0441\u043d\u043e\u0432\u0430 \u0434\u0435\u0440\u0435\u0432\u0438\u043d\u0430 (\u043d\u0435\u043e\u0431\u0440\u043e\u0431\u043b\u0435\u043d\u0430), \u0441\u043a\u043b\u043e, \u043f\u0456\u0441\u043e\u043a<\/li>\n<li>\u0420\u043e\u0437\u043c\u0456\u0440\u0438 \u0442\u0435\u0440\u043c\u043e\u0433\u0456\u0433\u0440\u043e\u043c\u0435\u0442\u0440\u0430: 26,5 x 14 x 3 \u0441\u043c (\u0414 x \u0428 x \u0412)<\/li>\n<li>\u0420\u043e\u0437\u043c\u0456\u0440\u0438 \u043f\u0456\u0441\u043e\u0447\u043d\u043e\u0433\u043e \u0433\u043e\u0434\u0438\u043d\u043d\u0438\u043a\u0430: 5 x 3 x 29,5 \u0441\u043c (\u0414 x \u0428 x \u0412)<\/li>\n<\/ul>","protected":false},"excerpt":{"rendered":"<p>Puidust kaks \u00fches sauna termo-h\u00fcgromeetri ja liivakella komplekt on vajalik tarvik igasse saunaruumi. See aitab teil mugavamalt sauna nautida. H\u00e4davajalik sauna termomeeter&hellip;<\/p>","protected":false},"featured_media":333688,"comment_status":"open","ping_status":"closed","template":"","meta":{"wprm-recipe-roundup-name":"","wprm-recipe-roundup-description":""},"product_brand":[],"product_cat":[3667],"product_tag":[3705,536,540,4028],"class_list":{"0":"post-333700","1":"product","2":"type-product","3":"status-publish","4":"has-post-thumbnail","6":"product_cat-saunatarvikud","7":"product_tag-basseinid-ja-spaad","8":"product_tag-kodu-ja-aed","9":"product_tag-parcel","10":"product_tag-saunatarvikud","11":"pa_brand-vidaxl","13":"first","14":"instock","15":"taxable","16":"shipping-taxable","17":"purchasable","18":"product-type-simple"},"supplier_id":null,"supplier_sku":"","barcode":null,"atum_controlled":false,"out_stock_date":null,"out_stock_threshold":null,"inheritable":false,"inbound_stock":null,"stock_on_hold":null,"sold_today":null,"sales_last_days":null,"reserved_stock":null,"customer_returns":null,"warehouse_damage":null,"lost_in_post":null,"other_logs":null,"out_stock_days":null,"lost_sales":null,"has_location":null,"update_date":"2026-05-13T00:25:06","atum_locations":[],"atum_stock_status":"instock","restock_status":false,"low_stock_amount":"","sales_update_date":null,"calc_backorders":null,"aioseo_notices":[],"_links":{"self":[{"href":"https:\/\/ecoshop.ee\/uk\/wp-json\/wp\/v2\/product\/333700","targetHints":{"allow":["GET"]}}],"collection":[{"href":"https:\/\/ecoshop.ee\/uk\/wp-json\/wp\/v2\/product"}],"about":[{"href":"https:\/\/ecoshop.ee\/uk\/wp-json\/wp\/v2\/types\/product"}],"replies":[{"embeddable":true,"href":"https:\/\/ecoshop.ee\/uk\/wp-json\/wp\/v2\/comments?post=333700"}],"version-history":[{"count":0,"href":"https:\/\/ecoshop.ee\/uk\/wp-json\/wp\/v2\/product\/333700\/revisions"}],"wp:featuredmedia":[{"embeddable":true,"href":"https:\/\/ecoshop.ee\/uk\/wp-json\/wp\/v2\/media\/333688"}],"wp:attachment":[{"href":"https:\/\/ecoshop.ee\/uk\/wp-json\/wp\/v2\/media?parent=333700"}],"wp:term":[{"taxonomy":"product_brand","embeddable":true,"href":"https:\/\/ecoshop.ee\/uk\/wp-json\/wp\/v2\/product_brand?post=333700"},{"taxonomy":"product_cat","embeddable":true,"href":"https:\/\/ecoshop.ee\/uk\/wp-json\/wp\/v2\/product_cat?post=333700"},{"taxonomy":"product_tag","embeddable":true,"href":"https:\/\/ecoshop.ee\/uk\/wp-json\/wp\/v2\/product_tag?post=333700"}],"curies":[{"name":"wp","href":"https:\/\/api.w.org\/{rel}","templated":true}]}}