{"id":333712,"date":"2026-02-27T17:19:20","date_gmt":"2026-02-27T14:19:20","guid":{"rendered":"https:\/\/ecoshop.ee\/maaratlemata\/saunaamber-ja-kulp-mannipuit\/"},"modified":"2026-05-15T04:11:20","modified_gmt":"2026-05-15T01:11:20","slug":"%d0%b2%d1%96%d0%b4%d1%80%d0%be-%d0%b4%d0%bb%d1%8f-%d1%81%d0%b0%d1%83%d0%bd%d0%b8-%d1%82%d0%b0-%d0%ba%d1%96%d0%b2%d1%88-%d0%bc%d0%b0%d0%bd%d0%bd%d1%96%d0%bf%d1%83%d1%97%d1%82","status":"publish","type":"product","link":"https:\/\/ecoshop.ee\/uk\/saunatarvikud\/saunaamber-ja-kulp-mannipuit\/","title":{"rendered":"\u0412\u0456\u0434\u0440\u043e \u0442\u0430 \u043a\u0456\u0432\u0448 \u0434\u043b\u044f \u0441\u0430\u0443\u043d\u0438, \u0441\u043e\u0441\u043d\u043e\u0432\u0438\u0439 \u043b\u0456\u0441"},"content":{"rendered":"<p>\u041f\u0440\u043e\u0441\u0442\u0438\u0439, \u0430\u043b\u0435 \u043f\u0440\u0430\u043a\u0442\u0438\u0447\u043d\u0438\u0439 \u0434\u0435\u0440\u0435\u0432&#039;\u044f\u043d\u0438\u0439 \u043d\u0430\u0431\u0456\u0440 \u0432\u0456\u0434\u0440\u0430 \u0442\u0430 \u0447\u0435\u0440\u043f\u0430\u043a\u0430 \u0434\u043b\u044f \u0441\u0430\u0443\u043d\u0438 \u0437\u0430\u0431\u0435\u0437\u043f\u0435\u0447\u0438\u0442\u044c \u0432\u0430\u043c \u0431\u0456\u043b\u044c\u0448 \u0440\u043e\u0437\u0441\u043b\u0430\u0431\u043b\u044e\u044e\u0447\u0438\u0439 \u0442\u0430 \u043f\u0440\u0438\u0454\u043c\u043d\u0438\u0439 \u0432\u0456\u0434\u043f\u043e\u0447\u0438\u043d\u043e\u043a \u0443 \u0441\u0430\u0443\u043d\u0456.<\/p>\n<\/p>\n<ul>\n<li>\u041c\u0456\u0446\u043d\u0438\u0439 \u043c\u0430\u0442\u0435\u0440\u0456\u0430\u043b: \u0421\u043e\u0441\u043d\u0430 \u2013 \u0446\u0435 \u0433\u0430\u0440\u043d\u0438\u0439 \u043d\u0430\u0442\u0443\u0440\u0430\u043b\u044c\u043d\u0438\u0439 \u043c\u0430\u0442\u0435\u0440\u0456\u0430\u043b. \u0421\u043e\u0441\u043d\u0430 \u043c\u0430\u0454 \u043f\u0440\u044f\u043c\u0456 \u0432\u043e\u043b\u043e\u043a\u043e\u043d\u043d\u0456 \u0441\u0442\u0440\u0443\u043a\u0442\u0443\u0440\u0438 \u0442\u0430 \u0441\u0443\u0447\u043a\u0438, \u0449\u043e \u043d\u0430\u0434\u0430\u044e\u0442\u044c \u043c\u0430\u0442\u0435\u0440\u0456\u0430\u043b\u0443 \u0441\u0456\u043b\u044c\u0441\u044c\u043a\u043e\u0433\u043e \u0432\u0438\u0433\u043b\u044f\u0434\u0443. \u0412\u0456\u0434\u0440\u043e \u0442\u0430 \u0447\u0435\u0440\u043f\u0430\u043a \u0434\u043b\u044f \u0441\u0430\u0443\u043d\u0438, \u0432\u0438\u0433\u043e\u0442\u043e\u0432\u043b\u0435\u043d\u0456 \u0437 \u0441\u043e\u0441\u043d\u0438, \u0434\u0443\u0436\u0435 \u043c\u0456\u0446\u043d\u0456.<\/li>\n<li>\u0412\u0435\u043b\u0438\u043a\u0435 \u0432\u0456\u0434\u0440\u043e: \u0412\u0456\u0434\u0440\u043e \u0434\u043b\u044f \u0441\u0430\u0443\u043d\u0438 \u0432\u043c\u0456\u0449\u0443\u0454 \u043f\u0440\u0438\u0431\u043b\u0438\u0437\u043d\u043e 5 \u043b\u0456\u0442\u0440\u0456\u0432 \u0432\u043e\u0434\u0438. \u0412\u043e\u043d\u043e \u0442\u0430\u043a\u043e\u0436 \u043c\u0430\u0454 \u043c\u0430\u0439\u0436\u0435 \u043d\u0435\u0432\u0438\u0434\u0438\u043c\u0443, \u0433\u0435\u0440\u043c\u0435\u0442\u0438\u0447\u043d\u0443 \u043f\u043b\u0430\u0441\u0442\u0438\u043a\u043e\u0432\u0443 \u043f\u0456\u0434\u043a\u043b\u0430\u0434\u043a\u0443, \u044f\u043a\u0430 \u0437\u0430\u043f\u043e\u0431\u0456\u0433\u0430\u0454 \u0433\u043d\u0438\u0442\u0442\u044e \u043c\u0430\u0441\u0438\u0432\u043d\u043e\u0433\u043e \u0434\u0435\u0440\u0435\u0432&#039;\u044f\u043d\u043e\u0433\u043e \u0432\u0456\u0434\u0440\u0430 \u0432\u0456\u0434 \u0432\u043e\u0434\u0438, \u0437\u0430\u0431\u0435\u0437\u043f\u0435\u0447\u0443\u044e\u0447\u0438 \u0442\u0430\u043a\u0438\u043c \u0447\u0438\u043d\u043e\u043c \u0434\u043e\u0432\u0448\u0438\u0439 \u0442\u0435\u0440\u043c\u0456\u043d \u0441\u043b\u0443\u0436\u0431\u0438.<\/li>\n<li>\u0414\u043e\u0432\u0433\u0438\u0439 \u043e\u043f\u043e\u043b\u043e\u043d\u0438\u043a: \u041e\u043f\u043e\u043b\u043e\u043d\u0438\u043a \u0434\u043e\u0432\u0436\u0438\u043d\u043e\u044e 36 \u0441\u043c \u043c\u043e\u0436\u043d\u0430 \u0432\u0438\u043a\u043e\u0440\u0438\u0441\u0442\u043e\u0432\u0443\u0432\u0430\u0442\u0438 \u0434\u043b\u044f \u043f\u043e\u043b\u0438\u0432\u0430\u043d\u043d\u044f \u043a\u0430\u043c\u0456\u043d\u043d\u044f \u0432\u043e\u0434\u043e\u044e \u0434\u043b\u044f \u0441\u0442\u0432\u043e\u0440\u0435\u043d\u043d\u044f \u043f\u0430\u0440\u0438 \u0430\u0431\u043e \u0434\u043b\u044f \u043e\u0431\u043b\u0438\u0432\u0430\u043d\u043d\u044f \u0442\u0456\u043b\u0430 \u0432\u043e\u0434\u043e\u044e, \u043e\u0445\u043e\u043b\u043e\u0434\u0436\u0443\u044e\u0447\u0438 \u0439\u043e\u0433\u043e \u043f\u0456\u0441\u043b\u044f \u0441\u0438\u043b\u044c\u043d\u043e\u0433\u043e \u043d\u0430\u0433\u0440\u0456\u0432\u0430\u043d\u043d\u044f.<\/li>\n<\/ul>\n<ul>\n<li>\u041c\u0430\u0442\u0435\u0440\u0456\u0430\u043b: \u0441\u043e\u0441\u043d\u043e\u0432\u0430 \u0434\u0435\u0440\u0435\u0432\u0438\u043d\u0430 (\u043d\u0435\u043e\u0431\u0440\u043e\u0431\u043b\u0435\u043d\u0430), \u041f\u041f (\u043f\u043e\u043b\u0456\u043f\u0440\u043e\u043f\u0456\u043b\u0435\u043d), \u043d\u0435\u0440\u0436\u0430\u0432\u0456\u044e\u0447\u0430 \u0441\u0442\u0430\u043b\u044c<\/li>\n<li>\u0420\u043e\u0437\u043c\u0456\u0440\u0438 \u0432\u0456\u0434\u0440\u0430: 26 x 25 x 30,5 \u0441\u043c (\u0414 x \u0428 x \u0412)<\/li>\n<li>\u0420\u043e\u0437\u043c\u0456\u0440\u0438 \u043a\u043e\u0432\u0448\u0430: 36 x 10 x 4 \u0441\u043c (\u0414 x \u0428 x \u0412)<\/li>\n<li><span style=\"font-size: 13.12px\">\u0417 \u043f\u0456\u0434\u043a\u043b\u0430\u0434\u043a\u043e\u044e \u0437 \u043f\u043e\u043b\u0456\u043f\u0440\u043e\u043f\u0456\u043b\u0435\u043d\u0443<\/span><\/li>\n<\/ul>","protected":false},"excerpt":{"rendered":"<p>Lihtne, ent praktiline puidust sauna\u00e4mbri ja kulbi komplekt annab teile l\u00f5\u00f5gastavama ja nauditavama saunakogemuse. Vastupidav materjal: m\u00e4nnipuit on ilus looduslik materjal. M\u00e4nnipuidul&hellip;<\/p>","protected":false},"featured_media":333704,"comment_status":"open","ping_status":"closed","template":"","meta":{"wprm-recipe-roundup-name":"","wprm-recipe-roundup-description":""},"product_brand":[],"product_cat":[3667],"product_tag":[3705,536,554,540,4028],"class_list":{"0":"post-333712","1":"product","2":"type-product","3":"status-publish","4":"has-post-thumbnail","6":"product_cat-saunatarvikud","7":"product_tag-basseinid-ja-spaad","8":"product_tag-kodu-ja-aed","9":"product_tag-ouemoobli-komplektid","10":"product_tag-parcel","11":"product_tag-saunatarvikud","12":"pa_brand-vidaxl","14":"first","15":"instock","16":"taxable","17":"shipping-taxable","18":"purchasable","19":"product-type-simple"},"supplier_id":null,"supplier_sku":"","barcode":null,"atum_controlled":false,"out_stock_date":null,"out_stock_threshold":null,"inheritable":false,"inbound_stock":null,"stock_on_hold":null,"sold_today":null,"sales_last_days":null,"reserved_stock":null,"customer_returns":null,"warehouse_damage":null,"lost_in_post":null,"other_logs":null,"out_stock_days":null,"lost_sales":null,"has_location":null,"update_date":"2026-05-15T01:11:21","atum_locations":[],"atum_stock_status":"instock","restock_status":false,"low_stock_amount":"","sales_update_date":null,"calc_backorders":null,"aioseo_notices":[],"_links":{"self":[{"href":"https:\/\/ecoshop.ee\/uk\/wp-json\/wp\/v2\/product\/333712","targetHints":{"allow":["GET"]}}],"collection":[{"href":"https:\/\/ecoshop.ee\/uk\/wp-json\/wp\/v2\/product"}],"about":[{"href":"https:\/\/ecoshop.ee\/uk\/wp-json\/wp\/v2\/types\/product"}],"replies":[{"embeddable":true,"href":"https:\/\/ecoshop.ee\/uk\/wp-json\/wp\/v2\/comments?post=333712"}],"version-history":[{"count":0,"href":"https:\/\/ecoshop.ee\/uk\/wp-json\/wp\/v2\/product\/333712\/revisions"}],"wp:featuredmedia":[{"embeddable":true,"href":"https:\/\/ecoshop.ee\/uk\/wp-json\/wp\/v2\/media\/333704"}],"wp:attachment":[{"href":"https:\/\/ecoshop.ee\/uk\/wp-json\/wp\/v2\/media?parent=333712"}],"wp:term":[{"taxonomy":"product_brand","embeddable":true,"href":"https:\/\/ecoshop.ee\/uk\/wp-json\/wp\/v2\/product_brand?post=333712"},{"taxonomy":"product_cat","embeddable":true,"href":"https:\/\/ecoshop.ee\/uk\/wp-json\/wp\/v2\/product_cat?post=333712"},{"taxonomy":"product_tag","embeddable":true,"href":"https:\/\/ecoshop.ee\/uk\/wp-json\/wp\/v2\/product_tag?post=333712"}],"curies":[{"name":"wp","href":"https:\/\/api.w.org\/{rel}","templated":true}]}}