{"id":334828,"date":"2026-02-27T17:52:17","date_gmt":"2026-02-27T14:52:17","guid":{"rendered":"https:\/\/ecoshop.ee\/maaratlemata\/kaminapuude-hoiukast-105-x-38-x-115-cm-akaatsiapuit\/"},"modified":"2026-05-16T12:55:03","modified_gmt":"2026-05-16T09:55:03","slug":"%d1%8f%d1%89%d0%b8%d0%ba-%d0%b4%d0%bb%d1%8f-%d0%b7%d0%b1%d0%b5%d1%80%d1%96%d0%b3%d0%b0%d0%bd%d0%bd%d1%8f-%d0%b4%d1%80%d0%be%d0%b2-105-x-38-x-115-%d1%81%d0%bc-%d0%b0%d0%ba%d0%b0%d1%86%d1%96%d1%8f","status":"publish","type":"product","link":"https:\/\/ecoshop.ee\/uk\/kaminapuude-alused\/kaminapuude-hoiukast-105-x-38-x-115-cm-akaatsiapuit\/","title":{"rendered":"\u042f\u0449\u0438\u043a \u0434\u043b\u044f \u0437\u0431\u0435\u0440\u0456\u0433\u0430\u043d\u043d\u044f \u0434\u0440\u043e\u0432 105 x 38 x 115 \u0441\u043c, \u0430\u043a\u0430\u0446\u0456\u044f"},"content":{"rendered":"<p>\u0417\u0430 \u0434\u043e\u043f\u043e\u043c\u043e\u0433\u043e\u044e \u0446\u044c\u043e\u0433\u043e \u043c\u0456\u0446\u043d\u043e\u0433\u043e \u0442\u0430 \u043a\u043e\u043c\u043f\u0430\u043a\u0442\u043d\u043e\u0433\u043e \u0434\u0435\u0440\u0435\u0432&#039;\u044f\u043d\u043e\u0433\u043e \u0441\u0430\u0440\u0430\u044e \u0432\u0438 \u0437\u043c\u043e\u0436\u0435\u0442\u0435 \u0437\u0431\u0435\u0440\u0456\u0433\u0430\u0442\u0438 \u0434\u0440\u043e\u0432\u0430 \u0434\u043e\u0431\u0440\u0435 \u043e\u0440\u0433\u0430\u043d\u0456\u0437\u043e\u0432\u0430\u043d\u0438\u043c\u0438 \u0442\u0430 \u0441\u0443\u0445\u0438\u043c\u0438!<\/p>\n<\/p>\n<p>\u0426\u0435\u0439 \u043c\u0456\u0446\u043d\u0438\u0439 \u0441\u0430\u0440\u0430\u0439 \u0437 \u0430\u043a\u0430\u0446\u0456\u0457 \u0437 \u043e\u043b\u0456\u0439\u043d\u0438\u043c \u043f\u043e\u043a\u0440\u0438\u0442\u0442\u044f\u043c \u043e\u0441\u043e\u0431\u043b\u0438\u0432\u043e \u043c\u0456\u0446\u043d\u0438\u0439, \u0434\u043e\u0432\u0433\u043e\u0432\u0456\u0447\u043d\u0438\u0439 \u0442\u0430 \u0441\u0442\u0456\u0439\u043a\u0438\u0439 \u0434\u043e \u0433\u043d\u0438\u0442\u0442\u044f. \u041f\u043e\u0445\u0438\u043b\u0438\u0439 \u0434\u0430\u0445 \u0437 \u0431\u0440\u0435\u0437\u0435\u043d\u0442\u043e\u043c, \u0449\u043e \u0432\u0445\u043e\u0434\u0438\u0442\u044c \u0434\u043e \u043a\u043e\u043c\u043f\u043b\u0435\u043a\u0442\u0443, \u0437\u0430\u0431\u0435\u0437\u043f\u0435\u0447\u0443\u0454 \u0435\u0444\u0435\u043a\u0442\u0438\u0432\u043d\u0438\u0439 \u0432\u0456\u0434\u0432\u0456\u0434 \u0432\u043e\u0434\u0438, \u0449\u043e\u0431 \u0434\u0440\u043e\u0432\u0430 \u0437\u0430\u043b\u0438\u0448\u0430\u043b\u0438\u0441\u044f \u0441\u0443\u0445\u0438\u043c\u0438. \u041e\u0431\u0438\u0434\u0432\u0456 \u0441\u0442\u043e\u0440\u043e\u043d\u0438 \u0437 \u0491\u0440\u0430\u0442\u0447\u0430\u0441\u0442\u043e\u044e \u043a\u043e\u043d\u0441\u0442\u0440\u0443\u043a\u0446\u0456\u0454\u044e \u0437\u0430\u0431\u0435\u0437\u043f\u0435\u0447\u0443\u044e\u0442\u044c \u0434\u043e\u0441\u0442\u0430\u0442\u043d\u044e \u0446\u0438\u0440\u043a\u0443\u043b\u044f\u0446\u0456\u044e \u043f\u043e\u0432\u0456\u0442\u0440\u044f. \u041a\u0440\u0456\u043c \u0442\u043e\u0433\u043e, \u0432\u0435\u043b\u0438\u043a\u0438\u0439 \u043f\u0435\u0440\u0435\u0434\u043d\u0456\u0439 \u043e\u0442\u0432\u0456\u0440 \u043f\u043e\u043b\u0435\u0433\u0448\u0443\u0454 \u0434\u043e\u0441\u0442\u0443\u043f \u0434\u043e \u0434\u0440\u043e\u0432.<\/p>\n<\/p>\n<p>\u0421\u0430\u0440\u0430\u0439 \u043b\u0435\u0433\u043a\u043e \u0437\u0456\u0431\u0440\u0430\u0442\u0438.<\/p>\n<ul>\n<li>\u041a\u043e\u043b\u0456\u0440: \u043a\u043e\u0440\u0438\u0447\u043d\u0435\u0432\u0430 \u0440\u0430\u043c\u0430 + \u0441\u0438\u043d\u0456\u0439 \u0431\u0440\u0435\u0437\u0435\u043d\u0442<\/li>\n<li>\u041c\u0430\u0442\u0435\u0440\u0456\u0430\u043b: \u043c\u0456\u0446\u043d\u0430 \u0434\u0435\u0440\u0435\u0432\u0438\u043d\u0430 \u0430\u043a\u0430\u0446\u0456\u0457 \u0442\u0430 \u0431\u0440\u0435\u0437\u0435\u043d\u0442 \u0437 \u041f\u0412\u0425<\/li>\n<li>\u0420\u043e\u0437\u043c\u0456\u0440\u0438: 105 x 38 x 115 \u0441\u043c (\u0428 x \u0413 x \u0412)<\/li>\n<li>\u041a\u043e\u043c\u043f\u043b\u0435\u043a\u0442\u0430\u0446\u0456\u044f \u0432\u043a\u043b\u044e\u0447\u0430\u0454 \u0434\u0430\u0445 \u0434\u043b\u044f \u0434\u043e\u0434\u0430\u0442\u043a\u043e\u0432\u043e\u0433\u043e \u0437\u0430\u0445\u0438\u0441\u0442\u0443.<\/li>\n<\/ul>","protected":false},"excerpt":{"rendered":"<p>Vastupidava ja kompaktse puidust puukuuri abil hoiate k\u00fcttepuud h\u00e4sti organiseeritud ja kuivad! Toekast \u00f5liviimistlusega akaatsiapuidust hoiukuur on eriti tugev, vastupidav ja k\u00f5dunemiskindel.&hellip;<\/p>","protected":false},"featured_media":334820,"comment_status":"open","ping_status":"closed","template":"","meta":{"wprm-recipe-roundup-name":"","wprm-recipe-roundup-description":""},"product_brand":[],"product_cat":[3670],"product_tag":[4038,4049,536,554,540],"class_list":{"0":"post-334828","1":"product","2":"type-product","3":"status-publish","4":"has-post-thumbnail","6":"product_cat-kaminapuude-alused","7":"product_tag-kamina-ja-ahjutarvikud","8":"product_tag-kaminapuude-alused","9":"product_tag-kodu-ja-aed","10":"product_tag-ouemoobli-komplektid","11":"product_tag-parcel","12":"pa_brand-vidaxl","14":"first","15":"instock","16":"taxable","17":"shipping-taxable","18":"purchasable","19":"product-type-simple"},"supplier_id":null,"supplier_sku":"","barcode":null,"atum_controlled":false,"out_stock_date":null,"out_stock_threshold":null,"inheritable":false,"inbound_stock":null,"stock_on_hold":null,"sold_today":null,"sales_last_days":null,"reserved_stock":null,"customer_returns":null,"warehouse_damage":null,"lost_in_post":null,"other_logs":null,"out_stock_days":null,"lost_sales":null,"has_location":null,"update_date":"2026-05-16T09:55:03","atum_locations":[],"atum_stock_status":"instock","restock_status":false,"low_stock_amount":"","sales_update_date":null,"calc_backorders":null,"aioseo_notices":[],"_links":{"self":[{"href":"https:\/\/ecoshop.ee\/uk\/wp-json\/wp\/v2\/product\/334828","targetHints":{"allow":["GET"]}}],"collection":[{"href":"https:\/\/ecoshop.ee\/uk\/wp-json\/wp\/v2\/product"}],"about":[{"href":"https:\/\/ecoshop.ee\/uk\/wp-json\/wp\/v2\/types\/product"}],"replies":[{"embeddable":true,"href":"https:\/\/ecoshop.ee\/uk\/wp-json\/wp\/v2\/comments?post=334828"}],"version-history":[{"count":0,"href":"https:\/\/ecoshop.ee\/uk\/wp-json\/wp\/v2\/product\/334828\/revisions"}],"wp:featuredmedia":[{"embeddable":true,"href":"https:\/\/ecoshop.ee\/uk\/wp-json\/wp\/v2\/media\/334820"}],"wp:attachment":[{"href":"https:\/\/ecoshop.ee\/uk\/wp-json\/wp\/v2\/media?parent=334828"}],"wp:term":[{"taxonomy":"product_brand","embeddable":true,"href":"https:\/\/ecoshop.ee\/uk\/wp-json\/wp\/v2\/product_brand?post=334828"},{"taxonomy":"product_cat","embeddable":true,"href":"https:\/\/ecoshop.ee\/uk\/wp-json\/wp\/v2\/product_cat?post=334828"},{"taxonomy":"product_tag","embeddable":true,"href":"https:\/\/ecoshop.ee\/uk\/wp-json\/wp\/v2\/product_tag?post=334828"}],"curies":[{"name":"wp","href":"https:\/\/api.w.org\/{rel}","templated":true}]}}