{"id":335022,"date":"2026-02-27T17:57:22","date_gmt":"2026-02-27T14:57:22","guid":{"rendered":"https:\/\/ecoshop.ee\/maaratlemata\/i-lemmikloomade-kaminapiire-terasest-must\/"},"modified":"2026-05-12T03:22:53","modified_gmt":"2026-05-12T00:22:53","slug":"%d0%b7%d0%b0%d1%85%d0%b8%d1%81%d1%82-%d0%b4%d0%bb%d1%8f-%d0%ba%d0%b0%d0%bc%d1%96%d0%bd%d0%b0-i-pet-%d1%81%d1%82%d0%b0%d0%bb%d0%b5%d0%b2%d0%b8%d0%b9-%d1%87%d0%be%d1%80%d0%bd%d0%b8%d0%b9","status":"publish","type":"product","link":"https:\/\/ecoshop.ee\/uk\/kaminatarvikud\/i-lemmikloomade-kaminapiire-terasest-must\/","title":{"rendered":"\u0411\u0430\u0440&#039;\u0454\u0440 \u0434\u043b\u044f \u0434\u043e\u043c\u0430\u0448\u043d\u0456\u0445 \u0442\u0432\u0430\u0440\u0438\u043d, \u0441\u0442\u0430\u043b\u0435\u0432\u0438\u0439 \u0447\u043e\u0440\u043d\u0438\u0439"},"content":{"rendered":"<p>\u0417 \u043f\u0440\u043e\u0441\u0442\u0438\u043c, \u0430\u043b\u0435 \u0441\u0442\u0438\u043b\u044c\u043d\u0438\u043c \u0437\u0430\u0445\u0438\u0441\u0442\u043e\u043c \u0434\u043b\u044f \u043a\u0430\u043c\u0456\u043d\u0430 \u0432\u0438 \u043c\u043e\u0436\u0435\u0442\u0435 \u043d\u0430\u0441\u043e\u043b\u043e\u0434\u0436\u0443\u0432\u0430\u0442\u0438\u0441\u044f \u0432\u043e\u0433\u043d\u0435\u043c, \u043d\u0435 \u0442\u0443\u0440\u0431\u0443\u044e\u0447\u0438\u0441\u044c \u043f\u0440\u043e \u0431\u0435\u0437\u043f\u0435\u043a\u0443 \u0441\u0432\u043e\u0433\u043e \u0434\u043e\u043c\u0430\u0448\u043d\u044c\u043e\u0433\u043e \u0443\u043b\u044e\u0431\u043b\u0435\u043d\u0446\u044f, \u0430 \u0442\u0430\u043a\u043e\u0436 \u043c\u043e\u0436\u0435\u0442\u0435 \u0432\u0438\u043a\u043e\u0440\u0438\u0441\u0442\u043e\u0432\u0443\u0432\u0430\u0442\u0438 \u0439\u043e\u0433\u043e \u0434\u043b\u044f \u0441\u0442\u0432\u043e\u0440\u0435\u043d\u043d\u044f \u0431\u0430\u0440&#039;\u0454\u0440\u0443 \u043f\u0435\u0440\u0435\u0434 \u0433\u0440\u0438\u043b\u0435\u043c \u0430\u0431\u043e \u0434\u0443\u0445\u043e\u0432\u043a\u043e\u044e.<\/p>\n<\/p>\n<p>\u0412\u0456\u043d \u043c\u0430\u0454 \u0437\u0440\u0443\u0447\u043d\u0456 \u0434\u0432\u0435\u0440\u0456 \u0445\u0432\u0456\u0440\u0442\u043a\u043e\u0432\u043e\u0433\u043e \u0442\u0438\u043f\u0443, \u0430 \u0432\u0438\u0441\u043e\u043a\u043e\u044f\u043a\u0456\u0441\u043d\u0430 \u0441\u0442\u0430\u043b\u0435\u0432\u0430 \u043a\u043e\u043d\u0441\u0442\u0440\u0443\u043a\u0446\u0456\u044f \u0440\u043e\u0431\u0438\u0442\u044c \u0439\u043e\u0433\u043e \u0431\u0435\u0437\u043f\u0435\u0447\u043d\u0438\u043c \u0442\u0430 \u0434\u043e\u0432\u0433\u043e\u0432\u0456\u0447\u043d\u0438\u043c.<\/p>\n<\/p>\n<p>\u0417\u0432\u0435\u0440\u043d\u0456\u0442\u044c \u0443\u0432\u0430\u0433\u0443, \u0449\u043e \u043f\u0440\u043e\u0434\u0443\u043a\u0442 \u043f\u0440\u0438\u0437\u043d\u0430\u0447\u0435\u043d\u0438\u0439 \u0434\u043b\u044f \u0434\u043e\u043c\u0430\u0448\u043d\u0456\u0445 \u0442\u0432\u0430\u0440\u0438\u043d, \u0430 \u043d\u0435 \u0434\u043b\u044f \u0434\u0456\u0442\u0435\u0439.<\/p>\n<ul>\n<li>\u041a\u043e\u043b\u0456\u0440: \u0447\u043e\u0440\u043d\u0438\u0439<\/li>\n<li>\u041c\u0430\u0442\u0435\u0440\u0456\u0430\u043b: \u0441\u0442\u0430\u043b\u044c<\/li>\n<li>\u0417\u0430\u0433\u0430\u043b\u044c\u043d\u0438\u0439 \u0440\u043e\u0437\u043c\u0456\u0440: 123 x 123 x 76 \u0441\u043c (\u0414 x \u0428 x \u0412)<\/li>\n<li>\u0420\u043e\u0437\u043c\u0456\u0440 \u043a\u043e\u0436\u043d\u043e\u0457 \u043f\u0430\u043d\u0435\u043b\u0456: 60 x 1,3 x 76 \u0441\u043c (\u0414 x \u0428 x \u0412)<\/li>\n<li>\u0420\u043e\u0437\u043c\u0456\u0440 \u0434\u0432\u0435\u0440\u0435\u0439: 54 x 1,3 x 76 \u0441\u043c (\u0414 x \u0428 x \u0412)<\/li>\n<li>\u041c\u043e\u0436\u043d\u0430 \u0432\u0438\u043a\u043e\u0440\u0438\u0441\u0442\u043e\u0432\u0443\u0432\u0430\u0442\u0438 \u0431\u0456\u043b\u044f \u043a\u0430\u043c\u0456\u043d\u0456\u0432, \u0433\u0440\u0438\u043b\u0456\u0432, \u0434\u0440\u043e\u0432&#039;\u044f\u043d\u0438\u0445 \u043f\u0435\u0447\u0435\u0439 \u0442\u043e\u0449\u043e.<\/li>\n<li>\u041c\u0456\u0446\u043d\u0430 \u0441\u0442\u0430\u043b\u0435\u0432\u0430 \u043a\u043e\u043d\u0441\u0442\u0440\u0443\u043a\u0446\u0456\u044f<\/li>\n<li>\u041b\u0435\u0433\u043a\u043e \u043d\u0430\u043b\u0430\u0448\u0442\u0443\u0432\u0430\u0442\u0438<\/li>\n<li>\u0414\u043b\u044f \u0434\u043e\u043c\u0430\u0448\u043d\u0456\u0445 \u0442\u0432\u0430\u0440\u0438\u043d, \u0430 \u043d\u0435 \u0434\u043b\u044f \u0434\u0456\u0442\u0435\u0439<\/li>\n<\/ul>","protected":false},"excerpt":{"rendered":"<p>Lihtsa, ent stiilse kaminapiirdega saate nautida kaminatuld ilma, et peaksite oma lemmiklooma ohutuse p\u00e4rast muretsema, aga samas saate sellega moodustada ka barj\u00e4\u00e4ri&hellip;<\/p>","protected":false},"featured_media":335016,"comment_status":"open","ping_status":"closed","template":"","meta":{"wprm-recipe-roundup-name":"","wprm-recipe-roundup-description":""},"product_brand":[],"product_cat":[3669],"product_tag":[4038,4264,536,544,540],"class_list":{"0":"post-335022","1":"product","2":"type-product","3":"status-publish","4":"has-post-thumbnail","6":"product_cat-kaminatarvikud","7":"product_tag-kamina-ja-ahjutarvikud","8":"product_tag-kaminavored","9":"product_tag-kodu-ja-aed","10":"product_tag-must","11":"product_tag-parcel","12":"pa_brand-vidaxl","14":"first","15":"instock","16":"taxable","17":"shipping-taxable","18":"purchasable","19":"product-type-simple"},"supplier_id":null,"supplier_sku":"","barcode":null,"atum_controlled":false,"out_stock_date":null,"out_stock_threshold":null,"inheritable":false,"inbound_stock":null,"stock_on_hold":null,"sold_today":null,"sales_last_days":null,"reserved_stock":null,"customer_returns":null,"warehouse_damage":null,"lost_in_post":null,"other_logs":null,"out_stock_days":null,"lost_sales":null,"has_location":null,"update_date":"2026-05-12T00:22:53","atum_locations":[],"atum_stock_status":"instock","restock_status":false,"low_stock_amount":"","sales_update_date":null,"calc_backorders":null,"aioseo_notices":[],"_links":{"self":[{"href":"https:\/\/ecoshop.ee\/uk\/wp-json\/wp\/v2\/product\/335022","targetHints":{"allow":["GET"]}}],"collection":[{"href":"https:\/\/ecoshop.ee\/uk\/wp-json\/wp\/v2\/product"}],"about":[{"href":"https:\/\/ecoshop.ee\/uk\/wp-json\/wp\/v2\/types\/product"}],"replies":[{"embeddable":true,"href":"https:\/\/ecoshop.ee\/uk\/wp-json\/wp\/v2\/comments?post=335022"}],"version-history":[{"count":0,"href":"https:\/\/ecoshop.ee\/uk\/wp-json\/wp\/v2\/product\/335022\/revisions"}],"wp:featuredmedia":[{"embeddable":true,"href":"https:\/\/ecoshop.ee\/uk\/wp-json\/wp\/v2\/media\/335016"}],"wp:attachment":[{"href":"https:\/\/ecoshop.ee\/uk\/wp-json\/wp\/v2\/media?parent=335022"}],"wp:term":[{"taxonomy":"product_brand","embeddable":true,"href":"https:\/\/ecoshop.ee\/uk\/wp-json\/wp\/v2\/product_brand?post=335022"},{"taxonomy":"product_cat","embeddable":true,"href":"https:\/\/ecoshop.ee\/uk\/wp-json\/wp\/v2\/product_cat?post=335022"},{"taxonomy":"product_tag","embeddable":true,"href":"https:\/\/ecoshop.ee\/uk\/wp-json\/wp\/v2\/product_tag?post=335022"}],"curies":[{"name":"wp","href":"https:\/\/api.w.org\/{rel}","templated":true}]}}