{"id":335029,"date":"2026-02-27T17:57:31","date_gmt":"2026-02-27T14:57:31","guid":{"rendered":"https:\/\/ecoshop.ee\/maaratlemata\/3-paneeliga-rauast-kaminavore-must\/"},"modified":"2026-05-02T16:36:27","modified_gmt":"2026-05-02T13:36:27","slug":"3-%d0%bf%d0%b0%d0%bd%d0%b5%d0%bb%d1%8c%d0%bd%d0%b0-%d0%b7%d0%b0%d0%bb%d1%96%d0%b7%d0%bd%d0%b0-%d0%ba%d0%b0%d0%bc%d1%96%d0%bd%d0%bd%d0%b0-%d0%bf%d0%be%d0%bb%d0%b8%d1%86%d1%8f-%d1%87%d0%be%d1%80%d0%bd","status":"publish","type":"product","link":"https:\/\/ecoshop.ee\/uk\/kaminatarvikud\/3-paneeliga-rauast-kaminavore-must\/","title":{"rendered":"3-\u043f\u0430\u043d\u0435\u043b\u044c\u043d\u0430 \u0437\u0430\u043b\u0456\u0437\u043d\u0430 \u0440\u0435\u0448\u0456\u0442\u043a\u0430 \u0434\u043b\u044f \u043a\u0430\u043c\u0456\u043d\u0430, \u0447\u043e\u0440\u043d\u0430"},"content":{"rendered":"<p>\u0422\u0440\u0438\u043f\u0430\u043d\u0435\u043b\u044c\u043d\u0430 \u043a\u0430\u043c\u0456\u043d\u043d\u0430 \u0440\u0435\u0448\u0456\u0442\u043a\u0430 \u0434\u043e\u0434\u0430\u0441\u0442\u044c \u0432\u0430\u0448\u043e\u043c\u0443 \u043a\u0430\u043c\u0456\u043d\u0443 \u043a\u043b\u0430\u0441\u0438\u0447\u043d\u043e\u0433\u043e \u0448\u0430\u0440\u043c\u0443 \u0437\u0430\u0432\u0434\u044f\u043a\u0438 \u0435\u043b\u0435\u0433\u0430\u043d\u0442\u043d\u0438\u043c \u043e\u0440\u043d\u0430\u043c\u0435\u043d\u0442\u0430\u043c.<\/p>\n<\/p>\n<p>\u0412\u0438\u0433\u043e\u0442\u043e\u0432\u043b\u0435\u043d\u0430 \u0437 \u0432\u0438\u0441\u043e\u043a\u043e\u044f\u043a\u0456\u0441\u043d\u043e\u0433\u043e \u0437\u0430\u043b\u0456\u0437\u0430, \u0440\u0435\u0448\u0456\u0442\u043a\u0430 \u043a\u0430\u043c\u0456\u043d\u0430 \u043d\u0430\u0434\u0456\u0439\u043d\u0430 \u0442\u0430 \u0434\u043e\u0432\u0433\u043e\u0432\u0456\u0447\u043d\u0430. \u0412\u043e\u043d\u0430 \u043c\u0430\u0454 \u0434\u0440\u0456\u0431\u043d\u0443 \u0441\u0456\u0442\u0447\u0430\u0441\u0442\u0443 \u043e\u0441\u043d\u043e\u0432\u0443, \u044f\u043a\u0430 \u0432\u043b\u043e\u0432\u043b\u044e\u0454 \u0432\u0443\u0433\u0456\u043b\u043b\u044f \u0442\u0430 \u043f\u043e\u043f\u0456\u043b. \u0420\u0435\u0448\u0456\u0442\u043a\u0430 \u043a\u0430\u043c\u0456\u043d\u0430 \u0432\u0438\u0441\u043e\u0442\u043e\u044e 61 \u0441\u043c \u0442\u0440\u0438\u043c\u0430\u0454 \u0434\u0456\u0442\u0435\u0439 \u0442\u0430 \u0434\u043e\u043c\u0430\u0448\u043d\u0456\u0445 \u0442\u0432\u0430\u0440\u0438\u043d \u043d\u0430 \u0431\u0435\u0437\u043f\u0435\u0447\u043d\u0456\u0439 \u0432\u0456\u0434\u0441\u0442\u0430\u043d\u0456. \u0417\u0430\u0432\u0434\u044f\u043a\u0438 \u0448\u0438\u0440\u043e\u043a\u043e\u043c\u0443 \u043e\u0445\u043e\u043f\u043b\u0435\u043d\u043d\u044e \u0432\u043e\u043d\u0430 \u043d\u0435 \u043b\u0438\u0448\u0435 \u043e\u0442\u043e\u0447\u0443\u0454 \u043a\u0430\u043c\u0456\u043d, \u0430\u043b\u0435 \u0439 \u043f\u0440\u0438\u0432\u0430\u0442\u043d\u0456 \u043a\u0443\u0442\u043e\u0447\u043a\u0438 \u0442\u0430 \u043a\u0430\u0431\u0435\u043b\u0456.<\/p>\n<\/p>\n<p>\u0422\u0440\u0438\u043f\u0430\u043d\u0435\u043b\u044c\u043d\u0443 \u043a\u0430\u043c\u0456\u043d\u043d\u0443 \u0440\u0435\u0448\u0456\u0442\u043a\u0443 \u043c\u043e\u0436\u043d\u0430 \u0441\u043a\u043b\u0430\u0441\u0442\u0438, \u043a\u043e\u043b\u0438 \u0432\u043e\u043d\u0430 \u043d\u0435 \u0432\u0438\u043a\u043e\u0440\u0438\u0441\u0442\u043e\u0432\u0443\u0454\u0442\u044c\u0441\u044f.<\/p>\n<ul>\n<li>\u0417\u0430\u0433\u0430\u043b\u044c\u043d\u0438\u0439 \u0440\u043e\u0437\u043c\u0456\u0440: 102 x 61 \u0441\u043c (\u0414 x \u0412)<\/li>\n<li>\u0420\u043e\u0437\u043c\u0456\u0440 \u0431\u0456\u0447\u043d\u043e\u0457 \u043f\u0430\u043d\u0435\u043b\u0456: 24 x 61 \u0441\u043c (\u0414 x \u0412)<\/li>\n<li>\u0420\u043e\u0437\u043c\u0456\u0440 \u0441\u0435\u0440\u0435\u0434\u043d\u044c\u043e\u0457 \u043f\u0430\u043d\u0435\u043b\u0456: 52,5 x 61 \u0441\u043c (\u0414 x \u0412)<\/li>\n<li>\u041c\u0430\u0442\u0435\u0440\u0456\u0430\u043b: \u0437\u0430\u043b\u0456\u0437\u043e<\/li>\n<li>\u041a\u043e\u043b\u0456\u0440: \u0447\u043e\u0440\u043d\u0438\u0439<\/li>\n<li>\u0415\u043b\u0435\u0433\u0430\u043d\u0442\u043d\u0456 \u043f\u0440\u0438\u043a\u0440\u0430\u0441\u0438<\/li>\n<li>\u041b\u0435\u0433\u043a\u043e \u0437\u0431\u0435\u0440\u0456\u0433\u0430\u0442\u0438 \u0437\u0430\u0432\u0434\u044f\u043a\u0438 \u0441\u043a\u043b\u0430\u0434\u043d\u0456\u0439 \u043a\u043e\u043d\u0441\u0442\u0440\u0443\u043a\u0446\u0456\u0457<\/li>\n<\/ul>","protected":false},"excerpt":{"rendered":"<p>Kolme paneeliga kaminav\u00f5re lisab oma elegantsete ornamentidega teie kaminatulele klassikalist elegantsi. Kvaliteetsest rauast valmistatud kaminav\u00f5re on usaldusv\u00e4\u00e4rne ja vastupidav. Sellel on peen&hellip;<\/p>","protected":false},"featured_media":335024,"comment_status":"open","ping_status":"closed","template":"","meta":{"wprm-recipe-roundup-name":"","wprm-recipe-roundup-description":""},"product_brand":[],"product_cat":[3669],"product_tag":[4038,4264,536,544,540],"class_list":{"0":"post-335029","1":"product","2":"type-product","3":"status-publish","4":"has-post-thumbnail","6":"product_cat-kaminatarvikud","7":"product_tag-kamina-ja-ahjutarvikud","8":"product_tag-kaminavored","9":"product_tag-kodu-ja-aed","10":"product_tag-must","11":"product_tag-parcel","12":"pa_brand-vidaxl","14":"first","15":"instock","16":"taxable","17":"shipping-taxable","18":"purchasable","19":"product-type-simple"},"supplier_id":null,"supplier_sku":"","barcode":null,"atum_controlled":false,"out_stock_date":null,"out_stock_threshold":null,"inheritable":false,"inbound_stock":null,"stock_on_hold":0,"sold_today":0,"sales_last_days":0,"reserved_stock":null,"customer_returns":null,"warehouse_damage":null,"lost_in_post":null,"other_logs":null,"out_stock_days":0,"lost_sales":0,"has_location":null,"update_date":"2026-05-02T13:36:28","atum_locations":[],"atum_stock_status":"instock","restock_status":false,"low_stock_amount":"","sales_update_date":"2026-03-05T01:07:42","calc_backorders":null,"aioseo_notices":[],"_links":{"self":[{"href":"https:\/\/ecoshop.ee\/uk\/wp-json\/wp\/v2\/product\/335029","targetHints":{"allow":["GET"]}}],"collection":[{"href":"https:\/\/ecoshop.ee\/uk\/wp-json\/wp\/v2\/product"}],"about":[{"href":"https:\/\/ecoshop.ee\/uk\/wp-json\/wp\/v2\/types\/product"}],"replies":[{"embeddable":true,"href":"https:\/\/ecoshop.ee\/uk\/wp-json\/wp\/v2\/comments?post=335029"}],"version-history":[{"count":0,"href":"https:\/\/ecoshop.ee\/uk\/wp-json\/wp\/v2\/product\/335029\/revisions"}],"wp:featuredmedia":[{"embeddable":true,"href":"https:\/\/ecoshop.ee\/uk\/wp-json\/wp\/v2\/media\/335024"}],"wp:attachment":[{"href":"https:\/\/ecoshop.ee\/uk\/wp-json\/wp\/v2\/media?parent=335029"}],"wp:term":[{"taxonomy":"product_brand","embeddable":true,"href":"https:\/\/ecoshop.ee\/uk\/wp-json\/wp\/v2\/product_brand?post=335029"},{"taxonomy":"product_cat","embeddable":true,"href":"https:\/\/ecoshop.ee\/uk\/wp-json\/wp\/v2\/product_cat?post=335029"},{"taxonomy":"product_tag","embeddable":true,"href":"https:\/\/ecoshop.ee\/uk\/wp-json\/wp\/v2\/product_tag?post=335029"}],"curies":[{"name":"wp","href":"https:\/\/api.w.org\/{rel}","templated":true}]}}