{"id":336052,"date":"2026-02-27T18:38:23","date_gmt":"2026-02-27T15:38:23","guid":{"rendered":"https:\/\/ecoshop.ee\/maaratlemata\/seinale-kinnitatav-purskkaev-lovipeaga-pronks\/"},"modified":"2026-05-15T04:11:51","modified_gmt":"2026-05-15T01:11:51","slug":"%d0%bd%d0%b0%d1%81%d1%82%d1%96%d0%bd%d0%bd%d0%b8%d0%b9-%d1%84%d0%be%d0%bd%d1%82%d0%b0%d0%bd-%d0%b7-%d0%b1%d1%80%d0%be%d0%bd%d0%b7%d0%be%d0%b2%d0%be%d1%8e-%d0%b3%d0%be%d0%bb%d0%be%d0%b2%d0%ba%d0%be","status":"publish","type":"product","link":"https:\/\/ecoshop.ee\/uk\/purskkaevud-ja-tiigi-tarvikud\/seinale-kinnitatav-purskkaev-lovipeaga-pronks\/","title":{"rendered":"\u041d\u0430\u0441\u0442\u0456\u043d\u043d\u0438\u0439 \u0444\u043e\u043d\u0442\u0430\u043d \u0437 \u0433\u043e\u043b\u043e\u0432\u043e\u044e \u043b\u0435\u0432\u0430, \u0431\u0440\u043e\u043d\u0437\u0430"},"content":{"rendered":"<p>\u0426\u0435\u0439 \u043d\u0430\u0441\u0442\u0456\u043d\u043d\u0438\u0439 \u0444\u043e\u043d\u0442\u0430\u043d \u0443 \u0432\u0456\u043d\u0442\u0430\u0436\u043d\u043e\u043c\u0443 \u0441\u0442\u0438\u043b\u0456 \u043c\u0430\u0454 \u0434\u0435\u043a\u043e\u0440\u0430\u0442\u0438\u0432\u043d\u0438\u0439 \u0434\u0438\u0437\u0430\u0439\u043d \u0456\u0437 \u0437\u043e\u0431\u0440\u0430\u0436\u0435\u043d\u043d\u044f\u043c \u043b\u0435\u0432\u0430. \u0419\u043e\u0433\u043e \u043b\u0435\u0433\u043a\u043e \u043a\u0440\u0456\u043f\u0438\u0442\u0438 \u0434\u043e \u0441\u0442\u0456\u043d\u0438. \u0421\u0442\u0456\u043d\u0430 \u043c\u0430\u0454 \u043f\u043b\u0430\u0432\u043d\u043e \u043f\u0440\u0430\u0446\u044e\u044e\u0447\u0438\u0439 \u0432\u043e\u0434\u044f\u043d\u0438\u0439 \u043d\u0430\u0441\u043e\u0441, \u0437\u0430\u0432\u0434\u044f\u043a\u0438 \u044f\u043a\u043e\u043c\u0443 \u0432\u043e\u0434\u0430 \u043f\u043e\u0441\u0442\u0456\u0439\u043d\u043e \u0442\u0435\u0447\u0435.<\/p>\n<\/p>\n<p>\u0424\u043e\u043d\u0442\u0430\u043d \u0432\u0438\u0433\u043e\u0442\u043e\u0432\u043b\u0435\u043d\u0438\u0439 \u0437 \u043c\u0456\u0446\u043d\u043e\u0433\u043e \u043f\u043b\u0430\u0441\u0442\u0438\u043a\u0443 \u0442\u0430 \u043f\u0456\u0434\u0445\u043e\u0434\u0438\u0442\u044c \u0434\u043b\u044f \u0432\u0438\u043a\u043e\u0440\u0438\u0441\u0442\u0430\u043d\u043d\u044f \u0432 \u043f\u0440\u0438\u043c\u0456\u0449\u0435\u043d\u043d\u0456. \u041a\u043e\u043c\u043f\u043b\u0435\u043a\u0442 \u0432\u043a\u043b\u044e\u0447\u0430\u0454 \u0444\u043e\u043d\u0442\u0430\u043d, \u0432\u043e\u0434\u044f\u043d\u0438\u0439 \u043d\u0430\u0441\u043e\u0441 \u0442\u0430 \u0448\u043b\u0430\u043d\u0433.<\/p>\n<ul>\n<li>\u041a\u043e\u043b\u0456\u0440: \u0431\u0440\u043e\u043d\u0437\u043e\u0432\u0438\u0439<\/li>\n<li>\u041c\u0430\u0442\u0435\u0440\u0456\u0430\u043b: \u043f\u043b\u0430\u0441\u0442\u0438\u043a<\/li>\n<li>\u0417\u0430\u0433\u0430\u043b\u044c\u043d\u0456 \u0440\u043e\u0437\u043c\u0456\u0440\u0438: 41 x 22,5 x 65 \u0441\u043c (\u0428 x \u0413 x \u0412)<\/li>\n<li>\u0412\u043e\u0434\u044f\u043d\u0438\u0439 \u043d\u0430\u0441\u043e\u0441 \u0443 \u043a\u043e\u043c\u043f\u043b\u0435\u043a\u0442\u0456 (220-240 \u0412~, 4 \u0412\u0442)<\/li>\n<li>\u0428\u043b\u0430\u043d\u0433 \u0443 \u043a\u043e\u043c\u043f\u043b\u0435\u043a\u0442\u0456<\/li>\n<li>\u041f\u0456\u0434\u0445\u043e\u0434\u0438\u0442\u044c \u0434\u043b\u044f \u0432\u0438\u043a\u043e\u0440\u0438\u0441\u0442\u0430\u043d\u043d\u044f \u0432 \u043f\u0440\u0438\u043c\u0456\u0449\u0435\u043d\u043d\u0456 <\/li>\n<li>\u041f\u043e\u0442\u0440\u0456\u0431\u043d\u0430 \u0437\u0431\u0456\u0440\u043a\u0430: \u0442\u0430\u043a<\/li>\n<\/ul>","protected":false},"excerpt":{"rendered":"<p>Vanaaegse stiiliga seinapurskkaevul on dekoratiivne l\u00f5vidisain. Seda on lihtne seinale kinnitada. Seinal on sujuvalt t\u00f6\u00f6tav veepump ning vesi on pidevas rigluses. Purskkaev&hellip;<\/p>","protected":false},"featured_media":336043,"comment_status":"open","ping_status":"closed","template":"","meta":{"wprm-recipe-roundup-name":"","wprm-recipe-roundup-description":""},"product_brand":[],"product_cat":[3672],"product_tag":[536,554,540,4305,4304,1071],"class_list":{"0":"post-336052","1":"product","2":"type-product","3":"status-publish","4":"has-post-thumbnail","6":"product_cat-purskkaevud-ja-tiigi-tarvikud","7":"product_tag-kodu-ja-aed","8":"product_tag-ouemoobli-komplektid","9":"product_tag-parcel","10":"product_tag-purskkaevud-ja-kosed","11":"product_tag-purskkaevud-ja-tiigid","12":"product_tag-sisekujundus","13":"pa_brand-vidaxl","15":"first","16":"instock","17":"taxable","18":"shipping-taxable","19":"purchasable","20":"product-type-simple"},"supplier_id":null,"supplier_sku":"","barcode":null,"atum_controlled":false,"out_stock_date":null,"out_stock_threshold":null,"inheritable":false,"inbound_stock":null,"stock_on_hold":0,"sold_today":0,"sales_last_days":0,"reserved_stock":null,"customer_returns":null,"warehouse_damage":null,"lost_in_post":null,"other_logs":null,"out_stock_days":0,"lost_sales":0,"has_location":null,"update_date":"2026-05-15T01:11:52","atum_locations":[],"atum_stock_status":"instock","restock_status":false,"low_stock_amount":"","sales_update_date":"2026-03-07T01:17:31","calc_backorders":null,"aioseo_notices":[],"_links":{"self":[{"href":"https:\/\/ecoshop.ee\/uk\/wp-json\/wp\/v2\/product\/336052","targetHints":{"allow":["GET"]}}],"collection":[{"href":"https:\/\/ecoshop.ee\/uk\/wp-json\/wp\/v2\/product"}],"about":[{"href":"https:\/\/ecoshop.ee\/uk\/wp-json\/wp\/v2\/types\/product"}],"replies":[{"embeddable":true,"href":"https:\/\/ecoshop.ee\/uk\/wp-json\/wp\/v2\/comments?post=336052"}],"version-history":[{"count":0,"href":"https:\/\/ecoshop.ee\/uk\/wp-json\/wp\/v2\/product\/336052\/revisions"}],"wp:featuredmedia":[{"embeddable":true,"href":"https:\/\/ecoshop.ee\/uk\/wp-json\/wp\/v2\/media\/336043"}],"wp:attachment":[{"href":"https:\/\/ecoshop.ee\/uk\/wp-json\/wp\/v2\/media?parent=336052"}],"wp:term":[{"taxonomy":"product_brand","embeddable":true,"href":"https:\/\/ecoshop.ee\/uk\/wp-json\/wp\/v2\/product_brand?post=336052"},{"taxonomy":"product_cat","embeddable":true,"href":"https:\/\/ecoshop.ee\/uk\/wp-json\/wp\/v2\/product_cat?post=336052"},{"taxonomy":"product_tag","embeddable":true,"href":"https:\/\/ecoshop.ee\/uk\/wp-json\/wp\/v2\/product_tag?post=336052"}],"curies":[{"name":"wp","href":"https:\/\/api.w.org\/{rel}","templated":true}]}}