{"id":336065,"date":"2026-02-27T18:38:41","date_gmt":"2026-02-27T15:38:41","guid":{"rendered":"https:\/\/ecoshop.ee\/maaratlemata\/toapurskkaev-led-tulega-poluvaik-2\/"},"modified":"2026-05-16T09:22:28","modified_gmt":"2026-05-16T06:22:28","slug":"%d0%ba%d1%96%d0%bc%d0%bd%d0%b0%d1%82%d0%bd%d0%b8%d0%b9-%d1%84%d0%be%d0%bd%d1%82%d0%b0%d0%bd-%d0%b7%d1%96-%d1%81%d0%b2%d1%96%d1%82%d0%bb%d0%be%d0%b4%d1%96%d0%be%d0%b4%d0%bd%d0%b8%d0%bc-%d0%bf%d1%96","status":"publish","type":"product","link":"https:\/\/ecoshop.ee\/uk\/purskkaevud-ja-tiigi-tarvikud\/toapurskkaev-led-tulega-poluvaik-2\/","title":{"rendered":"\u0424\u043e\u043d\u0442\u0430\u043d \u0434\u043b\u044f \u043f\u0440\u0438\u043c\u0456\u0449\u0435\u043d\u044c \u0437\u0456 \u0441\u0432\u0456\u0442\u043b\u043e\u0434\u0456\u043e\u0434\u043d\u0438\u043c \u043e\u0441\u0432\u0456\u0442\u043b\u0435\u043d\u043d\u044f\u043c, \u043f\u043e\u043b\u0456\u0440\u0435\u0437\u0438\u043d\u0430"},"content":{"rendered":"<p>\u041a\u0456\u043c\u043d\u0430\u0442\u043d\u0438\u0439 \u0444\u043e\u043d\u0442\u0430\u043d \u0437\u0456 \u0441\u0432\u0456\u0442\u043b\u043e\u0434\u0456\u043e\u0434\u043d\u0438\u043c \u043e\u0441\u0432\u0456\u0442\u043b\u0435\u043d\u043d\u044f\u043c \u2013 \u0447\u0443\u0434\u043e\u0432\u0438\u0439 \u0432\u0438\u0431\u0456\u0440 \u0434\u043b\u044f \u0434\u043e\u0434\u0430\u0432\u0430\u043d\u043d\u044f \u043f\u0440\u0438\u0440\u043e\u0434\u043d\u043e\u0457 \u0430\u0442\u043c\u043e\u0441\u0444\u0435\u0440\u0438 \u0432\u0430\u0448\u043e\u043c\u0443 \u0436\u0438\u0442\u043b\u043e\u0432\u043e\u043c\u0443 \u043f\u0440\u043e\u0441\u0442\u043e\u0440\u0443.<\/p>\n<\/p>\n<p>\u0424\u043e\u043d\u0442\u0430\u043d\u0447\u0438\u043a \u0437 \u043a\u0440\u0430\u043f\u0435\u043b\u044c\u043d\u043e\u044e \u0432\u043e\u0434\u043e\u044e \u043f\u0430\u0441\u0443\u0432\u0430\u0442\u0438\u043c\u0435 \u0434\u043e \u0431\u0443\u0434\u044c-\u044f\u043a\u043e\u0457 \u043a\u0456\u043c\u043d\u0430\u0442\u0438. \u0412\u0456\u043d \u043c\u0430\u0454 \u0441\u0432\u0456\u0442\u043b\u043e\u0434\u0456\u043e\u0434\u043d\u0435 \u043f\u0456\u0434\u0441\u0432\u0456\u0447\u0443\u0432\u0430\u043d\u043d\u044f, \u044f\u043a\u0435 \u0441\u0442\u0432\u043e\u0440\u044e\u0454 \u043f\u0440\u0438\u0433\u043e\u043b\u043e\u043c\u0448\u043b\u0438\u0432\u0438\u0439 \u0432\u0456\u0437\u0443\u0430\u043b\u044c\u043d\u0438\u0439 \u0435\u0444\u0435\u043a\u0442, \u043e\u0441\u043e\u0431\u043b\u0438\u0432\u043e \u0432\u043d\u043e\u0447\u0456. \u0414\u0435\u043a\u043e\u0440\u0430\u0446\u0456\u044f \u0437 \u043f\u043e\u043b\u0456\u0441\u043c\u043e\u043b\u0438 \u0441\u0442\u0456\u0439\u043a\u0430 \u0434\u043e \u0443\u043b\u044c\u0442\u0440\u0430\u0444\u0456\u043e\u043b\u0435\u0442\u043e\u0432\u043e\u0433\u043e \u0432\u0438\u043f\u0440\u043e\u043c\u0456\u043d\u044e\u0432\u0430\u043d\u043d\u044f, \u0442\u043e\u043c\u0443 \u0437\u0431\u0435\u0440\u0456\u0433\u0430\u0454 \u0441\u0432\u0456\u0439 \u043a\u043e\u043b\u0456\u0440 \u0456 \u0433\u0430\u0440\u043d\u0438\u0439 \u0437\u043e\u0432\u043d\u0456\u0448\u043d\u0456\u0439 \u0432\u0438\u0433\u043b\u044f\u0434 \u043d\u0430\u0432\u0456\u0442\u044c \u043f\u0456\u0434 \u0432\u043f\u043b\u0438\u0432\u043e\u043c \u043f\u0440\u044f\u043c\u0438\u0445 \u0441\u043e\u043d\u044f\u0447\u043d\u0438\u0445 \u043f\u0440\u043e\u043c\u0435\u043d\u0456\u0432. \u041a\u0456\u043b\u044c\u043a\u0430 \u0441\u0442\u0440\u0443\u043c\u0435\u043d\u0456\u0432 \u0432\u043e\u0434\u0438 \u0442\u0430 \u0437\u0430\u0441\u043f\u043e\u043a\u0456\u0439\u043b\u0438\u0432\u0438\u0439 \u0437\u0432\u0443\u043a \u043a\u0440\u0430\u043f\u0435\u043b\u044c\u043d\u043e\u0457 \u0432\u043e\u0434\u0438 \u0441\u0442\u0432\u043e\u0440\u044e\u044e\u0442\u044c \u0440\u043e\u0437\u0441\u043b\u0430\u0431\u043b\u044e\u044e\u0447\u0443 \u0430\u0442\u043c\u043e\u0441\u0444\u0435\u0440\u0443. \u0412\u0438\u0441\u043e\u043a\u043e\u044f\u043a\u0456\u0441\u043d\u0438\u0439 \u043d\u0430\u0441\u043e\u0441, \u0449\u043e \u0432\u0445\u043e\u0434\u0438\u0442\u044c \u0434\u043e \u043a\u043e\u043c\u043f\u043b\u0435\u043a\u0442\u0443, \u0437\u0430\u0431\u0435\u0437\u043f\u0435\u0447\u0443\u0454 \u0431\u0435\u0437\u043f\u0435\u0447\u043d\u0443 \u0442\u0430 \u043d\u0430\u0434\u0456\u0439\u043d\u0443 \u0440\u043e\u0431\u043e\u0442\u0443.<\/p>\n<\/p>\n<p>\u041f\u043e\u0432\u043d\u0456\u0441\u0442\u044e \u0430\u0432\u0442\u043e\u043d\u043e\u043c\u043d\u0438\u0439 \u0432\u043e\u0434\u043e\u043d\u0430\u0433\u0440\u0456\u0432\u0430\u0447 \u043c\u043e\u0436\u043d\u0430 \u0440\u043e\u0437\u043c\u0456\u0441\u0442\u0438\u0442\u0438 \u0431\u0443\u0434\u044c-\u0434\u0435 \u0432 \u0431\u0443\u0434\u0438\u043d\u043a\u0443.<\/p>\n<ul>\n<li>\u041c\u0430\u0442\u0435\u0440\u0456\u0430\u043b: \u043f\u043e\u043b\u0456\u0440\u0435\u0437\u0438\u043d<\/li>\n<li>\u0420\u043e\u0437\u043c\u0456\u0440: 15,8 x 11,8 x 24 \u0441\u043c (\u0414 x \u0428 x \u0412)<\/li>\n<li>\u0416\u0438\u0432\u043b\u0435\u043d\u043d\u044f \u0430\u0434\u0430\u043f\u0442\u0435\u0440\u0430: 230-240 \u0412, 50 \u0413\u0446, 30 \u043c\u0410<\/li>\n<li>\u0421\u043f\u043e\u0436\u0438\u0432\u0430\u043d\u043d\u044f \u0435\u043d\u0435\u0440\u0433\u0456\u0457 \u0441\u0432\u0456\u0442\u043b\u043e\u0434\u0456\u043e\u0434\u043d\u0438\u043c \u0441\u0432\u0456\u0442\u043b\u043e\u043c: 2 \u0412\u0442<\/li>\n<li>\u041b\u0435\u0433\u043a\u0438\u0439 \u0443 \u0432\u0438\u043a\u043e\u0440\u0438\u0441\u0442\u0430\u043d\u043d\u0456<\/li>\n<li><strong>\u041f\u0430\u043a\u0435\u0442 \u0432\u043a\u043b\u044e\u0447\u0430\u0454:<\/strong><\/li>\n<li>1 \u0445 \u0430\u0434\u0430\u043f\u0442\u0435\u0440<\/li>\n<li>1 \u0445 \u0441\u0432\u0456\u0442\u043b\u043e\u0434\u0456\u043e\u0434\u043d\u0438\u0439 \u043b\u0456\u0445\u0442\u0430\u0440\u0438\u043a<\/li>\n<li>1 \u0445 \u043d\u0430\u0441\u043e\u0441<\/li>\n<li>1 \u0445 \u0432\u043e\u0434\u044f\u043d\u0435 \u043e\u043a\u043e<\/li>\n<\/ul>","protected":false},"excerpt":{"rendered":"<p>LED-tulega toapurskkaev on suurep\u00e4rane valik, millega oma eluruumile loodusl\u00e4hedast \u00f5hustikku lisada. Tilkuva veega veesilm sobib igasse ruumi. Sellel on LED-tuli, mis loob&hellip;<\/p>","protected":false},"featured_media":336059,"comment_status":"open","ping_status":"closed","template":"","meta":{"wprm-recipe-roundup-name":"","wprm-recipe-roundup-description":""},"product_brand":[],"product_cat":[3672],"product_tag":[550,536,540,4305,4304,1071],"class_list":{"0":"post-336065","1":"product","2":"type-product","3":"status-publish","4":"has-post-thumbnail","6":"product_cat-purskkaevud-ja-tiigi-tarvikud","7":"product_tag-hall","8":"product_tag-kodu-ja-aed","9":"product_tag-parcel","10":"product_tag-purskkaevud-ja-kosed","11":"product_tag-purskkaevud-ja-tiigid","12":"product_tag-sisekujundus","13":"pa_brand-vidaxl","15":"first","16":"instock","17":"taxable","18":"shipping-taxable","19":"purchasable","20":"product-type-simple"},"supplier_id":null,"supplier_sku":"","barcode":null,"atum_controlled":false,"out_stock_date":null,"out_stock_threshold":null,"inheritable":false,"inbound_stock":null,"stock_on_hold":0,"sold_today":0,"sales_last_days":0,"reserved_stock":null,"customer_returns":null,"warehouse_damage":null,"lost_in_post":null,"other_logs":null,"out_stock_days":0,"lost_sales":0,"has_location":null,"update_date":"2026-05-16T06:22:29","atum_locations":[],"atum_stock_status":"instock","restock_status":false,"low_stock_amount":"","sales_update_date":"2026-03-05T01:12:16","calc_backorders":null,"aioseo_notices":[],"_links":{"self":[{"href":"https:\/\/ecoshop.ee\/uk\/wp-json\/wp\/v2\/product\/336065","targetHints":{"allow":["GET"]}}],"collection":[{"href":"https:\/\/ecoshop.ee\/uk\/wp-json\/wp\/v2\/product"}],"about":[{"href":"https:\/\/ecoshop.ee\/uk\/wp-json\/wp\/v2\/types\/product"}],"replies":[{"embeddable":true,"href":"https:\/\/ecoshop.ee\/uk\/wp-json\/wp\/v2\/comments?post=336065"}],"version-history":[{"count":0,"href":"https:\/\/ecoshop.ee\/uk\/wp-json\/wp\/v2\/product\/336065\/revisions"}],"wp:featuredmedia":[{"embeddable":true,"href":"https:\/\/ecoshop.ee\/uk\/wp-json\/wp\/v2\/media\/336059"}],"wp:attachment":[{"href":"https:\/\/ecoshop.ee\/uk\/wp-json\/wp\/v2\/media?parent=336065"}],"wp:term":[{"taxonomy":"product_brand","embeddable":true,"href":"https:\/\/ecoshop.ee\/uk\/wp-json\/wp\/v2\/product_brand?post=336065"},{"taxonomy":"product_cat","embeddable":true,"href":"https:\/\/ecoshop.ee\/uk\/wp-json\/wp\/v2\/product_cat?post=336065"},{"taxonomy":"product_tag","embeddable":true,"href":"https:\/\/ecoshop.ee\/uk\/wp-json\/wp\/v2\/product_tag?post=336065"}],"curies":[{"name":"wp","href":"https:\/\/api.w.org\/{rel}","templated":true}]}}