{"id":336789,"date":"2026-02-27T19:18:31","date_gmt":"2026-02-27T16:18:31","guid":{"rendered":"https:\/\/ecoshop.ee\/maaratlemata\/lindude-pesakastid-4-tk-24x16x30-cm-nulupuit\/"},"modified":"2026-05-13T15:22:07","modified_gmt":"2026-05-13T12:22:07","slug":"%d0%b3%d0%bd%d1%96%d0%b7%d0%b4%d0%be%d0%b2%d1%96-%d1%8f%d1%89%d0%b8%d0%ba%d0%b8-%d0%b4%d0%bb%d1%8f-%d0%bf%d1%82%d0%b0%d1%85%d1%96%d0%b2-4-%d1%88%d1%82-24x16x30-%d1%81%d0%bc-%d1%81%d0%be%d1%81","status":"publish","type":"product","link":"https:\/\/ecoshop.ee\/uk\/linnumajad-ja-loomasootjad\/lindude-pesakastid-4-tk-24x16x30-cm-nulupuit\/","title":{"rendered":"\u0413\u043d\u0456\u0437\u0434\u043e\u0432\u0456 \u044f\u0449\u0438\u043a\u0438 \u0434\u043b\u044f \u043f\u0442\u0430\u0445\u0456\u0432, 4 \u0448\u0442\u0443\u043a\u0438, 24 x 16 x 30 \u0441\u043c, \u0441\u043e\u0441\u043d\u043e\u0432\u0430 \u0434\u0435\u0440\u0435\u0432\u0438\u043d\u0430"},"content":{"rendered":"<p>\u0414\u0435\u0440\u0435\u0432&#039;\u044f\u043d\u0456 \u0433\u043d\u0456\u0437\u0434\u043e\u0432\u0456 \u044f\u0449\u0438\u043a\u0438 \u0437\u0430\u0431\u0435\u0437\u043f\u0435\u0447\u0443\u044e\u0442\u044c \u043f\u0440\u0438\u0442\u0443\u043b\u043e\u043a \u0434\u043b\u044f \u0432\u0430\u0448\u0438\u0445 \u043f\u0435\u0440\u043d\u0430\u0442\u0438\u0445 \u0434\u0440\u0443\u0437\u0456\u0432 \u0443 \u0441\u0430\u0434\u0443 \u0442\u0430 \u043d\u0430 \u0442\u0435\u0440\u0430\u0441\u0456. \u0412\u043e\u043d\u0438 \u0442\u0430\u043a\u043e\u0436 \u043c\u0430\u044e\u0442\u044c \u043d\u0435\u0432\u0435\u043b\u0438\u043a\u0438\u0439 \u043e\u0442\u0432\u0456\u0440 \u0434\u043b\u044f \u0437\u0430\u0445\u0438\u0441\u0442\u0443 \u043c\u0430\u043b\u0435\u043d\u044c\u043a\u0438\u0445 \u043f\u0442\u0430\u0445\u0456\u0432 \u0432\u0456\u0434 \u0445\u0438\u0436\u0430\u043a\u0456\u0432.<\/p>\n<\/p>\n<p>\u0428\u043f\u0430\u043a\u0456\u0432\u043d\u044f \u0432\u0438\u0433\u043e\u0442\u043e\u0432\u043b\u0435\u043d\u0430 \u0432\u0440\u0443\u0447\u043d\u0443 \u0437 \u043c\u0456\u0446\u043d\u043e\u0457 \u0441\u043e\u0441\u043d\u043e\u0432\u043e\u0457 \u0434\u0435\u0440\u0435\u0432\u0438\u043d\u0438, \u0449\u043e \u0440\u043e\u0431\u0438\u0442\u044c \u0457\u0457 \u0434\u043e\u0432\u0433\u043e\u0432\u0456\u0447\u043d\u043e\u044e \u0442\u0430 \u043f\u0440\u0438\u0434\u0430\u0442\u043d\u043e\u044e \u0434\u043b\u044f \u0432\u0438\u043a\u043e\u0440\u0438\u0441\u0442\u0430\u043d\u043d\u044f \u043d\u0430 \u0432\u0443\u043b\u0438\u0446\u0456. \u0428\u043f\u0430\u043a\u0456\u0432\u043d\u044f \u043c\u0430\u0454 \u0437\u0435\u043b\u0435\u043d\u0438\u0439 \u0434\u0430\u0445 \u0442\u0430 \u0440\u043e\u043c\u0431\u043e\u043f\u043e\u0434\u0456\u0431\u043d\u0438\u0439 \u043a\u043e\u0440\u043f\u0443\u0441 \u0437 \u043d\u0430\u0442\u0443\u0440\u0430\u043b\u044c\u043d\u043e\u0433\u043e \u0434\u0435\u0440\u0435\u0432\u0430. \u0412\u043e\u043d\u0430 \u0454 \u043e\u0434\u043d\u043e\u0447\u0430\u0441\u043d\u043e \u0456\u0434\u0435\u0430\u043b\u044c\u043d\u043e\u044e \u043f\u0440\u0438\u043a\u0440\u0430\u0441\u043e\u044e \u0442\u0430 \u0448\u043f\u0430\u043a\u0456\u0432\u043d\u0435\u044e. \u0414\u0435\u0440\u0435\u0432&#039;\u044f\u043d\u0443 \u0448\u043f\u0430\u043a\u0456\u0432\u043d\u044e \u043c\u043e\u0436\u043d\u0430 \u043b\u0435\u0433\u043a\u043e \u043f\u043e\u0432\u0456\u0441\u0438\u0442\u0438 \u0443 \u0432\u0430\u0448\u043e\u043c\u0443 \u0441\u0430\u0434\u0443 \u0437\u0430\u0432\u0434\u044f\u043a\u0438 \u043f\u043e\u043f\u0435\u0440\u0435\u0434\u043d\u044c\u043e \u043f\u0440\u043e\u0441\u0432\u0435\u0440\u0434\u043b\u0435\u043d\u0438\u043c \u043e\u0442\u0432\u043e\u0440\u0430\u043c \u0437\u0432\u0435\u0440\u0445\u0443.<\/p>\n<\/p>\n<p>\u0421\u043f\u043e\u0441\u0442\u0435\u0440\u0456\u0433\u0430\u0439\u0442\u0435, \u044f\u043a \u043f\u0442\u0430\u0448\u0435\u043d\u044f\u0442\u0430 \u0440\u043e\u0441\u0442\u0443\u0442\u044c \u0443 \u0432\u0430\u0448\u043e\u043c\u0443 \u0441\u0430\u0434\u0443!<\/p>\n<ul>\n<li>\u041c\u0430\u0442\u0435\u0440\u0456\u0430\u043b: \u044f\u043b\u0438\u0446\u044f<\/li>\n<li>\u0420\u043e\u0437\u043c\u0456\u0440\u0438: 24 x 16 x 30 \u0441\u043c (\u0428 x \u0413 x \u0412)<\/li>\n<li>\u041f\u043e\u0442\u0440\u0456\u0431\u043d\u0435 \u0441\u043a\u043b\u0430\u0434\u0430\u043d\u043d\u044f: \u043d\u0456<\/li>\n<li><strong>\u041a\u043e\u043c\u043f\u043b\u0435\u043a\u0442 \u0432\u043a\u043b\u044e\u0447\u0430\u0454:<\/strong><\/li>\n<li>4 \u0433\u043d\u0456\u0437\u0434\u043e\u0432\u0456 \u0431\u0443\u0434\u043a\u0438<\/li>\n<\/ul>","protected":false},"excerpt":{"rendered":"<p>Puidust pesakastid pakuvad aias ja terrassil teie sulistele s\u00f5pradele varjualust. Lisaks on neis v\u00e4ike ava, et v\u00e4ikseid linde kiskjate eest kaitsta. Lindude&hellip;<\/p>","protected":false},"featured_media":336782,"comment_status":"open","ping_status":"closed","template":"","meta":{"wprm-recipe-roundup-name":"","wprm-recipe-roundup-description":""},"product_brand":[],"product_cat":[2566],"product_tag":[596,536,4452,4453,540,1071],"class_list":{"0":"post-336789","1":"product","2":"type-product","3":"status-publish","4":"has-post-thumbnail","6":"product_cat-linnumajad-ja-loomasootjad","7":"product_tag-beez","8":"product_tag-kodu-ja-aed","9":"product_tag-linnu-ja-loomamajad","10":"product_tag-linnumajad","11":"product_tag-parcel","12":"product_tag-sisekujundus","13":"pa_brand-vidaxl","15":"first","16":"instock","17":"taxable","18":"shipping-taxable","19":"purchasable","20":"product-type-simple"},"supplier_id":null,"supplier_sku":"","barcode":null,"atum_controlled":false,"out_stock_date":null,"out_stock_threshold":null,"inheritable":false,"inbound_stock":null,"stock_on_hold":0,"sold_today":0,"sales_last_days":0,"reserved_stock":null,"customer_returns":null,"warehouse_damage":null,"lost_in_post":null,"other_logs":null,"out_stock_days":0,"lost_sales":0,"has_location":null,"update_date":"2026-05-13T12:22:08","atum_locations":[],"atum_stock_status":"instock","restock_status":false,"low_stock_amount":"","sales_update_date":"2026-03-05T01:12:16","calc_backorders":null,"aioseo_notices":[],"_links":{"self":[{"href":"https:\/\/ecoshop.ee\/uk\/wp-json\/wp\/v2\/product\/336789","targetHints":{"allow":["GET"]}}],"collection":[{"href":"https:\/\/ecoshop.ee\/uk\/wp-json\/wp\/v2\/product"}],"about":[{"href":"https:\/\/ecoshop.ee\/uk\/wp-json\/wp\/v2\/types\/product"}],"replies":[{"embeddable":true,"href":"https:\/\/ecoshop.ee\/uk\/wp-json\/wp\/v2\/comments?post=336789"}],"version-history":[{"count":0,"href":"https:\/\/ecoshop.ee\/uk\/wp-json\/wp\/v2\/product\/336789\/revisions"}],"wp:featuredmedia":[{"embeddable":true,"href":"https:\/\/ecoshop.ee\/uk\/wp-json\/wp\/v2\/media\/336782"}],"wp:attachment":[{"href":"https:\/\/ecoshop.ee\/uk\/wp-json\/wp\/v2\/media?parent=336789"}],"wp:term":[{"taxonomy":"product_brand","embeddable":true,"href":"https:\/\/ecoshop.ee\/uk\/wp-json\/wp\/v2\/product_brand?post=336789"},{"taxonomy":"product_cat","embeddable":true,"href":"https:\/\/ecoshop.ee\/uk\/wp-json\/wp\/v2\/product_cat?post=336789"},{"taxonomy":"product_tag","embeddable":true,"href":"https:\/\/ecoshop.ee\/uk\/wp-json\/wp\/v2\/product_tag?post=336789"}],"curies":[{"name":"wp","href":"https:\/\/api.w.org\/{rel}","templated":true}]}}