{"id":336835,"date":"2026-02-27T19:19:26","date_gmt":"2026-02-27T16:19:26","guid":{"rendered":"https:\/\/ecoshop.ee\/maaratlemata\/linnumaja-kaheksanurk-nulupuit-33-x-30-cm\/"},"modified":"2026-05-15T04:12:14","modified_gmt":"2026-05-15T01:12:14","slug":"%d1%88%d0%bf%d0%b0%d0%ba%d1%96%d0%b2%d0%bd%d1%8f-%d0%b2%d0%be%d1%81%d1%8c%d0%bc%d0%b8%d0%ba%d1%83%d1%82%d0%bd%d0%b0-%d0%b7-%d1%81%d0%be%d1%81%d0%bd%d0%b8-33-x-30-%d1%81%d0%bc","status":"publish","type":"product","link":"https:\/\/ecoshop.ee\/uk\/linnumajad-ja-loomasootjad\/linnumaja-kaheksanurk-nulupuit-33-x-30-cm\/","title":{"rendered":"\u0428\u043f\u0430\u043a\u0456\u0432\u043d\u044f, \u0432\u043e\u0441\u044c\u043c\u0438\u043a\u0443\u0442\u043d\u0430, \u0441\u043e\u0441\u043d\u043e\u0432\u0430, 33 x 30 \u0441\u043c"},"content":{"rendered":"<p>\u041a\u043e\u0436\u0435\u043d \u043b\u044e\u0431\u0438\u0442\u0435\u043b\u044c \u043f\u0442\u0430\u0445\u0456\u0432 \u043b\u044e\u0431\u0438\u0442\u044c \u0441\u043f\u043e\u0441\u0442\u0435\u0440\u0456\u0433\u0430\u0442\u0438, \u044f\u043a \u043c\u0438\u043b\u0456 \u043f\u0442\u0430\u0445\u0438 \u0449\u0430\u0441\u043b\u0438\u0432\u043e \u0457\u0434\u044f\u0442\u044c. \u041f\u043e\u0447\u0430\u0441\u0442\u0443\u0439\u0442\u0435 \u0441\u0432\u043e\u0457\u0445 \u0441\u0443\u0441\u0456\u0434\u0441\u044c\u043a\u0438\u0445 \u043f\u0442\u0430\u0445\u0456\u0432 \u0457\u0436\u0435\u044e \u0437 \u043d\u0430\u0448\u043e\u044e \u0447\u0430\u0440\u0456\u0432\u043d\u043e\u044e \u043f\u0456\u0434\u0432\u0456\u0441\u043d\u043e\u044e \u0433\u043e\u0434\u0456\u0432\u043d\u0438\u0446\u0435\u044e \u0434\u043b\u044f \u043f\u0442\u0430\u0445\u0456\u0432!<\/p>\n<\/p>\n<p>\u0412\u0438\u0433\u043e\u0442\u043e\u0432\u043b\u0435\u043d\u0430 \u0437 \u043c\u0456\u0446\u043d\u043e\u0457 \u0441\u043e\u0441\u043d\u043e\u0432\u043e\u0457 \u0434\u0435\u0440\u0435\u0432\u0438\u043d\u0438, \u0446\u044f \u0433\u043e\u0434\u0456\u0432\u043d\u0438\u0446\u044f \u0434\u043b\u044f \u043f\u0442\u0430\u0445\u0456\u0432 \u0434\u043e\u0432\u0433\u043e\u0432\u0456\u0447\u043d\u0430, \u0441\u0442\u0456\u0439\u043a\u0430 \u0434\u043e \u043f\u043e\u0433\u043e\u0434\u043d\u0438\u0445 \u0443\u043c\u043e\u0432 \u0456 \u043c\u043e\u0436\u0435 \u0432\u0438\u043a\u043e\u0440\u0438\u0441\u0442\u043e\u0432\u0443\u0432\u0430\u0442\u0438\u0441\u044f \u0446\u0456\u043b\u0438\u0439 \u0440\u0456\u043a. \u0412\u043e\u043d\u0430 \u043c\u0430\u0454 \u0432\u0435\u043b\u0438\u043a\u0443 \u043f\u043b\u0430\u0442\u0444\u043e\u0440\u043c\u0443 \u0434\u043b\u044f \u0433\u043e\u0434\u0443\u0432\u0430\u043d\u043d\u044f \u0442\u0430 \u0437\u0430\u0445\u0438\u0441\u043d\u0438\u0439 \u0434\u0430\u0445, \u0449\u043e\u0431 \u043a\u043e\u0440\u043c \u0437\u0430\u043b\u0438\u0448\u0430\u0432\u0441\u044f \u0441\u0443\u0445\u0438\u043c. \u041f\u0440\u043e\u0441\u0442\u043e \u0434\u043e\u0434\u0430\u0439\u0442\u0435 \u043a\u043e\u0440\u043c, \u0456 \u0432\u0430\u0448\u0456 \u043c\u0438\u043b\u0456 \u043f\u0442\u0430\u0445\u0438 \u0456\u0437 \u0437\u0430\u0434\u043e\u0432\u043e\u043b\u0435\u043d\u043d\u044f\u043c \u0432\u0456\u0434\u0432\u0456\u0434\u0443\u0432\u0430\u0442\u0438\u043c\u0443\u0442\u044c \u0457\u0457 \u0449\u043e\u0434\u043d\u044f \u0437\u0430 \u043b\u0430\u0441\u043e\u0449\u0430\u043c\u0438 \u0430\u0431\u043e \u0434\u043b\u044f \u0432\u0456\u0434\u043f\u043e\u0447\u0438\u043d\u043a\u0443!<\/p>\n<ul>\n<li>\u041c\u0430\u0442\u0435\u0440\u0456\u0430\u043b: \u043c\u0430\u0441\u0438\u0432 \u0441\u043e\u0441\u043d\u0438<\/li>\n<li>\u0420\u043e\u0437\u043c\u0456\u0440\u0438: 33 x 30 \u0441\u043c (\u0434\u0456\u0430\u043c\u0435\u0442\u0440 x \u0432\u0438\u0441\u043e\u0442\u0430)<\/li>\n<li>\u0424\u043e\u0440\u043c\u0430: \u0432\u043e\u0441\u044c\u043c\u0438\u043a\u0443\u0442\u043d\u0438\u043a<\/li>\n<li>\u0412\u0441\u0435\u043f\u043e\u0433\u043e\u0434\u043d\u0438\u0439<\/li>\n<li>\u041f\u043e\u0442\u0440\u0456\u0431\u043d\u0430 \u0437\u0431\u0456\u0440\u043a\u0430: \u0442\u0430\u043a<\/li>\n<\/ul>","protected":false},"excerpt":{"rendered":"<p>Igale linnus\u00f5brale meeldib vaadata, kuidas armsad linnud r\u00f5\u00f5msalt s\u00f6\u00f6vad. Hellitage oma naabruses asuvaid linde s\u00f6\u00f6giga meie v\u00f5luva rippuva linnus\u00f6\u00f6gimajaga! Toekast nulupuidust valmistatud&hellip;<\/p>","protected":false},"featured_media":336829,"comment_status":"open","ping_status":"closed","template":"","meta":{"wprm-recipe-roundup-name":"","wprm-recipe-roundup-description":""},"product_brand":[],"product_cat":[2566],"product_tag":[536,4455,4456,554,540,1071],"class_list":{"0":"post-336835","1":"product","2":"type-product","3":"status-publish","4":"has-post-thumbnail","6":"product_cat-linnumajad-ja-loomasootjad","7":"product_tag-kodu-ja-aed","8":"product_tag-lindude-ja-metsloomade-sooturid","9":"product_tag-linnusooturid","10":"product_tag-ouemoobli-komplektid","11":"product_tag-parcel","12":"product_tag-sisekujundus","13":"pa_brand-vidaxl","15":"first","16":"instock","17":"taxable","18":"shipping-taxable","19":"purchasable","20":"product-type-simple"},"supplier_id":null,"supplier_sku":"","barcode":null,"atum_controlled":false,"out_stock_date":null,"out_stock_threshold":null,"inheritable":false,"inbound_stock":null,"stock_on_hold":null,"sold_today":null,"sales_last_days":null,"reserved_stock":null,"customer_returns":null,"warehouse_damage":null,"lost_in_post":null,"other_logs":null,"out_stock_days":null,"lost_sales":null,"has_location":null,"update_date":"2026-05-13T06:26:01","atum_locations":[],"atum_stock_status":"instock","restock_status":false,"low_stock_amount":"","sales_update_date":null,"calc_backorders":null,"aioseo_notices":[],"_links":{"self":[{"href":"https:\/\/ecoshop.ee\/uk\/wp-json\/wp\/v2\/product\/336835","targetHints":{"allow":["GET"]}}],"collection":[{"href":"https:\/\/ecoshop.ee\/uk\/wp-json\/wp\/v2\/product"}],"about":[{"href":"https:\/\/ecoshop.ee\/uk\/wp-json\/wp\/v2\/types\/product"}],"replies":[{"embeddable":true,"href":"https:\/\/ecoshop.ee\/uk\/wp-json\/wp\/v2\/comments?post=336835"}],"version-history":[{"count":0,"href":"https:\/\/ecoshop.ee\/uk\/wp-json\/wp\/v2\/product\/336835\/revisions"}],"wp:featuredmedia":[{"embeddable":true,"href":"https:\/\/ecoshop.ee\/uk\/wp-json\/wp\/v2\/media\/336829"}],"wp:attachment":[{"href":"https:\/\/ecoshop.ee\/uk\/wp-json\/wp\/v2\/media?parent=336835"}],"wp:term":[{"taxonomy":"product_brand","embeddable":true,"href":"https:\/\/ecoshop.ee\/uk\/wp-json\/wp\/v2\/product_brand?post=336835"},{"taxonomy":"product_cat","embeddable":true,"href":"https:\/\/ecoshop.ee\/uk\/wp-json\/wp\/v2\/product_cat?post=336835"},{"taxonomy":"product_tag","embeddable":true,"href":"https:\/\/ecoshop.ee\/uk\/wp-json\/wp\/v2\/product_tag?post=336835"}],"curies":[{"name":"wp","href":"https:\/\/api.w.org\/{rel}","templated":true}]}}