{"id":336843,"date":"2026-02-27T19:19:35","date_gmt":"2026-02-27T16:19:35","guid":{"rendered":"https:\/\/ecoshop.ee\/maaratlemata\/linnumaja-nulupuit-35-x-295-x-21-cm\/"},"modified":"2026-05-13T09:26:01","modified_gmt":"2026-05-13T06:26:01","slug":"%d1%88%d0%bf%d0%b0%d0%ba%d1%96%d0%b2%d0%bd%d1%8f-%d1%81%d0%be%d1%81%d0%bd%d0%be%d0%b2%d0%b0-%d0%b4%d0%b5%d1%80%d0%b5%d0%b2%d0%b8%d0%bd%d0%b0-35-x-295-x-21-%d1%81%d0%bc","status":"publish","type":"product","link":"https:\/\/ecoshop.ee\/uk\/linnumajad-ja-loomasootjad\/linnumaja-nulupuit-35-x-295-x-21-cm\/","title":{"rendered":"\u0428\u043f\u0430\u043a\u0456\u0432\u043d\u044f Nulu \u0434\u0435\u0440\u0435\u0432&#039;\u044f\u043d\u0430, 35 x 29,5 x 21 \u0441\u043c"},"content":{"rendered":"<p>\u041a\u043e\u0436\u0435\u043d \u043b\u044e\u0431\u0438\u0442\u0435\u043b\u044c \u043f\u0442\u0430\u0445\u0456\u0432 \u043b\u044e\u0431\u0438\u0442\u044c \u0441\u043f\u043e\u0441\u0442\u0435\u0440\u0456\u0433\u0430\u0442\u0438, \u044f\u043a \u043c\u0438\u043b\u0456 \u043f\u0442\u0430\u0445\u0438 \u0449\u0430\u0441\u043b\u0438\u0432\u043e \u0457\u0434\u044f\u0442\u044c. \u041f\u043e\u0440\u0430\u0434\u0443\u0439\u0442\u0435 \u0441\u0432\u043e\u0457\u0445 \u0441\u0443\u0441\u0456\u0434\u0441\u044c\u043a\u0438\u0445 \u043f\u0442\u0430\u0445\u0456\u0432 \u043f\u0456\u0434\u0432\u0456\u0441\u043d\u043e\u044e \u0448\u043f\u0430\u043a\u0456\u0432\u043d\u0435\u044e!<\/p>\n<\/p>\n<p>\u0412\u0438\u0433\u043e\u0442\u043e\u0432\u043b\u0435\u043d\u0438\u0439 \u0437 \u043c\u0430\u0441\u0438\u0432\u0443 \u0441\u043e\u0441\u043d\u0438, \u0446\u0435\u0439 \u0448\u043f\u0430\u043a\u0456\u0432\u0435\u043d\u044c \u043c\u0456\u0446\u043d\u0438\u0439 \u0442\u0430 \u0441\u0442\u0456\u0439\u043a\u0438\u0439 \u0434\u043e \u043f\u043e\u0433\u043e\u0434\u043d\u0438\u0445 \u0443\u043c\u043e\u0432, \u0439\u043e\u0433\u043e \u043c\u043e\u0436\u043d\u0430 \u0432\u0438\u043a\u043e\u0440\u0438\u0441\u0442\u043e\u0432\u0443\u0432\u0430\u0442\u0438 \u0446\u0456\u043b\u0438\u0439 \u0440\u0456\u043a. \u0412\u0456\u043d \u043c\u0430\u0454 \u0432\u0435\u043b\u0438\u043a\u0443 \u043f\u043b\u0430\u0442\u0444\u043e\u0440\u043c\u0443 \u0434\u043b\u044f \u0433\u043e\u0434\u0456\u0432\u043b\u0456 \u0442\u0430 \u0437\u0430\u0445\u0438\u0441\u043d\u0438\u0439 \u043a\u0440\u0430\u0439 \u0434\u0430\u0445\u0443, \u044f\u043a\u0438\u0439 \u0437\u0431\u0435\u0440\u0456\u0433\u0430\u0454 \u043a\u043e\u0440\u043c \u0441\u0443\u0445\u0438\u043c. \u0414\u043e\u0434\u0430\u0439\u0442\u0435 \u043a\u043e\u0440\u043c, \u0456 \u0432\u0430\u0448\u0456 \u043c\u0438\u043b\u0456 \u043f\u0442\u0430\u0445\u0438 \u0432\u0456\u0434\u0432\u0456\u0434\u0443\u0432\u0430\u0442\u0438\u043c\u0443\u0442\u044c \u0439\u043e\u0433\u043e \u0449\u043e\u0434\u043d\u044f, \u0449\u043e\u0431 \u043f\u043e\u0457\u0441\u0442\u0438 \u0430\u0431\u043e \u0432\u0456\u0434\u043f\u043e\u0447\u0438\u0442\u0438! \u0411\u0443\u0434\u0438\u043d\u043e\u0447\u043e\u043a \u043b\u0435\u0433\u043a\u043e \u043f\u043e\u0432\u0456\u0441\u0438\u0442\u0438 \u043d\u0430 \u0441\u0442\u0456\u043d\u0443, \u0434\u0435\u0440\u0435\u0432\u043e \u0442\u043e\u0449\u043e.<\/p>\n<ul>\n<li>\u041c\u0430\u0442\u0435\u0440\u0456\u0430\u043b: \u043c\u0456\u0446\u043d\u0430 \u0434\u0435\u0440\u0435\u0432\u0438\u043d\u0430 \u044f\u043b\u0438\u0446\u0456<\/li>\n<li>\u0420\u043e\u0437\u043c\u0456\u0440\u0438: 35 x 29,5 x 21 \u0441\u043c (\u0414 x \u0428 x \u0412)<\/li>\n<li>\u041f\u0456\u0434\u0445\u043e\u0434\u0438\u0442\u044c \u0434\u043b\u044f \u043f\u0456\u0434\u0432\u0456\u0448\u0443\u0432\u0430\u043d\u043d\u044f \u043d\u0430 \u0441\u0442\u0456\u043d\u0443, \u0434\u0435\u0440\u0435\u0432\u043e \u0442\u043e\u0449\u043e.<\/li>\n<li>\u0417 \u0432\u0435\u043b\u0438\u043a\u0438\u043c \u043a\u0440\u0430\u0454\u043c \u0434\u0430\u0445\u0443<\/li>\n<li>\u0412\u0435\u043b\u0438\u043a\u0430 \u043f\u043b\u0430\u0442\u0444\u043e\u0440\u043c\u0430 \u0434\u043b\u044f \u0433\u043e\u0434\u0443\u0432\u0430\u043d\u043d\u044f<\/li>\n<li>\u0412\u0441\u0435\u043f\u043e\u0433\u043e\u0434\u043d\u0438\u0439<\/li>\n<li>\u041f\u043e\u0442\u0440\u0456\u0431\u043d\u0430 \u0437\u0431\u0456\u0440\u043a\u0430: \u0442\u0430\u043a<\/li>\n<\/ul>","protected":false},"excerpt":{"rendered":"<p>Igal linnus\u00f5bral on hea meel vaadata, kuidas armsad linnud r\u00f5\u00f5msalt s\u00f6\u00f6vad. Kostitage naabruses elavaid linde rippuva linnumajaga! Tugevast nulupuidust valmistatud linnumaja on&hellip;<\/p>","protected":false},"featured_media":336837,"comment_status":"open","ping_status":"closed","template":"","meta":{"wprm-recipe-roundup-name":"","wprm-recipe-roundup-description":""},"product_brand":[],"product_cat":[2566],"product_tag":[536,4455,4456,554,540,1071],"class_list":{"0":"post-336843","1":"product","2":"type-product","3":"status-publish","4":"has-post-thumbnail","6":"product_cat-linnumajad-ja-loomasootjad","7":"product_tag-kodu-ja-aed","8":"product_tag-lindude-ja-metsloomade-sooturid","9":"product_tag-linnusooturid","10":"product_tag-ouemoobli-komplektid","11":"product_tag-parcel","12":"product_tag-sisekujundus","13":"pa_brand-vidaxl","15":"first","16":"instock","17":"taxable","18":"shipping-taxable","19":"purchasable","20":"product-type-simple"},"supplier_id":null,"supplier_sku":"","barcode":null,"atum_controlled":false,"out_stock_date":null,"out_stock_threshold":null,"inheritable":false,"inbound_stock":null,"stock_on_hold":null,"sold_today":null,"sales_last_days":null,"reserved_stock":null,"customer_returns":null,"warehouse_damage":null,"lost_in_post":null,"other_logs":null,"out_stock_days":null,"lost_sales":null,"has_location":null,"update_date":"2026-05-13T06:26:01","atum_locations":[],"atum_stock_status":"instock","restock_status":false,"low_stock_amount":"","sales_update_date":null,"calc_backorders":null,"aioseo_notices":[],"_links":{"self":[{"href":"https:\/\/ecoshop.ee\/uk\/wp-json\/wp\/v2\/product\/336843","targetHints":{"allow":["GET"]}}],"collection":[{"href":"https:\/\/ecoshop.ee\/uk\/wp-json\/wp\/v2\/product"}],"about":[{"href":"https:\/\/ecoshop.ee\/uk\/wp-json\/wp\/v2\/types\/product"}],"replies":[{"embeddable":true,"href":"https:\/\/ecoshop.ee\/uk\/wp-json\/wp\/v2\/comments?post=336843"}],"version-history":[{"count":0,"href":"https:\/\/ecoshop.ee\/uk\/wp-json\/wp\/v2\/product\/336843\/revisions"}],"wp:featuredmedia":[{"embeddable":true,"href":"https:\/\/ecoshop.ee\/uk\/wp-json\/wp\/v2\/media\/336837"}],"wp:attachment":[{"href":"https:\/\/ecoshop.ee\/uk\/wp-json\/wp\/v2\/media?parent=336843"}],"wp:term":[{"taxonomy":"product_brand","embeddable":true,"href":"https:\/\/ecoshop.ee\/uk\/wp-json\/wp\/v2\/product_brand?post=336843"},{"taxonomy":"product_cat","embeddable":true,"href":"https:\/\/ecoshop.ee\/uk\/wp-json\/wp\/v2\/product_cat?post=336843"},{"taxonomy":"product_tag","embeddable":true,"href":"https:\/\/ecoshop.ee\/uk\/wp-json\/wp\/v2\/product_tag?post=336843"}],"curies":[{"name":"wp","href":"https:\/\/api.w.org\/{rel}","templated":true}]}}