{"id":336855,"date":"2026-02-27T19:19:46","date_gmt":"2026-02-27T16:19:46","guid":{"rendered":"https:\/\/ecoshop.ee\/maaratlemata\/linnumajad-4-tk-nulupuit\/"},"modified":"2026-04-08T16:28:15","modified_gmt":"2026-04-08T13:28:15","slug":"%d1%88%d0%bf%d0%b0%d0%ba%d1%96%d0%b2%d0%bd%d1%96-4-%d1%88%d1%82-%d1%81%d0%be%d1%81%d0%bd%d0%be%d0%b2%d1%96","status":"publish","type":"product","link":"https:\/\/ecoshop.ee\/uk\/linnumajad-ja-loomasootjad\/linnumajad-4-tk-nulupuit\/","title":{"rendered":"\u0428\u043f\u0430\u043a\u0456\u0432\u043d\u0456 \u0431\u0443\u0434\u0438\u043d\u043e\u0447\u043a\u0438 4 \u0448\u0442., \u0441\u043e\u0441\u043d\u043e\u0432\u0430 \u0434\u0435\u0440\u0435\u0432\u0438\u043d\u0430"},"content":{"rendered":"<p>\u041f\u0442\u0430\u0445\u0438 \u043c\u043e\u0436\u0443\u0442\u044c \u0432\u0456\u0434\u043f\u043e\u0447\u0438\u0432\u0430\u0442\u0438 \u0442\u0430 \u0457\u0441\u0442\u0438 \u0443 \u0432\u0430\u0448\u043e\u043c\u0443 \u0441\u0430\u0434\u0443 \u043d\u0430 \u0448\u043f\u0430\u043a\u0456\u0432\u043d\u0456 \u0437 \u0434\u0435\u0440\u0435\u0432&#039;\u044f\u043d\u043e\u044e \u043e\u0441\u043d\u043e\u0432\u043e\u044e.<\/p>\n<\/p>\n<p>\u0412\u0438\u0433\u043e\u0442\u043e\u0432\u043b\u0435\u043d\u0430 \u0437 \u0441\u043e\u0441\u043d\u043e\u0432\u043e\u0457 \u0434\u0435\u0440\u0435\u0432\u0438\u043d\u0438, \u0448\u043f\u0430\u043a\u0456\u0432\u043d\u044f \u0454 \u0434\u043e\u0441\u0442\u0430\u0442\u043d\u044c\u043e \u0441\u0442\u0456\u0439\u043a\u043e\u044e \u0442\u0430 \u043c\u0456\u0446\u043d\u043e\u044e, \u0449\u043e\u0431 \u0432\u0438\u0442\u0440\u0438\u043c\u0443\u0432\u0430\u0442\u0438 \u0431\u0443\u0434\u044c-\u044f\u043a\u0456 \u043f\u043e\u0433\u043e\u0434\u043d\u0456 \u0443\u043c\u043e\u0432\u0438. \u041f\u0412\u0425-\u043b\u0438\u0441\u0442 \u0437\u0430\u0445\u0438\u0449\u0430\u0454 \u043a\u043e\u0440\u043c \u0432\u0456\u0434 \u0431\u0440\u0443\u0434\u0443 \u0442\u0430 \u0432\u043e\u043b\u043e\u0433\u0438. \u0414\u0430\u0445 \u0437&#039;\u0454\u0434\u043d\u0430\u043d\u0438\u0439 \u043c\u043e\u0442\u0443\u0437\u043a\u043e\u044e \u0442\u0430 \u0439\u043e\u0433\u043e \u043c\u043e\u0436\u043d\u0430 \u0437\u043d\u044f\u0442\u0438, \u0449\u043e\u0431 \u0432\u0438 \u043c\u043e\u0433\u043b\u0438 \u043b\u0435\u0433\u043a\u043e \u043d\u0430\u043f\u043e\u0432\u043d\u0438\u0442\u0438 \u0448\u043f\u0430\u043a\u0456\u0432\u043d\u044e. \u0421\u0430\u0434\u043e\u0432\u0430 \u0448\u043f\u0430\u043a\u0456\u0432\u043d\u044f \u0454 \u043f\u043e\u0440\u0442\u0430\u0442\u0438\u0432\u043d\u043e\u044e \u0442\u0430 \u0457\u0457 \u043c\u043e\u0436\u043d\u0430 \u043f\u0435\u0440\u0435\u043c\u0456\u0449\u0430\u0442\u0438.<\/p>\n<\/p>\n<p>\u0428\u043f\u0430\u043a\u0456\u0432\u043d\u044f \u043f\u0440\u0438\u043a\u0440\u0430\u0441\u0438\u0442\u044c \u0432\u0430\u0448 \u0441\u0430\u0434 \u0456 \u043f\u0440\u0438\u0432\u0430\u0431\u0438\u0442\u044c \u043f\u0442\u0430\u0445\u0456\u0432.<\/p>\n<ul>\n<li>\u041c\u0430\u0442\u0435\u0440\u0456\u0430\u043b: \u0441\u043e\u0441\u043d\u043e\u0432\u0430 \u0434\u0435\u0440\u0435\u0432\u0438\u043d\u0430, \u041f\u0412\u0425<\/li>\n<li>\u0420\u043e\u0437\u043c\u0456\u0440: 19 x 19 x 25 \u0441\u043c (\u0428 x \u0413 x \u0412)<\/li>\n<li>\u041f\u043e\u0442\u0440\u0456\u0431\u043d\u0435 \u0441\u043a\u043b\u0430\u0434\u0430\u043d\u043d\u044f: \u043d\u0456<\/li>\n<li><strong>\u041a\u043e\u043c\u043f\u043b\u0435\u043a\u0442 \u0432\u043a\u043b\u044e\u0447\u0430\u0454:<\/strong><\/li>\n<li>4 \u0448\u043f\u0430\u043a\u0456\u0432\u043d\u0456<\/li>\n<\/ul>","protected":false},"excerpt":{"rendered":"<p>Linnud saavad puidust alusega linnus\u00f6\u00f6gimajal teie aias puhata ja s\u00fc\u00fca. Nulupuidust valmistatud linnumaja on stabiilne ja piisavalt vastupidav, et taluda k\u00f5iki ilmastikutingimusi.&hellip;<\/p>","protected":false},"featured_media":336845,"comment_status":"open","ping_status":"closed","template":"","meta":{"wprm-recipe-roundup-name":"","wprm-recipe-roundup-description":""},"product_brand":[],"product_cat":[2566],"product_tag":[596,536,4455,4456,540,1071],"class_list":{"0":"post-336855","1":"product","2":"type-product","3":"status-publish","4":"has-post-thumbnail","6":"product_cat-linnumajad-ja-loomasootjad","7":"product_tag-beez","8":"product_tag-kodu-ja-aed","9":"product_tag-lindude-ja-metsloomade-sooturid","10":"product_tag-linnusooturid","11":"product_tag-parcel","12":"product_tag-sisekujundus","13":"pa_brand-vidaxl","15":"first","16":"instock","17":"taxable","18":"shipping-taxable","19":"purchasable","20":"product-type-simple"},"supplier_id":null,"supplier_sku":"","barcode":null,"atum_controlled":false,"out_stock_date":null,"out_stock_threshold":null,"inheritable":false,"inbound_stock":null,"stock_on_hold":0,"sold_today":0,"sales_last_days":0,"reserved_stock":null,"customer_returns":null,"warehouse_damage":null,"lost_in_post":null,"other_logs":null,"out_stock_days":0,"lost_sales":0,"has_location":null,"update_date":"2026-04-08T13:28:15","atum_locations":[],"atum_stock_status":"instock","restock_status":false,"low_stock_amount":"","sales_update_date":"2026-03-05T01:08:00","calc_backorders":null,"aioseo_notices":[],"_links":{"self":[{"href":"https:\/\/ecoshop.ee\/uk\/wp-json\/wp\/v2\/product\/336855","targetHints":{"allow":["GET"]}}],"collection":[{"href":"https:\/\/ecoshop.ee\/uk\/wp-json\/wp\/v2\/product"}],"about":[{"href":"https:\/\/ecoshop.ee\/uk\/wp-json\/wp\/v2\/types\/product"}],"replies":[{"embeddable":true,"href":"https:\/\/ecoshop.ee\/uk\/wp-json\/wp\/v2\/comments?post=336855"}],"version-history":[{"count":0,"href":"https:\/\/ecoshop.ee\/uk\/wp-json\/wp\/v2\/product\/336855\/revisions"}],"wp:featuredmedia":[{"embeddable":true,"href":"https:\/\/ecoshop.ee\/uk\/wp-json\/wp\/v2\/media\/336845"}],"wp:attachment":[{"href":"https:\/\/ecoshop.ee\/uk\/wp-json\/wp\/v2\/media?parent=336855"}],"wp:term":[{"taxonomy":"product_brand","embeddable":true,"href":"https:\/\/ecoshop.ee\/uk\/wp-json\/wp\/v2\/product_brand?post=336855"},{"taxonomy":"product_cat","embeddable":true,"href":"https:\/\/ecoshop.ee\/uk\/wp-json\/wp\/v2\/product_cat?post=336855"},{"taxonomy":"product_tag","embeddable":true,"href":"https:\/\/ecoshop.ee\/uk\/wp-json\/wp\/v2\/product_tag?post=336855"}],"curies":[{"name":"wp","href":"https:\/\/api.w.org\/{rel}","templated":true}]}}