{"id":338632,"date":"2026-02-27T20:48:12","date_gmt":"2026-02-27T17:48:12","guid":{"rendered":"https:\/\/ecoshop.ee\/maaratlemata\/koogikaru-otta-59x45x80-cm-mannipuit\/"},"modified":"2026-05-12T22:44:45","modified_gmt":"2026-05-12T19:44:45","slug":"%d1%82%d0%be%d1%80%d1%82-%d0%b2%d0%b5%d0%b4%d0%bc%d1%96%d0%b4%d1%8c-%d0%be%d1%82%d1%82%d0%b0-59x45x80-%d1%81%d0%bc-%d0%bc%d0%b0%d0%bd%d1%96%d0%bf%d1%83%d1%97%d1%82","status":"publish","type":"product","link":"https:\/\/ecoshop.ee\/uk\/karud-ja-liigutatavad-lauad\/koogikaru-otta-59x45x80-cm-mannipuit\/","title":{"rendered":"\u041a\u0443\u0445\u043e\u043d\u043d\u0438\u0439 \u0432\u0456\u0437\u043e\u043a &quot;Otta&quot;, 59 x 45 x 80 \u0441\u043c, \u0441\u043e\u0441\u043d\u0430"},"content":{"rendered":"<p>\u0414\u043e\u0434\u0430\u0439\u0442\u0435 \u0443\u043d\u0456\u043a\u0430\u043b\u044c\u043d\u043e\u0433\u043e, \u0432\u0456\u043d\u0442\u0430\u0436\u043d\u043e\u0433\u043e \u0448\u0430\u0440\u043c\u0443 \u0442\u0430 \u0431\u0456\u043b\u044c\u0448\u0435 \u043c\u0456\u0441\u0446\u044f \u0434\u043b\u044f \u0437\u0431\u0435\u0440\u0456\u0433\u0430\u043d\u043d\u044f \u0432\u0430\u0448\u0456\u0439 \u043a\u0443\u0445\u043d\u0456 \u0437\u0430 \u0434\u043e\u043f\u043e\u043c\u043e\u0433\u043e\u044e \u0446\u044c\u043e\u0433\u043e \u043a\u0443\u0445\u043e\u043d\u043d\u043e\u0433\u043e \u0432\u0456\u0437\u043a\u0430!<\/p>\n<\/p>\n<ul>\n<li>\u041c\u0456\u0446\u043d\u0438\u0439 \u0442\u0430 \u0441\u0442\u0456\u0439\u043a\u0438\u0439 \u043c\u0430\u0442\u0435\u0440\u0456\u0430\u043b: \u0441\u043e\u0441\u043d\u043e\u0432\u0430 \u0434\u0435\u0440\u0435\u0432\u0438\u043d\u0430 \u0432\u0456\u0434\u043e\u043c\u0430 \u0441\u0432\u043e\u0454\u044e \u043c\u0456\u0446\u043d\u0456\u0441\u0442\u044e \u0442\u0430 \u0434\u043e\u0432\u0433\u043e\u0432\u0456\u0447\u043d\u0456\u0441\u0442\u044e. \u041f\u0440\u044f\u043c\u0456 \u0432\u043e\u043b\u043e\u043a\u043d\u0430 \u0442\u0430 \u0445\u0430\u0440\u0430\u043a\u0442\u0435\u0440\u043d\u0456 \u0441\u0443\u0447\u043a\u0438 \u043d\u0430\u0434\u0430\u044e\u0442\u044c \u0457\u0439 \u0441\u0456\u043b\u044c\u0441\u044c\u043a\u043e\u0433\u043e \u0448\u0430\u0440\u043c\u0443.<\/li>\n<li>\u0411\u0430\u0433\u0430\u0442\u043e \u043c\u0456\u0441\u0446\u044f \u0434\u043b\u044f \u0437\u0431\u0435\u0440\u0456\u0433\u0430\u043d\u043d\u044f: \u041e\u0432\u043e\u0447\u0435\u0432\u0438\u0439 \u0432\u0456\u0437\u043e\u043a \u043f\u0440\u043e\u043f\u043e\u043d\u0443\u0454 \u0434\u043e\u0441\u0442\u0430\u0442\u043d\u044c\u043e \u043c\u0456\u0441\u0446\u044f \u0434\u043b\u044f \u0437\u0431\u0435\u0440\u0456\u0433\u0430\u043d\u043d\u044f \u043f\u0440\u043e\u0434\u0443\u043a\u0442\u0456\u0432, \u043c\u0438\u0441\u043e\u043a, \u0442\u0430\u0440\u0456\u043b\u043e\u043a, \u0440\u0435\u0446\u0435\u043f\u0442\u0456\u0432 \u0442\u0430 \u0456\u043d\u0448\u043e\u0433\u043e \u043a\u0443\u0445\u043e\u043d\u043d\u043e\u0433\u043e \u043d\u0430\u0447\u0438\u043d\u043d\u044f \u043f\u0456\u0434 \u0440\u0443\u043a\u043e\u044e. \u0411\u0456\u0447\u043d\u0430 \u0432\u0456\u0448\u0430\u043b\u043a\u0430 \u0434\u043b\u044f \u0440\u0443\u0448\u043d\u0438\u043a\u0456\u0432 \u0434\u043e\u0437\u0432\u043e\u043b\u044f\u0454 \u0442\u0440\u0438\u043c\u0430\u0442\u0438 \u0440\u0443\u0448\u043d\u0438\u043a\u0438 \u043f\u0456\u0434 \u0440\u0443\u043a\u043e\u044e.<\/li>\n<li>\u041b\u0435\u0433\u043a\u043e \u043f\u0435\u0440\u0435\u043c\u0456\u0449\u0443\u0432\u0430\u0442\u0438: \u0432\u0456\u0437\u043e\u043a \u0434\u043b\u044f \u0457\u0436\u0456 \u043c\u0430\u0454 4 \u043a\u043e\u043b\u0435\u0441\u0430, 2 \u0437 \u044f\u043a\u0438\u0445 \u043c\u043e\u0436\u043d\u0430 \u0437\u0430\u0431\u043b\u043e\u043a\u0443\u0432\u0430\u0442\u0438, \u0449\u043e \u0440\u043e\u0431\u0438\u0442\u044c \u0439\u043e\u0433\u043e \u0433\u043d\u0443\u0447\u043a\u0438\u043c \u0434\u043b\u044f \u043f\u0435\u0440\u0435\u043c\u0456\u0449\u0435\u043d\u043d\u044f \u0442\u0430 \u0441\u0442\u0456\u0439\u043a\u0438\u043c, \u043a\u043e\u043b\u0438 \u0432\u0456\u043d \u0441\u0442\u043e\u0457\u0442\u044c \u043d\u0430 \u043c\u0456\u0441\u0446\u0456.<\/li>\n<li>\u0428\u0438\u0440\u043e\u043a\u0435 \u0432\u0438\u043a\u043e\u0440\u0438\u0441\u0442\u0430\u043d\u043d\u044f: \u0412\u0456\u0437\u043e\u043a \u043c\u043e\u0436\u043d\u0430 \u0440\u043e\u0437\u043c\u0456\u0441\u0442\u0438\u0442\u0438 \u043d\u0430 \u043a\u0443\u0445\u043d\u0456, \u0443 \u0432\u0456\u0442\u0430\u043b\u044c\u043d\u0456, \u0432\u0430\u043d\u043d\u0456\u0439 \u043a\u0456\u043c\u043d\u0430\u0442\u0456, \u043a\u0430\u0431\u0456\u043d\u0435\u0442\u0456 \u0442\u0430 \u0456\u043d\u0448\u0438\u0445 \u043c\u0456\u0441\u0446\u044f\u0445. \u0412\u0438 \u043c\u043e\u0436\u0435\u0442\u0435 \u0432\u0438\u043a\u043e\u0440\u0438\u0441\u0442\u043e\u0432\u0443\u0432\u0430\u0442\u0438 \u0439\u043e\u0433\u043e \u0434\u043b\u044f \u0440\u043e\u0437\u043c\u0456\u0449\u0435\u043d\u043d\u044f \u043f\u0440\u0435\u0434\u043c\u0435\u0442\u0456\u0432 \u043f\u0435\u0440\u0448\u043e\u0457 \u043d\u0435\u043e\u0431\u0445\u0456\u0434\u043d\u043e\u0441\u0442\u0456, \u0441\u043f\u0435\u0446\u0456\u0439, \u0442\u0443\u0430\u043b\u0435\u0442\u043d\u043e\u0433\u043e \u043f\u0440\u0438\u043b\u0430\u0434\u0434\u044f, \u043a\u043d\u0438\u0433 \u0442\u0430 \u0456\u043d\u0448\u0438\u0445 \u0440\u0435\u0447\u0435\u0439, \u0449\u043e\u0431 \u0441\u0442\u0432\u043e\u0440\u0438\u0442\u0438 \u0447\u0438\u0441\u0442\u0456\u0448\u0435 \u0441\u0435\u0440\u0435\u0434\u043e\u0432\u0438\u0449\u0435 \u0432\u0434\u043e\u043c\u0430.<\/li>\n<\/ul>\n<ul>\n<li>\u041c\u0430\u0442\u0435\u0440\u0456\u0430\u043b: \u0441\u043e\u0441\u043d\u043e\u0432\u0430 \u0434\u0435\u0440\u0435\u0432\u0438\u043d\u0430 \u0437 \u043c\u0435\u0434\u043e\u0432\u043e-\u0432\u043e\u0441\u043a\u043e\u0432\u0438\u043c \u043f\u043e\u043a\u0440\u0438\u0442\u0442\u044f\u043c, \u0448\u0442\u0443\u0447\u043d\u0430 \u0434\u0435\u0440\u0435\u0432\u0438\u043d\u0430<\/li>\n<li>\u0420\u043e\u0437\u043c\u0456\u0440\u0438: 59 x 45 x 80 \u0441\u043c (\u0428 x \u0413 x \u0412)<\/li>\n<li>\u0420\u043e\u0437\u043c\u0456\u0440 \u0448\u0443\u0445\u043b\u044f\u0434\u0438 (\u043a\u043e\u0436\u043d\u043e\u0457): 55 x 16 \u0441\u043c (\u0428 x \u0412)<\/li>\n<li>\u0417 \u0447\u043e\u0442\u0438\u0440\u043c\u0430 \u043a\u043e\u043b\u0435\u0441\u0430\u043c\u0438, \u0434\u0432\u0430 \u0437 \u044f\u043a\u0438\u0445 \u043c\u0430\u044e\u0442\u044c \u0433\u0430\u043b\u044c\u043c\u0430<\/li>\n<li>\u041d\u0430\u0437\u0432\u0430 \u0434\u0456\u0430\u043f\u0430\u0437\u043e\u043d\u0443: OTTA<\/li>\n<li>\u041f\u043e\u0442\u0440\u0456\u0431\u043d\u0430 \u0437\u0431\u0456\u0440\u043a\u0430: \u0442\u0430\u043a<\/li>\n<\/ul>","protected":false},"excerpt":{"rendered":"<p>Lisage k\u00f6\u00f6gile selle k\u00f6\u00f6gik\u00e4ruga omap\u00e4rast ja vanaaegset h\u00f5ngu ning rohkem hoiustamisruumi! Tugev ja stabiilne materjal: m\u00e4nnipuit on tuntud oma tugevuse ja vastupidavuse&hellip;<\/p>","protected":false},"featured_media":338623,"comment_status":"open","ping_status":"closed","template":"","meta":{"wprm-recipe-roundup-name":"","wprm-recipe-roundup-description":""},"product_brand":[],"product_cat":[4614],"product_tag":[4690,4691,547,554,540],"class_list":{"0":"post-338632","1":"product","2":"type-product","3":"status-publish","4":"has-post-thumbnail","6":"product_cat-karud-ja-liigutatavad-lauad","7":"product_tag-karud-ja-liigutatavad-lauad","8":"product_tag-koogi-ja-soogitoa-karud","9":"product_tag-moobel","10":"product_tag-ouemoobli-komplektid","11":"product_tag-parcel","12":"pa_brand-vidaxl","14":"first","15":"instock","16":"taxable","17":"shipping-taxable","18":"purchasable","19":"product-type-simple"},"supplier_id":null,"supplier_sku":"","barcode":null,"atum_controlled":false,"out_stock_date":null,"out_stock_threshold":null,"inheritable":false,"inbound_stock":null,"stock_on_hold":null,"sold_today":null,"sales_last_days":null,"reserved_stock":null,"customer_returns":null,"warehouse_damage":null,"lost_in_post":null,"other_logs":null,"out_stock_days":null,"lost_sales":null,"has_location":null,"update_date":"2026-05-12T19:44:45","atum_locations":[],"atum_stock_status":"instock","restock_status":false,"low_stock_amount":"","sales_update_date":null,"calc_backorders":null,"aioseo_notices":[],"_links":{"self":[{"href":"https:\/\/ecoshop.ee\/uk\/wp-json\/wp\/v2\/product\/338632","targetHints":{"allow":["GET"]}}],"collection":[{"href":"https:\/\/ecoshop.ee\/uk\/wp-json\/wp\/v2\/product"}],"about":[{"href":"https:\/\/ecoshop.ee\/uk\/wp-json\/wp\/v2\/types\/product"}],"replies":[{"embeddable":true,"href":"https:\/\/ecoshop.ee\/uk\/wp-json\/wp\/v2\/comments?post=338632"}],"version-history":[{"count":0,"href":"https:\/\/ecoshop.ee\/uk\/wp-json\/wp\/v2\/product\/338632\/revisions"}],"wp:featuredmedia":[{"embeddable":true,"href":"https:\/\/ecoshop.ee\/uk\/wp-json\/wp\/v2\/media\/338623"}],"wp:attachment":[{"href":"https:\/\/ecoshop.ee\/uk\/wp-json\/wp\/v2\/media?parent=338632"}],"wp:term":[{"taxonomy":"product_brand","embeddable":true,"href":"https:\/\/ecoshop.ee\/uk\/wp-json\/wp\/v2\/product_brand?post=338632"},{"taxonomy":"product_cat","embeddable":true,"href":"https:\/\/ecoshop.ee\/uk\/wp-json\/wp\/v2\/product_cat?post=338632"},{"taxonomy":"product_tag","embeddable":true,"href":"https:\/\/ecoshop.ee\/uk\/wp-json\/wp\/v2\/product_tag?post=338632"}],"curies":[{"name":"wp","href":"https:\/\/api.w.org\/{rel}","templated":true}]}}