{"id":338933,"date":"2026-02-27T20:54:23","date_gmt":"2026-02-27T17:54:23","guid":{"rendered":"https:\/\/ecoshop.ee\/maaratlemata\/teekaru-54-x-87-x-90-cm-akaatsiapuit\/"},"modified":"2026-05-08T03:26:09","modified_gmt":"2026-05-08T00:26:09","slug":"%d1%87%d0%b0%d0%b9%d0%bd%d0%b0-%d1%87%d0%b0%d1%88%d0%ba%d0%b0-54-x-87-x-90-%d1%81%d0%bc-%d0%b4%d0%b5%d1%80%d0%b5%d0%b2%d0%be-%d0%b0%d0%ba%d0%b0%d1%86%d1%96%d1%97","status":"publish","type":"product","link":"https:\/\/ecoshop.ee\/uk\/karud-ja-liigutatavad-lauad\/teekaru-54-x-87-x-90-cm-akaatsiapuit\/","title":{"rendered":"\u0427\u0430\u0439\u043d\u0438\u0439 \u0432\u0456\u0437\u043e\u043a, 54 x 87 x 90 \u0441\u043c, \u0434\u0435\u0440\u0435\u0432\u043e \u0430\u043a\u0430\u0446\u0456\u0457"},"content":{"rendered":"<p>\u0427\u0430\u0439\u043d\u0438\u0439 \u0432\u0456\u0437\u043e\u043a \u2013 \u0447\u0443\u0434\u043e\u0432\u0438\u0439 \u0432\u0438\u0431\u0456\u0440 \u0434\u043b\u044f \u043f\u0435\u0440\u0435\u043c\u0456\u0449\u0435\u043d\u043d\u044f \u043f\u0440\u043e\u0434\u0443\u043a\u0442\u0456\u0432 \u0430\u0431\u043e \u0437\u0440\u0443\u0447\u043d\u043e\u0457 \u043f\u043e\u0434\u0430\u0447\u0456 \u0457\u0436\u0456 \u0442\u0430 \u043d\u0430\u043f\u043e\u0457\u0432.<\/p>\n<\/p>\n<ul>\n<li>\u041c\u0456\u0446\u043d\u0438\u0439 \u043a\u0430\u0440\u043a\u0430\u0441: \u0410\u043a\u0430\u0446\u0456\u044f \u2013 \u0446\u0435 \u0433\u0430\u0440\u043d\u0438\u0439 \u043d\u0430\u0442\u0443\u0440\u0430\u043b\u044c\u043d\u0438\u0439 \u043c\u0430\u0442\u0435\u0440\u0456\u0430\u043b. \u0410\u043a\u0430\u0446\u0456\u044f \u2013 \u0446\u0435 \u0442\u0440\u043e\u043f\u0456\u0447\u043d\u0430 \u0442\u0432\u0435\u0440\u0434\u0430 \u043f\u043e\u0440\u043e\u0434\u0430, \u044f\u043a\u0430 \u0454 \u0449\u0456\u043b\u044c\u043d\u043e\u044e, \u043c\u0456\u0446\u043d\u043e\u044e \u0442\u0430 \u0434\u043e\u0432\u0433\u043e\u0432\u0456\u0447\u043d\u043e\u044e.<\/li>\n<li>\u041f\u0440\u0430\u043a\u0442\u0438\u0447\u043d\u0456 \u043a\u043e\u043b\u0435\u0441\u0430: \u0414\u0435\u0440\u0435\u0432&#039;\u044f\u043d\u0438\u0439 \u0447\u0430\u0439\u043d\u0438\u0439 \u0432\u0456\u0437\u043e\u043a \u043c\u0430\u0454 2 \u043a\u043e\u043b\u0435\u0441\u0430, \u0449\u043e \u043f\u043b\u0430\u0432\u043d\u043e \u043e\u0431\u0435\u0440\u0442\u0430\u044e\u0442\u044c\u0441\u044f.<\/li>\n<li>\u0411\u0430\u0433\u0430\u0442\u043e \u043c\u0456\u0441\u0446\u044f \u0434\u043b\u044f \u0437\u0431\u0435\u0440\u0456\u0433\u0430\u043d\u043d\u044f: \u0414\u0432\u043e\u0440\u0456\u0432\u043d\u0435\u0432\u0438\u0439 \u0447\u0430\u0439\u043d\u0438\u0439 \u0432\u0456\u0437\u043e\u043a \u0437 \u043a\u043e\u043b\u0435\u0441\u0430\u043c\u0438 \u043f\u0440\u043e\u043f\u043e\u043d\u0443\u0454 \u0434\u043e\u0441\u0442\u0430\u0442\u043d\u044c\u043e \u043c\u0456\u0441\u0446\u044f \u0434\u043b\u044f \u0437\u0431\u0435\u0440\u0456\u0433\u0430\u043d\u043d\u044f \u043f\u043e\u0441\u0443\u0434\u0443, \u0447\u0430\u0448\u043e\u043a \u0442\u0430 \u0456\u043d\u0448\u0438\u0445 \u043d\u0435\u043e\u0431\u0445\u0456\u0434\u043d\u0438\u0445 \u0440\u0435\u0447\u0435\u0439.<\/li>\n<li>\u041a\u043e\u0440\u0438\u0441\u043d\u0438\u0439 \u0442\u0440\u0438\u043c\u0430\u0447: \u0423 \u043a\u043e\u043c\u043f\u043b\u0435\u043a\u0442\u0456 \u0454 \u0442\u0440\u0438\u043c\u0430\u0447 \u0434\u043b\u044f \u043f\u043b\u044f\u0448\u043e\u043a, \u044f\u043a\u0438\u0439 \u043c\u043e\u0436\u0435 \u0432\u043c\u0456\u0441\u0442\u0438\u0442\u0438 \u0434\u043e 3 \u043f\u043b\u044f\u0448\u043e\u043a.<\/li>\n<\/ul>\n<p>\u041f\u0440\u0438\u0454\u043c\u043d\u043e \u0446\u0435 \u0447\u0443\u0442\u0438:<\/p>\n<ul>\n<li>\u0429\u043e\u0431 \u043c\u0430\u043a\u0441\u0438\u043c\u0430\u043b\u044c\u043d\u043e \u0441\u043f\u0440\u043e\u0441\u0442\u0438\u0442\u0438 \u0441\u043a\u043b\u0430\u0434\u0430\u043d\u043d\u044f, \u043a\u043e\u0436\u0435\u043d \u0432\u0438\u0440\u0456\u0431 \u043f\u043e\u0441\u0442\u0430\u0447\u0430\u0454\u0442\u044c\u0441\u044f \u0437 \u0456\u043d\u0441\u0442\u0440\u0443\u043a\u0446\u0456\u0454\u044e \u0437 \u0435\u043a\u0441\u043f\u043b\u0443\u0430\u0442\u0430\u0446\u0456\u0457.<\/li>\n<\/ul>\n<p>\u041f\u0440\u0438\u043c\u0456\u0442\u043a\u0430.<\/p>\n<ul>\n<li>\u0429\u043e\u0431 \u0432\u0430\u0448\u0456 \u0432\u0443\u043b\u0438\u0447\u043d\u0456 \u043c\u0435\u0431\u043b\u0456 \u043c\u0430\u043b\u0438 \u0433\u0430\u0440\u043d\u0438\u0439 \u0432\u0438\u0433\u043b\u044f\u0434, \u0440\u0435\u043a\u043e\u043c\u0435\u043d\u0434\u0443\u0454\u043c\u043e \u0437\u0430\u0445\u0438\u0441\u0442\u0438\u0442\u0438 \u0457\u0445 \u0432\u043e\u0434\u043e\u043d\u0435\u043f\u0440\u043e\u043d\u0438\u043a\u043d\u0438\u043c \u0447\u043e\u0445\u043b\u043e\u043c.<\/li>\n<\/ul>\n<ul>\n<li>\u041c\u0430\u0442\u0435\u0440\u0456\u0430\u043b: \u043c\u0456\u0446\u043d\u0430 \u0434\u0435\u0440\u0435\u0432\u0438\u043d\u0430 \u0430\u043a\u0430\u0446\u0456\u0457 \u0437 \u043e\u043b\u0456\u0439\u043d\u0438\u043c \u043f\u043e\u043a\u0440\u0438\u0442\u0442\u044f\u043c<\/li>\n<li>\u0420\u043e\u0437\u043c\u0456\u0440\u0438: 54 x 87 x 90 \u0441\u043c (\u0414 x \u0428 x \u0412)<\/li>\n<\/ul>","protected":false},"excerpt":{"rendered":"<p>Teek\u00e4ru on suurep\u00e4rane valik toidun\u00f5ude teisaldamiseks v\u00f5i toidu ja jookide h\u00f5lpsaks serveerimiseks. Vastupidav raam: akaatsiapuit on ilus looduslik materjal. Akaatsiapuit on troopiline&hellip;<\/p>","protected":false},"featured_media":338925,"comment_status":"open","ping_status":"closed","template":"","meta":{"wprm-recipe-roundup-name":"","wprm-recipe-roundup-description":""},"product_brand":[],"product_cat":[4614],"product_tag":[4690,4691,547,554,540],"class_list":{"0":"post-338933","1":"product","2":"type-product","3":"status-publish","4":"has-post-thumbnail","6":"product_cat-karud-ja-liigutatavad-lauad","7":"product_tag-karud-ja-liigutatavad-lauad","8":"product_tag-koogi-ja-soogitoa-karud","9":"product_tag-moobel","10":"product_tag-ouemoobli-komplektid","11":"product_tag-parcel","12":"pa_brand-vidaxl","14":"first","15":"instock","16":"taxable","17":"shipping-taxable","18":"purchasable","19":"product-type-simple"},"supplier_id":null,"supplier_sku":"","barcode":null,"atum_controlled":false,"out_stock_date":null,"out_stock_threshold":null,"inheritable":false,"inbound_stock":null,"stock_on_hold":null,"sold_today":null,"sales_last_days":null,"reserved_stock":null,"customer_returns":null,"warehouse_damage":null,"lost_in_post":null,"other_logs":null,"out_stock_days":null,"lost_sales":null,"has_location":null,"update_date":"2026-05-08T00:26:10","atum_locations":[],"atum_stock_status":"instock","restock_status":false,"low_stock_amount":"","sales_update_date":null,"calc_backorders":null,"aioseo_notices":[],"_links":{"self":[{"href":"https:\/\/ecoshop.ee\/uk\/wp-json\/wp\/v2\/product\/338933","targetHints":{"allow":["GET"]}}],"collection":[{"href":"https:\/\/ecoshop.ee\/uk\/wp-json\/wp\/v2\/product"}],"about":[{"href":"https:\/\/ecoshop.ee\/uk\/wp-json\/wp\/v2\/types\/product"}],"replies":[{"embeddable":true,"href":"https:\/\/ecoshop.ee\/uk\/wp-json\/wp\/v2\/comments?post=338933"}],"version-history":[{"count":0,"href":"https:\/\/ecoshop.ee\/uk\/wp-json\/wp\/v2\/product\/338933\/revisions"}],"wp:featuredmedia":[{"embeddable":true,"href":"https:\/\/ecoshop.ee\/uk\/wp-json\/wp\/v2\/media\/338925"}],"wp:attachment":[{"href":"https:\/\/ecoshop.ee\/uk\/wp-json\/wp\/v2\/media?parent=338933"}],"wp:term":[{"taxonomy":"product_brand","embeddable":true,"href":"https:\/\/ecoshop.ee\/uk\/wp-json\/wp\/v2\/product_brand?post=338933"},{"taxonomy":"product_cat","embeddable":true,"href":"https:\/\/ecoshop.ee\/uk\/wp-json\/wp\/v2\/product_cat?post=338933"},{"taxonomy":"product_tag","embeddable":true,"href":"https:\/\/ecoshop.ee\/uk\/wp-json\/wp\/v2\/product_tag?post=338933"}],"curies":[{"name":"wp","href":"https:\/\/api.w.org\/{rel}","templated":true}]}}