{"id":339819,"date":"2026-02-27T21:20:57","date_gmt":"2026-02-27T18:20:57","guid":{"rendered":"https:\/\/ecoshop.ee\/maaratlemata\/vihmuti-kastmissusteem-6-tk\/"},"modified":"2026-05-14T21:21:43","modified_gmt":"2026-05-14T18:21:43","slug":"%d1%81%d0%b8%d1%81%d1%82%d0%b5%d0%bc%d0%b0-%d0%b4%d0%be%d1%89%d1%83%d0%b2%d0%b0%d0%bb%d1%8c%d0%bd%d0%be%d0%b3%d0%be-%d0%b7%d1%80%d0%be%d1%88%d0%b5%d0%bd%d0%bd%d1%8f-6-%d1%88%d1%82","status":"publish","type":"product","link":"https:\/\/ecoshop.ee\/uk\/muruhooldus\/vihmuti-kastmissusteem-6-tk\/","title":{"rendered":"\u0421\u0438\u0441\u0442\u0435\u043c\u0430 \u0437\u0440\u043e\u0448\u0435\u043d\u043d\u044f \u0441\u043f\u0440\u0438\u043d\u043a\u043b\u0435\u0440\u043d\u043e\u044e \u0441\u0438\u0441\u0442\u0435\u043c\u043e\u044e, 6 \u0448\u0442."},"content":{"rendered":"<p>\u0426\u0435\u0439 \u0432\u0438\u0441\u043e\u043a\u043e\u044f\u043a\u0456\u0441\u043d\u0438\u0439 \u0440\u043e\u0437\u043f\u0438\u043b\u044e\u0432\u0430\u0447 \u0432\u0438\u0441\u043e\u0442\u043e\u044e 32 \u0441\u043c \u0440\u0456\u0432\u043d\u043e\u043c\u0456\u0440\u043d\u043e \u043f\u043e\u043b\u0438\u0432\u0430\u0442\u0438\u043c\u0435 \u0432\u0430\u0448 \u0433\u0430\u0437\u043e\u043d \u0430\u0431\u043e \u0433\u0430\u0437\u043e\u043d. \u0420\u043e\u0437\u043f\u0438\u043b\u044e\u0432\u0430\u0447 \u043a\u0440\u0456\u043f\u0438\u0442\u044c\u0441\u044f \u0434\u043e \u0437\u0435\u043c\u043b\u0456 \u0437\u0430 \u0434\u043e\u043f\u043e\u043c\u043e\u0433\u043e\u044e \u043a\u0456\u043b\u043a\u0430 \u0442\u0430 \u043c\u0430\u0454 \u0434\u0430\u043b\u044c\u043d\u0456\u0441\u0442\u044c \u0440\u043e\u0437\u043f\u0438\u043b\u0435\u043d\u043d\u044f \u0434\u043e 20 \u043c.<\/p>\n<\/p>\n<p>\u0412\u0438\u0433\u043e\u0442\u043e\u0432\u043b\u0435\u043d\u0438\u0439 \u0437 \u0432\u0438\u0441\u043e\u043a\u043e\u044f\u043a\u0456\u0441\u043d\u043e\u0433\u043e POM-\u043c\u0430\u0442\u0435\u0440\u0456\u0430\u043b\u0443, \u0440\u043e\u0437\u0431\u0440\u0438\u0437\u043a\u0443\u0432\u0430\u0447 \u043c\u0430\u0454 \u043f\u043b\u0430\u0441\u0442\u0438\u043a\u043e\u0432\u0443 \u043a\u043e\u043d\u0441\u0442\u0440\u0443\u043a\u0446\u0456\u044e, \u0449\u043e \u0437\u0430\u0431\u0435\u0437\u043f\u0435\u0447\u0443\u0454 \u0439\u043e\u0433\u043e \u0442\u0440\u0438\u0432\u0430\u043b\u0438\u0439 \u0442\u0435\u0440\u043c\u0456\u043d \u0441\u043b\u0443\u0436\u0431\u0438. \u041a\u043e\u043c\u043f\u043b\u0435\u043a\u0442 \u043c\u0456\u0441\u0442\u0438\u0442\u044c 6 \u0440\u043e\u0437\u0431\u0440\u0438\u0437\u043a\u0443\u0432\u0430\u0447\u0456\u0432, \u044f\u043a\u0456 \u043c\u043e\u0436\u043d\u0430 \u0432\u0438\u043a\u043e\u0440\u0438\u0441\u0442\u043e\u0432\u0443\u0432\u0430\u0442\u0438 \u0440\u0430\u0437\u043e\u043c \u043d\u0430 \u0432\u0435\u043b\u0438\u043a\u0456\u0439 \u043f\u043b\u043e\u0449\u0456 \u0430\u0431\u043e \u043e\u043a\u0440\u0435\u043c\u043e.<\/p>\n<ul>\n<li>\u0417\u0430\u0433\u0430\u043b\u044c\u043d\u0430 \u0432\u0438\u0441\u043e\u0442\u0430: 32 \u0441\u043c<\/li>\n<li>\u0414\u043e\u0432\u0436\u0438\u043d\u0430 \u0432\u043e\u0440\u0441\u0443: 15,5 \u0441\u043c<\/li>\n<li>\u0412\u0430\u0433\u0430: 115 \u0433<\/li>\n<li>\u041c\u0430\u0442\u0435\u0440\u0456\u0430\u043b: \u041f\u041e\u041c<\/li>\n<li>\u0422\u0438\u0441\u043a: 0 \u2013 6 \u0431\u0430\u0440<\/li>\n<li>\u0414\u0430\u043b\u044c\u043d\u0456\u0441\u0442\u044c \u0440\u043e\u0437\u043f\u0438\u043b\u0435\u043d\u043d\u044f: 20 \u043c<\/li>\n<li>\u0428\u0432\u0438\u0434\u043a\u0456\u0441\u0442\u044c \u043f\u043e\u0442\u043e\u043a\u0443: 5,3 \u043b \u2013 13,5 \u043b\/\u0445\u0432<\/li>\n<li>\u041a\u043e\u043c\u043f\u043b\u0435\u043a\u0442 \u043c\u0456\u0441\u0442\u0438\u0442\u044c 6 \u043f\u0440\u0435\u0434\u043c\u0435\u0442\u0456\u0432<\/li>\n<\/ul>","protected":false},"excerpt":{"rendered":"<p>See kvaliteetne 32 cm k\u00f5rgune vihmuti kastab teie muru v\u00f5i \u00fchtlaselt. Vihmuti kinnitatakse vaia abil maa sisse ja selle pihustusulatus on kuni&hellip;<\/p>","protected":false},"featured_media":339814,"comment_status":"open","ping_status":"closed","template":"","meta":{"wprm-recipe-roundup-name":"","wprm-recipe-roundup-description":""},"product_brand":[],"product_cat":[4615],"product_tag":[2127,4777,536,540,879,4847],"class_list":{"0":"post-339819","1":"product","2":"type-product","3":"status-publish","4":"has-post-thumbnail","6":"product_cat-muruhooldus","7":"product_tag-aed-ja-muru","8":"product_tag-kastmine-ja-niisutamine","9":"product_tag-kodu-ja-aed","10":"product_tag-parcel","11":"product_tag-roheline","12":"product_tag-vihmutid-ja-vihmutipead","13":"pa_brand-vidaxl","15":"first","16":"instock","17":"taxable","18":"shipping-taxable","19":"purchasable","20":"product-type-simple"},"supplier_id":null,"supplier_sku":"","barcode":null,"atum_controlled":false,"out_stock_date":null,"out_stock_threshold":null,"inheritable":false,"inbound_stock":null,"stock_on_hold":0,"sold_today":0,"sales_last_days":0,"reserved_stock":null,"customer_returns":null,"warehouse_damage":null,"lost_in_post":null,"other_logs":null,"out_stock_days":0,"lost_sales":0,"has_location":null,"update_date":"2026-05-14T18:21:44","atum_locations":[],"atum_stock_status":"instock","restock_status":false,"low_stock_amount":"","sales_update_date":"2026-03-07T01:12:06","calc_backorders":null,"aioseo_notices":[],"_links":{"self":[{"href":"https:\/\/ecoshop.ee\/uk\/wp-json\/wp\/v2\/product\/339819","targetHints":{"allow":["GET"]}}],"collection":[{"href":"https:\/\/ecoshop.ee\/uk\/wp-json\/wp\/v2\/product"}],"about":[{"href":"https:\/\/ecoshop.ee\/uk\/wp-json\/wp\/v2\/types\/product"}],"replies":[{"embeddable":true,"href":"https:\/\/ecoshop.ee\/uk\/wp-json\/wp\/v2\/comments?post=339819"}],"version-history":[{"count":0,"href":"https:\/\/ecoshop.ee\/uk\/wp-json\/wp\/v2\/product\/339819\/revisions"}],"wp:featuredmedia":[{"embeddable":true,"href":"https:\/\/ecoshop.ee\/uk\/wp-json\/wp\/v2\/media\/339814"}],"wp:attachment":[{"href":"https:\/\/ecoshop.ee\/uk\/wp-json\/wp\/v2\/media?parent=339819"}],"wp:term":[{"taxonomy":"product_brand","embeddable":true,"href":"https:\/\/ecoshop.ee\/uk\/wp-json\/wp\/v2\/product_brand?post=339819"},{"taxonomy":"product_cat","embeddable":true,"href":"https:\/\/ecoshop.ee\/uk\/wp-json\/wp\/v2\/product_cat?post=339819"},{"taxonomy":"product_tag","embeddable":true,"href":"https:\/\/ecoshop.ee\/uk\/wp-json\/wp\/v2\/product_tag?post=339819"}],"curies":[{"name":"wp","href":"https:\/\/api.w.org\/{rel}","templated":true}]}}