{"id":339835,"date":"2026-02-27T21:21:16","date_gmt":"2026-02-27T18:21:16","guid":{"rendered":"https:\/\/ecoshop.ee\/maaratlemata\/poorlev-vihmuti-ratastega-punane-teras\/"},"modified":"2026-05-13T21:25:17","modified_gmt":"2026-05-13T18:25:17","slug":"%d1%87%d0%b5%d1%80%d0%b2%d0%be%d0%bd%d0%b8%d0%b9-%d1%81%d1%82%d0%b0%d0%bb%d0%b5%d0%b2%d0%b8%d0%b9-%d0%be%d0%b1%d0%b5%d1%80%d1%82%d0%be%d0%b2%d0%b8%d0%b9-%d1%81%d0%bf%d1%80%d0%b8%d0%bd%d0%ba%d0%bb","status":"publish","type":"product","link":"https:\/\/ecoshop.ee\/uk\/muruhooldus\/poorlev-vihmuti-ratastega-punane-teras\/","title":{"rendered":"\u041e\u0431\u0435\u0440\u0442\u043e\u0432\u0438\u0439 \u0437\u0440\u043e\u0448\u0443\u0432\u0430\u0447, \u0437 \u043a\u043e\u043b\u0435\u0441\u0430\u043c\u0438, \u0447\u0435\u0440\u0432\u043e\u043d\u0438\u0439, \u0441\u0442\u0430\u043b\u0435\u0432\u0438\u0439"},"content":{"rendered":"<p>\u0417\u0440\u0443\u0447\u043d\u0438\u0439 \u0443 \u0432\u0438\u043a\u043e\u0440\u0438\u0441\u0442\u0430\u043d\u043d\u0456 \u043e\u0431\u0435\u0440\u0442\u043e\u0432\u0438\u0439 \u043a\u043e\u043b\u0435\u0441\u043d\u0438\u0439 \u0434\u043e\u0449\u0443\u0432\u0430\u043b\u044c\u043d\u0438\u0439 \u043f\u0440\u0438\u0441\u0442\u0440\u0456\u0439 \u2013 \u0456\u0434\u0435\u0430\u043b\u044c\u043d\u0438\u0439 \u0456\u043d\u0441\u0442\u0440\u0443\u043c\u0435\u043d\u0442 \u0434\u043b\u044f \u0434\u043e\u043c\u043e\u0432\u043b\u0430\u0441\u043d\u0438\u043a\u0456\u0432, \u044f\u043a\u0456 \u0445\u043e\u0447\u0443\u0442\u044c \u043f\u0456\u0434\u0442\u0440\u0438\u043c\u0443\u0432\u0430\u0442\u0438 \u043f\u0438\u0448\u043d\u0438\u0439 \u0442\u0430 \u044f\u0441\u043a\u0440\u0430\u0432\u0438\u0439 \u0433\u0430\u0437\u043e\u043d, \u0434\u0432\u0456\u0440 \u0447\u0438 \u0441\u0430\u0434.<\/p>\n<\/p>\n<ul>\n<li>\u041e\u0431\u0435\u0440\u0442\u043e\u0432\u0438\u0439 \u0440\u043e\u0437\u043f\u0438\u043b\u044e\u0432\u0430\u0447 \u043d\u0430 360\u00b0: \u041b\u0430\u0442\u0443\u043d\u043d\u0430 \u0433\u043e\u043b\u043e\u0432\u043a\u0430 \u0443 \u0444\u043e\u0440\u043c\u0456 \u043c\u0435\u0442\u0435\u043b\u0438\u043a\u0430 \u0437 \u043f\u0456\u0434\u0448\u0438\u043f\u043d\u0438\u043a\u0430\u043c\u0438 \u0437 \u043d\u0435\u0440\u0436\u0430\u0432\u0456\u044e\u0447\u043e\u0457 \u0441\u0442\u0430\u043b\u0456 \u0437\u0430\u0431\u0435\u0437\u043f\u0435\u0447\u0443\u0454 \u0440\u043e\u0437\u043f\u0438\u043b\u0435\u043d\u043d\u044f \u0432\u043e\u0434\u0438 \u043d\u0430 360\u00b0. \u041f\u0440\u0438 \u0442\u0438\u0441\u043a\u0443 \u0432\u043e\u0434\u0438 2 \u0431\u0430\u0440 \u0432\u043e\u043d\u0430 \u043f\u043e\u043a\u0440\u0438\u0432\u0430\u0454 \u043a\u0440\u0443\u0433\u043b\u0443 \u043f\u043b\u043e\u0449\u0443 \u0434\u0456\u0430\u043c\u0435\u0442\u0440\u043e\u043c 8,5 \u043c\u0435\u0442\u0440\u0456\u0432.<\/li>\n<li>\u041b\u0435\u0433\u043a\u043e \u043f\u0435\u0440\u0435\u043c\u0456\u0449\u0443\u0432\u0430\u0442\u0438: \u0437\u0430\u0432\u0434\u044f\u043a\u0438 \u0432\u0438\u043d\u044f\u0442\u043a\u043e\u0432\u043e\u043c\u0443 \u0431\u0430\u043b\u0430\u043d\u0441\u0443 \u0448\u0438\u043d \u0442\u0430 \u043e\u0441\u043d\u043e\u0432\u0438, \u0441\u0430\u0434\u043e\u0432\u0438\u0439 \u0440\u043e\u0437\u0431\u0440\u0438\u0437\u043a\u0443\u0432\u0430\u0447 \u043c\u043e\u0436\u043d\u0430 \u043b\u0435\u0433\u043a\u043e \u043f\u0435\u0440\u0435\u043c\u0456\u0449\u0443\u0432\u0430\u0442\u0438, \u043d\u0435 \u0442\u0443\u0440\u0431\u0443\u044e\u0447\u0438\u0441\u044c \u043f\u0440\u043e \u0439\u043e\u0433\u043e \u043f\u0430\u0434\u0456\u043d\u043d\u044f.<\/li>\n<li>\u041c\u0456\u0446\u043d\u0430 \u0442\u0430 \u0441\u0442\u0430\u0431\u0456\u043b\u044c\u043d\u0430 \u043a\u043e\u043d\u0441\u0442\u0440\u0443\u043a\u0446\u0456\u044f: \u0417\u0440\u043e\u0448\u0443\u0432\u0430\u0447 \u0432\u0438\u0433\u043e\u0442\u043e\u0432\u043b\u0435\u043d\u0438\u0439 \u0437 \u043c\u0456\u0446\u043d\u043e\u0457 \u0441\u0442\u0430\u043b\u0456 \u0437 \u043f\u043e\u0440\u043e\u0448\u043a\u043e\u0432\u0438\u043c \u043f\u043e\u043a\u0440\u0438\u0442\u0442\u044f\u043c, \u0449\u043e \u0440\u043e\u0431\u0438\u0442\u044c \u0439\u043e\u0433\u043e \u043c\u0456\u0446\u043d\u0438\u043c, \u0441\u0442\u0430\u0431\u0456\u043b\u044c\u043d\u0438\u043c \u0442\u0430 \u0434\u043e\u0432\u0433\u043e\u0432\u0456\u0447\u043d\u0438\u043c.<\/li>\n<li>\u0415\u043a\u043e\u043d\u043e\u043c\u0442\u0435 \u0447\u0430\u0441 \u0456 \u0432\u043e\u0434\u0443: \u0441\u0430\u0434\u043e\u0432\u0438\u0439 \u0440\u043e\u0437\u0431\u0440\u0438\u0437\u043a\u0443\u0432\u0430\u0447 \u043c\u0430\u0454 \u0443\u043d\u0456\u0432\u0435\u0440\u0441\u0430\u043b\u044c\u043d\u0435 \u043f\u0456\u0434\u043a\u043b\u044e\u0447\u0435\u043d\u043d\u044f \u0434\u043b\u044f \u0448\u043b\u0430\u043d\u0433\u0430, \u044f\u043a\u0435 \u043c\u043e\u0436\u043d\u0430 \u043d\u0430\u043b\u0430\u0448\u0442\u0443\u0432\u0430\u0442\u0438 \u0437\u0430 \u043b\u0456\u0447\u0435\u043d\u0456 \u0441\u0435\u043a\u0443\u043d\u0434\u0438. \u0412\u0456\u043d \u0442\u0430\u043a\u043e\u0436 \u043e\u0441\u043d\u0430\u0449\u0435\u043d\u0438\u0439 \u0442\u0435\u0445\u043d\u043e\u043b\u043e\u0433\u0456\u0454\u044e \u0432\u043e\u0434\u043e\u0437\u0431\u0435\u0440\u0435\u0436\u0435\u043d\u043d\u044f, \u044f\u043a\u0430 \u0437\u0430\u0431\u0435\u0437\u043f\u0435\u0447\u0443\u0454 \u0440\u0456\u0432\u043d\u043e\u043c\u0456\u0440\u043d\u0438\u0439 \u0440\u043e\u0437\u043f\u043e\u0434\u0456\u043b \u0432\u043e\u0434\u0438 \u0431\u0435\u0437 \u043d\u0430\u0434\u043c\u0456\u0440\u043d\u043e\u0433\u043e \u0440\u043e\u0437\u043f\u0438\u043b\u0435\u043d\u043d\u044f.<\/li>\n<\/ul>\n<ul>\n<li>\u041a\u043e\u043b\u0456\u0440: \u0447\u0435\u0440\u0432\u043e\u043d\u0438\u0439<\/li>\n<li>\u041c\u0430\u0442\u0435\u0440\u0456\u0430\u043b: \u0441\u0442\u0430\u043b\u044c \u0437 \u043f\u043e\u0440\u043e\u0448\u043a\u043e\u0432\u0438\u043c \u043f\u043e\u043a\u0440\u0438\u0442\u0442\u044f\u043c, \u043b\u0430\u0442\u0443\u043d\u044c, \u043f\u043b\u0430\u0441\u0442\u0438\u043a<\/li>\n<li>\u0420\u043e\u0437\u043c\u0456\u0440\u0438: 50 x 27 x 23 \u0441\u043c (\u0414 x \u0428 x \u0412)<\/li>\n<li>\u0420\u043e\u0437\u043c\u0456\u0440\u0438 \u043a\u043e\u043b\u0435\u0441\u0430: 14,5 x 4 \u0441\u043c (\u0434\u0456\u0430\u043c\u0435\u0442\u0440 x \u0434\u043e\u0432\u0436\u0438\u043d\u0430)<\/li>\n<li>\u041f\u043e\u043a\u0440\u0438\u0432\u0430\u0454 \u043f\u043b\u043e\u0449\u0443 \u0434\u043e 8,5 \u043c \u0443 \u0434\u0456\u0430\u043c\u0435\u0442\u0440\u0456<\/li>\n<li>\u0420\u043e\u0431\u043e\u0447\u0438\u0439 \u0442\u0438\u0441\u043a: 2 \u0431\u0430\u0440<\/li>\n<li>\u0423\u043d\u0456\u0432\u0435\u0440\u0441\u0430\u043b\u044c\u043d\u0435 \u0437&#039;\u0454\u0434\u043d\u0430\u043d\u043d\u044f \u0448\u043b\u0430\u043d\u0433\u0430<\/li>\n<li>\u041f\u043e\u0442\u0440\u0456\u0431\u043d\u0430 \u0437\u0431\u0456\u0440\u043a\u0430: \u0442\u0430\u043a<\/li>\n<\/ul>","protected":false},"excerpt":{"rendered":"<p>Kasutajas\u00f5braliku disainiga p\u00f6\u00f6rlev ratastega vihmuti ideaalne t\u00f6\u00f6riist majaomanikele, kes soovivad hoida oma muru, hoovi v\u00f5i aeda lopsaka ja elavana. 360\u00b0 p\u00f6\u00f6rlev pihustus:&hellip;<\/p>","protected":false},"featured_media":339827,"comment_status":"open","ping_status":"closed","template":"","meta":{"wprm-recipe-roundup-name":"","wprm-recipe-roundup-description":""},"product_brand":[],"product_cat":[4615],"product_tag":[2127,4777,536,540,2329,4852],"class_list":{"0":"post-339835","1":"product","2":"type-product","3":"status-publish","4":"has-post-thumbnail","6":"product_cat-muruhooldus","7":"product_tag-aed-ja-muru","8":"product_tag-kastmine-ja-niisutamine","9":"product_tag-kodu-ja-aed","10":"product_tag-parcel","11":"product_tag-punane","12":"product_tag-vihmutisusteemid","13":"pa_brand-vidaxl","15":"first","16":"instock","17":"taxable","18":"shipping-taxable","19":"purchasable","20":"product-type-simple"},"supplier_id":null,"supplier_sku":"","barcode":null,"atum_controlled":false,"out_stock_date":null,"out_stock_threshold":null,"inheritable":false,"inbound_stock":null,"stock_on_hold":0,"sold_today":0,"sales_last_days":0,"reserved_stock":null,"customer_returns":null,"warehouse_damage":null,"lost_in_post":null,"other_logs":null,"out_stock_days":0,"lost_sales":0,"has_location":null,"update_date":"2026-05-13T18:25:17","atum_locations":[],"atum_stock_status":"instock","restock_status":false,"low_stock_amount":"","sales_update_date":"2026-03-07T01:11:54","calc_backorders":null,"aioseo_notices":[],"_links":{"self":[{"href":"https:\/\/ecoshop.ee\/uk\/wp-json\/wp\/v2\/product\/339835","targetHints":{"allow":["GET"]}}],"collection":[{"href":"https:\/\/ecoshop.ee\/uk\/wp-json\/wp\/v2\/product"}],"about":[{"href":"https:\/\/ecoshop.ee\/uk\/wp-json\/wp\/v2\/types\/product"}],"replies":[{"embeddable":true,"href":"https:\/\/ecoshop.ee\/uk\/wp-json\/wp\/v2\/comments?post=339835"}],"version-history":[{"count":0,"href":"https:\/\/ecoshop.ee\/uk\/wp-json\/wp\/v2\/product\/339835\/revisions"}],"wp:featuredmedia":[{"embeddable":true,"href":"https:\/\/ecoshop.ee\/uk\/wp-json\/wp\/v2\/media\/339827"}],"wp:attachment":[{"href":"https:\/\/ecoshop.ee\/uk\/wp-json\/wp\/v2\/media?parent=339835"}],"wp:term":[{"taxonomy":"product_brand","embeddable":true,"href":"https:\/\/ecoshop.ee\/uk\/wp-json\/wp\/v2\/product_brand?post=339835"},{"taxonomy":"product_cat","embeddable":true,"href":"https:\/\/ecoshop.ee\/uk\/wp-json\/wp\/v2\/product_cat?post=339835"},{"taxonomy":"product_tag","embeddable":true,"href":"https:\/\/ecoshop.ee\/uk\/wp-json\/wp\/v2\/product_tag?post=339835"}],"curies":[{"name":"wp","href":"https:\/\/api.w.org\/{rel}","templated":true}]}}