{"id":339850,"date":"2026-02-27T21:21:37","date_gmt":"2026-02-27T18:21:37","guid":{"rendered":"https:\/\/ecoshop.ee\/maaratlemata\/4-valjundiga-veejaotur-roheline-ja-must-195-x-6-x-11-cm\/"},"modified":"2026-05-16T03:24:24","modified_gmt":"2026-05-16T00:24:24","slug":"%d0%b4%d0%b8%d1%81%d0%bf%d0%b5%d0%bd%d1%81%d0%b5%d1%80-%d0%b4%d0%bb%d1%8f-%d0%b2%d0%be%d0%b4%d0%b8-%d0%b7-4-%d0%b2%d0%b8%d0%bb%d0%b8%d0%b2%d0%b0%d0%bc%d0%b8-%d0%b7%d0%b5%d0%bb%d0%b5%d0%bd%d0%b8%d0%b9","status":"publish","type":"product","link":"https:\/\/ecoshop.ee\/uk\/muruhooldus\/4-valjundiga-veejaotur-roheline-ja-must-195-x-6-x-11-cm\/","title":{"rendered":"\u0414\u0438\u0441\u043f\u0435\u043d\u0441\u0435\u0440 \u0434\u043b\u044f \u0432\u043e\u0434\u0438 \u0437 4 \u0432\u0438\u0445\u043e\u0434\u0430\u043c\u0438, \u0437\u0435\u043b\u0435\u043d\u0438\u0439 \u0442\u0430 \u0447\u043e\u0440\u043d\u0438\u0439, 19,5 x 6 x 11 \u0441\u043c"},"content":{"rendered":"<p>\u0414\u0438\u0441\u043f\u0435\u043d\u0441\u0435\u0440 \u0434\u043b\u044f \u0432\u043e\u0434\u0438 \u0437 4 \u0432\u0438\u0445\u043e\u0434\u0430\u043c\u0438 \u2013 \u0447\u0443\u0434\u043e\u0432\u0438\u0439 \u043f\u043e\u043c\u0456\u0447\u043d\u0438\u043a \u0434\u043b\u044f \u043f\u043e\u043b\u0438\u0432\u0443 \u0441\u0430\u0434\u0443, \u0449\u043e \u0440\u043e\u0431\u0438\u0442\u044c \u043c\u043e\u0436\u043b\u0438\u0432\u0438\u043c \u0435\u0444\u0435\u043a\u0442\u0438\u0432\u043d\u0435 \u0442\u0430 \u0431\u0435\u0437\u0442\u0443\u0440\u0431\u043e\u0442\u043d\u0435 \u0441\u0430\u0434\u043e\u0432\u0435 \u0436\u0438\u0442\u0442\u044f.<\/p>\n<\/p>\n<ul>\n<li>\u041c\u0456\u0446\u043d\u0438\u0439 \u043c\u0430\u0442\u0435\u0440\u0456\u0430\u043b: \u0414\u0438\u0441\u043f\u0435\u043d\u0441\u0435\u0440 \u0434\u043b\u044f \u0432\u043e\u0434\u0438 \u0432\u0438\u0433\u043e\u0442\u043e\u0432\u043b\u0435\u043d\u0438\u0439 \u0437 ABS \u0442\u0430 PP. \u041f\u043e\u043b\u0456\u043f\u0440\u043e\u043f\u0456\u043b\u0435\u043d (PP) \u2013 \u0446\u0435 \u043f\u043e\u043f\u0443\u043b\u044f\u0440\u043d\u0438\u0439 \u043f\u043b\u0430\u0441\u0442\u0438\u043a, \u044f\u043a\u0438\u0439 \u0454 \u043e\u0434\u043d\u0438\u043c \u0456\u0437 \u043d\u0430\u0439\u043f\u043e\u0448\u0438\u0440\u0435\u043d\u0456\u0448\u0438\u0445 \u043c\u0430\u0442\u0435\u0440\u0456\u0430\u043b\u0456\u0432 \u0443 \u0432\u0438\u0440\u043e\u0431\u043d\u0438\u0446\u0442\u0432\u0456 \u0440\u0456\u0437\u043d\u0438\u0445 \u0430\u043a\u0441\u0435\u0441\u0443\u0430\u0440\u0456\u0432. \u0412\u0456\u043d \u043b\u0435\u0433\u043a\u0438\u0439, \u043c\u0456\u0446\u043d\u0438\u0439 \u0442\u0430 \u0443\u0434\u0430\u0440\u043e\u0441\u0442\u0456\u0439\u043a\u0438\u0439.<\/li>\n<li>4-\u0432\u0438\u0445\u0456\u0434\u043d\u0435 \u043f\u0456\u0434\u043a\u043b\u044e\u0447\u0435\u043d\u043d\u044f: \u0420\u043e\u0437\u0433\u0430\u043b\u0443\u0436\u0443\u0432\u0430\u0447 \u0432\u043e\u0434\u043e\u043f\u0440\u043e\u0432\u0456\u0434\u043d\u043e\u0433\u043e \u043a\u0440\u0430\u043d\u0430 \u043c\u043e\u0436\u0435 \u043f\u0456\u0434\u043a\u043b\u044e\u0447\u0438\u0442\u0438 4 \u0448\u043b\u0430\u043d\u0433\u0438 \u0434\u043e \u043e\u0434\u043d\u043e\u0433\u043e \u043a\u0440\u0430\u043d\u0430, \u0449\u043e\u0431 \u0432\u0438 \u043c\u043e\u0433\u043b\u0438 \u0440\u0430\u0437\u043e\u043c \u043a\u0435\u0440\u0443\u0432\u0430\u0442\u0438 \u0448\u043b\u0430\u043d\u0433\u0430\u043c\u0438, \u0441\u043f\u0440\u0438\u043d\u043a\u043b\u0435\u0440\u0430\u043c\u0438 \u0442\u0430 \u0441\u0438\u0441\u0442\u0435\u043c\u0430\u043c\u0438 \u043f\u043e\u043b\u0438\u0432\u0443. \u0410 \u043e\u043a\u0440\u0435\u043c\u0438\u0439 \u0432\u043e\u0434\u044f\u043d\u0438\u0439 \u043a\u043b\u0430\u043f\u0430\u043d \u0434\u043e\u0437\u0432\u043e\u043b\u044f\u0454 \u043b\u0435\u0433\u043a\u043e \u0440\u0435\u0433\u0443\u043b\u044e\u0432\u0430\u0442\u0438 \u043f\u043e\u0442\u0456\u043a \u0432\u043e\u0434\u0438 \u0432\u0456\u0434\u043f\u043e\u0432\u0456\u0434\u043d\u043e \u0434\u043e \u0440\u0456\u0437\u043d\u0438\u0445 \u043f\u043e\u0442\u0440\u0435\u0431.<\/li>\n<li>\u0428\u0438\u0440\u043e\u043a\u0438\u0439 \u0441\u043f\u0435\u043a\u0442\u0440 \u0437\u0430\u0441\u0442\u043e\u0441\u0443\u0432\u0430\u043d\u043d\u044f: \u0414\u0438\u0441\u043f\u0435\u043d\u0441\u0435\u0440 \u0434\u043b\u044f \u0432\u043e\u0434\u0438 \u043c\u0430\u0454 \u0434\u0432\u0430 \u0442\u0438\u043f\u0438 \u0437&#039;\u0454\u0434\u043d\u0430\u043d\u044c: \u0448\u0432\u0438\u0434\u043a\u043e\u0437&#039;\u0454\u0434\u043d\u0430\u043d\u043d\u044f \u0442\u0430 \u0440\u0456\u0437\u044c\u0431\u043e\u0432\u0435 \u0437&#039;\u0454\u0434\u043d\u0430\u043d\u043d\u044f, \u0449\u043e \u0440\u043e\u0431\u0438\u0442\u044c \u0439\u043e\u0433\u043e \u043f\u0440\u0438\u0434\u0430\u0442\u043d\u0438\u043c \u0434\u043b\u044f \u0440\u0456\u0437\u043d\u0438\u0445 \u0441\u0438\u0442\u0443\u0430\u0446\u0456\u0439. \u0412\u0438 \u043c\u043e\u0436\u0435\u0442\u0435 \u0432\u0438\u043a\u043e\u0440\u0438\u0441\u0442\u043e\u0432\u0443\u0432\u0430\u0442\u0438 \u0439\u043e\u0433\u043e \u0434\u043b\u044f \u0441\u0430\u0434\u0456\u0432\u043d\u0438\u0446\u0442\u0432\u0430, \u043f\u043e\u043b\u0438\u0432\u0443, \u043f\u0440\u0438\u0431\u0438\u0440\u0430\u043d\u043d\u044f, \u043c\u0438\u0442\u0442\u044f \u0442\u043e\u0449\u043e.<\/li>\n<\/ul>\n<ul>\n<li>\u041a\u043e\u043b\u0456\u0440: \u0437\u0435\u043b\u0435\u043d\u0438\u0439 \u0442\u0430 \u0447\u043e\u0440\u043d\u0438\u0439<\/li>\n<li>\u041c\u0430\u0442\u0435\u0440\u0456\u0430\u043b: \u0410\u0411\u0421, \u043f\u043e\u043b\u0456\u043f\u0440\u043e\u043f\u0456\u043b\u0435\u043d (\u041f\u041f)<\/li>\n<li>\u0417\u0430\u0433\u0430\u043b\u044c\u043d\u0456 \u0440\u043e\u0437\u043c\u0456\u0440\u0438: 19,5 x 6 x 11 \u0441\u043c (\u0414 x \u0428 x \u0412)<\/li>\n<li>\u0414\u0456\u0430\u043c\u0435\u0442\u0440 \u0440\u0456\u0437\u044c\u0431\u043e\u0432\u043e\u0433\u043e \u0437&#039;\u0454\u0434\u043d\u0443\u0432\u0430\u0447\u0430: 21 \u043c\u043c (1\/2\u2033 BSP)<\/li>\n<li>\u0414\u0456\u0430\u043c\u0435\u0442\u0440 \u0437&#039;\u0454\u0434\u043d\u0430\u043d\u043d\u044f: 53,5 \u043c\u043c<\/li>\n<\/ul>","protected":false},"excerpt":{"rendered":"<p>4-v\u00e4ljundiga veejaotur on suurep\u00e4rane abiline aia kastmiseks, muutes t\u00f5husa ja vaevatu aiaelu v\u00f5imalikuks. Vastupidav materjal: veejaotur on valmistatud ABS-st ja PP-st. Pol\u00fcprop\u00fcleen&hellip;<\/p>","protected":false},"featured_media":339844,"comment_status":"open","ping_status":"closed","template":"","meta":{"wprm-recipe-roundup-name":"","wprm-recipe-roundup-description":""},"product_brand":[],"product_cat":[4615],"product_tag":[2127,4777,536,540,879,4852],"class_list":{"0":"post-339850","1":"product","2":"type-product","3":"status-publish","4":"has-post-thumbnail","6":"product_cat-muruhooldus","7":"product_tag-aed-ja-muru","8":"product_tag-kastmine-ja-niisutamine","9":"product_tag-kodu-ja-aed","10":"product_tag-parcel","11":"product_tag-roheline","12":"product_tag-vihmutisusteemid","13":"pa_brand-vidaxl","15":"first","16":"instock","17":"taxable","18":"shipping-taxable","19":"purchasable","20":"product-type-simple"},"supplier_id":null,"supplier_sku":"","barcode":null,"atum_controlled":false,"out_stock_date":null,"out_stock_threshold":null,"inheritable":false,"inbound_stock":null,"stock_on_hold":0,"sold_today":1,"sales_last_days":1,"reserved_stock":null,"customer_returns":null,"warehouse_damage":null,"lost_in_post":null,"other_logs":null,"out_stock_days":0,"lost_sales":0,"has_location":null,"update_date":"2026-05-16T00:24:25","atum_locations":[],"atum_stock_status":"instock","restock_status":false,"low_stock_amount":"","sales_update_date":"2026-05-10T19:09:08","calc_backorders":null,"aioseo_notices":[],"_links":{"self":[{"href":"https:\/\/ecoshop.ee\/uk\/wp-json\/wp\/v2\/product\/339850","targetHints":{"allow":["GET"]}}],"collection":[{"href":"https:\/\/ecoshop.ee\/uk\/wp-json\/wp\/v2\/product"}],"about":[{"href":"https:\/\/ecoshop.ee\/uk\/wp-json\/wp\/v2\/types\/product"}],"replies":[{"embeddable":true,"href":"https:\/\/ecoshop.ee\/uk\/wp-json\/wp\/v2\/comments?post=339850"}],"version-history":[{"count":0,"href":"https:\/\/ecoshop.ee\/uk\/wp-json\/wp\/v2\/product\/339850\/revisions"}],"wp:featuredmedia":[{"embeddable":true,"href":"https:\/\/ecoshop.ee\/uk\/wp-json\/wp\/v2\/media\/339844"}],"wp:attachment":[{"href":"https:\/\/ecoshop.ee\/uk\/wp-json\/wp\/v2\/media?parent=339850"}],"wp:term":[{"taxonomy":"product_brand","embeddable":true,"href":"https:\/\/ecoshop.ee\/uk\/wp-json\/wp\/v2\/product_brand?post=339850"},{"taxonomy":"product_cat","embeddable":true,"href":"https:\/\/ecoshop.ee\/uk\/wp-json\/wp\/v2\/product_cat?post=339850"},{"taxonomy":"product_tag","embeddable":true,"href":"https:\/\/ecoshop.ee\/uk\/wp-json\/wp\/v2\/product_tag?post=339850"}],"curies":[{"name":"wp","href":"https:\/\/api.w.org\/{rel}","templated":true}]}}