{"id":339988,"date":"2026-02-27T21:24:41","date_gmt":"2026-02-27T18:24:41","guid":{"rendered":"https:\/\/ecoshop.ee\/maaratlemata\/ripp-munatooli-alusega-antratsiithall-teras\/"},"modified":"2026-04-19T15:35:40","modified_gmt":"2026-04-19T12:35:40","slug":"%d0%bf%d1%96%d0%b4%d0%b2%d1%96%d1%81%d0%bd%d0%b5-%d0%ba%d1%80%d1%96%d1%81%d0%bb%d0%be-%d1%8f%d0%b9%d1%86%d0%b5-%d0%b7-%d0%be%d1%81%d0%bd%d0%be%d0%b2%d0%be%d1%8e-%d0%ba%d0%be%d0%bb%d1%8c%d0%be%d1%80","status":"publish","type":"product","link":"https:\/\/ecoshop.ee\/uk\/aiakiiged\/ripp-munatooli-alusega-antratsiithall-teras\/","title":{"rendered":"\u041f\u0456\u0434\u0432\u0456\u0441\u043d\u0438\u0439 \u0441\u0442\u0456\u043b\u0435\u0446\u044c \u0437 \u043e\u0441\u043d\u043e\u0432\u043e\u044e, \u0430\u043d\u0442\u0440\u0430\u0446\u0438\u0442\u043e\u0432\u043e-\u0441\u0456\u0440\u0438\u0439, \u0441\u0442\u0430\u043b\u044c"},"content":{"rendered":"<p>\u0412\u043b\u0430\u0448\u0442\u0443\u0439\u0442\u0435\u0441\u044f \u0437\u0440\u0443\u0447\u043d\u0456\u0448\u0435 \u0442\u0430 \u043d\u0430\u0441\u043e\u043b\u043e\u0434\u0436\u0443\u0439\u0442\u0435\u0441\u044c \u0432\u0456\u0434\u043f\u043e\u0447\u0438\u043d\u043a\u043e\u043c \u0443 \u0441\u0432\u043e\u0457\u0439 \u0432\u0456\u0442\u0430\u043b\u044c\u043d\u0456 \u0437 \u0446\u0438\u043c \u0437\u0430\u0445\u043e\u043f\u043b\u0438\u0432\u0438\u043c \u043f\u0456\u0434\u0432\u0456\u0441\u043d\u0438\u043c \u043a\u0440\u0456\u0441\u043b\u043e\u043c-\u044f\u0439\u0446\u0435\u043c.<\/p>\n<\/p>\n<ul>\n<li>\u041c\u0456\u0446\u043d\u0438\u0439 \u0442\u0430 \u0441\u0442\u0456\u0439\u043a\u0438\u0439: \u043a\u0430\u0440\u043a\u0430\u0441 \u043a\u0440\u0456\u0441\u043b\u0430-\u0433\u0430\u043c\u0430\u043a\u0430 \u0432\u0438\u0433\u043e\u0442\u043e\u0432\u043b\u0435\u043d\u0438\u0439 \u0437\u0456 \u0441\u0442\u0430\u043b\u0456. \u0421\u0442\u0430\u043b\u0435\u0432\u0438\u0439 \u043a\u0430\u0440\u043a\u0430\u0441 \u0432\u0456\u0434\u0440\u0456\u0437\u043d\u044f\u0454\u0442\u044c\u0441\u044f \u0447\u0443\u0434\u043e\u0432\u043e\u044e \u043c\u0456\u0446\u043d\u0456\u0441\u0442\u044e, \u0434\u043e\u0432\u0433\u043e\u0432\u0456\u0447\u043d\u0456\u0441\u0442\u044e \u0442\u0430 \u0441\u0442\u0456\u0439\u043a\u0456\u0441\u0442\u044e \u0434\u043e \u043a\u043e\u0440\u043e\u0437\u0456\u0457, \u0449\u043e \u0440\u043e\u0431\u0438\u0442\u044c \u0439\u043e\u0433\u043e \u0456\u0434\u0435\u0430\u043b\u044c\u043d\u0438\u043c \u0432\u0438\u0431\u043e\u0440\u043e\u043c \u0434\u043b\u044f \u0440\u0456\u0437\u043d\u043e\u043c\u0430\u043d\u0456\u0442\u043d\u0438\u0445 \u0437\u0430\u0441\u0442\u043e\u0441\u0443\u0432\u0430\u043d\u044c, \u0432\u043a\u043b\u044e\u0447\u0430\u044e\u0447\u0438 \u0432\u0438\u0440\u043e\u0431\u043d\u0438\u0446\u0442\u0432\u043e \u043c\u0435\u0431\u043b\u0456\u0432 \u0442\u0430 \u0431\u0443\u0434\u0456\u0432\u043d\u0438\u0446\u0442\u0432\u043e.<\/li>\n<li>\u0414\u0438\u0437\u0430\u0439\u043d \u0433\u043e\u0439\u0434\u0430\u043b\u043a\u0438: \u0412\u0438 \u043c\u043e\u0436\u0435\u0442\u0435 \u043c\u2019\u044f\u043a\u043e \u0433\u043e\u0439\u0434\u0430\u0442\u0438\u0441\u044f \u0432\u043f\u0435\u0440\u0435\u0434 \u0456 \u043d\u0430\u0437\u0430\u0434 \u043d\u0430 \u0446\u044c\u043e\u043c\u0443 \u0441\u0430\u0434\u043e\u0432\u043e\u043c\u0443 \u043a\u0440\u0456\u0441\u043b\u0456-\u044f\u0439\u0446\u0435, \u0449\u043e\u0431 \u043f\u0440\u043e\u0432\u0435\u0441\u0442\u0438 \u0432\u0456\u043b\u044c\u043d\u0438\u0439 \u0447\u0430\u0441.<\/li>\n<li>\u0417\u0440\u0443\u0447\u043d\u0435 \u043f\u043e\u043b\u043e\u0436\u0435\u043d\u043d\u044f \u0434\u043b\u044f \u0441\u0438\u0434\u0456\u043d\u043d\u044f: \u0442\u043e\u0432\u0441\u0442\u0430 \u043f\u0456\u0434\u043a\u043b\u0430\u0434\u043a\u0430 \u0442\u0430 \u0437\u043d\u0456\u043c\u043d\u0430 \u043f\u043e\u0434\u0443\u0448\u043a\u0430 \u043a\u0440\u0456\u0441\u043b\u0430-\u0433\u043e\u0439\u0434\u0430\u043b\u043a\u0438 \u0437\u0430\u0431\u0435\u0437\u043f\u0435\u0447\u0443\u044e\u0442\u044c \u043c\u0430\u043a\u0441\u0438\u043c\u0430\u043b\u044c\u043d\u0438\u0439 \u043a\u043e\u043c\u0444\u043e\u0440\u0442 \u043f\u0456\u0434 \u0447\u0430\u0441 \u0441\u0438\u0434\u0456\u043d\u043d\u044f.<\/li>\n<li>\u0417\u043d\u0456\u043c\u043d\u0438\u0439 \u0447\u043e\u0445\u043e\u043b, \u044f\u043a\u0438\u0439 \u043c\u043e\u0436\u043d\u0430 \u043f\u0440\u0430\u0442\u0438: \u041f\u043e\u0434\u0443\u0448\u043a\u0430 \u043c\u0430\u0454 \u0437\u043d\u0456\u043c\u043d\u0438\u0439 \u0447\u043e\u0445\u043e\u043b, \u044f\u043a\u0438\u0439 \u043b\u0435\u0433\u043a\u043e \u043f\u0440\u0430\u0442\u0438 \u0442\u0430 \u0434\u043e\u0433\u043b\u044f\u0434\u0430\u0442\u0438.<\/li>\n<li>\u0421\u0442\u0438\u043b\u044c\u043d\u0438\u0439 \u0434\u0438\u0437\u0430\u0439\u043d: \u0426\u0435 \u0448\u0438\u043a\u0430\u0440\u043d\u0435 \u043a\u0440\u0456\u0441\u043b\u043e-\u044f\u0439\u0446\u0435 \u0437 \u0442\u0440\u044c\u043e\u043c\u0430 \u0440\u0435\u043c\u0456\u043d\u0446\u044f\u043c\u0438 \u043c\u0430\u0454 \u0447\u0438\u0441\u0442\u0456, \u043f\u0440\u043e\u0441\u0442\u0456 \u043b\u0456\u043d\u0456\u0457 \u0442\u0430 \u043c\u0456\u043d\u0456\u043c\u0430\u043b\u0456\u0441\u0442\u0438\u0447\u043d\u0438\u0439 \u0432\u0438\u0433\u043b\u044f\u0434, \u0449\u043e \u0434\u043e\u0434\u0430\u0441\u0442\u044c \u0432\u0430\u0448\u043e\u043c\u0443 \u0456\u043d\u0442\u0435\u0440&#039;\u0454\u0440\u0443 \u043f\u043e\u0437\u0430\u0447\u0430\u0441\u043e\u0432\u043e\u0433\u043e \u0441\u0443\u0447\u0430\u0441\u043d\u043e\u0433\u043e \u0441\u0442\u0438\u043b\u044e.<\/li>\n<\/ul>\n<p>\u041f\u0440\u0438\u0454\u043c\u043d\u043e \u0446\u0435 \u0447\u0443\u0442\u0438:<\/p>\n<ul>\n<li>\u0429\u043e\u0431 \u0432\u0430\u0448\u0456 \u0432\u0443\u043b\u0438\u0447\u043d\u0456 \u043c\u0435\u0431\u043b\u0456 \u043c\u0430\u043b\u0438 \u0433\u0430\u0440\u043d\u0438\u0439 \u0432\u0438\u0433\u043b\u044f\u0434, \u0440\u0435\u043a\u043e\u043c\u0435\u043d\u0434\u0443\u0454\u043c\u043e \u0437\u0430\u0445\u0438\u0441\u0442\u0438\u0442\u0438 \u0457\u0445 \u0432\u043e\u0434\u043e\u043d\u0435\u043f\u0440\u043e\u043d\u0438\u043a\u043d\u0438\u043c \u0447\u043e\u0445\u043b\u043e\u043c.<\/li>\n<\/ul>\n<ul>\n<li><strong>\u041f\u0456\u0434\u0432\u0456\u0441\u043d\u0435 \u043a\u0440\u0456\u0441\u043b\u043e-\u044f\u0439\u0446\u0435:<\/strong><\/li>\n<li>\u041a\u043e\u043b\u0456\u0440: \u0430\u043d\u0442\u0440\u0430\u0446\u0438\u0442\u043e\u0432\u043e-\u0441\u0456\u0440\u0438\u0439, \u0447\u043e\u0440\u043d\u0438\u0439<\/li>\n<li>\u041c\u0430\u0442\u0435\u0440\u0456\u0430\u043b: \u0421\u0442\u0430\u043b\u044c, \u043f\u043e\u043b\u0456\u043f\u0440\u043e\u043f\u0456\u043b\u0435\u043d<\/li>\n<li>\u0417\u0430\u0433\u0430\u043b\u044c\u043d\u0456 \u0440\u043e\u0437\u043c\u0456\u0440\u0438: 104 x 100 x 197 \u0441\u043c (\u0414 x \u0428 x \u0412)<\/li>\n<li>\u0420\u043e\u0437\u043c\u0456\u0440\u0438 \u043a\u043e\u0448\u0438\u043a\u0430: 86 x 50 x 107 \u0441\u043c (\u0428 x \u0413 x \u0412)<\/li>\n<li>\u041c\u0430\u043a\u0441\u0438\u043c\u0430\u043b\u044c\u043d\u0435 \u043c\u0430\u043a\u0441\u0438\u043c\u0430\u043b\u044c\u043d\u0435 \u043d\u0430\u0432\u0430\u043d\u0442\u0430\u0436\u0435\u043d\u043d\u044f 110 \u043a\u0433 \u043d\u0430 \u0441\u0438\u0434\u0456\u043d\u043d\u044f<\/li>\n<li><strong>\u041f\u043e\u0434\u0443\u0448\u043a\u0430:<\/strong><\/li>\n<li>\u041a\u043e\u043b\u0456\u0440 \u043f\u043e\u0434\u0443\u0448\u043a\u0438: \u0430\u043d\u0442\u0440\u0430\u0446\u0438\u0442\u043e\u0432\u043e-\u0441\u0456\u0440\u0438\u0439<\/li>\n<li>\u041c\u0430\u0442\u0435\u0440\u0456\u0430\u043b \u0447\u043e\u0445\u043b\u0430 \u043f\u043e\u0434\u0443\u0448\u043a\u0438: \u0422\u043a\u0430\u043d\u0438\u043d\u0430 (100% \u043f\u043e\u043b\u0456\u0435\u0441\u0442\u0435\u0440)<\/li>\n<li>\u041c\u0430\u0442\u0435\u0440\u0456\u0430\u043b \u043d\u0430\u043f\u043e\u0432\u043d\u044e\u0432\u0430\u0447\u0430 \u043f\u043e\u0434\u0443\u0448\u043a\u0438: \u0431\u0430\u0432\u043e\u0432\u043d\u0430 PP<\/li>\n<li>\u0420\u043e\u0437\u043c\u0456\u0440\u0438 \u043f\u043e\u0434\u0443\u0448\u043a\u0438 \u0441\u0438\u0434\u0456\u043d\u043d\u044f: 105 x 78 x 12 \u0441\u043c (\u0414 x \u0428 x \u0412)<\/li>\n<li>\u041f\u043e\u0442\u0440\u0456\u0431\u043d\u0435 \u0441\u043a\u043b\u0430\u0434\u0430\u043d\u043d\u044f: \u0422\u0430\u043a<\/li>\n<\/ul>","protected":false},"excerpt":{"rendered":"<p>Istu maha ja naudi l\u00f5\u00f5gastavat aega oma elutoas selle p\u00f5neva rippuva munatooliga. Tugev ja stabiilne: v\u00f5rkkiigetooli raam on valmistatud terasest. Terasraam on&hellip;<\/p>","protected":false},"featured_media":339980,"comment_status":"open","ping_status":"closed","template":"","meta":{"wprm-recipe-roundup-name":"","wprm-recipe-roundup-description":""},"product_brand":[],"product_cat":[4616],"product_tag":[2127,4868,561,536,4867,540],"class_list":{"0":"post-339988","1":"product","2":"type-product","3":"status-publish","4":"has-post-thumbnail","6":"product_cat-aiakiiged","7":"product_tag-aed-ja-muru","8":"product_tag-aiakiiged","9":"product_tag-antratsiithall","10":"product_tag-kodu-ja-aed","11":"product_tag-ouetegevused","12":"product_tag-parcel","13":"pa_brand-vidaxl","15":"first","16":"instock","17":"taxable","18":"shipping-taxable","19":"purchasable","20":"product-type-simple"},"supplier_id":null,"supplier_sku":"","barcode":null,"atum_controlled":false,"out_stock_date":null,"out_stock_threshold":null,"inheritable":false,"inbound_stock":null,"stock_on_hold":null,"sold_today":null,"sales_last_days":null,"reserved_stock":null,"customer_returns":null,"warehouse_damage":null,"lost_in_post":null,"other_logs":null,"out_stock_days":null,"lost_sales":null,"has_location":null,"update_date":"2026-04-19T12:35:41","atum_locations":[],"atum_stock_status":"instock","restock_status":false,"low_stock_amount":"","sales_update_date":null,"calc_backorders":null,"aioseo_notices":[],"_links":{"self":[{"href":"https:\/\/ecoshop.ee\/uk\/wp-json\/wp\/v2\/product\/339988","targetHints":{"allow":["GET"]}}],"collection":[{"href":"https:\/\/ecoshop.ee\/uk\/wp-json\/wp\/v2\/product"}],"about":[{"href":"https:\/\/ecoshop.ee\/uk\/wp-json\/wp\/v2\/types\/product"}],"replies":[{"embeddable":true,"href":"https:\/\/ecoshop.ee\/uk\/wp-json\/wp\/v2\/comments?post=339988"}],"version-history":[{"count":0,"href":"https:\/\/ecoshop.ee\/uk\/wp-json\/wp\/v2\/product\/339988\/revisions"}],"wp:featuredmedia":[{"embeddable":true,"href":"https:\/\/ecoshop.ee\/uk\/wp-json\/wp\/v2\/media\/339980"}],"wp:attachment":[{"href":"https:\/\/ecoshop.ee\/uk\/wp-json\/wp\/v2\/media?parent=339988"}],"wp:term":[{"taxonomy":"product_brand","embeddable":true,"href":"https:\/\/ecoshop.ee\/uk\/wp-json\/wp\/v2\/product_brand?post=339988"},{"taxonomy":"product_cat","embeddable":true,"href":"https:\/\/ecoshop.ee\/uk\/wp-json\/wp\/v2\/product_cat?post=339988"},{"taxonomy":"product_tag","embeddable":true,"href":"https:\/\/ecoshop.ee\/uk\/wp-json\/wp\/v2\/product_tag?post=339988"}],"curies":[{"name":"wp","href":"https:\/\/api.w.org\/{rel}","templated":true}]}}