{"id":340161,"date":"2026-02-27T21:28:23","date_gmt":"2026-02-27T18:28:23","guid":{"rendered":"https:\/\/ecoshop.ee\/maaratlemata\/aiakiik-174-cm-tiikpuu\/"},"modified":"2026-05-15T04:13:14","modified_gmt":"2026-05-15T01:13:14","slug":"%d1%81%d0%b0%d0%b4%d0%be%d0%b2%d1%96-%d0%b3%d0%be%d0%b9%d0%b4%d0%b0%d0%bb%d0%ba%d0%b8-174-%d1%81%d0%bc-%d0%b7-%d1%82%d0%b8%d0%ba%d0%be%d0%b2%d0%be%d0%b3%d0%be-%d0%b4%d0%b5%d1%80%d0%b5%d0%b2%d0%b0","status":"publish","type":"product","link":"https:\/\/ecoshop.ee\/uk\/aiakiiged\/aiakiik-174-cm-tiikpuu\/","title":{"rendered":"\u0421\u0430\u0434\u043e\u0432\u0430 \u0433\u043e\u0439\u0434\u0430\u043b\u043a\u0430, 174 \u0441\u043c, \u0442\u0438\u043a"},"content":{"rendered":"<p>\u0426\u0456 \u0441\u0430\u0434\u043e\u0432\u0456 \u0433\u043e\u0439\u0434\u0430\u043b\u043a\u0430 \u0437 \u043c\u0430\u0441\u0438\u0432\u0443 \u0434\u0435\u0440\u0435\u0432\u0430 \u0441\u0442\u0430\u043d\u0443\u0442\u044c \u043e\u043a\u0440\u0430\u0441\u043e\u044e \u0432\u0430\u0448\u043e\u0433\u043e \u0441\u0430\u0434\u0443 \u0447\u0438 \u043f\u0430\u0442\u0456\u043e. \u0426\u0435 \u0456\u0434\u0435\u0430\u043b\u044c\u043d\u0435 \u043c\u0456\u0441\u0446\u0435 \u0434\u043b\u044f \u0432\u0456\u0434\u043f\u043e\u0447\u0438\u043d\u043a\u0443 \u0430\u0431\u043e \u043f\u0440\u043e\u0432\u0435\u0434\u0435\u043d\u043d\u044f \u0447\u0430\u0441\u0443 \u0437 \u0434\u0440\u0443\u0437\u044f\u043c\u0438.<\/p>\n<\/p>\n<p>\u0412\u0438\u0433\u043e\u0442\u043e\u0432\u043b\u0435\u043d\u0438\u0439 \u0437 \u043c\u0456\u0446\u043d\u043e\u0433\u043e \u0442\u0438\u043a\u043e\u0432\u043e\u0433\u043e \u0434\u0435\u0440\u0435\u0432\u0430, \u0446\u0435\u0439 \u043f\u0440\u0435\u0434\u043c\u0435\u0442 \u043c\u0435\u0431\u043b\u0456\u0432 \u043f\u0440\u043e\u0439\u0448\u043e\u0432 \u0432\u0438\u0441\u0443\u0448\u0443\u0432\u0430\u043d\u043d\u044f \u0432 \u043f\u0435\u0447\u0456 \u0442\u0430 \u0440\u0435\u0442\u0435\u043b\u044c\u043d\u043e \u0432\u0456\u0434\u0448\u043b\u0456\u0444\u0443\u0432\u0430\u0432\u0441\u044f \u0434\u043b\u044f \u043d\u0430\u0434\u0430\u043d\u043d\u044f \u0439\u043e\u043c\u0443 \u043d\u0430\u0434\u0437\u0432\u0438\u0447\u0430\u0439\u043d\u043e \u0433\u043b\u0430\u0434\u043a\u043e\u0457 \u043f\u043e\u0432\u0435\u0440\u0445\u043d\u0456. \u0422\u0438\u043a\u043e\u0432\u0435 \u0434\u0435\u0440\u0435\u0432\u043e \u0432\u0456\u0434\u043e\u043c\u0435 \u0441\u0432\u043e\u0454\u044e \u0432\u0438\u043d\u044f\u0442\u043a\u043e\u0432\u043e\u044e \u043c\u0456\u0446\u043d\u0456\u0441\u0442\u044e \u0442\u0430 \u0441\u0442\u0456\u0439\u043a\u0456\u0441\u0442\u044e \u0434\u043e \u043f\u043e\u0433\u043e\u0434\u043d\u0438\u0445 \u0443\u043c\u043e\u0432, \u0449\u043e \u0440\u043e\u0431\u0438\u0442\u044c \u0439\u043e\u0433\u043e \u043d\u0430\u0431\u0430\u0433\u0430\u0442\u043e \u043f\u0440\u0438\u0434\u0430\u0442\u043d\u0456\u0448\u0438\u043c \u0434\u043b\u044f \u0441\u0430\u0434\u043e\u0432\u0438\u0445 \u043c\u0435\u0431\u043b\u0456\u0432, \u043d\u0456\u0436 \u0431\u0443\u0434\u044c-\u044f\u043a\u0430 \u0456\u043d\u0448\u0430 \u0434\u0435\u0440\u0435\u0432\u0438\u043d\u0430. \u0422\u0438\u043a\u043e\u0432\u0435 \u0434\u0435\u0440\u0435\u0432\u043e \u2013 \u0456\u0434\u0435\u0430\u043b\u044c\u043d\u0438\u0439 \u0432\u0438\u0431\u0456\u0440, \u044f\u043a\u0449\u043e \u0432\u0438 \u0445\u043e\u0447\u0435\u0442\u0435 \u043f\u0440\u0438\u0434\u0431\u0430\u0442\u0438 \u0434\u043e\u0432\u0433\u043e\u0432\u0456\u0447\u043d\u0456 \u0441\u0430\u0434\u043e\u0432\u0456 \u043c\u0435\u0431\u043b\u0456. \u0421\u0442\u0456\u0439\u043a\u0438\u0439 \u0434\u043e \u043f\u043e\u0433\u043e\u0434\u043d\u0438\u0445 \u0443\u043c\u043e\u0432 \u043d\u0430\u0432\u0456\u0441 \u0437 \u0440\u0435\u0433\u0443\u043b\u044c\u043e\u0432\u0430\u043d\u0438\u043c \u043a\u0443\u0442\u043e\u043c \u043d\u0430\u0445\u0438\u043b\u0443 \u0434\u0430\u0445\u0443 \u0437\u0430\u0431\u0435\u0437\u043f\u0435\u0447\u0438\u0442\u044c \u0432\u0430\u043c \u043f\u0440\u0438\u0454\u043c\u043d\u0443 \u0442\u0456\u043d\u044c \u043f\u0456\u0434 \u0447\u0430\u0441 \u0432\u0456\u0434\u043f\u043e\u0447\u0438\u043d\u043a\u0443. \u041d\u0430\u0441\u043e\u043b\u043e\u0434\u0436\u0443\u0439\u0442\u0435\u0441\u044c \u0441\u043e\u043d\u0446\u0435\u043c \u0442\u0430 \u043b\u0435\u0433\u043a\u0438\u043c \u0432\u0456\u0442\u0435\u0440\u0446\u0435\u043c \u043d\u0430 \u0441\u0430\u0434\u043e\u0432\u0456\u0439 \u0433\u043e\u0439\u0434\u0430\u043b\u0446\u0456.<\/p>\n<ul>\n<li>\u041c\u0430\u0442\u0435\u0440\u0456\u0430\u043b: \u0414\u0440\u0456\u0431\u043d\u043e \u0448\u043b\u0456\u0444\u043e\u0432\u0430\u043d\u0438\u0439 \u0442\u0438\u043a \u0437 \u043f\u043e\u043a\u0440\u0438\u0442\u0442\u044f\u043c \u043d\u0430 \u0432\u043e\u0434\u043d\u0456\u0439 \u043e\u0441\u043d\u043e\u0432\u0456<\/li>\n<li>\u0420\u043e\u0437\u043c\u0456\u0440\u0438: 174 x 105 x 171 \u0441\u043c (\u0428 x \u0413 x \u0412)<\/li>\n<li>\u0414\u043e\u0432\u0436\u0438\u043d\u0430 \u043b\u0430\u0432\u043a\u0438: 114 \u0441\u043c<\/li>\n<li>\u0428\u0438\u0440\u0438\u043d\u0430 \u0441\u0438\u0434\u0456\u043d\u043d\u044f: 112 \u0441\u043c<\/li>\n<li>\u0413\u043b\u0438\u0431\u0438\u043d\u0430 \u0441\u0438\u0434\u0456\u043d\u043d\u044f: 45 \u0441\u043c<\/li>\n<li>\u0412\u0438\u0441\u043e\u0442\u0430 \u0441\u0438\u0434\u0456\u043d\u043d\u044f \u0432\u0456\u0434 \u0437\u0435\u043c\u043b\u0456: 44 \u0441\u043c<\/li>\n<li>\u0417 \u0440\u0435\u0433\u0443\u043b\u044c\u043e\u0432\u0430\u043d\u0438\u043c \u043a\u0443\u0442\u043e\u043c \u043d\u0430\u0445\u0438\u043b\u0443 \u0434\u0430\u0445\u0443<\/li>\n<li>\u041f\u043e\u0442\u0440\u0456\u0431\u043d\u0430 \u0437\u0431\u0456\u0440\u043a\u0430: \u0442\u0430\u043a<\/li>\n<\/ul>","protected":false},"excerpt":{"rendered":"<p>T\u00e4ispuidust aiakiik on loob teie aiale v\u00f5i \u00f5uealale keskpunkti. See on ideaalne koht l\u00f5\u00f5gastumiseks v\u00f5i s\u00f5braga nautimiseks. Vastupidavast tiikpuust valmistatud m\u00f6\u00f6bliese on&hellip;<\/p>","protected":false},"featured_media":340152,"comment_status":"open","ping_status":"closed","template":"","meta":{"wprm-recipe-roundup-name":"","wprm-recipe-roundup-description":""},"product_brand":[],"product_cat":[4616],"product_tag":[2127,4868,536,554,4867,540],"class_list":{"0":"post-340161","1":"product","2":"type-product","3":"status-publish","4":"has-post-thumbnail","6":"product_cat-aiakiiged","7":"product_tag-aed-ja-muru","8":"product_tag-aiakiiged","9":"product_tag-kodu-ja-aed","10":"product_tag-ouemoobli-komplektid","11":"product_tag-ouetegevused","12":"product_tag-parcel","13":"pa_brand-vidaxl","15":"first","16":"outofstock","17":"taxable","18":"shipping-taxable","19":"purchasable","20":"product-type-simple"},"supplier_id":null,"supplier_sku":"","barcode":null,"atum_controlled":false,"out_stock_date":null,"out_stock_threshold":null,"inheritable":false,"inbound_stock":null,"stock_on_hold":null,"sold_today":null,"sales_last_days":null,"reserved_stock":null,"customer_returns":null,"warehouse_damage":null,"lost_in_post":null,"other_logs":null,"out_stock_days":null,"lost_sales":null,"has_location":null,"update_date":"2026-05-15T01:13:14","atum_locations":[],"atum_stock_status":"outofstock","restock_status":false,"low_stock_amount":"","sales_update_date":null,"calc_backorders":null,"aioseo_notices":[],"_links":{"self":[{"href":"https:\/\/ecoshop.ee\/uk\/wp-json\/wp\/v2\/product\/340161","targetHints":{"allow":["GET"]}}],"collection":[{"href":"https:\/\/ecoshop.ee\/uk\/wp-json\/wp\/v2\/product"}],"about":[{"href":"https:\/\/ecoshop.ee\/uk\/wp-json\/wp\/v2\/types\/product"}],"replies":[{"embeddable":true,"href":"https:\/\/ecoshop.ee\/uk\/wp-json\/wp\/v2\/comments?post=340161"}],"version-history":[{"count":0,"href":"https:\/\/ecoshop.ee\/uk\/wp-json\/wp\/v2\/product\/340161\/revisions"}],"wp:featuredmedia":[{"embeddable":true,"href":"https:\/\/ecoshop.ee\/uk\/wp-json\/wp\/v2\/media\/340152"}],"wp:attachment":[{"href":"https:\/\/ecoshop.ee\/uk\/wp-json\/wp\/v2\/media?parent=340161"}],"wp:term":[{"taxonomy":"product_brand","embeddable":true,"href":"https:\/\/ecoshop.ee\/uk\/wp-json\/wp\/v2\/product_brand?post=340161"},{"taxonomy":"product_cat","embeddable":true,"href":"https:\/\/ecoshop.ee\/uk\/wp-json\/wp\/v2\/product_cat?post=340161"},{"taxonomy":"product_tag","embeddable":true,"href":"https:\/\/ecoshop.ee\/uk\/wp-json\/wp\/v2\/product_tag?post=340161"}],"curies":[{"name":"wp","href":"https:\/\/api.w.org\/{rel}","templated":true}]}}