{"id":340402,"date":"2026-02-27T21:34:06","date_gmt":"2026-02-27T18:34:06","guid":{"rendered":"https:\/\/ecoshop.ee\/maaratlemata\/ratikuredel-5-astmega-tiikpuu-45-x-150-cm-naturaalne\/"},"modified":"2026-05-10T03:26:55","modified_gmt":"2026-05-10T00:26:55","slug":"%d0%b4%d1%80%d0%b0%d0%b1%d0%b8%d0%bd%d0%b0-%d0%b7-%d1%85%d1%80%d0%b0%d0%bf%d0%be%d0%b2%d0%b8%d0%ba%d0%be%d0%bc-5-%d1%81%d1%85%d0%be%d0%b4%d0%b8%d0%bd%d0%be%d0%ba-%d1%82%d0%b8%d0%ba-45-x-150-%d1%81","status":"publish","type":"product","link":"https:\/\/ecoshop.ee\/uk\/kateratiku-nagid\/ratikuredel-5-astmega-tiikpuu-45-x-150-cm-naturaalne\/","title":{"rendered":"\u0412\u0456\u0448\u0430\u043b\u043a\u0430 \u0434\u043b\u044f \u0440\u0443\u0448\u043d\u0438\u043a\u0456\u0432 5 \u044f\u0440\u0443\u0441\u0456\u0432, \u0442\u0438\u043a, 45 x 150 \u0441\u043c, \u043d\u0430\u0442\u0443\u0440\u0430\u043b\u044c\u043d\u0438\u0439 \u043a\u043e\u043b\u0456\u0440"},"content":{"rendered":"<p>\u0422\u0438\u043a\u043e\u0432\u0443 \u0434\u0440\u0430\u0431\u0438\u043d\u0443 \u0434\u043b\u044f \u0440\u0443\u0448\u043d\u0438\u043a\u0456\u0432 \u043c\u043e\u0436\u043d\u0430 \u0432\u0438\u043a\u043e\u0440\u0438\u0441\u0442\u043e\u0432\u0443\u0432\u0430\u0442\u0438 \u044f\u043a \u0442\u0440\u0438\u043c\u0430\u0447 \u0434\u043b\u044f \u0440\u0443\u0448\u043d\u0438\u043a\u0456\u0432 \u0443 \u0432\u0430\u043d\u043d\u0456\u0439 \u043a\u0456\u043c\u043d\u0430\u0442\u0456 \u0430\u0431\u043e \u044f\u043a \u043f\u0440\u0438\u043a\u0440\u0430\u0441\u0443 \u0434\u043b\u044f \u0434\u043e\u043c\u0443.<\/p>\n<\/p>\n<p>\u0412\u0438\u0433\u043e\u0442\u043e\u0432\u043b\u0435\u043d\u0430 \u0437 \u0432\u0438\u0441\u043e\u043a\u043e\u044f\u043a\u0456\u0441\u043d\u043e\u0433\u043e \u0442\u0438\u043a\u043e\u0432\u043e\u0433\u043e \u0434\u0435\u0440\u0435\u0432\u0430, \u0446\u044f \u0434\u0440\u0430\u0431\u0438\u043d\u0430 \u0434\u043b\u044f \u0440\u0443\u0448\u043d\u0438\u043a\u0456\u0432 \u043c\u0456\u0446\u043d\u0430 \u0442\u0430 \u043f\u0440\u043e\u0441\u043b\u0443\u0436\u0438\u0442\u044c \u0440\u043e\u043a\u0430\u043c\u0438. \u0412\u043e\u043d\u0430 \u0434\u043e\u0441\u0442\u0430\u0442\u043d\u044c\u043e \u043c\u0456\u0446\u043d\u0430, \u0449\u043e\u0431 \u0432\u0438\u043a\u043e\u0440\u0438\u0441\u0442\u043e\u0432\u0443\u0432\u0430\u0442\u0438 \u0457\u0457 \u0434\u043b\u044f \u0432\u0438\u043a\u043e\u043d\u0430\u043d\u043d\u044f \u0437\u0432\u0438\u0447\u0430\u0439\u043d\u0438\u0445 \u0434\u043e\u043c\u0430\u0448\u043d\u0456\u0445 \u0441\u043f\u0440\u0430\u0432. \u0414\u0440\u0430\u0431\u0438\u043d\u0430 \u043e\u043a\u0440\u0435\u043c\u043e \u0441\u0442\u043e\u0457\u0442\u044c \u0442\u0430 \u043d\u0435 \u043a\u0440\u0456\u043f\u0438\u0442\u044c\u0441\u044f, \u0442\u043e\u043c\u0443 \u0432\u0438 \u043c\u043e\u0436\u0435\u0442\u0435 \u043f\u0440\u043e\u0441\u0442\u043e \u043f\u0440\u0438\u0445\u0438\u043b\u0438\u0442\u0438 \u0457\u0457 \u0434\u043e \u0441\u0442\u0456\u043d\u0438 \u0442\u0430 \u043f\u043e\u0432\u0456\u0441\u0438\u0442\u0438 \u0447\u0438\u0441\u0442\u0456 \u0430\u0431\u043e \u0432\u0438\u043a\u043e\u0440\u0438\u0441\u0442\u0430\u043d\u0456 \u0440\u0443\u0448\u043d\u0438\u043a\u0438 \u043d\u0430 \u0449\u0430\u0431\u043b\u0456 \u0434\u0440\u0430\u0431\u0438\u043d\u0438, \u0434\u0435 \u0457\u0445 \u043b\u0435\u0433\u043a\u043e \u0441\u0443\u0448\u0438\u0442\u0438.<\/p>\n<ul>\n<li>\u041a\u043e\u043b\u0456\u0440: \u043d\u0430\u0442\u0443\u0440\u0430\u043b\u044c\u043d\u0438\u0439<\/li>\n<li>\u041c\u0430\u0442\u0435\u0440\u0456\u0430\u043b: \u0442\u0438\u043a<\/li>\n<li>\u0420\u043e\u0437\u043c\u0456\u0440: 45 x 150 (\u0428 x \u0412)<\/li>\n<li>5 \u043a\u0440\u043e\u043a\u0456\u0432<\/li>\n<li>\u0420\u0443\u0447\u043d\u0430 \u0440\u043e\u0431\u043e\u0442\u0430<\/li>\n<\/ul>","protected":false},"excerpt":{"rendered":"<p>Tiikpuust r\u00e4tikuredelit saab kasutada vannitoas k\u00e4ter\u00e4tihoidjana v\u00f5i kodukaunistusena. Kvaliteetsest tiikpuust valmistatud r\u00e4tikuredel on tugev ja peab aastaid vastu. See on piisavalt tugev&hellip;<\/p>","protected":false},"featured_media":340400,"comment_status":"open","ping_status":"closed","template":"","meta":{"wprm-recipe-roundup-name":"","wprm-recipe-roundup-description":""},"product_brand":[],"product_cat":[4617],"product_tag":[1035,536,554,540,1034],"class_list":{"0":"post-340402","1":"product","2":"type-product","3":"status-publish","4":"has-post-thumbnail","6":"product_cat-kateratiku-nagid","7":"product_tag-kateratiku-nagid","8":"product_tag-kodu-ja-aed","9":"product_tag-ouemoobli-komplektid","10":"product_tag-parcel","11":"product_tag-vannitoa-tarvikud","12":"pa_brand-vidaxl","14":"first","15":"instock","16":"taxable","17":"shipping-taxable","18":"purchasable","19":"product-type-simple"},"supplier_id":null,"supplier_sku":"","barcode":null,"atum_controlled":false,"out_stock_date":null,"out_stock_threshold":null,"inheritable":false,"inbound_stock":null,"stock_on_hold":null,"sold_today":null,"sales_last_days":null,"reserved_stock":null,"customer_returns":null,"warehouse_damage":null,"lost_in_post":null,"other_logs":null,"out_stock_days":null,"lost_sales":null,"has_location":null,"update_date":"2026-05-10T00:26:56","atum_locations":[],"atum_stock_status":"instock","restock_status":false,"low_stock_amount":"","sales_update_date":null,"calc_backorders":null,"aioseo_notices":[],"_links":{"self":[{"href":"https:\/\/ecoshop.ee\/uk\/wp-json\/wp\/v2\/product\/340402","targetHints":{"allow":["GET"]}}],"collection":[{"href":"https:\/\/ecoshop.ee\/uk\/wp-json\/wp\/v2\/product"}],"about":[{"href":"https:\/\/ecoshop.ee\/uk\/wp-json\/wp\/v2\/types\/product"}],"replies":[{"embeddable":true,"href":"https:\/\/ecoshop.ee\/uk\/wp-json\/wp\/v2\/comments?post=340402"}],"version-history":[{"count":0,"href":"https:\/\/ecoshop.ee\/uk\/wp-json\/wp\/v2\/product\/340402\/revisions"}],"wp:featuredmedia":[{"embeddable":true,"href":"https:\/\/ecoshop.ee\/uk\/wp-json\/wp\/v2\/media\/340400"}],"wp:attachment":[{"href":"https:\/\/ecoshop.ee\/uk\/wp-json\/wp\/v2\/media?parent=340402"}],"wp:term":[{"taxonomy":"product_brand","embeddable":true,"href":"https:\/\/ecoshop.ee\/uk\/wp-json\/wp\/v2\/product_brand?post=340402"},{"taxonomy":"product_cat","embeddable":true,"href":"https:\/\/ecoshop.ee\/uk\/wp-json\/wp\/v2\/product_cat?post=340402"},{"taxonomy":"product_tag","embeddable":true,"href":"https:\/\/ecoshop.ee\/uk\/wp-json\/wp\/v2\/product_tag?post=340402"}],"curies":[{"name":"wp","href":"https:\/\/api.w.org\/{rel}","templated":true}]}}