{"id":340438,"date":"2026-02-27T21:34:55","date_gmt":"2026-02-27T18:34:55","guid":{"rendered":"https:\/\/ecoshop.ee\/maaratlemata\/ratikuriiul-60-x-255-x-49-cm-pahkel\/"},"modified":"2026-05-15T15:20:38","modified_gmt":"2026-05-15T12:20:38","slug":"%d0%bf%d0%be%d0%bb%d0%b8%d1%86%d1%8f-%d1%81%d1%82%d0%b5%d0%bb%d0%b0%d0%b6-60-x-255-x-49-%d1%81%d0%bc","status":"publish","type":"product","link":"https:\/\/ecoshop.ee\/uk\/kateratiku-nagid\/ratikuriiul-60-x-255-x-49-cm-pahkel\/","title":{"rendered":"\u0412\u0456\u0448\u0430\u043b\u043a\u0430 \u0434\u043b\u044f \u0440\u0443\u0448\u043d\u0438\u043a\u0456\u0432, 60 x 25,5 x 49 \u0441\u043c, \u0433\u043e\u0440\u0456\u0445"},"content":{"rendered":"<p>\u0414\u043e\u0434\u0430\u0439\u0442\u0435 \u0441\u0456\u043b\u044c\u0441\u044c\u043a\u043e\u0433\u043e \u0432\u0438\u0433\u043b\u044f\u0434\u0443 \u0442\u0430 \u043c\u0430\u043a\u0441\u0438\u043c\u0430\u043b\u044c\u043d\u043e \u0432\u0438\u043a\u043e\u0440\u0438\u0441\u0442\u0430\u0439\u0442\u0435 \u043f\u0440\u043e\u0441\u0442\u0456\u0440 \u0443 \u0432\u0430\u0448\u0456\u0439 \u0432\u0430\u043d\u043d\u0456\u0439 \u043a\u0456\u043c\u043d\u0430\u0442\u0456 \u0437\u0430 \u0434\u043e\u043f\u043e\u043c\u043e\u0433\u043e\u044e \u0446\u0456\u0454\u0457 \u0434\u0435\u0440\u0435\u0432&#039;\u044f\u043d\u043e\u0457 \u0432\u0456\u0448\u0430\u043b\u043a\u0438 \u0434\u043b\u044f \u0440\u0443\u0448\u043d\u0438\u043a\u0456\u0432!<\/p>\n<\/p>\n<ul>\n<li>\u0413\u043e\u0440\u0456\u0445: \u0413\u043e\u0440\u0456\u0445 \u2014 \u0446\u0435 \u0449\u0456\u043b\u044c\u043d\u0430 \u0442\u0430 \u043c\u0456\u0446\u043d\u0430 \u0434\u0435\u0440\u0435\u0432\u0438\u043d\u0430, \u044f\u043a\u0430 \u043c\u0430\u0454 \u0432\u0438\u0441\u043e\u043a\u0443 \u0437\u043d\u043e\u0441\u043e\u0441\u0442\u0456\u0439\u043a\u0456\u0441\u0442\u044c \u0442\u0430 \u0432\u0456\u0434\u043e\u043c\u0430 \u0441\u0432\u043e\u0457\u043c \u0445\u0430\u0440\u0430\u043a\u0442\u0435\u0440\u043d\u0438\u043c \u043a\u043e\u043b\u044c\u043e\u0440\u043e\u043c \u0456 \u043a\u0440\u0430\u0441\u0438\u0432\u0438\u043c\u0438 \u0432\u0456\u0437\u0435\u0440\u0443\u043d\u043a\u0430\u043c\u0438.<\/li>\n<li>\u0427\u0443\u0434\u043e\u0432\u0435 \u0440\u0456\u0448\u0435\u043d\u043d\u044f \u0434\u043b\u044f \u0437\u0431\u0435\u0440\u0456\u0433\u0430\u043d\u043d\u044f: \u0432\u0456\u0448\u0430\u043b\u043a\u0430 \u0434\u043b\u044f \u0440\u0443\u0448\u043d\u0438\u043a\u0456\u0432 \u0437 3 \u0448\u0442\u0430\u043d\u0433\u0430\u043c\u0438 \u0442\u0430 \u043f\u043e\u043b\u0438\u0446\u0435\u044e \u0437\u0430\u0431\u0435\u0437\u043f\u0435\u0447\u0443\u0454 \u0434\u043e\u0441\u0442\u0430\u0442\u043d\u044c\u043e \u043c\u0456\u0441\u0446\u044f \u0434\u043b\u044f \u0437\u0431\u0435\u0440\u0456\u0433\u0430\u043d\u043d\u044f \u0440\u0443\u0448\u043d\u0438\u043a\u0456\u0432 \u0442\u0430 \u0442\u0443\u0430\u043b\u0435\u0442\u043d\u043e\u0433\u043e \u043f\u0440\u0438\u043b\u0430\u0434\u0434\u044f, \u0434\u043e\u043f\u043e\u043c\u0430\u0433\u0430\u044e\u0447\u0438 \u043f\u0456\u0434\u0442\u0440\u0438\u043c\u0443\u0432\u0430\u0442\u0438 \u043f\u043e\u0440\u044f\u0434\u043e\u043a \u0443 \u0432\u0430\u043d\u043d\u0456\u0439 \u043a\u0456\u043c\u043d\u0430\u0442\u0456.<\/li>\n<li>\u0412\u0438\u0433\u043d\u0443\u0442\u0438\u0439 \u0434\u0438\u0437\u0430\u0439\u043d: \u041f\u0440\u0430\u043a\u0442\u0438\u0447\u043d\u0430 \u0432\u0456\u0448\u0430\u043b\u043a\u0430 \u0434\u043b\u044f \u0440\u0443\u0448\u043d\u0438\u043a\u0456\u0432 \u0437 \u0442\u0440\u044c\u043e\u043c\u0430 \u0432\u0438\u0433\u043d\u0443\u0442\u0438\u043c\u0438 \u0448\u0442\u0430\u043d\u0433\u0430\u043c\u0438 \u0432\u0440\u0430\u0436\u0430\u0454 \u0441\u0432\u043e\u0457\u043c \u043f\u0440\u0438\u0440\u043e\u0434\u043d\u0438\u043c \u0448\u0430\u0440\u043c\u043e\u043c \u0456 \u0437\u0430\u0431\u0435\u0437\u043f\u0435\u0447\u0443\u0454 \u0445\u043e\u0440\u043e\u0448\u0443 \u0432\u0435\u043d\u0442\u0438\u043b\u044f\u0446\u0456\u044e \u0442\u0430 \u0447\u0438\u0441\u0442\u043e\u0442\u0443.<\/li>\n<\/ul>\n<p>\u041f\u0440\u0438\u043c\u0456\u0442\u043a\u0430.<\/p>\n<ul>\n<li>\u041a\u043e\u0436\u0435\u043d \u0432\u0438\u0440\u0456\u0431 \u043f\u043e\u0441\u0442\u0430\u0447\u0430\u0454\u0442\u044c\u0441\u044f \u0437 \u0456\u043d\u0441\u0442\u0440\u0443\u043a\u0446\u0456\u0454\u044e \u0437\u0456 \u0441\u043a\u043b\u0430\u0434\u0430\u043d\u043d\u044f \u0434\u043b\u044f \u043b\u0435\u0433\u043a\u043e\u0433\u043e \u043c\u043e\u043d\u0442\u0430\u0436\u0443.<\/li>\n<li>\u0421\u0442\u0456\u043d\u043d\u0456 \u0448\u0443\u0440\u0443\u043f\u0438 \u0442\u0430 \u0434\u044e\u0431\u0435\u043b\u0456 \u043d\u0435 \u0432\u0445\u043e\u0434\u044f\u0442\u044c \u0434\u043e \u043a\u043e\u043c\u043f\u043b\u0435\u043a\u0442\u0443. \u0412\u0438\u043a\u043e\u0440\u0438\u0441\u0442\u043e\u0432\u0443\u0439\u0442\u0435 \u0448\u0443\u0440\u0443\u043f\u0438 \u0442\u0430 \u0434\u044e\u0431\u0435\u043b\u0456, \u0449\u043e \u043f\u0456\u0434\u0445\u043e\u0434\u044f\u0442\u044c \u0434\u043b\u044f \u0432\u0430\u0448\u0438\u0445 \u0441\u0442\u0456\u043d. \u042f\u043a\u0449\u043e \u0432\u0438 \u043d\u0435 \u0432\u043f\u0435\u0432\u043d\u0435\u043d\u0456, \u043f\u0440\u043e\u043a\u043e\u043d\u0441\u0443\u043b\u044c\u0442\u0443\u0439\u0442\u0435\u0441\u044f \u0437 \u0444\u0430\u0445\u0456\u0432\u0446\u0435\u043c. \u0423\u0432\u0430\u0436\u043d\u043e \u0432\u0438\u043a\u043e\u043d\u0443\u0439\u0442\u0435 \u043a\u043e\u0436\u0435\u043d \u043a\u0440\u043e\u043a \u0456\u043d\u0441\u0442\u0440\u0443\u043a\u0446\u0456\u0457.<\/li>\n<\/ul>\n<ul>\n<li><span style=\"font-size: 13.12px\">\u041c\u0430\u0442\u0435\u0440\u0456\u0430\u043b: \u0433\u043e\u0440\u0456\u0445\u043e\u0432\u0435 \u0434\u0435\u0440\u0435\u0432\u043e \u0437 \u043e\u043b\u0456\u0439\u043d\u0438\u043c \u043f\u043e\u043a\u0440\u0438\u0442\u0442\u044f\u043c<\/span><\/li>\n<li><span style=\"font-size: 13.12px\">\u0420\u043e\u0437\u043c\u0456\u0440\u0438: 60 x 25,5 x 49 \u0441\u043c (\u0414 x \u0428 x \u0412)<\/span><\/li>\n<\/ul>","protected":false},"excerpt":{"rendered":"<p>Lisage maal\u00e4hedast v\u00e4ljan\u00e4gemist ja maksimeerige oma vannitoas ruumi selle puidust r\u00e4tikuriiuliga! P\u00e4hklipuit: p\u00e4hklipuit on tihke ja vastupidav puit, mis on v\u00e4ga kulumiskindel&hellip;<\/p>","protected":false},"featured_media":340432,"comment_status":"open","ping_status":"closed","template":"","meta":{"wprm-recipe-roundup-name":"","wprm-recipe-roundup-description":""},"product_brand":[],"product_cat":[4617],"product_tag":[1035,536,554,540,1034],"class_list":{"0":"post-340438","1":"product","2":"type-product","3":"status-publish","4":"has-post-thumbnail","6":"product_cat-kateratiku-nagid","7":"product_tag-kateratiku-nagid","8":"product_tag-kodu-ja-aed","9":"product_tag-ouemoobli-komplektid","10":"product_tag-parcel","11":"product_tag-vannitoa-tarvikud","12":"pa_brand-vidaxl","14":"first","15":"instock","16":"taxable","17":"shipping-taxable","18":"purchasable","19":"product-type-simple"},"supplier_id":null,"supplier_sku":"","barcode":null,"atum_controlled":false,"out_stock_date":null,"out_stock_threshold":null,"inheritable":false,"inbound_stock":null,"stock_on_hold":null,"sold_today":null,"sales_last_days":null,"reserved_stock":null,"customer_returns":null,"warehouse_damage":null,"lost_in_post":null,"other_logs":null,"out_stock_days":null,"lost_sales":null,"has_location":null,"update_date":"2026-05-15T12:20:39","atum_locations":[],"atum_stock_status":"instock","restock_status":false,"low_stock_amount":"","sales_update_date":null,"calc_backorders":null,"aioseo_notices":[],"_links":{"self":[{"href":"https:\/\/ecoshop.ee\/uk\/wp-json\/wp\/v2\/product\/340438","targetHints":{"allow":["GET"]}}],"collection":[{"href":"https:\/\/ecoshop.ee\/uk\/wp-json\/wp\/v2\/product"}],"about":[{"href":"https:\/\/ecoshop.ee\/uk\/wp-json\/wp\/v2\/types\/product"}],"replies":[{"embeddable":true,"href":"https:\/\/ecoshop.ee\/uk\/wp-json\/wp\/v2\/comments?post=340438"}],"version-history":[{"count":0,"href":"https:\/\/ecoshop.ee\/uk\/wp-json\/wp\/v2\/product\/340438\/revisions"}],"wp:featuredmedia":[{"embeddable":true,"href":"https:\/\/ecoshop.ee\/uk\/wp-json\/wp\/v2\/media\/340432"}],"wp:attachment":[{"href":"https:\/\/ecoshop.ee\/uk\/wp-json\/wp\/v2\/media?parent=340438"}],"wp:term":[{"taxonomy":"product_brand","embeddable":true,"href":"https:\/\/ecoshop.ee\/uk\/wp-json\/wp\/v2\/product_brand?post=340438"},{"taxonomy":"product_cat","embeddable":true,"href":"https:\/\/ecoshop.ee\/uk\/wp-json\/wp\/v2\/product_cat?post=340438"},{"taxonomy":"product_tag","embeddable":true,"href":"https:\/\/ecoshop.ee\/uk\/wp-json\/wp\/v2\/product_tag?post=340438"}],"curies":[{"name":"wp","href":"https:\/\/api.w.org\/{rel}","templated":true}]}}