{"id":340954,"date":"2026-02-27T21:53:01","date_gmt":"2026-02-27T18:53:01","guid":{"rendered":"https:\/\/ecoshop.ee\/maaratlemata\/kasvuhoone-3-uksega\/"},"modified":"2026-05-15T04:13:28","modified_gmt":"2026-05-15T01:13:28","slug":"%d1%82%d0%b5%d0%bf%d0%bb%d0%b8%d1%86%d1%8f-%d0%b7-3-%d0%b4%d0%b2%d0%b5%d1%80%d0%b8%d0%bc%d0%b0","status":"publish","type":"product","link":"https:\/\/ecoshop.ee\/uk\/kasvuhooned\/kasvuhoone-3-uksega\/","title":{"rendered":"\u0422\u0435\u043f\u043b\u0438\u0446\u044f \u0437 3 \u0434\u0432\u0435\u0440\u0438\u043c\u0430"},"content":{"rendered":"<p>\u0422\u0435\u043f\u043b\u0438\u0446\u044f \u043f\u0456\u0434\u0456\u0439\u0434\u0435 \u044f\u043a \u0434\u043b\u044f \u043f\u043e\u0447\u0430\u0442\u043a\u0456\u0432\u0446\u0456\u0432, \u0442\u0430\u043a \u0456 \u0434\u043b\u044f \u0434\u043e\u0441\u0432\u0456\u0434\u0447\u0435\u043d\u0438\u0445 \u0441\u0430\u0434\u0456\u0432\u043d\u0438\u043a\u0456\u0432. \u0412\u043e\u043d\u0430 \u043c\u043e\u0436\u0435 \u0432\u043c\u0456\u0441\u0442\u0438\u0442\u0438 \u0432\u0435\u043b\u0438\u043a\u0443 \u043a\u0456\u043b\u044c\u043a\u0456\u0441\u0442\u044c \u0440\u043e\u0441\u043b\u0438\u043d \u0456 \u0447\u0443\u0434\u043e\u0432\u043e \u043f\u0456\u0434\u0445\u043e\u0434\u0438\u0442\u044c \u0434\u043b\u044f \u043f\u043e\u0441\u0456\u0432\u0443 \u043d\u0430\u0441\u0456\u043d\u043d\u044f, \u0432\u0438\u0440\u043e\u0449\u0443\u0432\u0430\u043d\u043d\u044f \u043e\u0432\u043e\u0447\u0456\u0432 \u0430\u0431\u043e \u043f\u0440\u043e\u0441\u0442\u043e \u0434\u043b\u044f \u0437\u0430\u0445\u0438\u0441\u0442\u0443 \u0440\u043e\u0441\u043b\u0438\u043d \u0432\u0456\u0434 \u0445\u043e\u043b\u043e\u0434\u0456\u0432.<\/p>\n<\/p>\n<p>\u0422\u0435\u043f\u043b\u0438\u0446\u044f \u043c\u0430\u0454 \u043f\u0440\u043e\u0437\u043e\u0440\u0435 \u0437\u0435\u043b\u0435\u043d\u0435 \u043f\u043e\u043a\u0440\u0438\u0442\u0442\u044f, \u044f\u043a\u0435 \u043f\u0440\u043e\u043f\u0443\u0441\u043a\u0430\u0454 \u0441\u043e\u043d\u044f\u0447\u043d\u0435 \u0441\u0432\u0456\u0442\u043b\u043e \u0434\u043e \u0432\u0430\u0448\u0438\u0445 \u0440\u043e\u0441\u043b\u0438\u043d \u0456 \u043a\u0432\u0456\u0442\u0456\u0432. \u0412\u043e\u043d\u043e \u0437\u0430\u0445\u0438\u0449\u0435\u043d\u0435 \u0432\u0456\u0434 \u0443\u043b\u044c\u0442\u0440\u0430\u0444\u0456\u043e\u043b\u0435\u0442\u043e\u0432\u043e\u0433\u043e \u0432\u0438\u043f\u0440\u043e\u043c\u0456\u043d\u044e\u0432\u0430\u043d\u043d\u044f \u0442\u0430 \u043c\u043e\u0440\u043e\u0437\u043e\u0441\u0442\u0456\u0439\u043a\u0435, \u0442\u043e\u043c\u0443 \u043f\u043e\u0448\u043a\u043e\u0434\u0436\u0435\u043d\u043d\u044f \u0432\u0456\u0434 \u043f\u043e\u0433\u043e\u0434\u043d\u0438\u0445 \u0443\u043c\u043e\u0432 \u043c\u0456\u043d\u0456\u043c\u0430\u043b\u044c\u043d\u0435. \u0412\u043e\u043d\u043e \u0442\u0430\u043a\u043e\u0436 \u0441\u0442\u0456\u0439\u043a\u0435 \u0434\u043e \u0440\u043e\u0437\u0440\u0438\u0432\u0456\u0432, \u043f\u0440\u0430\u043a\u0442\u0438\u0447\u043d\u043e \u043d\u0435\u0431\u0438\u0442\u043a\u0435, \u0449\u043e \u0440\u043e\u0431\u0438\u0442\u044c \u0439\u043e\u0433\u043e \u0447\u0443\u0434\u043e\u0432\u043e\u044e \u0430\u043b\u044c\u0442\u0435\u0440\u043d\u0430\u0442\u0438\u0432\u043e\u044e \u0442\u0440\u0430\u0434\u0438\u0446\u0456\u0439\u043d\u0456\u0439 \u0441\u043a\u043b\u044f\u043d\u0456\u0439 \u0442\u0435\u043f\u043b\u0438\u0446\u0456.<\/p>\n<\/p>\n<p>\u0421\u0442\u0430\u043b\u0435\u0432\u0430 \u0440\u0430\u043c\u0430 \u0437 \u043f\u043e\u0440\u043e\u0448\u043a\u043e\u0432\u0438\u043c \u043f\u043e\u043a\u0440\u0438\u0442\u0442\u044f\u043c \u043c\u0456\u0446\u043d\u0430 \u0442\u0430 \u043d\u0430\u0434\u0456\u0439\u043d\u0430, \u0430\u043b\u0435 \u0432\u043e\u0434\u043d\u043e\u0447\u0430\u0441 \u043d\u0430\u043f\u0440\u043e\u0447\u0443\u0434 \u043b\u0435\u0433\u043a\u0430.<\/p>\n<\/p>\n<p>\u0417 \u043e\u0434\u043d\u043e\u0433\u043e \u0431\u043e\u043a\u0443 \u0454 \u0442\u0440\u043e\u0454 \u0434\u0432\u0435\u0440\u0435\u0439, \u0449\u043e \u0437\u0430\u043c\u0438\u043a\u0430\u044e\u0442\u044c\u0441\u044f, \u0434\u043b\u044f \u043b\u0435\u0433\u043a\u043e\u0433\u043e \u0432\u0445\u043e\u0434\u0443 \u0442\u0430 \u0446\u0438\u0440\u043a\u0443\u043b\u044f\u0446\u0456\u0457 \u043f\u043e\u0432\u0456\u0442\u0440\u044f.<\/p>\n<\/p>\n<p>\u0417\u0431\u0456\u0440\u043a\u0430 \u0431\u0435\u0437\u043f\u0435\u0447\u043d\u0430 \u0442\u0430 \u043f\u0440\u043e\u0441\u0442\u0430. \u041d\u0435 \u043f\u043e\u0442\u0440\u0456\u0431\u043d\u0456 \u0441\u043f\u0435\u0446\u0456\u0430\u043b\u044c\u043d\u0456 \u0456\u043d\u0441\u0442\u0440\u0443\u043c\u0435\u043d\u0442\u0438. \u0417\u0432\u0435\u0440\u043d\u0456\u0442\u044c \u0443\u0432\u0430\u0433\u0443, \u0449\u043e \u0442\u0435\u043f\u043b\u0438\u0446\u044f \u043d\u0435 \u0432\u0438\u0442\u0440\u0438\u043c\u0430\u0454 \u0432\u0430\u0433\u0438 \u0441\u043d\u0456\u0433\u0443.<\/p>\n<\/p>\n<p>\u0423\u0432\u0430\u0433\u0430: \u0422\u0435\u043f\u043b\u0438\u0446\u044f \u2014 \u0446\u0435 \u043d\u0435 \u0431\u0443\u0434\u0456\u0432\u043b\u044f \u0447\u0438 \u0437\u0438\u043c\u043e\u0432\u0438\u0439 \u0441\u0430\u0434, \u043f\u0440\u0438\u0437\u043d\u0430\u0447\u0435\u043d\u0456 \u0434\u043b\u044f \u0432\u0456\u0434\u043f\u043e\u0447\u0438\u043d\u043a\u0443. \u0426\u0435 \u0441\u0442\u0430\u0446\u0456\u043e\u043d\u0430\u0440\u043d\u0430, \u0430\u0432\u0442\u043e\u043d\u043e\u043c\u043d\u0430 \u0441\u043f\u043e\u0440\u0443\u0434\u0430, \u043f\u0440\u0438\u0437\u043d\u0430\u0447\u0435\u043d\u0430 \u0432\u0438\u043a\u043b\u044e\u0447\u043d\u043e \u0434\u043b\u044f \u0441\u0430\u0434\u0456\u0432\u043d\u0438\u0446\u0442\u0432\u0430-\u0430\u043c\u0430\u0442\u043e\u0440\u0441\u044c\u043a\u043e\u0433\u043e \u0432\u0438\u043a\u043e\u0440\u0438\u0441\u0442\u0430\u043d\u043d\u044f.<\/p>\n<ul>\n<li>\u0420\u043e\u0437\u043c\u0456\u0440\u0438: 240 x 90 x 90 \u0441\u043c (\u0414 x \u0428 x \u0412)<\/li>\n<li>\u041a\u043e\u043b\u0456\u0440: \u0437\u0435\u043b\u0435\u043d\u0438\u0439<\/li>\n<li>\u041a\u0430\u0440\u043a\u0430\u0441: \u0441\u0442\u0430\u043b\u0435\u0432\u0430 \u0442\u0440\u0443\u0431\u0430 \u0437 \u043f\u043e\u0440\u043e\u0448\u043a\u043e\u0432\u0438\u043c \u043f\u043e\u043a\u0440\u0438\u0442\u0442\u044f\u043c<\/li>\n<li>\u0417\u0435\u043b\u0435\u043d\u0438\u0439 \u0447\u043e\u0445\u043e\u043b, \u0441\u0442\u0456\u0439\u043a\u0438\u0439 \u0434\u043e \u0440\u043e\u0437\u0440\u0438\u0432\u0456\u0432<\/li>\n<li>\u0422\u043a\u0430\u043d\u0438\u043d\u0430: \u041f\u0412\u0425: 100%<\/li>\n<\/ul>","protected":false},"excerpt":{"rendered":"<p>Kasvuhoone sobib nii algajatele kui kogenenud aednikele. See mahutab suure hulga taimi ja sobib suurep\u00e4raselt k\u00fclvamiseks, juurviljade kasvatamiseks v\u00f5i lihtsalt taimede kaitsmiseks&hellip;<\/p>","protected":false},"featured_media":340949,"comment_status":"open","ping_status":"closed","template":"","meta":{"wprm-recipe-roundup-name":"","wprm-recipe-roundup-description":""},"product_brand":[],"product_cat":[4618],"product_tag":[2127,2128,4957,536,540,879],"class_list":{"0":"post-340954","1":"product","2":"type-product","3":"status-publish","4":"has-post-thumbnail","6":"product_cat-kasvuhooned","7":"product_tag-aed-ja-muru","8":"product_tag-aiandus","9":"product_tag-kasvuhooned","10":"product_tag-kodu-ja-aed","11":"product_tag-parcel","12":"product_tag-roheline","13":"pa_brand-vidaxl","15":"first","16":"instock","17":"taxable","18":"shipping-taxable","19":"purchasable","20":"product-type-simple"},"supplier_id":null,"supplier_sku":"","barcode":null,"atum_controlled":false,"out_stock_date":null,"out_stock_threshold":null,"inheritable":false,"inbound_stock":null,"stock_on_hold":null,"sold_today":null,"sales_last_days":null,"reserved_stock":null,"customer_returns":null,"warehouse_damage":null,"lost_in_post":null,"other_logs":null,"out_stock_days":null,"lost_sales":null,"has_location":null,"update_date":"2026-05-15T01:13:29","atum_locations":[],"atum_stock_status":"instock","restock_status":false,"low_stock_amount":"","sales_update_date":null,"calc_backorders":null,"aioseo_notices":[],"_links":{"self":[{"href":"https:\/\/ecoshop.ee\/uk\/wp-json\/wp\/v2\/product\/340954","targetHints":{"allow":["GET"]}}],"collection":[{"href":"https:\/\/ecoshop.ee\/uk\/wp-json\/wp\/v2\/product"}],"about":[{"href":"https:\/\/ecoshop.ee\/uk\/wp-json\/wp\/v2\/types\/product"}],"replies":[{"embeddable":true,"href":"https:\/\/ecoshop.ee\/uk\/wp-json\/wp\/v2\/comments?post=340954"}],"version-history":[{"count":0,"href":"https:\/\/ecoshop.ee\/uk\/wp-json\/wp\/v2\/product\/340954\/revisions"}],"wp:featuredmedia":[{"embeddable":true,"href":"https:\/\/ecoshop.ee\/uk\/wp-json\/wp\/v2\/media\/340949"}],"wp:attachment":[{"href":"https:\/\/ecoshop.ee\/uk\/wp-json\/wp\/v2\/media?parent=340954"}],"wp:term":[{"taxonomy":"product_brand","embeddable":true,"href":"https:\/\/ecoshop.ee\/uk\/wp-json\/wp\/v2\/product_brand?post=340954"},{"taxonomy":"product_cat","embeddable":true,"href":"https:\/\/ecoshop.ee\/uk\/wp-json\/wp\/v2\/product_cat?post=340954"},{"taxonomy":"product_tag","embeddable":true,"href":"https:\/\/ecoshop.ee\/uk\/wp-json\/wp\/v2\/product_tag?post=340954"}],"curies":[{"name":"wp","href":"https:\/\/api.w.org\/{rel}","templated":true}]}}