{"id":341107,"date":"2026-02-27T21:56:05","date_gmt":"2026-02-27T18:56:05","guid":{"rendered":"https:\/\/ecoshop.ee\/maaratlemata\/tomatikasvuhoone-102-x-52-x-150-cm\/"},"modified":"2026-05-15T04:13:31","modified_gmt":"2026-05-15T01:13:31","slug":"%d1%82%d0%b5%d0%bf%d0%bb%d0%b8%d1%86%d1%8f-%d0%b4%d0%bb%d1%8f-%d0%bf%d0%be%d0%bc%d1%96%d0%b4%d0%be%d1%80%d1%96%d0%b2-102-x-52-x-150-%d1%81%d0%bc","status":"publish","type":"product","link":"https:\/\/ecoshop.ee\/uk\/kasvuhooned\/tomatikasvuhoone-102-x-52-x-150-cm\/","title":{"rendered":"\u0422\u0435\u043f\u043b\u0438\u0446\u044f \u0434\u043b\u044f \u043f\u043e\u043c\u0456\u0434\u043e\u0440\u0456\u0432 102 x 52 x 150 \u0441\u043c"},"content":{"rendered":"<p>\u041d\u0456\u043a\u043e\u043b\u0438 \u043d\u0435 \u0437\u0430\u043b\u0438\u0448\u0430\u0439\u0442\u0435 \u043e\u0432\u043e\u0447\u0456 \u043f\u0456\u0434 \u0432\u0456\u0442\u0440\u043e\u043c, \u0434\u043e\u0449\u0435\u043c, \u0441\u043d\u0456\u0433\u043e\u043c \u0442\u043e\u0449\u043e. \u041d\u0435\u0432\u0435\u043b\u0438\u043a\u0430 \u0442\u0435\u043f\u043b\u0438\u0446\u044f \u0437\u0456\u0433\u0440\u0456\u0454 \u0440\u043e\u0441\u043b\u0438\u043d\u0438 \u0442\u0430 \u0437\u0430\u0442\u0438\u0448\u043e\u043a \u043f\u0456\u0434 \u0447\u0430\u0441 \u0445\u043e\u043b\u043e\u0434\u043d\u0438\u0445 \u0437\u0438\u043c\u043e\u0432\u0438\u0445 \u0442\u0435\u043c\u043f\u0435\u0440\u0430\u0442\u0443\u0440 \u0456 \u0437\u0430\u0445\u0438\u0441\u0442\u0438\u0442\u044c \u0457\u0445 \u0432\u0456\u0434 \u043d\u0435\u0433\u043e\u0434\u0438, \u043a\u043e\u043c\u0430\u0445 \u0456 \u043f\u0442\u0430\u0445\u0456\u0432. \u0422\u0435\u043f\u043b\u0438\u0446\u044f \u043f\u0440\u0438\u0437\u043d\u0430\u0447\u0435\u043d\u0430 \u0434\u043b\u044f \u0432\u0438\u043a\u043e\u0440\u0438\u0441\u0442\u0430\u043d\u043d\u044f \u043d\u0430 \u0432\u0456\u0434\u043a\u0440\u0438\u0442\u043e\u043c\u0443 \u043f\u043e\u0432\u0456\u0442\u0440\u0456, \u043d\u0430 \u0431\u0430\u043b\u043a\u043e\u043d\u0456 \u0442\u0430 \u043d\u0430\u0432\u0456\u0442\u044c \u0443 \u043d\u0435\u0432\u0435\u043b\u0438\u043a\u043e\u043c\u0443 \u0441\u0430\u0434\u0443.<\/p>\n<\/p>\n<p>\u0412\u0456\u043d \u043c\u0430\u0454 \u0442\u0440\u0443\u0431\u0447\u0430\u0441\u0442\u0456 \u0441\u0442\u0430\u043b\u0435\u0432\u0456 \u0441\u0442\u0440\u0438\u0436\u043d\u0456 \u0434\u043b\u044f \u0434\u043e\u0434\u0430\u0442\u043a\u043e\u0432\u043e\u0457 \u0441\u0442\u0456\u0439\u043a\u043e\u0441\u0442\u0456 \u0442\u0430 \u041f\u0412\u0425-\u043a\u0440\u0438\u0448\u043a\u0443, \u044f\u043a\u0430 \u0434\u043e\u043f\u043e\u043c\u0430\u0433\u0430\u0454 \u043f\u0456\u0434\u0442\u0440\u0438\u043c\u0443\u0432\u0430\u0442\u0438 \u043d\u0435\u043e\u0431\u0445\u0456\u0434\u043d\u0438\u0439 \u0440\u0456\u0432\u0435\u043d\u044c \u0432\u043e\u043b\u043e\u0433\u043e\u0441\u0442\u0456 \u0434\u043b\u044f \u0432\u0438\u0440\u043e\u0449\u0443\u0432\u0430\u043d\u043d\u044f \u0440\u0456\u0437\u043d\u043e\u043c\u0430\u043d\u0456\u0442\u043d\u0438\u0445 \u0440\u043e\u0441\u043b\u0438\u043d, \u043e\u0432\u043e\u0447\u0456\u0432, \u0444\u0440\u0443\u043a\u0442\u0456\u0432 \u0442\u0430 \u0442\u0440\u0430\u0432. \u0412\u0456\u043d \u0442\u0430\u043a\u043e\u0436 \u043c\u0430\u0454 \u0440\u0443\u043b\u043e\u043d\u043d\u0456 \u0434\u0432\u0435\u0440\u0456 \u0456\u0437 \u0437\u0430\u043c\u043a\u043e\u043c \u0434\u043b\u044f \u043a\u0440\u0430\u0449\u043e\u0457 \u0446\u0438\u0440\u043a\u0443\u043b\u044f\u0446\u0456\u0457 \u043f\u043e\u0432\u0456\u0442\u0440\u044f \u0442\u0430 \u043b\u0435\u0433\u043a\u043e\u0433\u043e \u0434\u043e\u0441\u0442\u0443\u043f\u0443 \u0434\u043e \u0440\u043e\u0441\u043b\u0438\u043d. \u0417\u0430 \u0434\u043e\u043f\u043e\u043c\u043e\u0433\u043e\u044e \u0446\u0456\u0454\u0457 \u043f\u0440\u0430\u043a\u0442\u0438\u0447\u043d\u043e\u0457 \u0442\u0435\u043f\u043b\u0438\u0446\u0456 \u0432\u0438 \u043c\u043e\u0436\u0435\u0442\u0435 \u043b\u0435\u0433\u043a\u043e \u0432\u0438\u0440\u043e\u0449\u0443\u0432\u0430\u0442\u0438 \u0440\u043e\u0441\u043b\u0438\u043d\u0438 \u0443 \u0441\u043f\u0440\u0438\u044f\u0442\u043b\u0438\u0432\u043e\u043c\u0443 \u0441\u0435\u0440\u0435\u0434\u043e\u0432\u0438\u0449\u0456 \u0446\u0456\u043b\u0438\u0439 \u0440\u0456\u043a.<\/p>\n<\/p>\n<p>\u0422\u0435\u043f\u043b\u0438\u0446\u044e \u043b\u0435\u0433\u043a\u043e \u0432\u0441\u0442\u0430\u043d\u043e\u0432\u0438\u0442\u0438 \u0442\u0430 \u0440\u043e\u0437\u0456\u0431\u0440\u0430\u0442\u0438 \u0431\u0435\u0437 \u0441\u043f\u0435\u0446\u0456\u0430\u043b\u044c\u043d\u0438\u0445 \u0456\u043d\u0441\u0442\u0440\u0443\u043c\u0435\u043d\u0442\u0456\u0432, \u0430 \u0442\u0430\u043a\u043e\u0436 \u0457\u0457 \u0437\u0440\u0443\u0447\u043d\u043e \u0437\u0431\u0435\u0440\u0456\u0433\u0430\u0442\u0438 \u0432 \u043a\u0456\u043d\u0446\u0456 \u0441\u0435\u0437\u043e\u043d\u0443.<\/p>\n<\/p>\n<p>\u0423\u0412\u0410\u0413\u0410:<\/p>\n<p>\u0422\u0435\u043f\u043b\u0438\u0446\u044f \u2014 \u0446\u0435 \u043d\u0435 \u0431\u0443\u0434\u0456\u0432\u043b\u044f \u0447\u0438 \u0437\u0438\u043c\u043e\u0432\u0438\u0439 \u0441\u0430\u0434, \u043f\u0440\u0438\u0437\u043d\u0430\u0447\u0435\u043d\u0438\u0439 \u0434\u043b\u044f \u0434\u043e\u0437\u0432\u0456\u043b\u043b\u044f. \u0426\u0435 \u0442\u0438\u043c\u0447\u0430\u0441\u043e\u0432\u0430, \u0430\u0432\u0442\u043e\u043d\u043e\u043c\u043d\u0430 \u0441\u0456\u043b\u044c\u0441\u044c\u043a\u043e\u0433\u043e\u0441\u043f\u043e\u0434\u0430\u0440\u0441\u044c\u043a\u0430 \u0441\u043f\u043e\u0440\u0443\u0434\u0430 \u0432\u0438\u043a\u043b\u044e\u0447\u043d\u043e \u0434\u043b\u044f \u0430\u043c\u0430\u0442\u043e\u0440\u0441\u044c\u043a\u043e\u0433\u043e \u0441\u0430\u0434\u0456\u0432\u043d\u0438\u0446\u0442\u0432\u0430.<\/p>\n<ul>\n<li>\u041a\u043e\u043b\u0456\u0440: \u0437\u0435\u043b\u0435\u043d\u0430 \u0440\u0430\u043c\u043a\u0430 \u0442\u0430 \u043f\u0440\u043e\u0437\u043e\u0440\u0430 \u043a\u0440\u0438\u0448\u043a\u0430<\/li>\n<li>\u041c\u0430\u0442\u0435\u0440\u0456\u0430\u043b: \u0421\u0442\u0430\u043b\u0435\u0432\u0456 \u0442\u0440\u0443\u0431\u0438 \u0437 \u043f\u043e\u0440\u043e\u0448\u043a\u043e\u0432\u0438\u043c \u043f\u043e\u043a\u0440\u0438\u0442\u0442\u044f\u043c + \u041f\u0412\u0425 100%<\/li>\n<li>\u041f\u0440\u043e\u0437\u043e\u0440\u0430 \u043a\u0440\u0438\u0448\u043a\u0430, \u0441\u0442\u0456\u0439\u043a\u0430 \u0434\u043e \u0440\u043e\u0437\u0440\u0438\u0432\u0456\u0432<\/li>\n<li>\u0417\u0430\u0433\u0430\u043b\u044c\u043d\u0456 \u0440\u043e\u0437\u043c\u0456\u0440\u0438: 102 x 52 x 150 \u0441\u043c (\u0428 x \u0413 x \u0412)<\/li>\n<li>\u0412\u043a\u043b\u044e\u0447\u0430\u0454 \u0440\u0443\u043b\u043e\u043d\u043d\u0456 \u0434\u0432\u0435\u0440\u0456 \u0456\u0437 \u0437\u0430\u043c\u043a\u043e\u043c<\/li>\n<\/ul>","protected":false},"excerpt":{"rendered":"<p>\u00c4rge j\u00e4tke kunagi k\u00f6\u00f6givilju tuule, vihma, lume jms k\u00e4tte. V\u00e4ike kasvuhoone hoiab taimed talvel k\u00fclma temperatuuri ajal sooja ja hubasena ning kaitseb&hellip;<\/p>","protected":false},"featured_media":341101,"comment_status":"open","ping_status":"closed","template":"","meta":{"wprm-recipe-roundup-name":"","wprm-recipe-roundup-description":""},"product_brand":[],"product_cat":[4618],"product_tag":[2127,2128,4957,536,2407,540],"class_list":{"0":"post-341107","1":"product","2":"type-product","3":"status-publish","4":"has-post-thumbnail","6":"product_cat-kasvuhooned","7":"product_tag-aed-ja-muru","8":"product_tag-aiandus","9":"product_tag-kasvuhooned","10":"product_tag-kodu-ja-aed","11":"product_tag-labipaistev","12":"product_tag-parcel","13":"pa_brand-vidaxl","15":"first","16":"instock","17":"taxable","18":"shipping-taxable","19":"purchasable","20":"product-type-simple"},"supplier_id":null,"supplier_sku":"","barcode":null,"atum_controlled":false,"out_stock_date":null,"out_stock_threshold":null,"inheritable":false,"inbound_stock":null,"stock_on_hold":null,"sold_today":null,"sales_last_days":null,"reserved_stock":null,"customer_returns":null,"warehouse_damage":null,"lost_in_post":null,"other_logs":null,"out_stock_days":null,"lost_sales":null,"has_location":null,"update_date":"2026-05-15T01:13:32","atum_locations":[],"atum_stock_status":"instock","restock_status":false,"low_stock_amount":"","sales_update_date":null,"calc_backorders":null,"aioseo_notices":[],"_links":{"self":[{"href":"https:\/\/ecoshop.ee\/uk\/wp-json\/wp\/v2\/product\/341107","targetHints":{"allow":["GET"]}}],"collection":[{"href":"https:\/\/ecoshop.ee\/uk\/wp-json\/wp\/v2\/product"}],"about":[{"href":"https:\/\/ecoshop.ee\/uk\/wp-json\/wp\/v2\/types\/product"}],"replies":[{"embeddable":true,"href":"https:\/\/ecoshop.ee\/uk\/wp-json\/wp\/v2\/comments?post=341107"}],"version-history":[{"count":0,"href":"https:\/\/ecoshop.ee\/uk\/wp-json\/wp\/v2\/product\/341107\/revisions"}],"wp:featuredmedia":[{"embeddable":true,"href":"https:\/\/ecoshop.ee\/uk\/wp-json\/wp\/v2\/media\/341101"}],"wp:attachment":[{"href":"https:\/\/ecoshop.ee\/uk\/wp-json\/wp\/v2\/media?parent=341107"}],"wp:term":[{"taxonomy":"product_brand","embeddable":true,"href":"https:\/\/ecoshop.ee\/uk\/wp-json\/wp\/v2\/product_brand?post=341107"},{"taxonomy":"product_cat","embeddable":true,"href":"https:\/\/ecoshop.ee\/uk\/wp-json\/wp\/v2\/product_cat?post=341107"},{"taxonomy":"product_tag","embeddable":true,"href":"https:\/\/ecoshop.ee\/uk\/wp-json\/wp\/v2\/product_tag?post=341107"}],"curies":[{"name":"wp","href":"https:\/\/api.w.org\/{rel}","templated":true}]}}