{"id":341181,"date":"2026-02-27T21:57:29","date_gmt":"2026-02-27T18:57:29","guid":{"rendered":"https:\/\/ecoshop.ee\/maaratlemata\/i-kasvuhoone-4-riiuliga\/"},"modified":"2026-05-13T21:25:24","modified_gmt":"2026-05-13T18:25:24","slug":"%d1%82%d0%b5%d0%bf%d0%bb%d0%b8%d1%86%d1%8f-%d0%b7-4-%d0%bf%d0%be%d0%bb%d0%b8%d1%86%d1%8f%d0%bc%d0%b8","status":"publish","type":"product","link":"https:\/\/ecoshop.ee\/uk\/kasvuhooned\/i-kasvuhoone-4-riiuliga\/","title":{"rendered":"\u0422\u0435\u043f\u043b\u0438\u0446\u044f \u0437 4 \u043f\u043e\u043b\u0438\u0446\u044f\u043c\u0438"},"content":{"rendered":"<p>\u0422\u0435\u043f\u043b\u0438\u0446\u044f \u043c\u043e\u0436\u0435 \u0432\u043c\u0456\u0441\u0442\u0438\u0442\u0438 \u0432\u0435\u043b\u0438\u043a\u0443 \u043a\u0456\u043b\u044c\u043a\u0456\u0441\u0442\u044c \u0440\u043e\u0441\u043b\u0438\u043d. \u0407\u0457 \u0440\u043e\u0437\u043c\u0456\u0440\u0438 \u0441\u0442\u0430\u043d\u043e\u0432\u043b\u044f\u0442\u044c 69 x 32 x 160 \u0441\u043c (\u0414 x \u0428 x \u0412). \u0412\u043e\u043d\u0430 \u043c\u0430\u0454 \u043f\u0440\u043e\u0437\u043e\u0440\u0443 \u0437\u0435\u043b\u0435\u043d\u0443 \u043a\u0440\u0438\u0448\u043a\u0443, \u044f\u043a\u0430 \u0434\u043e\u0437\u0432\u043e\u043b\u044f\u0454 \u0441\u043e\u043d\u044f\u0447\u043d\u043e\u043c\u0443 \u0441\u0432\u0456\u0442\u043b\u0443 \u043f\u043e\u0442\u0440\u0430\u043f\u043b\u044f\u0442\u0438 \u0434\u043e \u0440\u043e\u0441\u043b\u0438\u043d \u0456 \u043a\u0432\u0456\u0442\u0456\u0432.<\/p>\n<\/p>\n<p>\u041a\u0440\u0438\u0448\u043a\u0430 \u0441\u0442\u0456\u0439\u043a\u0430 \u0434\u043e \u0443\u043b\u044c\u0442\u0440\u0430\u0444\u0456\u043e\u043b\u0435\u0442\u043e\u0432\u043e\u0433\u043e \u0432\u0438\u043f\u0440\u043e\u043c\u0456\u043d\u044e\u0432\u0430\u043d\u043d\u044f \u0442\u0430 \u043c\u043e\u0440\u043e\u0437\u0443. \u041a\u0440\u0438\u0448\u043a\u0430 \u0441\u0442\u0456\u0439\u043a\u0430 \u0434\u043e \u0440\u043e\u0437\u0440\u0438\u0432\u0456\u0432, \u0430 \u0442\u0440\u0443\u0431\u0447\u0430\u0441\u0442\u0456 \u0440\u0430\u043c\u0438 \u0432\u0438\u0433\u043e\u0442\u043e\u0432\u043b\u0435\u043d\u0456 \u0437 \u043f\u043e\u0440\u043e\u0448\u043a\u043e\u0432\u043e \u043f\u043e\u0444\u0430\u0440\u0431\u043e\u0432\u0430\u043d\u043e\u0457 \u0441\u0442\u0430\u043b\u0456. \u0426\u0435 \u0440\u043e\u0431\u0438\u0442\u044c \u0442\u0435\u043f\u043b\u0438\u0446\u044e \u043c\u0456\u0446\u043d\u043e\u044e \u0442\u0430 \u0434\u043e\u0432\u0433\u043e\u0432\u0456\u0447\u043d\u043e\u044e.<\/p>\n<\/p>\n<p>\u041a\u0440\u0456\u043c \u0442\u043e\u0433\u043e, \u0442\u0435\u043f\u043b\u0438\u0446\u044f \u043c\u0430\u0454 \u0447\u043e\u0442\u0438\u0440\u0438 \u043f\u043e\u043b\u0438\u0446\u0456 \u0442\u0430 \u0434\u0432\u0435\u0440\u0446\u044f\u0442\u0430 \u043d\u0430 \u0431\u043b\u0438\u0441\u043a\u0430\u0432\u0446\u0456. <span style=\"font-family: Arial, sans-serif;font-size: 10pt\">\u0417\u0432\u0435\u0440\u043d\u0456\u0442\u044c \u0443\u0432\u0430\u0433\u0443, \u0449\u043e \u0434\u0430\u0445 \u0442\u0435\u043f\u043b\u0438\u0446\u0456 \u043d\u0435 \u0432\u0438\u0442\u0440\u0438\u043c\u0443\u0454 \u0441\u0438\u043b\u044c\u043d\u0438\u0445 \u0441\u043d\u0456\u0433\u043e\u043f\u0430\u0434\u0456\u0432.<\/span><\/p>\n<ul>\n<li>\u0420\u043e\u0437\u043c\u0456\u0440\u0438: 69 x 32 x 160 \u0441\u043c (\u0414 x \u0428 x \u0412)<\/li>\n<li>\u041a\u043e\u043b\u0456\u0440: \u0437\u0435\u043b\u0435\u043d\u0438\u0439<\/li>\n<li>\u041a\u0430\u0440\u043a\u0430\u0441: \u0441\u0442\u0430\u043b\u0435\u0432\u0456 \u0442\u0440\u0443\u0431\u0438 \u0437 \u043f\u043e\u0440\u043e\u0448\u043a\u043e\u0432\u0438\u043c \u043f\u043e\u043a\u0440\u0438\u0442\u0442\u044f\u043c<\/li>\n<li>\u041a\u0456\u043b\u044c\u043a\u0456\u0441\u0442\u044c \u043f\u043e\u043b\u0438\u0446\u044c: 4<\/li>\n<li>\u0422\u043a\u0430\u043d\u0438\u043d\u0430: \u041f\u0412\u0425: 100%<\/li>\n<\/ul>","protected":false},"excerpt":{"rendered":"<p>Kasvuhoone mahutab suure hulga taimi. Selle m\u00f5\u00f5tmed on 69 x 32 x 160 cm (P x L x K). Sellel on l\u00e4bipaistev&hellip;<\/p>","protected":false},"featured_media":341176,"comment_status":"open","ping_status":"closed","template":"","meta":{"wprm-recipe-roundup-name":"","wprm-recipe-roundup-description":""},"product_brand":[],"product_cat":[4618],"product_tag":[2127,2128,4957,536,540,879],"class_list":{"0":"post-341181","1":"product","2":"type-product","3":"status-publish","4":"has-post-thumbnail","6":"product_cat-kasvuhooned","7":"product_tag-aed-ja-muru","8":"product_tag-aiandus","9":"product_tag-kasvuhooned","10":"product_tag-kodu-ja-aed","11":"product_tag-parcel","12":"product_tag-roheline","13":"pa_brand-vidaxl","15":"first","16":"instock","17":"taxable","18":"shipping-taxable","19":"purchasable","20":"product-type-simple"},"supplier_id":null,"supplier_sku":"","barcode":null,"atum_controlled":false,"out_stock_date":null,"out_stock_threshold":null,"inheritable":false,"inbound_stock":null,"stock_on_hold":null,"sold_today":null,"sales_last_days":null,"reserved_stock":null,"customer_returns":null,"warehouse_damage":null,"lost_in_post":null,"other_logs":null,"out_stock_days":null,"lost_sales":null,"has_location":null,"update_date":"2026-05-13T18:25:25","atum_locations":[],"atum_stock_status":"instock","restock_status":false,"low_stock_amount":"","sales_update_date":null,"calc_backorders":null,"aioseo_notices":[],"_links":{"self":[{"href":"https:\/\/ecoshop.ee\/uk\/wp-json\/wp\/v2\/product\/341181","targetHints":{"allow":["GET"]}}],"collection":[{"href":"https:\/\/ecoshop.ee\/uk\/wp-json\/wp\/v2\/product"}],"about":[{"href":"https:\/\/ecoshop.ee\/uk\/wp-json\/wp\/v2\/types\/product"}],"replies":[{"embeddable":true,"href":"https:\/\/ecoshop.ee\/uk\/wp-json\/wp\/v2\/comments?post=341181"}],"version-history":[{"count":0,"href":"https:\/\/ecoshop.ee\/uk\/wp-json\/wp\/v2\/product\/341181\/revisions"}],"wp:featuredmedia":[{"embeddable":true,"href":"https:\/\/ecoshop.ee\/uk\/wp-json\/wp\/v2\/media\/341176"}],"wp:attachment":[{"href":"https:\/\/ecoshop.ee\/uk\/wp-json\/wp\/v2\/media?parent=341181"}],"wp:term":[{"taxonomy":"product_brand","embeddable":true,"href":"https:\/\/ecoshop.ee\/uk\/wp-json\/wp\/v2\/product_brand?post=341181"},{"taxonomy":"product_cat","embeddable":true,"href":"https:\/\/ecoshop.ee\/uk\/wp-json\/wp\/v2\/product_cat?post=341181"},{"taxonomy":"product_tag","embeddable":true,"href":"https:\/\/ecoshop.ee\/uk\/wp-json\/wp\/v2\/product_tag?post=341181"}],"curies":[{"name":"wp","href":"https:\/\/api.w.org\/{rel}","templated":true}]}}