{"id":346995,"date":"2026-02-28T01:05:37","date_gmt":"2026-02-27T22:05:37","guid":{"rendered":"https:\/\/ecoshop.ee\/maaratlemata\/pink-mahagonipuidust-86-x-40-x-60-cm\/"},"modified":"2026-05-15T21:32:56","modified_gmt":"2026-05-15T18:32:56","slug":"%d0%bb%d0%b0%d0%b2%d0%ba%d0%b0-%d0%b7-%d1%87%d0%b5%d1%80%d0%b2%d0%be%d0%bd%d0%be%d0%b3%d0%be-%d0%b4%d0%b5%d1%80%d0%b5%d0%b2%d0%b0-86-x-40-x-60-%d1%81%d0%bc","status":"publish","type":"product","link":"https:\/\/ecoshop.ee\/uk\/esikupingid\/pink-mahagonipuidust-86-x-40-x-60-cm\/","title":{"rendered":"\u041b\u0430\u0432\u043a\u0430 \u0437 \u0447\u0435\u0440\u0432\u043e\u043d\u043e\u0433\u043e \u0434\u0435\u0440\u0435\u0432\u0430 86 x 40 x 60 \u0441\u043c"},"content":{"rendered":"<p>\u0414\u0435\u0440\u0435\u0432&#039;\u044f\u043d\u0430 \u043b\u0430\u0432\u043a\u0430 \u2013 \u0447\u0443\u0434\u043e\u0432\u0438\u0439 \u0432\u0438\u0431\u0456\u0440, \u044f\u043a\u0449\u043e \u0432\u0438 \u0445\u043e\u0447\u0435\u0442\u0435 \u0434\u043e\u0434\u0430\u0442\u0438 \u043d\u043e\u0442\u043a\u0443 \u0441\u0456\u043b\u044c\u0441\u044c\u043a\u043e\u0433\u043e \u0448\u0430\u0440\u043c\u0443 \u0441\u0432\u043e\u0454\u043c\u0443 \u0434\u043e\u043c\u0443. \u041b\u0430\u0432\u043a\u0430 \u043c\u0430\u0454 \u0432\u0435\u043b\u0438\u043a\u0435 \u0432\u043d\u0443\u0442\u0440\u0456\u0448\u043d\u0454 \u0432\u0456\u0434\u0434\u0456\u043b\u0435\u043d\u043d\u044f \u0434\u043b\u044f \u0437\u0431\u0435\u0440\u0456\u0433\u0430\u043d\u043d\u044f \u0440\u0435\u0447\u0435\u0439, \u0449\u043e \u0437\u0430\u0431\u0435\u0437\u043f\u0435\u0447\u0443\u0454 \u0434\u043e\u0441\u0442\u0430\u0442\u043d\u044c\u043e \u043c\u0456\u0441\u0446\u044f \u0434\u043b\u044f \u0432\u0441\u0456\u0445 \u0440\u0435\u0447\u0435\u0439, \u044f\u043a\u0456 \u0432\u0438 \u0445\u043e\u0447\u0435\u0442\u0435 \u0442\u0440\u0438\u043c\u0430\u0442\u0438 \u043f\u0456\u0434 \u0440\u0443\u043a\u043e\u044e.<\/p>\n<\/p>\n<ul>\n<li>\u041c\u0456\u0446\u043d\u0438\u0439 \u0442\u0430 \u0441\u0442\u0456\u0439\u043a\u0438\u0439 \u043c\u0430\u0442\u0435\u0440\u0456\u0430\u043b: \u0412\u0438\u0433\u043e\u0442\u043e\u0432\u043b\u0435\u043d\u0430 \u0437 \u0447\u0435\u0440\u0432\u043e\u043d\u043e\u0433\u043e \u0434\u0435\u0440\u0435\u0432\u0430, \u0434\u0435\u0440\u0435\u0432\u0438\u043d\u0430 \u0434\u0443\u0436\u0435 \u043c\u0456\u0446\u043d\u0430 \u0442\u0430 \u0441\u0442\u0456\u0439\u043a\u0430. \u0427\u0435\u0440\u0432\u043e\u043d\u0435 \u0434\u0435\u0440\u0435\u0432\u043e \u2013 \u0446\u0435 \u0442\u0440\u043e\u043f\u0456\u0447\u043d\u0430 \u0442\u0432\u0435\u0440\u0434\u0430 \u043f\u043e\u0440\u043e\u0434\u0430, \u044f\u043a\u0430 \u0432\u0438\u0440\u0456\u0437\u043d\u044f\u0454\u0442\u044c\u0441\u044f \u0441\u0432\u043e\u0454\u044e \u043a\u0440\u0430\u0441\u043e\u044e, \u0434\u043e\u0432\u0433\u043e\u0432\u0456\u0447\u043d\u0456\u0441\u0442\u044e \u0442\u0430 \u043a\u043e\u043b\u044c\u043e\u0440\u043e\u043c. \u0420\u0435\u0442\u0435\u043b\u044c\u043d\u0438\u0439 \u043f\u0440\u043e\u0446\u0435\u0441 \u0432\u0438\u0433\u043e\u0442\u043e\u0432\u043b\u0435\u043d\u043d\u044f \u043d\u0430\u0434\u0430\u0454 \u0432\u0438\u0440\u043e\u0431\u0443 \u0441\u0442\u0430\u0440\u043e\u043c\u043e\u0434\u043d\u043e\u0433\u043e, \u0442\u0435\u043f\u043b\u043e\u0433\u043e \u0442\u0430 \u0430\u0432\u0442\u0435\u043d\u0442\u0438\u0447\u043d\u043e\u0433\u043e \u0432\u0438\u0433\u043b\u044f\u0434\u0443.<\/li>\n<li>\u0411\u0430\u0433\u0430\u0442\u043e \u043c\u0456\u0441\u0446\u044f \u0434\u043b\u044f \u0437\u0431\u0435\u0440\u0456\u0433\u0430\u043d\u043d\u044f: \u041b\u0430\u0432\u043a\u0430 \u0432 \u043a\u043e\u0440\u0438\u0434\u043e\u0440\u0456 \u043f\u0440\u043e\u043f\u043e\u043d\u0443\u0454 \u0434\u043e\u0441\u0442\u0430\u0442\u043d\u044c\u043e \u043c\u0456\u0441\u0446\u044f \u0434\u043b\u044f \u0437\u0431\u0435\u0440\u0456\u0433\u0430\u043d\u043d\u044f, \u0449\u043e\u0431 \u0432\u0438 \u043c\u043e\u0433\u043b\u0438 \u043e\u0440\u0433\u0430\u043d\u0456\u0437\u0443\u0432\u0430\u0442\u0438 \u0437\u0431\u0435\u0440\u0456\u0433\u0430\u043d\u043d\u044f \u0440\u0456\u0437\u043d\u0438\u0445 \u0440\u0435\u0447\u0435\u0439.<\/li>\n<li>\u041f\u0440\u0430\u043a\u0442\u0438\u0447\u043d\u0430 \u0441\u043f\u0438\u043d\u043a\u0430: \u041b\u0430\u0432\u043a\u0430 \u043c\u0430\u0454 \u0441\u043f\u0438\u043d\u043a\u0443, \u0449\u043e\u0431 \u0432\u0438 \u043c\u043e\u0433\u043b\u0438 \u043f\u0456\u0434\u043f\u0435\u0440\u0442\u0438 \u0441\u043f\u0438\u043d\u0443 \u0434\u043b\u044f \u0431\u0456\u043b\u044c\u0448 \u043a\u043e\u043c\u0444\u043e\u0440\u0442\u043d\u043e\u0433\u043e \u0441\u0438\u0434\u0456\u043d\u043d\u044f.<\/li>\n<\/ul>\n<p>\u041f\u0440\u0438\u0454\u043c\u043d\u043e \u0446\u0435 \u0447\u0443\u0442\u0438:<\/p>\n<ul>\n<li>\u041a\u043e\u043b\u0456\u0440 \u043a\u043e\u0436\u043d\u043e\u0433\u043e \u043f\u0440\u0435\u0434\u043c\u0435\u0442\u0430 \u043c\u0435\u0431\u043b\u0456\u0432 \u0440\u0456\u0437\u043d\u0438\u0439, \u0449\u043e \u0440\u043e\u0431\u0438\u0442\u044c \u043a\u043e\u0436\u043d\u0443 \u043b\u0430\u0432\u043a\u0443 \u0443\u043d\u0456\u043a\u0430\u043b\u044c\u043d\u043e\u044e. \u041a\u043e\u043b\u0456\u0440 \u0434\u043e\u0441\u0442\u0430\u0432\u043b\u0435\u043d\u043e\u0433\u043e \u0442\u043e\u0432\u0430\u0440\u0443 \u0432\u0438\u043f\u0430\u0434\u043a\u043e\u0432\u0438\u0439, \u0449\u043e \u0437\u0430\u0431\u0435\u0437\u043f\u0435\u0447\u0443\u0454 \u0435\u043a\u0441\u043a\u043b\u044e\u0437\u0438\u0432\u043d\u0456\u0441\u0442\u044c \u0442\u0430 \u0443\u043d\u0456\u043a\u0430\u043b\u044c\u043d\u0456\u0441\u0442\u044c \u043f\u0440\u043e\u0434\u0443\u043a\u0442\u0443.<\/li>\n<\/ul>\n<ul>\n<li>\u041c\u0430\u0442\u0435\u0440\u0456\u0430\u043b: \u043c\u0456\u0446\u043d\u0430 \u0434\u0435\u0440\u0435\u0432\u0438\u043d\u0430 \u0447\u0435\u0440\u0432\u043e\u043d\u043e\u0433\u043e \u0434\u0435\u0440\u0435\u0432\u0430<\/li>\n<li>\u0420\u043e\u0437\u043c\u0456\u0440\u0438: 86 x 40 x 60 \u0441\u043c (\u0428 x \u0413 x \u0412)<\/li>\n<li>\u0412\u0438\u0441\u043e\u0442\u0430 \u0441\u0438\u0434\u0456\u043d\u043d\u044f \u0432\u0456\u0434 \u0437\u0435\u043c\u043b\u0456: 35 \u0441\u043c<\/li>\n<li>\u0417 \u043e\u0434\u043d\u0456\u0454\u044e \u0432\u043d\u0443\u0442\u0440\u0456\u0448\u043d\u044c\u043e\u044e \u043a\u043e\u0440\u043e\u0431\u043a\u043e\u044e \u0434\u043b\u044f \u0437\u0431\u0435\u0440\u0456\u0433\u0430\u043d\u043d\u044f<\/li>\n<li>\u0420\u0443\u0447\u043d\u0430 \u0440\u043e\u0431\u043e\u0442\u0430<\/li>\n<li>\u041b\u0435\u0433\u043a\u043e \u0437\u0456\u0431\u0440\u0430\u0442\u0438<\/li>\n<\/ul>","protected":false},"excerpt":{"rendered":"<p>Puidust pink on suurep\u00e4rane valik, kui soovite lisada oma koju maal\u00e4hedast sarmi. Pingil on suur sisemine panipaik, mis pakub piisavalt ruumi k\u00f5ikidele&hellip;<\/p>","protected":false},"featured_media":346983,"comment_status":"open","ping_status":"closed","template":"","meta":{"wprm-recipe-roundup-name":"","wprm-recipe-roundup-description":""},"product_brand":[],"product_cat":[684],"product_tag":[686,547,554,540,685],"class_list":{"0":"post-346995","1":"product","2":"type-product","3":"status-publish","4":"has-post-thumbnail","6":"product_cat-esikupingid","7":"product_tag-esikupingid","8":"product_tag-moobel","9":"product_tag-ouemoobli-komplektid","10":"product_tag-parcel","11":"product_tag-pingid","12":"pa_brand-vidaxl","14":"first","15":"instock","16":"taxable","17":"shipping-taxable","18":"purchasable","19":"product-type-simple"},"supplier_id":null,"supplier_sku":"","barcode":null,"atum_controlled":false,"out_stock_date":null,"out_stock_threshold":null,"inheritable":false,"inbound_stock":null,"stock_on_hold":null,"sold_today":null,"sales_last_days":null,"reserved_stock":null,"customer_returns":null,"warehouse_damage":null,"lost_in_post":null,"other_logs":null,"out_stock_days":null,"lost_sales":null,"has_location":null,"update_date":"2026-05-15T18:32:57","atum_locations":[],"atum_stock_status":"instock","restock_status":false,"low_stock_amount":"","sales_update_date":null,"calc_backorders":null,"aioseo_notices":[],"_links":{"self":[{"href":"https:\/\/ecoshop.ee\/uk\/wp-json\/wp\/v2\/product\/346995","targetHints":{"allow":["GET"]}}],"collection":[{"href":"https:\/\/ecoshop.ee\/uk\/wp-json\/wp\/v2\/product"}],"about":[{"href":"https:\/\/ecoshop.ee\/uk\/wp-json\/wp\/v2\/types\/product"}],"replies":[{"embeddable":true,"href":"https:\/\/ecoshop.ee\/uk\/wp-json\/wp\/v2\/comments?post=346995"}],"version-history":[{"count":0,"href":"https:\/\/ecoshop.ee\/uk\/wp-json\/wp\/v2\/product\/346995\/revisions"}],"wp:featuredmedia":[{"embeddable":true,"href":"https:\/\/ecoshop.ee\/uk\/wp-json\/wp\/v2\/media\/346983"}],"wp:attachment":[{"href":"https:\/\/ecoshop.ee\/uk\/wp-json\/wp\/v2\/media?parent=346995"}],"wp:term":[{"taxonomy":"product_brand","embeddable":true,"href":"https:\/\/ecoshop.ee\/uk\/wp-json\/wp\/v2\/product_brand?post=346995"},{"taxonomy":"product_cat","embeddable":true,"href":"https:\/\/ecoshop.ee\/uk\/wp-json\/wp\/v2\/product_cat?post=346995"},{"taxonomy":"product_tag","embeddable":true,"href":"https:\/\/ecoshop.ee\/uk\/wp-json\/wp\/v2\/product_tag?post=346995"}],"curies":[{"name":"wp","href":"https:\/\/api.w.org\/{rel}","templated":true}]}}