{"id":347763,"date":"2026-02-28T01:17:54","date_gmt":"2026-02-27T22:17:54","guid":{"rendered":"https:\/\/ecoshop.ee\/maaratlemata\/pink-115-cm-taaskasutatud-puidust\/"},"modified":"2026-05-16T13:14:17","modified_gmt":"2026-05-16T10:14:17","slug":"%d0%bb%d0%b0%d0%b2%d0%ba%d0%b0-115-%d1%81%d0%bc-%d0%b7-%d0%bf%d0%b5%d1%80%d0%b5%d1%80%d0%be%d0%b1%d0%bb%d0%b5%d0%bd%d0%be%d1%97-%d0%b4%d0%b5%d1%80%d0%b5%d0%b2%d0%b8%d0%bd%d0%b8","status":"publish","type":"product","link":"https:\/\/ecoshop.ee\/uk\/esikupingid\/pink-115-cm-taaskasutatud-puidust\/","title":{"rendered":"\u041b\u0430\u0432\u043a\u0430 115 \u0441\u043c \u0437 \u043f\u0435\u0440\u0435\u0440\u043e\u0431\u043b\u0435\u043d\u043e\u0457 \u0434\u0435\u0440\u0435\u0432\u0438\u043d\u0438"},"content":{"rendered":"<p>\u0414\u0435\u0440\u0435\u0432&#039;\u044f\u043d\u0430 \u043b\u0430\u0432\u043a\u0430 \u0443 \u0432\u0456\u043d\u0442\u0430\u0436\u043d\u043e\u043c\u0443 \u0441\u0442\u0438\u043b\u0456 \u0434\u043e\u0434\u0430\u0454 \u0430\u043d\u0442\u0438\u043a\u0432\u0430\u0440\u043d\u043e\u0433\u043e \u0432\u0438\u0433\u043b\u044f\u0434\u0443 \u0442\u0430 \u0454 \u043f\u043e\u0437\u0430\u0447\u0430\u0441\u043e\u0432\u0438\u043c \u0434\u043e\u043f\u043e\u0432\u043d\u0435\u043d\u043d\u044f\u043c \u0434\u043e \u0432\u0430\u0448\u043e\u0457 \u043a\u0456\u043c\u043d\u0430\u0442\u0438.<\/p>\n<\/p>\n<p>\u041b\u0430\u0432\u043a\u0430 \u0432\u0438\u0433\u043e\u0442\u043e\u0432\u043b\u0435\u043d\u0430 \u0432\u0440\u0443\u0447\u043d\u0443 \u0437 \u043f\u0435\u0440\u0435\u0440\u043e\u0431\u043b\u0435\u043d\u043e\u0457 \u043c\u0430\u0441\u0438\u0432\u043d\u043e\u0457 \u0434\u0435\u0440\u0435\u0432\u0438\u043d\u0438, \u044f\u043a\u0430 \u044f\u0432\u043b\u044f\u0454 \u0441\u043e\u0431\u043e\u044e \u043f\u043e\u0454\u0434\u043d\u0430\u043d\u043d\u044f \u043f\u0435\u0440\u0435\u0440\u043e\u0431\u043b\u0435\u043d\u0438\u0445 \u043f\u043e\u0440\u0456\u0434 \u0434\u0435\u0440\u0435\u0432\u0438\u043d\u0438, \u0432\u043a\u043b\u044e\u0447\u0430\u044e\u0447\u0438 \u0442\u0438\u043a, \u043c\u0430\u043d\u0433\u043e, \u0441\u043e\u0441\u043d\u0443, \u0431\u0443\u043a \u0442\u043e\u0449\u043e. \u0414\u0435\u0440\u0435\u0432\u0438\u043d\u0430 \u0431\u0435\u0440\u0435\u0442\u044c\u0441\u044f \u0437\u0456 \u0441\u0442\u0430\u0440\u0438\u0445 \u0431\u0443\u0434\u0456\u0432\u0435\u043b\u044c, \u0442\u0430\u043a\u0438\u0445 \u044f\u043a \u0444\u0430\u0431\u0440\u0438\u043a\u0438, \u0441\u0430\u0440\u0430\u0457 \u0442\u0430 \u0447\u043e\u0432\u043d\u0438. \u0426\u0435 \u0444\u0430\u043d\u0442\u0430\u0441\u0442\u0438\u0447\u043d\u0438\u0439 \u0435\u043a\u043e\u043b\u043e\u0433\u0456\u0447\u043d\u0438\u0439 \u0441\u043f\u043e\u0441\u0456\u0431 \u0432\u0438\u0433\u043e\u0442\u043e\u0432\u043b\u0435\u043d\u043d\u044f \u043c\u0435\u0431\u043b\u0456\u0432. \u041a\u043e\u0436\u0435\u043d \u0432\u0438\u0440\u0456\u0431, \u0432\u0438\u0433\u043e\u0442\u043e\u0432\u043b\u0435\u043d\u0438\u0439 \u0432\u0440\u0443\u0447\u043d\u0443, \u043c\u043e\u0436\u0435 \u043c\u0430\u0442\u0438 \u0440\u0456\u0437\u043d\u0438\u0439 \u0432\u0456\u0434\u0442\u0456\u043d\u043e\u043a \u0441\u0438\u043d\u044c\u043e\u0433\u043e, \u0437\u0435\u043b\u0435\u043d\u043e\u0433\u043e, \u0447\u0435\u0440\u0432\u043e\u043d\u043e\u0433\u043e \u0442\u0430 \u0436\u043e\u0432\u0442\u043e\u0433\u043e \u043a\u043e\u043b\u044c\u043e\u0440\u0456\u0432.<\/p>\n<\/p>\n<p>\u0412\u0430\u0436\u043b\u0438\u0432\u0435 \u0437\u0430\u0443\u0432\u0430\u0436\u0435\u043d\u043d\u044f: \u041a\u043e\u043b\u0456\u0440 \u0442\u0430 \u0442\u0435\u043a\u0441\u0442\u0443\u0440\u0430 \u0434\u0435\u0440\u0435\u0432\u0438\u043d\u0438 \u0432\u0456\u0434\u0440\u0456\u0437\u043d\u044f\u044e\u0442\u044c\u0441\u044f \u0432\u0456\u0434 \u0432\u0438\u0440\u043e\u0431\u0443 \u0434\u043e \u0432\u0438\u0440\u043e\u0431\u0443, \u0449\u043e \u0440\u043e\u0431\u0438\u0442\u044c \u043a\u043e\u0436\u0435\u043d \u043f\u0440\u0435\u0434\u043c\u0435\u0442 \u043c\u0435\u0431\u043b\u0456\u0432 \u0443\u043d\u0456\u043a\u0430\u043b\u044c\u043d\u0438\u043c \u0442\u0430 \u0434\u0435\u0449\u043e \u0432\u0456\u0434\u043c\u0456\u043d\u043d\u0438\u043c \u0432\u0456\u0434 \u043f\u043e\u043f\u0435\u0440\u0435\u0434\u043d\u044c\u043e\u0433\u043e. \u041a\u043e\u043b\u0456\u0440 \u0434\u043e\u0441\u0442\u0430\u0432\u043b\u0435\u043d\u043e\u0433\u043e \u0442\u043e\u0432\u0430\u0440\u0443 \u0442\u0430\u043a\u043e\u0436 \u0432\u0438\u043f\u0430\u0434\u043a\u043e\u0432\u0438\u0439. <\/p>\n<ul>\n<li>\u041a\u043e\u043b\u0456\u0440: \u0440\u0456\u0437\u043d\u043e\u043a\u043e\u043b\u044c\u043e\u0440\u043e\u0432\u0438\u0439<\/li>\n<li>\u041c\u0430\u0442\u0435\u0440\u0456\u0430\u043b: \u0412\u0456\u0434\u043d\u043e\u0432\u043b\u0435\u043d\u0430 \u0434\u0435\u0440\u0435\u0432\u0438\u043d\u0430 \u0437 \u043e\u0437\u0434\u043e\u0431\u043b\u0435\u043d\u043d\u044f\u043c \u043f\u0456\u0434 \u0434\u0435\u0440\u0435\u0432\u043e \u0447\u043e\u0432\u043d\u0430<\/li>\n<li>\u0420\u043e\u0437\u043c\u0456\u0440\u0438: 115 x 51 x 80 \u0441\u043c (\u0428 x \u0413 x \u0412)<\/li>\n<li>\u0412\u0438\u0441\u043e\u0442\u0430 \u0441\u0438\u0434\u0456\u043d\u043d\u044f \u0432\u0456\u0434 \u0437\u0435\u043c\u043b\u0456: 45 \u0441\u043c<\/li>\n<li>\u0412\u0438\u0441\u043e\u0442\u0430 \u043f\u0456\u0434\u043b\u043e\u043a\u0456\u0442\u043d\u0438\u043a\u0456\u0432 \u0432\u0456\u0434 \u0437\u0435\u043c\u043b\u0456: 60 \u0441\u043c<\/li>\n<li>\u041f\u043e\u0442\u0440\u0456\u0431\u043d\u0430 \u0437\u0431\u0456\u0440\u043a\u0430: \u0442\u0430\u043a<\/li>\n<\/ul>","protected":false},"excerpt":{"rendered":"<p>Vanaaegses stiilis puidust pink lisab antiikset h\u00f5ngu ning on samas ka ajatu t\u00e4iendus teie toale. Pink on k\u00e4sit\u00f6\u00f6na valmistatud taastatud t\u00e4ispuidust, mis&hellip;<\/p>","protected":false},"featured_media":347752,"comment_status":"open","ping_status":"closed","template":"","meta":{"wprm-recipe-roundup-name":"","wprm-recipe-roundup-description":""},"product_brand":[],"product_cat":[684],"product_tag":[686,883,547,540,685],"class_list":{"0":"post-347763","1":"product","2":"type-product","3":"status-publish","4":"has-post-thumbnail","6":"product_cat-esikupingid","7":"product_tag-esikupingid","8":"product_tag-mitmevarviline","9":"product_tag-moobel","10":"product_tag-parcel","11":"product_tag-pingid","12":"pa_brand-vidaxl","14":"first","15":"instock","16":"taxable","17":"shipping-taxable","18":"purchasable","19":"product-type-simple"},"supplier_id":null,"supplier_sku":"","barcode":null,"atum_controlled":false,"out_stock_date":null,"out_stock_threshold":null,"inheritable":false,"inbound_stock":null,"stock_on_hold":0,"sold_today":0,"sales_last_days":0,"reserved_stock":null,"customer_returns":null,"warehouse_damage":null,"lost_in_post":null,"other_logs":null,"out_stock_days":0,"lost_sales":0,"has_location":null,"update_date":"2026-05-16T10:14:17","atum_locations":[],"atum_stock_status":"instock","restock_status":false,"low_stock_amount":"","sales_update_date":"2026-03-05T01:11:42","calc_backorders":null,"aioseo_notices":[],"_links":{"self":[{"href":"https:\/\/ecoshop.ee\/uk\/wp-json\/wp\/v2\/product\/347763","targetHints":{"allow":["GET"]}}],"collection":[{"href":"https:\/\/ecoshop.ee\/uk\/wp-json\/wp\/v2\/product"}],"about":[{"href":"https:\/\/ecoshop.ee\/uk\/wp-json\/wp\/v2\/types\/product"}],"replies":[{"embeddable":true,"href":"https:\/\/ecoshop.ee\/uk\/wp-json\/wp\/v2\/comments?post=347763"}],"version-history":[{"count":0,"href":"https:\/\/ecoshop.ee\/uk\/wp-json\/wp\/v2\/product\/347763\/revisions"}],"wp:featuredmedia":[{"embeddable":true,"href":"https:\/\/ecoshop.ee\/uk\/wp-json\/wp\/v2\/media\/347752"}],"wp:attachment":[{"href":"https:\/\/ecoshop.ee\/uk\/wp-json\/wp\/v2\/media?parent=347763"}],"wp:term":[{"taxonomy":"product_brand","embeddable":true,"href":"https:\/\/ecoshop.ee\/uk\/wp-json\/wp\/v2\/product_brand?post=347763"},{"taxonomy":"product_cat","embeddable":true,"href":"https:\/\/ecoshop.ee\/uk\/wp-json\/wp\/v2\/product_cat?post=347763"},{"taxonomy":"product_tag","embeddable":true,"href":"https:\/\/ecoshop.ee\/uk\/wp-json\/wp\/v2\/product_tag?post=347763"}],"curies":[{"name":"wp","href":"https:\/\/api.w.org\/{rel}","templated":true}]}}