{"id":350543,"date":"2026-02-28T03:33:23","date_gmt":"2026-02-28T00:33:23","guid":{"rendered":"https:\/\/ecoshop.ee\/maaratlemata\/voodiuhendus-25-x-200-cm\/"},"modified":"2026-05-15T21:33:30","modified_gmt":"2026-05-15T18:33:30","slug":"%d0%bf%d0%be%d0%b4%d0%be%d0%b2%d0%b6%d0%b5%d0%bd%d0%bd%d1%8f-%d0%bb%d1%96%d0%b6%d0%ba%d0%b0-25-x-200-%d1%81%d0%bc","status":"publish","type":"product","link":"https:\/\/ecoshop.ee\/uk\/madratsid\/voodiuhendus-25-x-200-cm\/","title":{"rendered":"\u0417&#039;\u0454\u0434\u043d\u0430\u043d\u043d\u044f \u043b\u0456\u0436\u043a\u0430 25 x 200 \u0441\u043c"},"content":{"rendered":"<p>\u0412\u0430\u0441 \u043a\u043e\u043b\u0438-\u043d\u0435\u0431\u0443\u0434\u044c \u0442\u0443\u0440\u0431\u0443\u0432\u0430\u043b\u0430 \u0449\u0456\u043b\u0438\u043d\u0430 \u043c\u0456\u0436 \u0434\u0432\u043e\u043c\u0430 \u043b\u0456\u0436\u043a\u0430\u043c\u0438? \u0421\u043f\u0440\u043e\u0431\u0443\u0439\u0442\u0435 \u043d\u0430\u0448 \u0437\u0440\u0443\u0447\u043d\u0438\u0439 \u043c\u0430\u0442\u0440\u0430\u0446 \u0437 \u0449\u0456\u043b\u0438\u043d\u043e\u044e \u043c\u0456\u0436 \u043b\u0456\u0436\u043a\u0430\u043c\u0438!<\/p>\n<\/p>\n<p>\u0417\u0430\u0432\u0434\u044f\u043a\u0438 \u0437&#039;\u0454\u0434\u043d\u0430\u043d\u043d\u044e \u043b\u0456\u0436\u043e\u043a \u0432\u0438 \u043c\u043e\u0436\u0435\u0442\u0435 \u043f\u0435\u0440\u0435\u0442\u0432\u043e\u0440\u0438\u0442\u0438 \u0434\u0432\u0430 \u043e\u0434\u043d\u043e\u0441\u043f\u0430\u043b\u044c\u043d\u0456 \u043b\u0456\u0436\u043a\u0430 \u0432 \u043e\u0434\u043d\u0435 \u0448\u0438\u0440\u043e\u043a\u0435 \u043b\u0456\u0436\u043a\u043e \u0442\u0430 \u043d\u0430\u0441\u043e\u043b\u043e\u0434\u0436\u0443\u0432\u0430\u0442\u0438\u0441\u044f \u0432\u0435\u043b\u0438\u043a\u043e\u044e, \u0440\u0456\u0432\u043d\u043e\u044e \u043f\u043e\u0432\u0435\u0440\u0445\u043d\u0435\u044e \u0434\u043b\u044f \u0441\u043d\u0443. \u0417\u0430\u0432\u0434\u044f\u043a\u0438 \u0442\u043e\u0432\u0441\u0442\u043e\u043c\u0443 \u0442\u0430 \u043c&#039;\u044f\u043a\u043e\u043c\u0443 \u0448\u0430\u0440\u0443, \u0437&#039;\u0454\u0434\u043d\u0430\u043d\u043d\u044f \u043b\u0456\u0436\u043e\u043a \u0440\u043e\u0431\u0438\u0442\u044c \u043b\u0435\u0436\u0430\u043d\u043d\u044f \u043a\u043e\u043c\u0444\u043e\u0440\u0442\u043d\u0456\u0448\u0438\u043c.<\/p>\n<\/p>\n<p>\u0417\u0432\u0435\u0440\u043d\u0456\u0442\u044c \u0443\u0432\u0430\u0433\u0443, \u0449\u043e \u0437\u2019\u0454\u0434\u043d\u0430\u043d\u043d\u044f \u043c\u0430\u0442\u0440\u0430\u0446\u0430 \u043d\u0435 \u043c\u043e\u0436\u043d\u0430 \u043f\u0440\u0430\u0442\u0438.<\/p>\n<ul>\n<li>\u041a\u043e\u043b\u0456\u0440: \u0431\u0456\u043b\u0438\u0439<\/li>\n<li>\u041c\u0430\u0442\u0435\u0440\u0456\u0430\u043b: \u043f\u0456\u043d\u0430<\/li>\n<li>\u0420\u043e\u0437\u043c\u0456\u0440\u0438: 25 x 200 x 8 \u0441\u043c (\u0428 x \u0414 x \u0412)<\/li>\n<li>\u0414\u043b\u044f \u0437&#039;\u0454\u0434\u043d\u0430\u043d\u043d\u044f 2 \u043c\u0430\u0442\u0440\u0430\u0446\u0456\u0432<\/li>\n<\/ul>","protected":false},"excerpt":{"rendered":"<p>Kas teid on kunagi h\u00e4irinud kahe voodi vaheline vahe? Proovige meie mugavat voodivahe madratsit! Voodite \u00fchendusega saate muuta kaks \u00fchekohalist voodit \u00fcheks&hellip;<\/p>","protected":false},"featured_media":350539,"comment_status":"open","ping_status":"closed","template":"","meta":{"wprm-recipe-roundup-name":"","wprm-recipe-roundup-description":""},"product_brand":[],"product_cat":[825],"product_tag":[859,536,858,540,539,537,538],"class_list":{"0":"post-350543","1":"product","2":"type-product","3":"status-publish","4":"has-post-thumbnail","6":"product_cat-madratsid","7":"product_tag-kattemadratsid","8":"product_tag-kodu-ja-aed","9":"product_tag-madratsikatted","10":"product_tag-parcel","11":"product_tag-voodilinad","12":"product_tag-voodipesu","13":"product_tag-voodiriided","14":"pa_brand-vidaxl","16":"first","17":"instock","18":"taxable","19":"shipping-taxable","20":"purchasable","21":"product-type-simple"},"supplier_id":null,"supplier_sku":"","barcode":null,"atum_controlled":false,"out_stock_date":null,"out_stock_threshold":null,"inheritable":false,"inbound_stock":null,"stock_on_hold":null,"sold_today":null,"sales_last_days":null,"reserved_stock":null,"customer_returns":null,"warehouse_damage":null,"lost_in_post":null,"other_logs":null,"out_stock_days":null,"lost_sales":null,"has_location":null,"update_date":"2026-05-15T18:33:31","atum_locations":[],"atum_stock_status":"instock","restock_status":false,"low_stock_amount":"","sales_update_date":null,"calc_backorders":null,"aioseo_notices":[],"_links":{"self":[{"href":"https:\/\/ecoshop.ee\/uk\/wp-json\/wp\/v2\/product\/350543","targetHints":{"allow":["GET"]}}],"collection":[{"href":"https:\/\/ecoshop.ee\/uk\/wp-json\/wp\/v2\/product"}],"about":[{"href":"https:\/\/ecoshop.ee\/uk\/wp-json\/wp\/v2\/types\/product"}],"replies":[{"embeddable":true,"href":"https:\/\/ecoshop.ee\/uk\/wp-json\/wp\/v2\/comments?post=350543"}],"version-history":[{"count":0,"href":"https:\/\/ecoshop.ee\/uk\/wp-json\/wp\/v2\/product\/350543\/revisions"}],"wp:featuredmedia":[{"embeddable":true,"href":"https:\/\/ecoshop.ee\/uk\/wp-json\/wp\/v2\/media\/350539"}],"wp:attachment":[{"href":"https:\/\/ecoshop.ee\/uk\/wp-json\/wp\/v2\/media?parent=350543"}],"wp:term":[{"taxonomy":"product_brand","embeddable":true,"href":"https:\/\/ecoshop.ee\/uk\/wp-json\/wp\/v2\/product_brand?post=350543"},{"taxonomy":"product_cat","embeddable":true,"href":"https:\/\/ecoshop.ee\/uk\/wp-json\/wp\/v2\/product_cat?post=350543"},{"taxonomy":"product_tag","embeddable":true,"href":"https:\/\/ecoshop.ee\/uk\/wp-json\/wp\/v2\/product_tag?post=350543"}],"curies":[{"name":"wp","href":"https:\/\/api.w.org\/{rel}","templated":true}]}}