{"id":355658,"date":"2026-02-28T05:33:16","date_gmt":"2026-02-28T02:33:16","guid":{"rendered":"https:\/\/ecoshop.ee\/maaratlemata\/anduriga-oue-led-seinavalgusti-survealumiinium-2\/"},"modified":"2026-04-26T22:29:21","modified_gmt":"2026-04-26T19:29:21","slug":"%d1%81%d0%b5%d0%bd%d1%81%d0%be%d1%80%d0%bd%d0%b8%d0%b9-%d1%81%d0%b2%d1%96%d1%82%d0%bb%d0%be%d0%b4%d1%96%d0%be%d0%b4%d0%bd%d0%b8%d0%b9-%d0%bd%d0%b0%d1%81%d1%82%d1%96%d0%bd%d0%bd%d0%b8%d0%b9-%d1%81-2","status":"publish","type":"product","link":"https:\/\/ecoshop.ee\/uk\/valivalgustid\/anduriga-oue-led-seinavalgusti-survealumiinium-2\/","title":{"rendered":"\u0412\u0443\u043b\u0438\u0447\u043d\u0438\u0439 \u0441\u0432\u0456\u0442\u043b\u043e\u0434\u0456\u043e\u0434\u043d\u0438\u0439 \u043d\u0430\u0441\u0442\u0456\u043d\u043d\u0438\u0439 \u0441\u0432\u0456\u0442\u0438\u043b\u044c\u043d\u0438\u043a \u0456\u0437 \u0441\u0435\u043d\u0441\u043e\u0440\u043e\u043c, \u043b\u0438\u0442\u0438\u0439 \u0430\u043b\u044e\u043c\u0456\u043d\u0456\u0439"},"content":{"rendered":"<p>\u041e\u0441\u0432\u0456\u0436\u0456\u0442\u044c \u0441\u0432\u043e\u044e \u0442\u0435\u0440\u0438\u0442\u043e\u0440\u0456\u044e \u043d\u0430 \u0432\u0456\u0434\u043a\u0440\u0438\u0442\u043e\u043c\u0443 \u043f\u043e\u0432\u0456\u0442\u0440\u0456 \u0446\u0438\u043c \u0432\u0443\u043b\u0438\u0447\u043d\u0438\u043c \u0441\u0432\u0456\u0442\u043b\u043e\u0434\u0456\u043e\u0434\u043d\u0438\u043c \u043d\u0430\u0441\u0442\u0456\u043d\u043d\u0438\u043c \u0441\u0432\u0456\u0442\u0438\u043b\u044c\u043d\u0438\u043a\u043e\u043c!<\/p>\n<\/p>\n<ul>\n<li> \u041a\u043b\u0430\u0441 \u0437\u0430\u0445\u0438\u0441\u0442\u0443 IP54: \u0417\u0430\u0432\u0434\u044f\u043a\u0438 \u043a\u043e\u0440\u043f\u0443\u0441\u0443 \u0437 \u043b\u0438\u0442\u043e\u0433\u043e \u0430\u043b\u044e\u043c\u0456\u043d\u0456\u044e \u0437\u0456 \u043a\u043b\u0430\u0441\u043e\u043c \u0437\u0430\u0445\u0438\u0441\u0442\u0443 IP54, \u0446\u0435\u0439 \u0432\u0443\u043b\u0438\u0447\u043d\u0438\u0439 \u043d\u0430\u0441\u0442\u0456\u043d\u043d\u0438\u0439 \u0441\u0432\u0456\u0442\u0438\u043b\u044c\u043d\u0438\u043a \u0454 \u0441\u0442\u0456\u0439\u043a\u0438\u043c \u0434\u043e \u0430\u0442\u043c\u043e\u0441\u0444\u0435\u0440\u043d\u0438\u0445 \u0432\u043f\u043b\u0438\u0432\u0456\u0432, \u043c\u0456\u0446\u043d\u0438\u043c \u0442\u0430 \u0434\u043e\u0432\u0433\u043e\u0432\u0456\u0447\u043d\u0438\u043c, \u0430 \u0442\u043e\u043c\u0443 \u043d\u0430\u0434\u0437\u0432\u0438\u0447\u0430\u0439\u043d\u043e \u043f\u0456\u0434\u0445\u043e\u0434\u0438\u0442\u044c \u0434\u043b\u044f \u0432\u0438\u043a\u043e\u0440\u0438\u0441\u0442\u0430\u043d\u043d\u044f \u043d\u0430 \u0432\u0443\u043b\u0438\u0446\u0456. <\/li>\n<li> \u0414\u0430\u0442\u0447\u0438\u043a \u0440\u0443\u0445\u0443 PIR: \u0417\u043e\u0432\u043d\u0456\u0448\u043d\u0456\u0439 \u043d\u0430\u0441\u0442\u0456\u043d\u043d\u0438\u0439 \u0441\u0432\u0456\u0442\u0438\u043b\u044c\u043d\u0438\u043a \u043e\u0441\u043d\u0430\u0449\u0435\u043d\u0438\u0439 \u0432\u0431\u0443\u0434\u043e\u0432\u0430\u043d\u0438\u043c \u0434\u0430\u0442\u0447\u0438\u043a\u043e\u043c \u0440\u0443\u0445\u0443 PIR (\u043f\u0430\u0441\u0438\u0432\u043d\u0438\u0439 \u0456\u043d\u0444\u0440\u0430\u0447\u0435\u0440\u0432\u043e\u043d\u0438\u0439) \u0437 \u043a\u0443\u0442\u043e\u043c \u0432\u0438\u044f\u0432\u043b\u0435\u043d\u043d\u044f 120\u00b0 \u0442\u0430 \u0435\u0444\u0435\u043a\u0442\u0438\u0432\u043d\u0438\u043c \u0440\u0430\u0434\u0456\u0443\u0441\u043e\u043c \u0434\u0456\u0457 \u0434\u043e 10 \u043c\u0435\u0442\u0440\u0456\u0432. \u0421\u0432\u0456\u0442\u043b\u043e \u0430\u0432\u0442\u043e\u043c\u0430\u0442\u0438\u0447\u043d\u043e \u0430\u043a\u0442\u0438\u0432\u0443\u0454\u0442\u044c\u0441\u044f \u043f\u0440\u0438 \u0432\u0438\u044f\u0432\u043b\u0435\u043d\u043d\u0456 \u0440\u0443\u0445\u0443, \u0430 \u0442\u0440\u0438\u0432\u0430\u043b\u0456\u0441\u0442\u044c \u0441\u0432\u0456\u0442\u0456\u043d\u043d\u044f \u043c\u043e\u0436\u043d\u0430 \u0440\u0435\u0433\u0443\u043b\u044e\u0432\u0430\u0442\u0438 \u0432\u0456\u0434 8 \u0441\u0435\u043a\u0443\u043d\u0434 \u0434\u043e 3,5 \u0445\u0432\u0438\u043b\u0438\u043d. <\/li>\n<li> \u0417 \u0440\u043e\u0437\u0441\u0456\u044e\u0432\u0430\u0447\u0435\u043c: \u0412\u0443\u043b\u0438\u0447\u043d\u0438\u0439 \u043d\u0430\u0441\u0442\u0456\u043d\u043d\u0438\u0439 \u0441\u0432\u0456\u0442\u0438\u043b\u044c\u043d\u0438\u043a \u043e\u0441\u043d\u0430\u0449\u0435\u043d\u0438\u0439 \u0440\u043e\u0437\u0441\u0456\u044e\u0432\u0430\u0447\u0435\u043c \u0437 \u043f\u043e\u043b\u0456\u043a\u0430\u0440\u0431\u043e\u043d\u0430\u0442\u0443, \u044f\u043a\u0438\u0439 \u0434\u043e\u043f\u043e\u043c\u0430\u0433\u0430\u0454 \u0437\u0430\u0445\u0438\u0441\u0442\u0438\u0442\u0438 \u0434\u0436\u0435\u0440\u0435\u043b\u043e \u0441\u0432\u0456\u0442\u043b\u0430 \u0432\u0456\u0434 \u0442\u0430\u043a\u0438\u0445 \u0435\u043b\u0435\u043c\u0435\u043d\u0442\u0456\u0432, \u044f\u043a \u043f\u0438\u043b, \u0432\u043e\u0434\u0430 \u0442\u0430 \u0441\u043c\u0456\u0442\u0442\u044f, \u0437\u0430\u0431\u0435\u0437\u043f\u0435\u0447\u0443\u044e\u0447\u0438 \u0432\u043e\u0434\u043d\u043e\u0447\u0430\u0441 \u0440\u0456\u0432\u043d\u043e\u043c\u0456\u0440\u043d\u0438\u0439 \u0442\u0430 \u0440\u043e\u0437\u0441\u0456\u044f\u043d\u0438\u0439 \u0441\u0432\u0456\u0442\u043b\u043e\u0432\u0438\u0439 \u043f\u043e\u0442\u0456\u043a. <\/li>\n<li> \u0412\u0431\u0443\u0434\u043e\u0432\u0430\u043d\u0456 \u0441\u0432\u0456\u0442\u043b\u043e\u0434\u0456\u043e\u0434\u043d\u0456 \u0441\u0432\u0456\u0442\u0438\u043b\u044c\u043d\u0438\u043a\u0438: \u041d\u0430\u0441\u0442\u0456\u043d\u043d\u0456 \u0441\u0432\u0456\u0442\u0438\u043b\u044c\u043d\u0438\u043a\u0438 \u043e\u0441\u043d\u0430\u0449\u0435\u043d\u0456 \u0435\u043d\u0435\u0440\u0433\u043e\u0435\u0444\u0435\u043a\u0442\u0438\u0432\u043d\u0438\u043c\u0438 \u0441\u0432\u0456\u0442\u043b\u043e\u0434\u0456\u043e\u0434\u043d\u0438\u043c\u0438 \u043b\u0430\u043c\u043f\u0430\u043c\u0438, \u044f\u043a\u0456 \u0437\u0430\u0431\u0435\u0437\u043f\u0435\u0447\u0443\u044e\u0442\u044c \u044f\u0441\u043a\u0440\u0430\u0432\u0435 \u0442\u0430 \u0441\u0444\u043e\u043a\u0443\u0441\u043e\u0432\u0430\u043d\u0435 \u0441\u0432\u0456\u0442\u043b\u043e, \u0449\u043e \u043c\u043e\u0436\u0435 \u043f\u043e\u043a\u0440\u0430\u0449\u0438\u0442\u0438 \u0430\u0442\u043c\u043e\u0441\u0444\u0435\u0440\u0443 \u0431\u0443\u0434\u044c-\u044f\u043a\u043e\u0457 \u043a\u0456\u043c\u043d\u0430\u0442\u0438. <\/li>\n<li> \u0423\u043d\u0456\u0432\u0435\u0440\u0441\u0430\u043b\u044c\u043d\u0456\u0441\u0442\u044c: \u0421\u0442\u0438\u043b\u044c\u043d\u0438\u0439 \u0441\u0430\u0434\u043e\u0432\u0438\u0439 \u0441\u0432\u0456\u0442\u0438\u043b\u044c\u043d\u0438\u043a \u0443\u043d\u0456\u0432\u0435\u0440\u0441\u0430\u043b\u044c\u043d\u0438\u0439 \u0456 \u043c\u043e\u0436\u0435 \u0432\u0438\u043a\u043e\u0440\u0438\u0441\u0442\u043e\u0432\u0443\u0432\u0430\u0442\u0438\u0441\u044f \u0434\u043b\u044f \u0440\u0456\u0437\u043d\u0438\u0445 \u0437\u0430\u0441\u0442\u043e\u0441\u0443\u0432\u0430\u043d\u044c \u0437\u043e\u0432\u043d\u0456\u0448\u043d\u044c\u043e\u0433\u043e \u043e\u0441\u0432\u0456\u0442\u043b\u0435\u043d\u043d\u044f, \u0442\u0430\u043a\u0438\u0445 \u044f\u043a \u043e\u0441\u0432\u0456\u0442\u043b\u0435\u043d\u043d\u044f \u0441\u0430\u0434\u0443, \u043f\u0456\u0434&#039;\u0457\u0437\u043d\u043e\u0457 \u0434\u043e\u0440\u043e\u0433\u0438 \u0430\u0431\u043e \u0433\u0430\u043d\u043a\u0443, \u0430 \u0442\u0430\u043a\u043e\u0436 \u0434\u043b\u044f \u043f\u043e\u043a\u0440\u0430\u0449\u0435\u043d\u043d\u044f \u0437\u043e\u0432\u043d\u0456\u0448\u043d\u044c\u043e\u0433\u043e \u0434\u0435\u043a\u043e\u0440\u0443.<\/li>\n<\/ul>\n<ul>\n<li>\u041a\u043e\u043b\u0456\u0440: \u0447\u043e\u0440\u043d\u0438\u0439<\/li>\n<li>\u041c\u0430\u0442\u0435\u0440\u0456\u0430\u043b: \u043b\u0438\u0442\u0438\u0439 \u0430\u043b\u044e\u043c\u0456\u043d\u0456\u0439, \u041f\u041a (\u043f\u043e\u043b\u0456\u043a\u0430\u0440\u0431\u043e\u043d\u0430\u0442)<\/li>\n<li>\u0420\u043e\u0437\u043c\u0456\u0440\u0438: 27,5 x 7 x 10 \u0441\u043c (\u0414 x \u0428 x \u0412)<\/li>\n<li>\u041d\u043e\u043c\u0456\u043d\u0430\u043b\u044c\u043d\u0430 \u043f\u043e\u0442\u0443\u0436\u043d\u0456\u0441\u0442\u044c: 9 \u0412\u0442<\/li>\n<li>\u041a\u043e\u043b\u0456\u0440\u043d\u0430 \u0442\u0435\u043c\u043f\u0435\u0440\u0430\u0442\u0443\u0440\u0430: 3000 \u041a<\/li>\n<li>\u041d\u0430\u043f\u0440\u0443\u0433\u0430: 220-240 \u0412~, 50\/60 \u0413\u0446<\/li>\n<li>\u0420\u0456\u0432\u0435\u043d\u044c IP: IP54<\/li>\n<li>\u0417 \u0434\u0430\u0442\u0447\u0438\u043a\u043e\u043c, \u044f\u043a\u0438\u0439 \u0430\u0432\u0442\u043e\u043c\u0430\u0442\u0438\u0447\u043d\u043e \u0432\u043c\u0438\u043a\u0430\u0454 \u043b\u0430\u043c\u043f\u0443 \u043f\u0440\u0438 \u0432\u0438\u044f\u0432\u043b\u0435\u043d\u043d\u0456 \u0440\u0443\u0445\u0443<\/li>\n<li>\u0422\u0438\u043f \u0434\u0430\u0442\u0447\u0438\u043a\u0430: \u043f\u0430\u0441\u0438\u0432\u043d\u0438\u0439 \u0456\u043d\u0444\u0440\u0430\u0447\u0435\u0440\u0432\u043e\u043d\u0438\u0439<\/li>\n<li>\u041a\u0443\u0442 \u0432\u0438\u044f\u0432\u043b\u0435\u043d\u043d\u044f \u0440\u0443\u0445\u0443: 120\u00b0<\/li>\n<li>\u0415\u0444\u0435\u043a\u0442\u0438\u0432\u043d\u0438\u0439 \u0440\u0430\u0434\u0456\u0443\u0441 \u0434\u043e 10 \u043c<\/li>\n<li>\u041d\u0430\u043b\u0430\u0448\u0442\u0443\u0432\u0430\u043d\u043d\u044f \u0447\u0430\u0441\u0443: \u0432\u0456\u0434 8 \u0441\u0435\u043a\u0443\u043d\u0434 \u0434\u043e 3,5 \u0445\u0432\u0438\u043b\u0438\u043d<\/li>\n<li>\u041f\u0456\u0434\u0445\u043e\u0434\u0438\u0442\u044c \u0434\u043b\u044f \u043f\u043e\u0434\u0432\u0456\u0440&#039;\u044f<\/li>\n<\/ul>","protected":false},"excerpt":{"rendered":"<p>V\u00e4rskendage oma \u00f5ueala selle \u00f5ue LED-seinavalgustiga! IP54 hinnang: t\u00e4nu oma survealumiiniumist korpusele, millel on IP54 hinnang, on v\u00e4lisseinavalgusti ilmastikukindel, tugev ja vastupidav&hellip;<\/p>","protected":false},"featured_media":355649,"comment_status":"open","ping_status":"closed","template":"","meta":{"wprm-recipe-roundup-name":"","wprm-recipe-roundup-description":""},"product_brand":[],"product_cat":[3189],"product_tag":[3309,536,544,3190,540],"class_list":{"0":"post-355658","1":"product","2":"type-product","3":"status-publish","4":"has-post-thumbnail","6":"product_cat-valivalgustid","7":"product_tag-aiatuled","8":"product_tag-kodu-ja-aed","9":"product_tag-must","10":"product_tag-ouevalgustus","11":"product_tag-parcel","12":"pa_brand-vidaxl","14":"first","15":"instock","16":"taxable","17":"shipping-taxable","18":"purchasable","19":"product-type-simple"},"supplier_id":null,"supplier_sku":"","barcode":null,"atum_controlled":false,"out_stock_date":null,"out_stock_threshold":null,"inheritable":false,"inbound_stock":null,"stock_on_hold":0,"sold_today":0,"sales_last_days":0,"reserved_stock":null,"customer_returns":null,"warehouse_damage":null,"lost_in_post":null,"other_logs":null,"out_stock_days":0,"lost_sales":0,"has_location":null,"update_date":"2026-04-26T19:29:21","atum_locations":[],"atum_stock_status":"instock","restock_status":false,"low_stock_amount":"","sales_update_date":"2026-03-07T01:12:07","calc_backorders":null,"aioseo_notices":[],"_links":{"self":[{"href":"https:\/\/ecoshop.ee\/uk\/wp-json\/wp\/v2\/product\/355658","targetHints":{"allow":["GET"]}}],"collection":[{"href":"https:\/\/ecoshop.ee\/uk\/wp-json\/wp\/v2\/product"}],"about":[{"href":"https:\/\/ecoshop.ee\/uk\/wp-json\/wp\/v2\/types\/product"}],"replies":[{"embeddable":true,"href":"https:\/\/ecoshop.ee\/uk\/wp-json\/wp\/v2\/comments?post=355658"}],"version-history":[{"count":0,"href":"https:\/\/ecoshop.ee\/uk\/wp-json\/wp\/v2\/product\/355658\/revisions"}],"wp:featuredmedia":[{"embeddable":true,"href":"https:\/\/ecoshop.ee\/uk\/wp-json\/wp\/v2\/media\/355649"}],"wp:attachment":[{"href":"https:\/\/ecoshop.ee\/uk\/wp-json\/wp\/v2\/media?parent=355658"}],"wp:term":[{"taxonomy":"product_brand","embeddable":true,"href":"https:\/\/ecoshop.ee\/uk\/wp-json\/wp\/v2\/product_brand?post=355658"},{"taxonomy":"product_cat","embeddable":true,"href":"https:\/\/ecoshop.ee\/uk\/wp-json\/wp\/v2\/product_cat?post=355658"},{"taxonomy":"product_tag","embeddable":true,"href":"https:\/\/ecoshop.ee\/uk\/wp-json\/wp\/v2\/product_tag?post=355658"}],"curies":[{"name":"wp","href":"https:\/\/api.w.org\/{rel}","templated":true}]}}