{"id":356940,"date":"2026-02-28T06:19:49","date_gmt":"2026-02-28T03:19:49","guid":{"rendered":"https:\/\/ecoshop.ee\/maaratlemata\/pingiga-roosikaar-aeda\/"},"modified":"2026-04-19T09:22:37","modified_gmt":"2026-04-19T06:22:37","slug":"%d0%b0%d1%80%d0%ba%d0%b0-%d0%b7-%d1%81%d0%b0%d0%b4%d0%be%d0%b2%d0%b8%d1%85-%d1%82%d1%80%d0%be%d1%8f%d0%bd%d0%b4-%d0%b7-%d0%bb%d0%b0%d0%b2%d0%ba%d0%be%d1%8e","status":"publish","type":"product","link":"https:\/\/ecoshop.ee\/uk\/taimetoed-ja-aiakaared\/pingiga-roosikaar-aeda\/","title":{"rendered":"\u0421\u0430\u0434 \u0437 \u043b\u0430\u0432\u043a\u043e\u044e \u0420\u043e\u0437\u0430\u0440\u0456\u0439"},"content":{"rendered":"<p>\u0410\u0440\u043a\u0430 \u0437 \u0442\u0440\u043e\u044f\u043d\u0434 \u0442\u0430 \u043b\u0430\u0432\u043a\u043e\u044e \u0441\u0442\u0430\u043d\u0435 \u0441\u043f\u0440\u0430\u0432\u0436\u043d\u044c\u043e\u044e \u0440\u043e\u0434\u0437\u0438\u043d\u043a\u043e\u044e \u0431\u0443\u0434\u044c-\u044f\u043a\u043e\u0433\u043e \u0441\u0430\u0434\u0443, \u043f\u0430\u0442\u0456\u043e, \u0442\u0435\u0440\u0430\u0441\u0438 \u0447\u0438 \u0431\u0443\u0434\u044c-\u044f\u043a\u043e\u0433\u043e \u0456\u043d\u0448\u043e\u0433\u043e \u043c\u0456\u0441\u0446\u044f. \u0410\u0440\u043a\u0430 \u043c\u0430\u0454 \u0433\u0430\u0440\u043d\u043e \u043e\u0444\u043e\u0440\u043c\u043b\u0435\u043d\u0456 \u0434\u0435\u0442\u0430\u043b\u0456.<\/p>\n<\/p>\n<p> \u0410\u0440\u043a\u0430 \u043c\u0430\u0454 \u044f\u043a\u0456\u0441\u043d\u0443 \u0442\u0430 \u0441\u0442\u0430\u0431\u0456\u043b\u044c\u043d\u0443 \u043a\u043e\u043d\u0441\u0442\u0440\u0443\u043a\u0446\u0456\u044e. \u0412\u043e\u043d\u0430 \u0432\u0438\u0433\u043e\u0442\u043e\u0432\u043b\u0435\u043d\u0430 \u0437 \u043d\u0435\u0440\u0436\u0430\u0432\u0456\u044e\u0447\u043e\u0433\u043e \u043c\u0435\u0442\u0430\u043b\u0443, \u044f\u043a\u0438\u0439 \u0454 \u0432\u043e\u0434\u043e\u043d\u0435\u043f\u0440\u043e\u043d\u0438\u043a\u043d\u0438\u043c. \u0410\u0440\u043a\u0443-\u0442\u0440\u043e\u044f\u043d\u0434\u043a\u0443 \u043b\u0435\u0433\u043a\u043e \u0432\u0441\u0442\u0430\u043d\u043e\u0432\u0438\u0442\u0438. \u0407\u0457 \u043c\u0430\u043a\u0441\u0438\u043c\u0430\u043b\u044c\u043d\u0435 \u043d\u0430\u0432\u0430\u043d\u0442\u0430\u0436\u0435\u043d\u043d\u044f \u0441\u0442\u0430\u043d\u043e\u0432\u0438\u0442\u044c 130 \u043a\u0433. \u0417\u0432\u0435\u0440\u043d\u0456\u0442\u044c \u0443\u0432\u0430\u0433\u0443, \u0449\u043e \u043a\u0456\u043b\u043a\u0438 \u0434\u043b\u044f \u0437\u0435\u043c\u043b\u0456 \u043d\u0435 \u0432\u0445\u043e\u0434\u044f\u0442\u044c \u0434\u043e \u043a\u043e\u043c\u043f\u043b\u0435\u043a\u0442\u0443.<\/p>\n<ul>\n<li>\u041a\u043e\u043b\u0456\u0440: \u0447\u043e\u0440\u043d\u0438\u0439<\/li>\n<li>\u041c\u0430\u0442\u0435\u0440\u0456\u0430\u043b: \u043c\u0435\u0442\u0430\u043b \u0437 \u043f\u043e\u0440\u043e\u0448\u043a\u043e\u0432\u0438\u043c \u043f\u043e\u043a\u0440\u0438\u0442\u0442\u044f\u043c (\u043d\u0435\u0440\u0436\u0430\u0432\u0456\u044e\u0447\u0430 \u0441\u0442\u0430\u043b\u044c)<\/li>\n<li>\u0420\u043e\u0437\u043c\u0456\u0440\u0438: 114 x 57 x 210 \u0441\u043c (\u0414 x \u0428 x \u0412)<\/li>\n<li>\u0412\u0438\u0441\u043e\u0442\u0430 \u0441\u0438\u0434\u0456\u043d\u043d\u044f \u043b\u0430\u0432\u0438: 40 \u0441\u043c<\/li>\n<\/ul>","protected":false},"excerpt":{"rendered":"<p>Pingiga roosikaar p\u00fc\u00fcab igas aias, sisehoovis, terrassil v\u00f5i mujal pilke. Kaarel on kauni disainiga detailid. Kaarel on hea kvaliteet ja stabiilne konstruktsioon.&hellip;<\/p>","protected":false},"featured_media":356935,"comment_status":"open","ping_status":"closed","template":"","meta":{"wprm-recipe-roundup-name":"","wprm-recipe-roundup-description":""},"product_brand":[],"product_cat":[7039],"product_tag":[7079,7078,2127,7077,7051,536,544,4867,540],"class_list":{"0":"post-356940","1":"product","2":"type-product","3":"status-publish","4":"has-post-thumbnail","6":"product_cat-taimetoed-ja-aiakaared","7":"product_tag-plaadid-ja-varjualused","8":"product_tag-vored","9":"product_tag-aed-ja-muru","10":"product_tag-aiakaared","11":"product_tag-aiakujundus","12":"product_tag-kodu-ja-aed","13":"product_tag-must","14":"product_tag-ouetegevused","15":"product_tag-parcel","16":"pa_brand-vidaxl","18":"first","19":"instock","20":"taxable","21":"shipping-taxable","22":"purchasable","23":"product-type-simple"},"supplier_id":null,"supplier_sku":"","barcode":null,"atum_controlled":false,"out_stock_date":null,"out_stock_threshold":null,"inheritable":false,"inbound_stock":null,"stock_on_hold":null,"sold_today":null,"sales_last_days":null,"reserved_stock":null,"customer_returns":null,"warehouse_damage":null,"lost_in_post":null,"other_logs":null,"out_stock_days":null,"lost_sales":null,"has_location":null,"update_date":"2026-04-19T06:22:38","atum_locations":[],"atum_stock_status":"instock","restock_status":false,"low_stock_amount":"","sales_update_date":null,"calc_backorders":null,"aioseo_notices":[],"_links":{"self":[{"href":"https:\/\/ecoshop.ee\/uk\/wp-json\/wp\/v2\/product\/356940","targetHints":{"allow":["GET"]}}],"collection":[{"href":"https:\/\/ecoshop.ee\/uk\/wp-json\/wp\/v2\/product"}],"about":[{"href":"https:\/\/ecoshop.ee\/uk\/wp-json\/wp\/v2\/types\/product"}],"replies":[{"embeddable":true,"href":"https:\/\/ecoshop.ee\/uk\/wp-json\/wp\/v2\/comments?post=356940"}],"version-history":[{"count":0,"href":"https:\/\/ecoshop.ee\/uk\/wp-json\/wp\/v2\/product\/356940\/revisions"}],"wp:featuredmedia":[{"embeddable":true,"href":"https:\/\/ecoshop.ee\/uk\/wp-json\/wp\/v2\/media\/356935"}],"wp:attachment":[{"href":"https:\/\/ecoshop.ee\/uk\/wp-json\/wp\/v2\/media?parent=356940"}],"wp:term":[{"taxonomy":"product_brand","embeddable":true,"href":"https:\/\/ecoshop.ee\/uk\/wp-json\/wp\/v2\/product_brand?post=356940"},{"taxonomy":"product_cat","embeddable":true,"href":"https:\/\/ecoshop.ee\/uk\/wp-json\/wp\/v2\/product_cat?post=356940"},{"taxonomy":"product_tag","embeddable":true,"href":"https:\/\/ecoshop.ee\/uk\/wp-json\/wp\/v2\/product_tag?post=356940"}],"curies":[{"name":"wp","href":"https:\/\/api.w.org\/{rel}","templated":true}]}}