{"id":357144,"date":"2026-02-28T06:24:10","date_gmt":"2026-02-28T03:24:10","guid":{"rendered":"https:\/\/ecoshop.ee\/maaratlemata\/aiakaar-must-o180-x-255-cm-teras\/"},"modified":"2026-05-14T03:29:18","modified_gmt":"2026-05-14T00:29:18","slug":"%d1%81%d0%b0%d0%b4%d0%be%d0%b2%d0%b0-%d0%b0%d1%80%d0%ba%d0%b0-%d1%87%d0%be%d1%80%d0%bd%d0%b0-o-180-x-255-%d1%81%d0%bc-%d1%81%d1%82%d0%b0%d0%bb%d1%8c","status":"publish","type":"product","link":"https:\/\/ecoshop.ee\/uk\/taimetoed-ja-aiakaared\/aiakaar-must-o180-x-255-cm-teras\/","title":{"rendered":"\u0421\u0430\u0434\u043e\u0432\u0430 \u0430\u0440\u043a\u0430, \u0447\u043e\u0440\u043d\u0430, \u00d8180 x 255 \u0441\u043c, \u0441\u0442\u0430\u043b\u044c"},"content":{"rendered":"<p>\u0415\u043b\u0435\u0433\u0430\u043d\u0442\u043d\u0430 \u0441\u0430\u0434\u043e\u0432\u0430 \u0430\u0440\u043a\u0430 \u2013 \u0456\u0434\u0435\u0430\u043b\u044c\u043d\u0438\u0439 \u0432\u0438\u0431\u0456\u0440 \u0434\u043b\u044f \u0442\u0440\u043e\u044f\u043d\u0434 \u0442\u0430 \u0432\u0438\u0442\u043a\u0438\u0445 \u0440\u043e\u0441\u043b\u0438\u043d, \u0456 \u0432\u043e\u043d\u0430 \u0441\u0442\u0430\u043d\u0435 \u0441\u043f\u0440\u0430\u0432\u0436\u043d\u044c\u043e\u044e \u043f\u0440\u0438\u043a\u0440\u0430\u0441\u043e\u044e \u0431\u0443\u0434\u044c-\u044f\u043a\u043e\u0433\u043e \u0441\u0430\u0434\u0443, \u0431\u0430\u043b\u043a\u043e\u043d\u0443 \u0447\u0438 \u0442\u0435\u0440\u0430\u0441\u0438.<\/p>\n<\/p>\n<ul>\n<li>\u0421\u0442\u0430\u0431\u0456\u043b\u044c\u043d\u0438\u0439 \u043c\u0430\u0442\u0435\u0440\u0456\u0430\u043b: \u0421\u0442\u0430\u043b\u044c \u2014 \u0446\u0435 \u043d\u0430\u0434\u0437\u0432\u0438\u0447\u0430\u0439\u043d\u043e \u0442\u0432\u0435\u0440\u0434\u0438\u0439 \u0456 \u043c\u0456\u0446\u043d\u0438\u0439 \u043c\u0430\u0442\u0435\u0440\u0456\u0430\u043b. \u0412\u043e\u043d\u0430 \u0437\u0430\u0431\u0435\u0437\u043f\u0435\u0447\u0443\u0454 \u0434\u043e\u0432\u0433\u043e\u0432\u0456\u0447\u043d\u0456\u0441\u0442\u044c \u0456 \u0441\u0442\u0430\u0431\u0456\u043b\u044c\u043d\u0456\u0441\u0442\u044c. \u041f\u043e\u0440\u043e\u0448\u043a\u043e\u0432\u0435 \u043f\u043e\u043a\u0440\u0438\u0442\u0442\u044f \u0441\u0442\u0430\u043b\u0456 \u0441\u0442\u0432\u043e\u0440\u044e\u0454 \u0437\u0430\u0445\u0438\u0441\u043d\u0438\u0439 \u0448\u0430\u0440 \u0432\u0456\u0434 \u0437\u043d\u043e\u0441\u0443.<\/li>\n<li>\u0420\u0456\u0437\u043d\u043e\u043c\u0430\u043d\u0456\u0442\u043d\u0435 \u0432\u0438\u043a\u043e\u0440\u0438\u0441\u0442\u0430\u043d\u043d\u044f: \u0412\u0438 \u043c\u043e\u0436\u0435\u0442\u0435 \u0441\u0430\u0434\u0438\u0442\u0438 \u0441\u0432\u043e\u0457 \u0443\u043b\u044e\u0431\u043b\u0435\u043d\u0456 \u0432&#039;\u044e\u043d\u043a\u0456 \u0440\u043e\u0441\u043b\u0438\u043d\u0438 \u0432\u0456\u0434\u043f\u043e\u0432\u0456\u0434\u043d\u043e \u0434\u043e \u043f\u043e\u0440\u0438 \u0440\u043e\u043a\u0443. \u0412\u0438 \u043d\u0430\u0432\u0456\u0442\u044c \u043c\u043e\u0436\u0435\u0442\u0435 \u043f\u0440\u0438\u043a\u0440\u0430\u0441\u0438\u0442\u0438 \u0430\u0440\u043a\u0443 \u0437 \u0442\u0440\u043e\u044f\u043d\u0434 \u0442\u044e\u043b\u0435\u043c, \u043f\u043e\u0432\u0456\u0442\u0440\u044f\u043d\u0438\u043c\u0438 \u043a\u0443\u043b\u044c\u043a\u0430\u043c\u0438 \u0442\u0430 \u0433\u0456\u0440\u043b\u044f\u043d\u0434\u0430\u043c\u0438.<\/li>\n<li>\u041c\u0456\u0446\u043d\u0438\u0439 \u043a\u0430\u0440\u043a\u0430\u0441: \u041c\u0456\u0446\u043d\u0430 \u0441\u0442\u0430\u043b\u0435\u0432\u0430 \u043a\u043e\u043d\u0441\u0442\u0440\u0443\u043a\u0446\u0456\u044f \u0441\u0430\u0434\u043e\u0432\u043e\u0457 \u0430\u043b\u044c\u0442\u0430\u043d\u043a\u0438 \u0437 \u043f\u043e\u0440\u043e\u0448\u043a\u043e\u0432\u0438\u043c \u043f\u043e\u043a\u0440\u0438\u0442\u0442\u044f\u043c \u0434\u043e\u0441\u0442\u0430\u0442\u043d\u044c\u043e \u043c\u0456\u0446\u043d\u0430, \u0449\u043e\u0431 \u0432\u0438\u0442\u0440\u0438\u043c\u0443\u0432\u0430\u0442\u0438 \u043a\u0456\u043b\u044c\u043a\u0430 \u0436\u0438\u0442\u0442\u0454\u0437\u0434\u0430\u0442\u043d\u0438\u0445 \u0432\u0438\u0442\u043a\u0438\u0445 \u0440\u043e\u0441\u043b\u0438\u043d.<\/li>\n<li>\u0428\u0438\u0440\u043e\u043a\u0435 \u0432\u0438\u043a\u043e\u0440\u0438\u0441\u0442\u0430\u043d\u043d\u044f: \u0413\u0430\u0440\u043d\u0430 \u0441\u0430\u0434\u043e\u0432\u0430 \u0448\u043f\u0430\u043b\u0435\u0440\u0430 \u0456\u0434\u0435\u0430\u043b\u044c\u043d\u043e \u043f\u0456\u0434\u0445\u043e\u0434\u0438\u0442\u044c \u0434\u043b\u044f \u0434\u0435\u043a\u043e\u0440\u0443\u0432\u0430\u043d\u043d\u044f \u0432\u0445\u043e\u0434\u0443, \u0434\u043e\u0440\u0456\u0436\u043a\u0438 \u0430\u0431\u043e \u0441\u0430\u0434\u043e\u0432\u043e\u0457 \u0434\u043e\u0440\u0456\u0436\u043a\u0438.<\/li>\n<\/ul>\n<p>\u041f\u0440\u0438\u0454\u043c\u043d\u043e \u0446\u0435 \u0447\u0443\u0442\u0438:<\/p>\n<ul>\n<li>\u0429\u043e\u0431 \u043c\u0430\u043a\u0441\u0438\u043c\u0430\u043b\u044c\u043d\u043e \u0441\u043f\u0440\u043e\u0441\u0442\u0438\u0442\u0438 \u0441\u043a\u043b\u0430\u0434\u0430\u043d\u043d\u044f, \u043a\u043e\u0436\u0435\u043d \u0432\u0438\u0440\u0456\u0431 \u043f\u043e\u0441\u0442\u0430\u0447\u0430\u0454\u0442\u044c\u0441\u044f \u0437 \u0456\u043d\u0441\u0442\u0440\u0443\u043a\u0446\u0456\u0454\u044e \u0437 \u0435\u043a\u0441\u043f\u043b\u0443\u0430\u0442\u0430\u0446\u0456\u0457.<\/li>\n<\/ul>\n<ul>\n<li>\u041a\u043e\u043b\u0456\u0440: \u0447\u043e\u0440\u043d\u0438\u0439<\/li>\n<li>\u041c\u0430\u0442\u0435\u0440\u0456\u0430\u043b: \u0441\u0442\u0430\u043b\u044c \u0437 \u043f\u043e\u0440\u043e\u0448\u043a\u043e\u0432\u0438\u043c \u043f\u043e\u043a\u0440\u0438\u0442\u0442\u044f\u043c<\/li>\n<li>\u0420\u043e\u0437\u043c\u0456\u0440\u0438: 180 x 255 \u0441\u043c (\u0434\u0456\u0430\u043c\u0435\u0442\u0440 x \u0432\u0438\u0441\u043e\u0442\u0430)<\/li>\n<\/ul>","protected":false},"excerpt":{"rendered":"<p>Elegantne aiakaar on t\u00e4iuslik valik rooside ja ronitaimede jaoks ning on t\u00f5eline pilgup\u00fc\u00fcdja igas aias, r\u00f5dul v\u00f5i terrassil. Stabiilne materjal: teras on&hellip;<\/p>","protected":false},"featured_media":357136,"comment_status":"open","ping_status":"closed","template":"","meta":{"wprm-recipe-roundup-name":"","wprm-recipe-roundup-description":""},"product_brand":[],"product_cat":[7039],"product_tag":[7079,7078,2127,7077,7051,536,544,4867,540],"class_list":{"0":"post-357144","1":"product","2":"type-product","3":"status-publish","4":"has-post-thumbnail","6":"product_cat-taimetoed-ja-aiakaared","7":"product_tag-plaadid-ja-varjualused","8":"product_tag-vored","9":"product_tag-aed-ja-muru","10":"product_tag-aiakaared","11":"product_tag-aiakujundus","12":"product_tag-kodu-ja-aed","13":"product_tag-must","14":"product_tag-ouetegevused","15":"product_tag-parcel","16":"pa_brand-vidaxl","18":"first","19":"instock","20":"taxable","21":"shipping-taxable","22":"purchasable","23":"product-type-simple"},"supplier_id":null,"supplier_sku":"","barcode":null,"atum_controlled":false,"out_stock_date":null,"out_stock_threshold":null,"inheritable":false,"inbound_stock":null,"stock_on_hold":null,"sold_today":null,"sales_last_days":null,"reserved_stock":null,"customer_returns":null,"warehouse_damage":null,"lost_in_post":null,"other_logs":null,"out_stock_days":null,"lost_sales":null,"has_location":null,"update_date":"2026-05-14T00:29:19","atum_locations":[],"atum_stock_status":"instock","restock_status":false,"low_stock_amount":"","sales_update_date":null,"calc_backorders":null,"aioseo_notices":[],"_links":{"self":[{"href":"https:\/\/ecoshop.ee\/uk\/wp-json\/wp\/v2\/product\/357144","targetHints":{"allow":["GET"]}}],"collection":[{"href":"https:\/\/ecoshop.ee\/uk\/wp-json\/wp\/v2\/product"}],"about":[{"href":"https:\/\/ecoshop.ee\/uk\/wp-json\/wp\/v2\/types\/product"}],"replies":[{"embeddable":true,"href":"https:\/\/ecoshop.ee\/uk\/wp-json\/wp\/v2\/comments?post=357144"}],"version-history":[{"count":0,"href":"https:\/\/ecoshop.ee\/uk\/wp-json\/wp\/v2\/product\/357144\/revisions"}],"wp:featuredmedia":[{"embeddable":true,"href":"https:\/\/ecoshop.ee\/uk\/wp-json\/wp\/v2\/media\/357136"}],"wp:attachment":[{"href":"https:\/\/ecoshop.ee\/uk\/wp-json\/wp\/v2\/media?parent=357144"}],"wp:term":[{"taxonomy":"product_brand","embeddable":true,"href":"https:\/\/ecoshop.ee\/uk\/wp-json\/wp\/v2\/product_brand?post=357144"},{"taxonomy":"product_cat","embeddable":true,"href":"https:\/\/ecoshop.ee\/uk\/wp-json\/wp\/v2\/product_cat?post=357144"},{"taxonomy":"product_tag","embeddable":true,"href":"https:\/\/ecoshop.ee\/uk\/wp-json\/wp\/v2\/product_tag?post=357144"}],"curies":[{"name":"wp","href":"https:\/\/api.w.org\/{rel}","templated":true}]}}