{"id":357160,"date":"2026-02-28T06:24:30","date_gmt":"2026-02-28T03:24:30","guid":{"rendered":"https:\/\/ecoshop.ee\/maaratlemata\/lehtla-immutatud-mannipuit-360-x-200-x-60-cm\/"},"modified":"2026-05-15T09:27:22","modified_gmt":"2026-05-15T06:27:22","slug":"%d0%b0%d0%bb%d1%8c%d1%82%d0%b0%d0%bd%d0%ba%d0%b0-%d0%b7-%d0%bf%d1%80%d0%be%d1%81%d0%be%d1%87%d0%b5%d0%bd%d0%b8%d0%bc-%d0%b4%d0%b5%d1%80%d0%b5%d0%b2%d0%be%d0%bc-%d0%bc%d0%b0%d0%bd%d0%bd%d1%96%d0%b2-2","status":"publish","type":"product","link":"https:\/\/ecoshop.ee\/uk\/taimetoed-ja-aiakaared\/lehtla-immutatud-mannipuit-360-x-200-x-60-cm\/","title":{"rendered":"\u0410\u043b\u044c\u0442\u0430\u043d\u043a\u0430, \u043f\u0440\u043e\u0441\u043e\u0447\u0435\u043d\u0430 \u0441\u043e\u0441\u043d\u043e\u0432\u0430 \u0434\u0435\u0440\u0435\u0432\u0438\u043d\u0430, 360 x 200 x 60 \u0441\u043c"},"content":{"rendered":"<p>\u041f\u0440\u0438\u043a\u0440\u0430\u0441\u044c\u0442\u0435 \u0441\u0432\u0456\u0439 \u0441\u0430\u0434 \u043c\u0456\u0446\u043d\u043e\u044e \u0441\u043e\u0441\u043d\u043e\u0432\u043e\u044e \u0430\u043b\u044c\u0442\u0430\u043d\u043a\u043e\u044e, \u044f\u043a\u0430 \u0437\u0430\u0431\u0435\u0437\u043f\u0435\u0447\u0438\u0442\u044c \u043d\u0430\u0434\u0456\u0439\u043d\u0443 \u043e\u043f\u043e\u0440\u0443 \u0434\u043b\u044f \u0432\u0438\u0442\u043a\u0438\u0445 \u0440\u043e\u0441\u043b\u0438\u043d \u0456 \u0441\u0442\u0432\u043e\u0440\u0438\u0442\u044c \u0433\u0430\u0440\u043d\u0443 \u0437\u043e\u043d\u0443 \u0432\u0456\u0434\u043f\u043e\u0447\u0438\u043d\u043a\u0443, \u0434\u0435 \u043c\u043e\u0436\u043d\u0430 \u0432\u0456\u0434\u043f\u043e\u0447\u0438\u0442\u0438 \u0442\u0430 \u043f\u0440\u043e\u0432\u0435\u0441\u0442\u0438 \u0447\u0430\u0441.<\/p>\n<\/p>\n<p>\u0412\u0438\u0433\u043e\u0442\u043e\u0432\u043b\u0435\u043d\u0430 \u0437 \u0432\u0438\u0441\u043e\u043a\u043e\u044f\u043a\u0456\u0441\u043d\u043e\u0457 \u0441\u043e\u0441\u043d\u043e\u0432\u043e\u0457 \u0434\u0435\u0440\u0435\u0432\u0438\u043d\u0438 \u0456\u0437 \u0437\u0435\u043b\u0435\u043d\u0438\u043c \u043f\u0440\u043e\u0441\u043e\u0447\u0435\u043d\u043d\u044f\u043c, \u0446\u044f \u0430\u043b\u044c\u0442\u0430\u043d\u043a\u0430 \u043c\u0456\u0446\u043d\u0430, \u0434\u043e\u0432\u0433\u043e\u0432\u0456\u0447\u043d\u0430 \u0442\u0430 \u0441\u0442\u0456\u0439\u043a\u0430 \u0434\u043e \u0433\u043d\u0438\u0442\u0442\u044f. \u0410\u043b\u044c\u0442\u0430\u043d\u043a\u0443 \u043b\u0435\u0433\u043a\u043e \u0437\u0456\u0431\u0440\u0430\u0442\u0438. \u041a\u043e\u043c\u043f\u043b\u0435\u043a\u0442\u0430\u0446\u0456\u044f \u0432\u043a\u043b\u044e\u0447\u0430\u0454 2 \u0441\u0442\u0456\u0439\u043a\u0438, 4 \u0431\u0430\u043b\u043a\u0438, 2 \u043e\u043f\u043e\u0440\u0438, 1 \u0441\u0435\u0440\u0435\u0434\u043d\u0456\u0439 \u0437&#039;\u0454\u0434\u043d\u0443\u0432\u0430\u0447, 8 \u043a\u0440\u043e\u043a\u0432 \u0442\u0430 \u0448\u0443\u0440\u0443\u043f\u0438.<\/p>\n<\/p>\n<p>\u0417\u0432\u0435\u0440\u043d\u0456\u0442\u044c \u0443\u0432\u0430\u0433\u0443, \u0449\u043e \u0434\u0435\u0440\u0435\u0432\u0438\u043d\u0430 \u0454 \u043d\u0430\u0442\u0443\u0440\u0430\u043b\u044c\u043d\u0438\u043c \u043c\u0430\u0442\u0435\u0440\u0456\u0430\u043b\u043e\u043c \u0456 \u043c\u043e\u0436\u0435 \u043c\u0430\u0442\u0438 \u0434\u0435\u0444\u0435\u043a\u0442\u0438.<\/p>\n<\/p>\n<p>\u041a\u043e\u0440\u0438\u0441\u043d\u043e \u0437\u043d\u0430\u0442\u0438: \u0427\u0435\u0440\u0435\u0437 \u043e\u0431\u043c\u0435\u0436\u0435\u043d\u043d\u044f \u043f\u043e\u0441\u0442\u0430\u0447\u0430\u043b\u044c\u043d\u0438\u043a\u0430 \u0440\u043e\u0437\u043c\u0456\u0440 \u0443\u043f\u0430\u043a\u043e\u0432\u043a\u0438 \u0441\u0442\u0430\u043d\u043e\u0432\u0438\u0442\u044c 120 \u0441\u043c \u0430\u0431\u043e \u043c\u0435\u043d\u0448\u0435.<\/p>\n<ul>\n<li>\u041c\u0430\u0442\u0435\u0440\u0456\u0430\u043b: \u0456\u043c\u043f\u0440\u0435\u0433\u043d\u043e\u0432\u0430\u043d\u0430 \u0441\u043e\u0441\u043d\u043e\u0432\u0430 \u0434\u0435\u0440\u0435\u0432\u0438\u043d\u0430<\/li>\n<li>\u0420\u043e\u0437\u043c\u0456\u0440\u0438: 360 x 200 x 60 \u0441\u043c (\u0414 x \u0428 x \u0412)<\/li>\n<li>\u0414\u0456\u0430\u043c\u0435\u0442\u0440 \u0436\u0435\u0440\u0434\u0438\u043d\u0438: 6 \u0441\u043c<\/li>\n<li>\u041f\u043e\u0442\u0440\u0456\u0431\u043d\u0430 \u0437\u0431\u0456\u0440\u043a\u0430: \u0442\u0430\u043a<\/li>\n<li><strong>\u041f\u0430\u043a\u0435\u0442 \u0432\u043a\u043b\u044e\u0447\u0430\u0454:<\/strong><\/li>\n<li>2 \u0445 \u0441\u0442\u043e\u0432\u043f\u0438<\/li>\n<li>4-\u0445 \u0431\u0430\u043b\u043a\u0430<\/li>\n<li>2 \u0445 \u043e\u043f\u043e\u0440\u0438<\/li>\n<li>1 x \u0441\u0435\u0440\u0435\u0434\u043d\u0454 \u0437&#039;\u0454\u0434\u043d\u0430\u043d\u043d\u044f<\/li>\n<li>8 \u043a\u0440\u043e\u043a\u0432<\/li>\n<\/ul>","protected":false},"excerpt":{"rendered":"<p>Kaunistage aeda toeka m\u00e4nnipuidust lehtlaga, mis on vastupidavaks toeks ronitaimedele ja loob kauni istumisala, kus saate l\u00f5\u00f5gastuda ja aega veeta. Kvaliteetsest rohelise&hellip;<\/p>","protected":false},"featured_media":357154,"comment_status":"open","ping_status":"closed","template":"","meta":{"wprm-recipe-roundup-name":"","wprm-recipe-roundup-description":""},"product_brand":[],"product_cat":[7039],"product_tag":[7079,7078,2127,7077,7051,536,4867,955,879],"class_list":{"0":"post-357160","1":"product","2":"type-product","3":"status-publish","4":"has-post-thumbnail","6":"product_cat-taimetoed-ja-aiakaared","7":"product_tag-plaadid-ja-varjualused","8":"product_tag-vored","9":"product_tag-aed-ja-muru","10":"product_tag-aiakaared","11":"product_tag-aiakujundus","12":"product_tag-kodu-ja-aed","13":"product_tag-ouetegevused","14":"product_tag-pallet","15":"product_tag-roheline","16":"pa_brand-vidaxl","18":"first","19":"instock","20":"taxable","21":"shipping-taxable","22":"purchasable","23":"product-type-simple"},"supplier_id":null,"supplier_sku":"","barcode":null,"atum_controlled":false,"out_stock_date":null,"out_stock_threshold":null,"inheritable":false,"inbound_stock":null,"stock_on_hold":null,"sold_today":null,"sales_last_days":null,"reserved_stock":null,"customer_returns":null,"warehouse_damage":null,"lost_in_post":null,"other_logs":null,"out_stock_days":null,"lost_sales":null,"has_location":null,"update_date":"2026-05-15T06:27:23","atum_locations":[],"atum_stock_status":"instock","restock_status":false,"low_stock_amount":"","sales_update_date":null,"calc_backorders":null,"aioseo_notices":[],"_links":{"self":[{"href":"https:\/\/ecoshop.ee\/uk\/wp-json\/wp\/v2\/product\/357160","targetHints":{"allow":["GET"]}}],"collection":[{"href":"https:\/\/ecoshop.ee\/uk\/wp-json\/wp\/v2\/product"}],"about":[{"href":"https:\/\/ecoshop.ee\/uk\/wp-json\/wp\/v2\/types\/product"}],"replies":[{"embeddable":true,"href":"https:\/\/ecoshop.ee\/uk\/wp-json\/wp\/v2\/comments?post=357160"}],"version-history":[{"count":0,"href":"https:\/\/ecoshop.ee\/uk\/wp-json\/wp\/v2\/product\/357160\/revisions"}],"wp:featuredmedia":[{"embeddable":true,"href":"https:\/\/ecoshop.ee\/uk\/wp-json\/wp\/v2\/media\/357154"}],"wp:attachment":[{"href":"https:\/\/ecoshop.ee\/uk\/wp-json\/wp\/v2\/media?parent=357160"}],"wp:term":[{"taxonomy":"product_brand","embeddable":true,"href":"https:\/\/ecoshop.ee\/uk\/wp-json\/wp\/v2\/product_brand?post=357160"},{"taxonomy":"product_cat","embeddable":true,"href":"https:\/\/ecoshop.ee\/uk\/wp-json\/wp\/v2\/product_cat?post=357160"},{"taxonomy":"product_tag","embeddable":true,"href":"https:\/\/ecoshop.ee\/uk\/wp-json\/wp\/v2\/product_tag?post=357160"}],"curies":[{"name":"wp","href":"https:\/\/api.w.org\/{rel}","templated":true}]}}